{"id":24011,"date":"2026-01-22T20:12:21","date_gmt":"2026-01-22T20:12:21","guid":{"rendered":"https:\/\/fieam.org.br\/sesi\/?page_id=24011"},"modified":"2026-01-26T15:19:42","modified_gmt":"2026-01-26T15:19:42","slug":"sesi-clube","status":"publish","type":"page","link":"https:\/\/fieam.org.br\/sesi\/sesi-clube\/","title":{"rendered":"SESI Clube"},"content":{"rendered":"\t\t<div data-elementor-type=\"wp-page\" data-elementor-id=\"24011\" class=\"elementor elementor-24011\" data-elementor-post-type=\"page\">\n\t\t\t\t\t\t<section class=\"elementor-section elementor-top-section elementor-element elementor-element-6b55981 elementor-section-boxed elementor-section-height-default elementor-section-height-default\" data-id=\"6b55981\" data-element_type=\"section\" data-settings=\"{&quot;background_background&quot;:&quot;classic&quot;,&quot;ekit_has_onepagescroll_dot&quot;:&quot;yes&quot;}\">\n\t\t\t\t\t\t\t<div class=\"elementor-background-overlay\"><\/div>\n\t\t\t\t\t\t\t<div class=\"elementor-container elementor-column-gap-default\">\n\t\t\t\t\t<div class=\"elementor-column elementor-col-100 elementor-top-column elementor-element elementor-element-28ecbec\" data-id=\"28ecbec\" data-element_type=\"column\">\n\t\t\t<div class=\"elementor-widget-wrap elementor-element-populated\">\n\t\t\t\t\t\t<div class=\"elementor-element elementor-element-bafff9f elementor-widget__width-auto elementor-invisible elementor-widget elementor-widget-image\" data-id=\"bafff9f\" data-element_type=\"widget\" data-settings=\"{&quot;_animation&quot;:&quot;rotateIn&quot;,&quot;_animation_delay&quot;:&quot;720&quot;,&quot;ekit_we_effect_on&quot;:&quot;none&quot;}\" data-widget_type=\"image.default\">\n\t\t\t\t<div class=\"elementor-widget-container\">\n\t\t\t\t\t\t\t\t\t\t\t\t\t\t\t<img decoding=\"async\" width=\"45\" height=\"38\" src=\"https:\/\/fieam.org.br\/sesi\/wp-content\/uploads\/sites\/14\/2024\/02\/setas.png\" class=\"attachment-full size-full wp-image-4668\" alt=\"\" \/>\t\t\t\t\t\t\t\t\t\t\t\t\t\t\t<\/div>\n\t\t\t\t<\/div>\n\t\t\t\t<div class=\"elementor-element elementor-element-1a57a8c elementor-invisible elementor-widget elementor-widget-heading\" data-id=\"1a57a8c\" data-element_type=\"widget\" data-settings=\"{&quot;_animation&quot;:&quot;fadeInDown&quot;,&quot;ekit_we_effect_on&quot;:&quot;none&quot;}\" data-widget_type=\"heading.default\">\n\t\t\t\t<div class=\"elementor-widget-container\">\n\t\t\t\t\t<h2 class=\"elementor-heading-title elementor-size-default\">SESI Clube<\/h2>\t\t\t\t<\/div>\n\t\t\t\t<\/div>\n\t\t\t\t<div class=\"elementor-element elementor-element-1141301 elementor-invisible elementor-widget elementor-widget-heading\" data-id=\"1141301\" data-element_type=\"widget\" data-settings=\"{&quot;_animation&quot;:&quot;fadeInUp&quot;,&quot;ekit_we_effect_on&quot;:&quot;none&quot;}\" data-widget_type=\"heading.default\">\n\t\t\t\t<div class=\"elementor-widget-container\">\n\t\t\t\t\t<div class=\"elementor-heading-title elementor-size-default\">Servi\u00e7o Social da Ind\u00fastria (SESI)<\/div>\t\t\t\t<\/div>\n\t\t\t\t<\/div>\n\t\t\t\t\t<\/div>\n\t\t<\/div>\n\t\t\t\t\t<\/div>\n\t\t<\/section>\n\t\t<div class=\"elementor-element elementor-element-21f56c1 e-flex e-con-boxed e-con e-parent\" data-id=\"21f56c1\" data-element_type=\"container\" data-settings=\"{&quot;ekit_has_onepagescroll_dot&quot;:&quot;yes&quot;}\">\n\t\t\t\t\t<div class=\"e-con-inner\">\n\t\t\t\t<div class=\"elementor-element elementor-element-aa73deb elementor-widget elementor-widget-text-editor\" data-id=\"aa73deb\" data-element_type=\"widget\" data-settings=\"{&quot;ekit_we_effect_on&quot;:&quot;none&quot;}\" data-widget_type=\"text-editor.default\">\n\t\t\t\t<div class=\"elementor-widget-container\">\n\t\t\t\t\t\t\t\t\t<p data-start=\"295\" data-end=\"567\">\u00a0<\/p><p data-start=\"295\" data-end=\"567\">\u00c9 um dos mais tradicionais\u00a0 e complexos esportivos do Amazonas, atuando h\u00e1 mais de 45 anos na promo\u00e7\u00e3o do bem-estar, lazer, da sa\u00fade e qualidade de vida dos trabalhadores da ind\u00fastria, seus familiares e sociedade.\u00a0<\/p><p data-start=\"817\" data-end=\"872\"><strong>Um espa\u00e7o completo para lazer, esporte e sa\u00fade<\/strong><\/p><p data-start=\"874\" data-end=\"1017\">O SESI Clube conta com uma infraestrutura ampla, segura e vers\u00e1til, capaz de atender diferentes p\u00fablicos e finalidades, sendo ideal para:<\/p><ul data-start=\"1019\" data-end=\"1214\"><li data-start=\"1019\" data-end=\"1058\"><p data-start=\"1021\" data-end=\"1058\">Atividades esportivas e recreativas;<\/p><\/li><li data-start=\"1059\" data-end=\"1106\"><p data-start=\"1061\" data-end=\"1106\">Confraterniza\u00e7\u00f5es empresariais e familiares;<\/p><\/li><li data-start=\"1107\" data-end=\"1152\"><p data-start=\"1109\" data-end=\"1152\">Eventos corporativos, sociais e culturais;<\/p><\/li><li data-start=\"1153\" data-end=\"1214\"><p data-start=\"1155\" data-end=\"1214\">A\u00e7\u00f5es voltadas \u00e0 promo\u00e7\u00e3o da sa\u00fade e qualidade de vida.<\/p><\/li><\/ul><p><a href=\"https:\/\/www.fieam.org.br\/tour-virtual\/\"><img decoding=\"async\" class=\"alignnone wp-image-24084\" src=\"https:\/\/fieam.org.br\/sesi\/wp-content\/uploads\/sites\/14\/2026\/01\/Prancheta-15@4x-1-300x71.png\" alt=\"\" width=\"350\" height=\"83\" srcset=\"https:\/\/fieam.org.br\/sesi\/wp-content\/uploads\/sites\/14\/2026\/01\/Prancheta-15@4x-1-300x71.png 300w, https:\/\/fieam.org.br\/sesi\/wp-content\/uploads\/sites\/14\/2026\/01\/Prancheta-15@4x-1-1024x244.png 1024w, https:\/\/fieam.org.br\/sesi\/wp-content\/uploads\/sites\/14\/2026\/01\/Prancheta-15@4x-1-768x183.png 768w, https:\/\/fieam.org.br\/sesi\/wp-content\/uploads\/sites\/14\/2026\/01\/Prancheta-15@4x-1-1536x366.png 1536w, https:\/\/fieam.org.br\/sesi\/wp-content\/uploads\/sites\/14\/2026\/01\/Prancheta-15@4x-1-2048x488.png 2048w\" sizes=\"(max-width: 350px) 100vw, 350px\" \/><\/a><\/p><p data-start=\"1221\" data-end=\"1269\"><strong>Estrutura para eventos empresariais e sociais<\/strong><\/p><p data-start=\"1271\" data-end=\"1413\">O SESI Clube disp\u00f5e de espa\u00e7os planejados para eventos de pequeno, m\u00e9dio e grande porte com flexibilidade para diferentes formatos.<\/p><p data-start=\"1415\" data-end=\"1718\"><strong data-start=\"1415\" data-end=\"1463\">Sal\u00e3o de Eventos\u00a0<\/strong><\/p><p data-start=\"1415\" data-end=\"1718\">Espa\u00e7o com capacidade para at\u00e9 1.200 pessoas, com ambientes modul\u00e1veis, palco remov\u00edvel, climatiza\u00e7\u00e3o, cozinha equipada e estacionamento. Ideal para confraterniza\u00e7\u00f5es, treinamentos, formaturas, feiras, solenidades e eventos corporativos ou sociais.<\/p><p data-start=\"1720\" data-end=\"1948\"><strong data-start=\"1720\" data-end=\"1761\">Audit\u00f3rio\u00a0<\/strong><\/p><p data-start=\"1720\" data-end=\"1948\">Audit\u00f3rio climatizado, com capacidade para 80 pessoas, equipado com recursos audiovisuais e sonoriza\u00e7\u00e3o, indicado para reuni\u00f5es, palestras, treinamentos e encontros institucionais.<\/p><p data-start=\"1955\" data-end=\"1989\"><strong>Espa\u00e7os recreativos e culturais<\/strong><\/p><p data-start=\"1991\" data-end=\"2115\">O SESI Clube tamb\u00e9m oferece ambientes voltados ao lazer e \u00e0 cultura, ampliando as possibilidades de uso do espa\u00e7o:<\/p><ul data-start=\"2117\" data-end=\"2455\"><li data-start=\"2117\" data-end=\"2216\"><p data-start=\"2119\" data-end=\"2216\"><strong data-start=\"2119\" data-end=\"2130\">Chap\u00e9us<\/strong> \u2013 espa\u00e7os destinados a confraterniza\u00e7\u00f5es, encontros informais e eventos recreativos;<\/p><\/li><li data-start=\"2217\" data-end=\"2366\"><p data-start=\"2219\" data-end=\"2366\"><strong data-start=\"2219\" data-end=\"2253\">Caminh\u00e3o palco (unidade m\u00f3vel)<\/strong> \u2013 estrutura itinerante equipada para apresenta\u00e7\u00f5es culturais, shows, eventos esportivos e a\u00e7\u00f5es institucionais;<\/p><\/li><li data-start=\"2367\" data-end=\"2455\"><p data-start=\"2369\" data-end=\"2455\"><strong data-start=\"2369\" data-end=\"2387\">\u00c1reas externas<\/strong> \u2013 ideais para festivais, feiras, exposi\u00e7\u00f5es e eventos ao ar livre.<\/p><\/li><\/ul><p data-start=\"2462\" data-end=\"2491\"><strong>Esporte e atividade f\u00edsica<\/strong><\/p><p data-start=\"2493\" data-end=\"2639\">O esporte \u00e9 um dos pilares do SESI Clube, incentivando h\u00e1bitos saud\u00e1veis e contribuindo para a sa\u00fade, o bem-estar e a qualidade de vida.<\/p><p data-start=\"2641\" data-end=\"2672\">O complexo esportivo conta com:<\/p><ul data-start=\"2674\" data-end=\"2925\"><li data-start=\"2674\" data-end=\"2776\"><p data-start=\"2676\" data-end=\"2776\"><strong>Est\u00e1dio Roberto Simonsen <\/strong>&#8211; campo oficial, arquibancadas, vesti\u00e1rios e cabine de transmiss\u00e3o;<\/p><\/li><li data-start=\"2777\" data-end=\"2840\"><p data-start=\"2779\" data-end=\"2840\"><strong data-start=\"2779\" data-end=\"2806\">Gin\u00e1sios poliesportivos <\/strong>&#8211;\u00a0 arquibancadas e vesti\u00e1rios;<\/p><\/li><li data-start=\"2841\" data-end=\"2865\"><p data-start=\"2843\" data-end=\"2865\"><strong data-start=\"2843\" data-end=\"2863\">Quadras de areia, t\u00eanis e grama sint\u00e9tica.<\/strong><\/p><\/li><\/ul><p data-start=\"2927\" data-end=\"2999\">Todos os ambientes possuem estrutura adequada, seguran\u00e7a e estacionamento.<\/p><p data-start=\"2927\" data-end=\"2999\">Al\u00e9m disso, o SESI Clube disponibiliza os espa\u00e7os para loca\u00e7\u00e3o.\u00a0<\/p><p data-start=\"569\" data-end=\"810\"><a href=\"https:\/\/fieam.org.br\/sesi\/wp-content\/uploads\/sites\/14\/2026\/01\/ADAPTACAO-_PORTIFOLIO-LOCACAO-DE-ESPACOS-_SESICLUBE-2025_PARA-USAR.pdf\"><img decoding=\"async\" class=\"alignnone wp-image-24031\" src=\"https:\/\/fieam.org.br\/sesi\/wp-content\/uploads\/sites\/14\/2026\/01\/botao-site-@4x_Unidade-Movel-1-2-1024x181.png\" alt=\"\" width=\"400\" height=\"70\" srcset=\"https:\/\/fieam.org.br\/sesi\/wp-content\/uploads\/sites\/14\/2026\/01\/botao-site-@4x_Unidade-Movel-1-2-1024x181.png 1024w, https:\/\/fieam.org.br\/sesi\/wp-content\/uploads\/sites\/14\/2026\/01\/botao-site-@4x_Unidade-Movel-1-2-300x53.png 300w, https:\/\/fieam.org.br\/sesi\/wp-content\/uploads\/sites\/14\/2026\/01\/botao-site-@4x_Unidade-Movel-1-2-768x135.png 768w, https:\/\/fieam.org.br\/sesi\/wp-content\/uploads\/sites\/14\/2026\/01\/botao-site-@4x_Unidade-Movel-1-2-1536x271.png 1536w, https:\/\/fieam.org.br\/sesi\/wp-content\/uploads\/sites\/14\/2026\/01\/botao-site-@4x_Unidade-Movel-1-2-2048x361.png 2048w\" sizes=\"(max-width: 400px) 100vw, 400px\" \/><\/a><\/p><p data-start=\"3006\" data-end=\"3041\"><strong>Programa\u00e7\u00e3o esportiva e de lazer<\/strong><\/p><p data-start=\"3043\" data-end=\"3209\">O SESI Clube mant\u00e9m uma programa\u00e7\u00e3o cont\u00ednua de atividades f\u00edsicas e esportivas, organizadas por faixa et\u00e1ria e acompanhadas por profissionais qualificados.<\/p><p data-start=\"3211\" data-end=\"3249\">Entre as modalidades oferecidas est\u00e3o:<\/p><ul data-start=\"3250\" data-end=\"3402\"><li data-start=\"3250\" data-end=\"3287\"><p data-start=\"3252\" data-end=\"3287\">Academia (gin\u00e1stica e muscula\u00e7\u00e3o);<\/p><\/li><li data-start=\"3288\" data-end=\"3319\"><p data-start=\"3290\" data-end=\"3319\">Nata\u00e7\u00e3o (adulto e infantil);<\/p><\/li><li data-start=\"3320\" data-end=\"3338\"><p data-start=\"3322\" data-end=\"3338\">Hidrogin\u00e1stica;<\/p><\/li><li data-start=\"3339\" data-end=\"3357\"><p data-start=\"3341\" data-end=\"3357\">Funcional Kids;<\/p><\/li><li data-start=\"3358\" data-end=\"3370\"><p data-start=\"3360\" data-end=\"3370\">Voleibol;<\/p><\/li><li data-start=\"3371\" data-end=\"3381\"><p data-start=\"3373\" data-end=\"3381\">Karat\u00ea;<\/p><\/li><li data-start=\"3382\" data-end=\"3402\"><p data-start=\"3384\" data-end=\"3402\">Futebol e futsal.<\/p><\/li><\/ul>\t\t\t\t\t\t\t\t<\/div>\n\t\t\t\t<\/div>\n\t\t<div class=\"elementor-element elementor-element-a392a78 e-con-full e-flex e-con e-child\" data-id=\"a392a78\" data-element_type=\"container\" data-settings=\"{&quot;ekit_has_onepagescroll_dot&quot;:&quot;yes&quot;}\">\n\t\t\t\t<div class=\"elementor-element elementor-element-1c68b10 elementor-widget elementor-widget-video\" data-id=\"1c68b10\" data-element_type=\"widget\" data-settings=\"{&quot;youtube_url&quot;:&quot;https:\\\/\\\/www.youtube.com\\\/watch?v=iX5srAn1kI8&quot;,&quot;video_type&quot;:&quot;youtube&quot;,&quot;controls&quot;:&quot;yes&quot;,&quot;ekit_we_effect_on&quot;:&quot;none&quot;}\" data-widget_type=\"video.default\">\n\t\t\t\t<div class=\"elementor-widget-container\">\n\t\t\t\t\t\t\t<div class=\"elementor-wrapper elementor-open-inline\">\n\t\t\t<div class=\"elementor-video\"><\/div>\t\t<\/div>\n\t\t\t\t\t\t<\/div>\n\t\t\t\t<\/div>\n\t\t\t\t<\/div>\n\t\t\t\t<div class=\"elementor-element elementor-element-5b01010 elementor-widget elementor-widget-text-editor\" data-id=\"5b01010\" data-element_type=\"widget\" data-settings=\"{&quot;ekit_we_effect_on&quot;:&quot;none&quot;}\" data-widget_type=\"text-editor.default\">\n\t\t\t\t<div class=\"elementor-widget-container\">\n\t\t\t\t\t\t\t\t\t<p data-start=\"3409\" data-end=\"3432\"><strong>Parcerias esportivas<\/strong><\/p><p data-start=\"3434\" data-end=\"3582\">Al\u00e9m das atividades regulares, o SESI Clube conta com parcerias esportivas especializadas, ampliando as op\u00e7\u00f5es dispon\u00edveis ao p\u00fablico.<\/p><p data-start=\"3434\" data-end=\"3582\">\u00a0<\/p><p data-start=\"3584\" data-end=\"3777\"><strong data-start=\"3584\" data-end=\"3613\">Futebol \u2013 Escola Flamengo<\/strong><\/p><p data-start=\"3584\" data-end=\"3777\">A Escola Flamengo oferece aulas de futebol voltadas para crian\u00e7as e adolescentes, com metodologia orientada e foco no desenvolvimento t\u00e9cnico, f\u00edsico e social.<\/p><p data-start=\"3779\" data-end=\"3822\">\u00a0<\/p><p data-start=\"3829\" data-end=\"3875\"><strong data-start=\"3829\" data-end=\"3875\">Futsal e Dan\u00e7a \u2013 Parceria Panter\/TO Sports<\/strong><\/p><ul data-start=\"3877\" data-end=\"4174\"><li data-start=\"3877\" data-end=\"4071\"><p data-start=\"3879\" data-end=\"4071\"><strong data-start=\"3879\" data-end=\"3889\">Futsal<\/strong>: Aulas destinadas a crian\u00e7as e adolescentes, com turmas organizadas por faixa et\u00e1ria (Sub 5 a 17) e hor\u00e1rios distribu\u00eddos ao longo da semana, nos per\u00edodos da manh\u00e3 e da tarde.<\/p><\/li><li data-start=\"4072\" data-end=\"4174\"><p data-start=\"4074\" data-end=\"4086\"><strong data-start=\"4074\" data-end=\"4083\">Dan\u00e7a<\/strong>:<\/p><ul data-start=\"4089\" data-end=\"4174\"><li data-start=\"4089\" data-end=\"4128\"><p data-start=\"4091\" data-end=\"4128\">Baby Class \u2013 crian\u00e7as de 4 a 6 anos;<\/p><\/li><li data-start=\"4131\" data-end=\"4174\"><p data-start=\"4133\" data-end=\"4174\">Bal\u00e9 Infantil \u2013 crian\u00e7as de 7 a 10 anos.<\/p><\/li><\/ul><\/li><\/ul><p data-start=\"4176\" data-end=\"4207\">\u00a0<\/p><p data-start=\"4214\" data-end=\"4252\"><strong>Atendimento, acesso e funcionamento<\/strong><\/p><p data-start=\"4254\" data-end=\"4386\">A Carteira SESI possui validade de 1 ano. \u00c9 o documento que autoriza o acesso \u00e0s depend\u00eancias do SESI Clube.<\/p><p data-start=\"4388\" data-end=\"4456\">O acesso \u00e9 permitido mediante apresenta\u00e7\u00e3o da carteira de associado.<\/p><p data-start=\"4595\" data-end=\"4634\"><strong>Bem-estar, lazer e qualidade de vida<\/strong><\/p><p data-start=\"4636\" data-end=\"4868\">O SESI Clube refor\u00e7a o compromisso do SESI\u00a0 como parceiro das ind\u00fastrias e da sociedade, promovendo a sa\u00fade preventiva por meio da redu\u00e7\u00e3o do estresse, incentivo a um estilo de vida mais ativo e saud\u00e1vel.<\/p>\t\t\t\t\t\t\t\t<\/div>\n\t\t\t\t<\/div>\n\t\t\t\t\t<\/div>\n\t\t\t\t<\/div>\n\t\t\t\t<\/div>\n\t\t","protected":false},"excerpt":{"rendered":"<p>Servi\u00e7o Social da Ind\u00fastria (SESI) \u00a0 \u00c9 um dos mais tradicionais\u00a0 e complexos esportivos do Amazonas, atuando h\u00e1 mais de 45 anos na promo\u00e7\u00e3o do bem-estar, lazer, da sa\u00fade e qualidade de vida dos trabalhadores da ind\u00fastria, seus familiares e sociedade.\u00a0 Um espa\u00e7o completo para lazer, esporte e sa\u00fade O SESI Clube conta com uma [&hellip;]<\/p>\n","protected":false},"author":1,"featured_media":0,"parent":0,"menu_order":0,"comment_status":"closed","ping_status":"closed","template":"","meta":{"footnotes":""},"class_list":["post-24011","page","type-page","status-publish","hentry"],"yoast_head":"<!-- This site is optimized with the Yoast SEO plugin v26.8 - https:\/\/yoast.com\/product\/yoast-seo-wordpress\/ -->\n<title>SESI Clube - SESI<\/title>\n<meta name=\"robots\" content=\"index, follow, max-snippet:-1, max-image-preview:large, max-video-preview:-1\" \/>\n<link rel=\"canonical\" href=\"https:\/\/fieam.org.br\/sesi\/sesi-clube\/\" \/>\n<meta property=\"og:locale\" content=\"pt_BR\" \/>\n<meta property=\"og:type\" content=\"article\" \/>\n<meta property=\"og:title\" content=\"SESI Clube - SESI\" \/>\n<meta property=\"og:description\" content=\"Servi\u00e7o Social da Ind\u00fastria (SESI) \u00a0 \u00c9 um dos mais tradicionais\u00a0 e complexos esportivos do Amazonas, atuando h\u00e1 mais de 45 anos na promo\u00e7\u00e3o do bem-estar, lazer, da sa\u00fade e qualidade de vida dos trabalhadores da ind\u00fastria, seus familiares e sociedade.\u00a0 Um espa\u00e7o completo para lazer, esporte e sa\u00fade O SESI Clube conta com uma [&hellip;]\" \/>\n<meta property=\"og:url\" content=\"https:\/\/fieam.org.br\/sesi\/sesi-clube\/\" \/>\n<meta property=\"og:site_name\" content=\"SESI\" \/>\n<meta property=\"article:modified_time\" content=\"2026-01-26T15:19:42+00:00\" \/>\n<meta property=\"og:image\" content=\"https:\/\/fieam.org.br\/sesi\/wp-content\/uploads\/sites\/14\/2024\/02\/setas.png\" \/>\n\t<meta property=\"og:image:width\" content=\"45\" \/>\n\t<meta property=\"og:image:height\" content=\"38\" \/>\n\t<meta property=\"og:image:type\" content=\"image\/png\" \/>\n<meta name=\"twitter:card\" content=\"summary_large_image\" \/>\n<meta name=\"twitter:label1\" content=\"Est. tempo de leitura\" \/>\n\t<meta name=\"twitter:data1\" content=\"3 minutos\" \/>\n<script type=\"application\/ld+json\" class=\"yoast-schema-graph\">{\"@context\":\"https:\/\/schema.org\",\"@graph\":[{\"@type\":\"WebPage\",\"@id\":\"https:\/\/fieam.org.br\/sesi\/sesi-clube\/\",\"url\":\"https:\/\/fieam.org.br\/sesi\/sesi-clube\/\",\"name\":\"SESI Clube - SESI\",\"isPartOf\":{\"@id\":\"https:\/\/fieam.org.br\/sesi\/#website\"},\"primaryImageOfPage\":{\"@id\":\"https:\/\/fieam.org.br\/sesi\/sesi-clube\/#primaryimage\"},\"image\":{\"@id\":\"https:\/\/fieam.org.br\/sesi\/sesi-clube\/#primaryimage\"},\"thumbnailUrl\":\"https:\/\/fieam.org.br\/sesi\/wp-content\/uploads\/sites\/14\/2024\/02\/setas.png\",\"datePublished\":\"2026-01-22T20:12:21+00:00\",\"dateModified\":\"2026-01-26T15:19:42+00:00\",\"breadcrumb\":{\"@id\":\"https:\/\/fieam.org.br\/sesi\/sesi-clube\/#breadcrumb\"},\"inLanguage\":\"pt-BR\",\"potentialAction\":[{\"@type\":\"ReadAction\",\"target\":[\"https:\/\/fieam.org.br\/sesi\/sesi-clube\/\"]}]},{\"@type\":\"ImageObject\",\"inLanguage\":\"pt-BR\",\"@id\":\"https:\/\/fieam.org.br\/sesi\/sesi-clube\/#primaryimage\",\"url\":\"https:\/\/fieam.org.br\/sesi\/wp-content\/uploads\/sites\/14\/2024\/02\/setas.png\",\"contentUrl\":\"https:\/\/fieam.org.br\/sesi\/wp-content\/uploads\/sites\/14\/2024\/02\/setas.png\",\"width\":45,\"height\":38},{\"@type\":\"BreadcrumbList\",\"@id\":\"https:\/\/fieam.org.br\/sesi\/sesi-clube\/#breadcrumb\",\"itemListElement\":[{\"@type\":\"ListItem\",\"position\":1,\"name\":\"In\u00edcio\",\"item\":\"https:\/\/fieam.org.br\/sesi\/\"},{\"@type\":\"ListItem\",\"position\":2,\"name\":\"SESI Clube\"}]},{\"@type\":\"WebSite\",\"@id\":\"https:\/\/fieam.org.br\/sesi\/#website\",\"url\":\"https:\/\/fieam.org.br\/sesi\/\",\"name\":\"SESI\",\"description\":\"Site Oficial!\",\"publisher\":{\"@id\":\"https:\/\/fieam.org.br\/sesi\/#organization\"},\"potentialAction\":[{\"@type\":\"SearchAction\",\"target\":{\"@type\":\"EntryPoint\",\"urlTemplate\":\"https:\/\/fieam.org.br\/sesi\/?s={search_term_string}\"},\"query-input\":{\"@type\":\"PropertyValueSpecification\",\"valueRequired\":true,\"valueName\":\"search_term_string\"}}],\"inLanguage\":\"pt-BR\"},{\"@type\":\"Organization\",\"@id\":\"https:\/\/fieam.org.br\/sesi\/#organization\",\"name\":\"SESI\",\"url\":\"https:\/\/fieam.org.br\/sesi\/\",\"logo\":{\"@type\":\"ImageObject\",\"inLanguage\":\"pt-BR\",\"@id\":\"https:\/\/fieam.org.br\/sesi\/#\/schema\/logo\/image\/\",\"url\":\"https:\/\/fieam.org.br\/sesi\/wp-content\/uploads\/sites\/14\/2024\/03\/cropped-fav.png\",\"contentUrl\":\"https:\/\/fieam.org.br\/sesi\/wp-content\/uploads\/sites\/14\/2024\/03\/cropped-fav.png\",\"width\":610,\"height\":589,\"caption\":\"SESI\"},\"image\":{\"@id\":\"https:\/\/fieam.org.br\/sesi\/#\/schema\/logo\/image\/\"}}]}<\/script>\n<!-- \/ Yoast SEO plugin. -->","yoast_head_json":{"title":"SESI Clube - SESI","robots":{"index":"index","follow":"follow","max-snippet":"max-snippet:-1","max-image-preview":"max-image-preview:large","max-video-preview":"max-video-preview:-1"},"canonical":"https:\/\/fieam.org.br\/sesi\/sesi-clube\/","og_locale":"pt_BR","og_type":"article","og_title":"SESI Clube - SESI","og_description":"Servi\u00e7o Social da Ind\u00fastria (SESI) \u00a0 \u00c9 um dos mais tradicionais\u00a0 e complexos esportivos do Amazonas, atuando h\u00e1 mais de 45 anos na promo\u00e7\u00e3o do bem-estar, lazer, da sa\u00fade e qualidade de vida dos trabalhadores da ind\u00fastria, seus familiares e sociedade.\u00a0 Um espa\u00e7o completo para lazer, esporte e sa\u00fade O SESI Clube conta com uma [&hellip;]","og_url":"https:\/\/fieam.org.br\/sesi\/sesi-clube\/","og_site_name":"SESI","article_modified_time":"2026-01-26T15:19:42+00:00","og_image":[{"width":45,"height":38,"url":"https:\/\/fieam.org.br\/sesi\/wp-content\/uploads\/sites\/14\/2024\/02\/setas.png","type":"image\/png"}],"twitter_card":"summary_large_image","twitter_misc":{"Est. tempo de leitura":"3 minutos"},"schema":{"@context":"https:\/\/schema.org","@graph":[{"@type":"WebPage","@id":"https:\/\/fieam.org.br\/sesi\/sesi-clube\/","url":"https:\/\/fieam.org.br\/sesi\/sesi-clube\/","name":"SESI Clube - SESI","isPartOf":{"@id":"https:\/\/fieam.org.br\/sesi\/#website"},"primaryImageOfPage":{"@id":"https:\/\/fieam.org.br\/sesi\/sesi-clube\/#primaryimage"},"image":{"@id":"https:\/\/fieam.org.br\/sesi\/sesi-clube\/#primaryimage"},"thumbnailUrl":"https:\/\/fieam.org.br\/sesi\/wp-content\/uploads\/sites\/14\/2024\/02\/setas.png","datePublished":"2026-01-22T20:12:21+00:00","dateModified":"2026-01-26T15:19:42+00:00","breadcrumb":{"@id":"https:\/\/fieam.org.br\/sesi\/sesi-clube\/#breadcrumb"},"inLanguage":"pt-BR","potentialAction":[{"@type":"ReadAction","target":["https:\/\/fieam.org.br\/sesi\/sesi-clube\/"]}]},{"@type":"ImageObject","inLanguage":"pt-BR","@id":"https:\/\/fieam.org.br\/sesi\/sesi-clube\/#primaryimage","url":"https:\/\/fieam.org.br\/sesi\/wp-content\/uploads\/sites\/14\/2024\/02\/setas.png","contentUrl":"https:\/\/fieam.org.br\/sesi\/wp-content\/uploads\/sites\/14\/2024\/02\/setas.png","width":45,"height":38},{"@type":"BreadcrumbList","@id":"https:\/\/fieam.org.br\/sesi\/sesi-clube\/#breadcrumb","itemListElement":[{"@type":"ListItem","position":1,"name":"In\u00edcio","item":"https:\/\/fieam.org.br\/sesi\/"},{"@type":"ListItem","position":2,"name":"SESI Clube"}]},{"@type":"WebSite","@id":"https:\/\/fieam.org.br\/sesi\/#website","url":"https:\/\/fieam.org.br\/sesi\/","name":"SESI","description":"Site Oficial!","publisher":{"@id":"https:\/\/fieam.org.br\/sesi\/#organization"},"potentialAction":[{"@type":"SearchAction","target":{"@type":"EntryPoint","urlTemplate":"https:\/\/fieam.org.br\/sesi\/?s={search_term_string}"},"query-input":{"@type":"PropertyValueSpecification","valueRequired":true,"valueName":"search_term_string"}}],"inLanguage":"pt-BR"},{"@type":"Organization","@id":"https:\/\/fieam.org.br\/sesi\/#organization","name":"SESI","url":"https:\/\/fieam.org.br\/sesi\/","logo":{"@type":"ImageObject","inLanguage":"pt-BR","@id":"https:\/\/fieam.org.br\/sesi\/#\/schema\/logo\/image\/","url":"https:\/\/fieam.org.br\/sesi\/wp-content\/uploads\/sites\/14\/2024\/03\/cropped-fav.png","contentUrl":"https:\/\/fieam.org.br\/sesi\/wp-content\/uploads\/sites\/14\/2024\/03\/cropped-fav.png","width":610,"height":589,"caption":"SESI"},"image":{"@id":"https:\/\/fieam.org.br\/sesi\/#\/schema\/logo\/image\/"}}]}},"_links":{"self":[{"href":"https:\/\/fieam.org.br\/sesi\/wp-json\/wp\/v2\/pages\/24011","targetHints":{"allow":["GET"]}}],"collection":[{"href":"https:\/\/fieam.org.br\/sesi\/wp-json\/wp\/v2\/pages"}],"about":[{"href":"https:\/\/fieam.org.br\/sesi\/wp-json\/wp\/v2\/types\/page"}],"author":[{"embeddable":true,"href":"https:\/\/fieam.org.br\/sesi\/wp-json\/wp\/v2\/users\/1"}],"replies":[{"embeddable":true,"href":"https:\/\/fieam.org.br\/sesi\/wp-json\/wp\/v2\/comments?post=24011"}],"version-history":[{"count":67,"href":"https:\/\/fieam.org.br\/sesi\/wp-json\/wp\/v2\/pages\/24011\/revisions"}],"predecessor-version":[{"id":24094,"href":"https:\/\/fieam.org.br\/sesi\/wp-json\/wp\/v2\/pages\/24011\/revisions\/24094"}],"wp:attachment":[{"href":"https:\/\/fieam.org.br\/sesi\/wp-json\/wp\/v2\/media?parent=24011"}],"curies":[{"name":"wp","href":"https:\/\/api.w.org\/{rel}","templated":true}]}}