{"id":23637,"date":"2025-12-17T19:39:59","date_gmt":"2025-12-17T19:39:59","guid":{"rendered":"https:\/\/fieam.org.br\/sesi\/?page_id=23637"},"modified":"2025-12-17T20:23:31","modified_gmt":"2025-12-17T20:23:31","slug":"unidade-movel-de-odontologia","status":"publish","type":"page","link":"https:\/\/fieam.org.br\/sesi\/unidade-movel-de-odontologia\/","title":{"rendered":"Unidade M\u00f3vel de Odontologia"},"content":{"rendered":"\t\t<div data-elementor-type=\"wp-page\" data-elementor-id=\"23637\" class=\"elementor elementor-23637\" data-elementor-post-type=\"page\">\n\t\t\t\t\t\t<section class=\"elementor-section elementor-top-section elementor-element elementor-element-4a2848a5 elementor-section-boxed elementor-section-height-default elementor-section-height-default\" data-id=\"4a2848a5\" data-element_type=\"section\" data-settings=\"{&quot;background_background&quot;:&quot;classic&quot;,&quot;ekit_has_onepagescroll_dot&quot;:&quot;yes&quot;}\">\n\t\t\t\t\t\t\t<div class=\"elementor-background-overlay\"><\/div>\n\t\t\t\t\t\t\t<div class=\"elementor-container elementor-column-gap-default\">\n\t\t\t\t\t<div class=\"elementor-column elementor-col-100 elementor-top-column elementor-element elementor-element-304881fd\" data-id=\"304881fd\" data-element_type=\"column\">\n\t\t\t<div class=\"elementor-widget-wrap elementor-element-populated\">\n\t\t\t\t\t\t<div class=\"elementor-element elementor-element-2820722a elementor-widget__width-auto elementor-invisible elementor-widget elementor-widget-image\" data-id=\"2820722a\" data-element_type=\"widget\" data-settings=\"{&quot;_animation&quot;:&quot;rotateIn&quot;,&quot;_animation_delay&quot;:&quot;720&quot;,&quot;ekit_we_effect_on&quot;:&quot;none&quot;}\" data-widget_type=\"image.default\">\n\t\t\t\t<div class=\"elementor-widget-container\">\n\t\t\t\t\t\t\t\t\t\t\t\t\t\t\t<img decoding=\"async\" width=\"45\" height=\"38\" src=\"https:\/\/fieam.org.br\/sesi\/wp-content\/uploads\/sites\/14\/2024\/02\/setas.png\" class=\"attachment-full size-full wp-image-4668\" alt=\"\" \/>\t\t\t\t\t\t\t\t\t\t\t\t\t\t\t<\/div>\n\t\t\t\t<\/div>\n\t\t\t\t<div class=\"elementor-element elementor-element-46d9b501 elementor-invisible elementor-widget elementor-widget-heading\" data-id=\"46d9b501\" data-element_type=\"widget\" data-settings=\"{&quot;_animation&quot;:&quot;fadeInDown&quot;,&quot;ekit_we_effect_on&quot;:&quot;none&quot;}\" data-widget_type=\"heading.default\">\n\t\t\t\t<div class=\"elementor-widget-container\">\n\t\t\t\t\t<h2 class=\"elementor-heading-title elementor-size-default\">Unidade M\u00f3vel de Odontologia<\/h2>\t\t\t\t<\/div>\n\t\t\t\t<\/div>\n\t\t\t\t<div class=\"elementor-element elementor-element-4ea802a5 elementor-invisible elementor-widget elementor-widget-heading\" data-id=\"4ea802a5\" data-element_type=\"widget\" data-settings=\"{&quot;_animation&quot;:&quot;fadeInUp&quot;,&quot;ekit_we_effect_on&quot;:&quot;none&quot;}\" data-widget_type=\"heading.default\">\n\t\t\t\t<div class=\"elementor-widget-container\">\n\t\t\t\t\t<div class=\"elementor-heading-title elementor-size-default\">Servi\u00e7o Social da Ind\u00fastria (SESI)<\/div>\t\t\t\t<\/div>\n\t\t\t\t<\/div>\n\t\t\t\t\t<\/div>\n\t\t<\/div>\n\t\t\t\t\t<\/div>\n\t\t<\/section>\n\t\t<div class=\"elementor-element elementor-element-1a11bb2 e-flex e-con-boxed e-con e-parent\" data-id=\"1a11bb2\" data-element_type=\"container\" data-settings=\"{&quot;ekit_has_onepagescroll_dot&quot;:&quot;yes&quot;}\">\n\t\t\t\t\t<div class=\"e-con-inner\">\n\t\t\t\t<div class=\"elementor-element elementor-element-468e35d elementor-widget elementor-widget-text-editor\" data-id=\"468e35d\" data-element_type=\"widget\" data-settings=\"{&quot;ekit_we_effect_on&quot;:&quot;none&quot;}\" data-widget_type=\"text-editor.default\">\n\t\t\t\t<div class=\"elementor-widget-container\">\n\t\t\t\t\t\t\t\t\t<p>O SESI oferece \u00e0s empresas a Unidade M\u00f3vel de Odontologia: Uma solu\u00e7\u00e3o pr\u00e1tica e eficiente para levar atendimento odontol\u00f3gico diretamente ao ambiente de trabalho.<\/p><p>O servi\u00e7o promove sa\u00fade bucal, preven\u00e7\u00e3o de doen\u00e7as e mais qualidade de vida aos trabalhadores sem a necessidade de deslocamento.<\/p><p>A unidade \u00e9 equipada para\u00a0 realizar avalia\u00e7\u00f5es odontol\u00f3gicas, a\u00e7\u00f5es preventivas e procedimentos b\u00e1sicos, contribuindo para a redu\u00e7\u00e3o do absente\u00edsmo, aumento da produtividade e fortalecimento das pol\u00edticas de Sa\u00fade e Seguran\u00e7a do Trabalho nas empresas.<\/p><p><strong>Benef\u00edcios para a empresa e o trabalhador<\/strong><\/p><ul><li>Atendimento odontol\u00f3gico no pr\u00f3prio local de trabalho<\/li><li>Mais comodidade e ades\u00e3o dos colaboradores<\/li><li>A\u00e7\u00f5es preventivas que evitam afastamentos futuros<\/li><li>Redu\u00e7\u00e3o de custos com deslocamentos e tempo improdutivo<\/li><li>Fortalecimento do cuidado integral com a sa\u00fade do trabalhador<\/li><\/ul><p>\u00a0<\/p><p><strong>Solu\u00e7\u00e3o sob medida para sua empresa<\/strong><\/p><p>O servi\u00e7o pode ser contratado de forma personalizada, conforme a demanda das ind\u00fastrias e institui\u00e7\u00f5es que buscam promover sa\u00fade, bem-estar e preven\u00e7\u00e3o de forma estrat\u00e9gica.<\/p><p>Seu sorriso \u00e9 mais saud\u00e1vel aqui!<\/p><p><a href=\"https:\/\/www.instagram.com\/reel\/DKkGtxzPQSi\/\"><img decoding=\"async\" class=\"alignnone wp-image-23648\" src=\"https:\/\/fieam.org.br\/sesi\/wp-content\/uploads\/sites\/14\/2025\/12\/botao-site-@4x_Unidade-Movel--1024x181.png\" alt=\"\" width=\"450\" height=\"79\" srcset=\"https:\/\/fieam.org.br\/sesi\/wp-content\/uploads\/sites\/14\/2025\/12\/botao-site-@4x_Unidade-Movel--1024x181.png 1024w, https:\/\/fieam.org.br\/sesi\/wp-content\/uploads\/sites\/14\/2025\/12\/botao-site-@4x_Unidade-Movel--300x53.png 300w, https:\/\/fieam.org.br\/sesi\/wp-content\/uploads\/sites\/14\/2025\/12\/botao-site-@4x_Unidade-Movel--768x135.png 768w, https:\/\/fieam.org.br\/sesi\/wp-content\/uploads\/sites\/14\/2025\/12\/botao-site-@4x_Unidade-Movel--1536x271.png 1536w, https:\/\/fieam.org.br\/sesi\/wp-content\/uploads\/sites\/14\/2025\/12\/botao-site-@4x_Unidade-Movel--2048x361.png 2048w\" sizes=\"(max-width: 450px) 100vw, 450px\" \/><\/a><\/p><p>\u00a0<\/p><p>\u00a0<\/p>\t\t\t\t\t\t\t\t<\/div>\n\t\t\t\t<\/div>\n\t\t\t\t\t<\/div>\n\t\t\t\t<\/div>\n\t\t\t\t<\/div>\n\t\t","protected":false},"excerpt":{"rendered":"<p>Servi\u00e7o Social da Ind\u00fastria (SESI) O SESI oferece \u00e0s empresas a Unidade M\u00f3vel de Odontologia: Uma solu\u00e7\u00e3o pr\u00e1tica e eficiente para levar atendimento odontol\u00f3gico diretamente ao ambiente de trabalho. O servi\u00e7o promove sa\u00fade bucal, preven\u00e7\u00e3o de doen\u00e7as e mais qualidade de vida aos trabalhadores sem a necessidade de deslocamento. A unidade \u00e9 equipada para\u00a0 realizar [&hellip;]<\/p>\n","protected":false},"author":1,"featured_media":0,"parent":0,"menu_order":0,"comment_status":"closed","ping_status":"closed","template":"","meta":{"footnotes":""},"class_list":["post-23637","page","type-page","status-publish","hentry"],"yoast_head":"<!-- This site is optimized with the Yoast SEO plugin v26.8 - https:\/\/yoast.com\/product\/yoast-seo-wordpress\/ -->\n<title>Unidade M\u00f3vel de Odontologia - SESI<\/title>\n<meta name=\"robots\" content=\"index, follow, max-snippet:-1, max-image-preview:large, max-video-preview:-1\" \/>\n<link rel=\"canonical\" href=\"https:\/\/fieam.org.br\/sesi\/unidade-movel-de-odontologia\/\" \/>\n<meta property=\"og:locale\" content=\"pt_BR\" \/>\n<meta property=\"og:type\" content=\"article\" \/>\n<meta property=\"og:title\" content=\"Unidade M\u00f3vel de Odontologia - SESI\" \/>\n<meta property=\"og:description\" content=\"Servi\u00e7o Social da Ind\u00fastria (SESI) O SESI oferece \u00e0s empresas a Unidade M\u00f3vel de Odontologia: Uma solu\u00e7\u00e3o pr\u00e1tica e eficiente para levar atendimento odontol\u00f3gico diretamente ao ambiente de trabalho. O servi\u00e7o promove sa\u00fade bucal, preven\u00e7\u00e3o de doen\u00e7as e mais qualidade de vida aos trabalhadores sem a necessidade de deslocamento. A unidade \u00e9 equipada para\u00a0 realizar [&hellip;]\" \/>\n<meta property=\"og:url\" content=\"https:\/\/fieam.org.br\/sesi\/unidade-movel-de-odontologia\/\" \/>\n<meta property=\"og:site_name\" content=\"SESI\" \/>\n<meta property=\"article:modified_time\" content=\"2025-12-17T20:23:31+00:00\" \/>\n<meta property=\"og:image\" content=\"https:\/\/fieam.org.br\/sesi\/wp-content\/uploads\/sites\/14\/2024\/02\/setas.png\" \/>\n\t<meta property=\"og:image:width\" content=\"45\" \/>\n\t<meta property=\"og:image:height\" content=\"38\" \/>\n\t<meta property=\"og:image:type\" content=\"image\/png\" \/>\n<meta name=\"twitter:card\" content=\"summary_large_image\" \/>\n<meta name=\"twitter:label1\" content=\"Est. tempo de leitura\" \/>\n\t<meta name=\"twitter:data1\" content=\"1 minuto\" \/>\n<script type=\"application\/ld+json\" class=\"yoast-schema-graph\">{\"@context\":\"https:\/\/schema.org\",\"@graph\":[{\"@type\":\"WebPage\",\"@id\":\"https:\/\/fieam.org.br\/sesi\/unidade-movel-de-odontologia\/\",\"url\":\"https:\/\/fieam.org.br\/sesi\/unidade-movel-de-odontologia\/\",\"name\":\"Unidade M\u00f3vel de Odontologia - SESI\",\"isPartOf\":{\"@id\":\"https:\/\/fieam.org.br\/sesi\/#website\"},\"primaryImageOfPage\":{\"@id\":\"https:\/\/fieam.org.br\/sesi\/unidade-movel-de-odontologia\/#primaryimage\"},\"image\":{\"@id\":\"https:\/\/fieam.org.br\/sesi\/unidade-movel-de-odontologia\/#primaryimage\"},\"thumbnailUrl\":\"https:\/\/fieam.org.br\/sesi\/wp-content\/uploads\/sites\/14\/2024\/02\/setas.png\",\"datePublished\":\"2025-12-17T19:39:59+00:00\",\"dateModified\":\"2025-12-17T20:23:31+00:00\",\"breadcrumb\":{\"@id\":\"https:\/\/fieam.org.br\/sesi\/unidade-movel-de-odontologia\/#breadcrumb\"},\"inLanguage\":\"pt-BR\",\"potentialAction\":[{\"@type\":\"ReadAction\",\"target\":[\"https:\/\/fieam.org.br\/sesi\/unidade-movel-de-odontologia\/\"]}]},{\"@type\":\"ImageObject\",\"inLanguage\":\"pt-BR\",\"@id\":\"https:\/\/fieam.org.br\/sesi\/unidade-movel-de-odontologia\/#primaryimage\",\"url\":\"https:\/\/fieam.org.br\/sesi\/wp-content\/uploads\/sites\/14\/2024\/02\/setas.png\",\"contentUrl\":\"https:\/\/fieam.org.br\/sesi\/wp-content\/uploads\/sites\/14\/2024\/02\/setas.png\",\"width\":45,\"height\":38},{\"@type\":\"BreadcrumbList\",\"@id\":\"https:\/\/fieam.org.br\/sesi\/unidade-movel-de-odontologia\/#breadcrumb\",\"itemListElement\":[{\"@type\":\"ListItem\",\"position\":1,\"name\":\"In\u00edcio\",\"item\":\"https:\/\/fieam.org.br\/sesi\/\"},{\"@type\":\"ListItem\",\"position\":2,\"name\":\"Unidade M\u00f3vel de Odontologia\"}]},{\"@type\":\"WebSite\",\"@id\":\"https:\/\/fieam.org.br\/sesi\/#website\",\"url\":\"https:\/\/fieam.org.br\/sesi\/\",\"name\":\"SESI\",\"description\":\"Site Oficial!\",\"publisher\":{\"@id\":\"https:\/\/fieam.org.br\/sesi\/#organization\"},\"potentialAction\":[{\"@type\":\"SearchAction\",\"target\":{\"@type\":\"EntryPoint\",\"urlTemplate\":\"https:\/\/fieam.org.br\/sesi\/?s={search_term_string}\"},\"query-input\":{\"@type\":\"PropertyValueSpecification\",\"valueRequired\":true,\"valueName\":\"search_term_string\"}}],\"inLanguage\":\"pt-BR\"},{\"@type\":\"Organization\",\"@id\":\"https:\/\/fieam.org.br\/sesi\/#organization\",\"name\":\"SESI\",\"url\":\"https:\/\/fieam.org.br\/sesi\/\",\"logo\":{\"@type\":\"ImageObject\",\"inLanguage\":\"pt-BR\",\"@id\":\"https:\/\/fieam.org.br\/sesi\/#\/schema\/logo\/image\/\",\"url\":\"https:\/\/fieam.org.br\/sesi\/wp-content\/uploads\/sites\/14\/2024\/03\/cropped-fav.png\",\"contentUrl\":\"https:\/\/fieam.org.br\/sesi\/wp-content\/uploads\/sites\/14\/2024\/03\/cropped-fav.png\",\"width\":610,\"height\":589,\"caption\":\"SESI\"},\"image\":{\"@id\":\"https:\/\/fieam.org.br\/sesi\/#\/schema\/logo\/image\/\"}}]}<\/script>\n<!-- \/ Yoast SEO plugin. -->","yoast_head_json":{"title":"Unidade M\u00f3vel de Odontologia - SESI","robots":{"index":"index","follow":"follow","max-snippet":"max-snippet:-1","max-image-preview":"max-image-preview:large","max-video-preview":"max-video-preview:-1"},"canonical":"https:\/\/fieam.org.br\/sesi\/unidade-movel-de-odontologia\/","og_locale":"pt_BR","og_type":"article","og_title":"Unidade M\u00f3vel de Odontologia - SESI","og_description":"Servi\u00e7o Social da Ind\u00fastria (SESI) O SESI oferece \u00e0s empresas a Unidade M\u00f3vel de Odontologia: Uma solu\u00e7\u00e3o pr\u00e1tica e eficiente para levar atendimento odontol\u00f3gico diretamente ao ambiente de trabalho. O servi\u00e7o promove sa\u00fade bucal, preven\u00e7\u00e3o de doen\u00e7as e mais qualidade de vida aos trabalhadores sem a necessidade de deslocamento. A unidade \u00e9 equipada para\u00a0 realizar [&hellip;]","og_url":"https:\/\/fieam.org.br\/sesi\/unidade-movel-de-odontologia\/","og_site_name":"SESI","article_modified_time":"2025-12-17T20:23:31+00:00","og_image":[{"width":45,"height":38,"url":"https:\/\/fieam.org.br\/sesi\/wp-content\/uploads\/sites\/14\/2024\/02\/setas.png","type":"image\/png"}],"twitter_card":"summary_large_image","twitter_misc":{"Est. tempo de leitura":"1 minuto"},"schema":{"@context":"https:\/\/schema.org","@graph":[{"@type":"WebPage","@id":"https:\/\/fieam.org.br\/sesi\/unidade-movel-de-odontologia\/","url":"https:\/\/fieam.org.br\/sesi\/unidade-movel-de-odontologia\/","name":"Unidade M\u00f3vel de Odontologia - SESI","isPartOf":{"@id":"https:\/\/fieam.org.br\/sesi\/#website"},"primaryImageOfPage":{"@id":"https:\/\/fieam.org.br\/sesi\/unidade-movel-de-odontologia\/#primaryimage"},"image":{"@id":"https:\/\/fieam.org.br\/sesi\/unidade-movel-de-odontologia\/#primaryimage"},"thumbnailUrl":"https:\/\/fieam.org.br\/sesi\/wp-content\/uploads\/sites\/14\/2024\/02\/setas.png","datePublished":"2025-12-17T19:39:59+00:00","dateModified":"2025-12-17T20:23:31+00:00","breadcrumb":{"@id":"https:\/\/fieam.org.br\/sesi\/unidade-movel-de-odontologia\/#breadcrumb"},"inLanguage":"pt-BR","potentialAction":[{"@type":"ReadAction","target":["https:\/\/fieam.org.br\/sesi\/unidade-movel-de-odontologia\/"]}]},{"@type":"ImageObject","inLanguage":"pt-BR","@id":"https:\/\/fieam.org.br\/sesi\/unidade-movel-de-odontologia\/#primaryimage","url":"https:\/\/fieam.org.br\/sesi\/wp-content\/uploads\/sites\/14\/2024\/02\/setas.png","contentUrl":"https:\/\/fieam.org.br\/sesi\/wp-content\/uploads\/sites\/14\/2024\/02\/setas.png","width":45,"height":38},{"@type":"BreadcrumbList","@id":"https:\/\/fieam.org.br\/sesi\/unidade-movel-de-odontologia\/#breadcrumb","itemListElement":[{"@type":"ListItem","position":1,"name":"In\u00edcio","item":"https:\/\/fieam.org.br\/sesi\/"},{"@type":"ListItem","position":2,"name":"Unidade M\u00f3vel de Odontologia"}]},{"@type":"WebSite","@id":"https:\/\/fieam.org.br\/sesi\/#website","url":"https:\/\/fieam.org.br\/sesi\/","name":"SESI","description":"Site Oficial!","publisher":{"@id":"https:\/\/fieam.org.br\/sesi\/#organization"},"potentialAction":[{"@type":"SearchAction","target":{"@type":"EntryPoint","urlTemplate":"https:\/\/fieam.org.br\/sesi\/?s={search_term_string}"},"query-input":{"@type":"PropertyValueSpecification","valueRequired":true,"valueName":"search_term_string"}}],"inLanguage":"pt-BR"},{"@type":"Organization","@id":"https:\/\/fieam.org.br\/sesi\/#organization","name":"SESI","url":"https:\/\/fieam.org.br\/sesi\/","logo":{"@type":"ImageObject","inLanguage":"pt-BR","@id":"https:\/\/fieam.org.br\/sesi\/#\/schema\/logo\/image\/","url":"https:\/\/fieam.org.br\/sesi\/wp-content\/uploads\/sites\/14\/2024\/03\/cropped-fav.png","contentUrl":"https:\/\/fieam.org.br\/sesi\/wp-content\/uploads\/sites\/14\/2024\/03\/cropped-fav.png","width":610,"height":589,"caption":"SESI"},"image":{"@id":"https:\/\/fieam.org.br\/sesi\/#\/schema\/logo\/image\/"}}]}},"_links":{"self":[{"href":"https:\/\/fieam.org.br\/sesi\/wp-json\/wp\/v2\/pages\/23637","targetHints":{"allow":["GET"]}}],"collection":[{"href":"https:\/\/fieam.org.br\/sesi\/wp-json\/wp\/v2\/pages"}],"about":[{"href":"https:\/\/fieam.org.br\/sesi\/wp-json\/wp\/v2\/types\/page"}],"author":[{"embeddable":true,"href":"https:\/\/fieam.org.br\/sesi\/wp-json\/wp\/v2\/users\/1"}],"replies":[{"embeddable":true,"href":"https:\/\/fieam.org.br\/sesi\/wp-json\/wp\/v2\/comments?post=23637"}],"version-history":[{"count":34,"href":"https:\/\/fieam.org.br\/sesi\/wp-json\/wp\/v2\/pages\/23637\/revisions"}],"predecessor-version":[{"id":23675,"href":"https:\/\/fieam.org.br\/sesi\/wp-json\/wp\/v2\/pages\/23637\/revisions\/23675"}],"wp:attachment":[{"href":"https:\/\/fieam.org.br\/sesi\/wp-json\/wp\/v2\/media?parent=23637"}],"curies":[{"name":"wp","href":"https:\/\/api.w.org\/{rel}","templated":true}]}}