{"id":23420,"date":"2025-12-03T19:15:56","date_gmt":"2025-12-03T19:15:56","guid":{"rendered":"https:\/\/fieam.org.br\/sesi\/?page_id=23420"},"modified":"2026-01-22T13:18:00","modified_gmt":"2026-01-22T13:18:00","slug":"acesso-aos-servicos-sesi","status":"publish","type":"page","link":"https:\/\/fieam.org.br\/sesi\/acesso-aos-servicos-sesi\/","title":{"rendered":"Acesso aos servi\u00e7os SESI"},"content":{"rendered":"\t\t<div data-elementor-type=\"wp-page\" data-elementor-id=\"23420\" class=\"elementor elementor-23420\" data-elementor-post-type=\"page\">\n\t\t\t\t\t\t<section class=\"elementor-section elementor-top-section elementor-element elementor-element-4f62a81c elementor-section-boxed elementor-section-height-default elementor-section-height-default\" data-id=\"4f62a81c\" data-element_type=\"section\" data-settings=\"{&quot;background_background&quot;:&quot;classic&quot;,&quot;ekit_has_onepagescroll_dot&quot;:&quot;yes&quot;}\">\n\t\t\t\t\t\t\t<div class=\"elementor-background-overlay\"><\/div>\n\t\t\t\t\t\t\t<div class=\"elementor-container elementor-column-gap-default\">\n\t\t\t\t\t<div class=\"elementor-column elementor-col-100 elementor-top-column elementor-element elementor-element-10d0a722\" data-id=\"10d0a722\" data-element_type=\"column\">\n\t\t\t<div class=\"elementor-widget-wrap elementor-element-populated\">\n\t\t\t\t\t\t<div class=\"elementor-element elementor-element-61e61354 elementor-widget__width-auto elementor-invisible elementor-widget elementor-widget-image\" data-id=\"61e61354\" data-element_type=\"widget\" data-settings=\"{&quot;_animation&quot;:&quot;rotateIn&quot;,&quot;_animation_delay&quot;:&quot;720&quot;,&quot;ekit_we_effect_on&quot;:&quot;none&quot;}\" data-widget_type=\"image.default\">\n\t\t\t\t<div class=\"elementor-widget-container\">\n\t\t\t\t\t\t\t\t\t\t\t\t\t\t\t<img decoding=\"async\" width=\"45\" height=\"38\" src=\"https:\/\/fieam.org.br\/sesi\/wp-content\/uploads\/sites\/14\/2024\/02\/setas.png\" class=\"attachment-full size-full wp-image-4668\" alt=\"\" \/>\t\t\t\t\t\t\t\t\t\t\t\t\t\t\t<\/div>\n\t\t\t\t<\/div>\n\t\t\t\t<div class=\"elementor-element elementor-element-20e23ed0 elementor-invisible elementor-widget elementor-widget-heading\" data-id=\"20e23ed0\" data-element_type=\"widget\" data-settings=\"{&quot;_animation&quot;:&quot;fadeInDown&quot;,&quot;ekit_we_effect_on&quot;:&quot;none&quot;}\" data-widget_type=\"heading.default\">\n\t\t\t\t<div class=\"elementor-widget-container\">\n\t\t\t\t\t<h2 class=\"elementor-heading-title elementor-size-default\">Acesso aos servi\u00e7os SESI<\/h2>\t\t\t\t<\/div>\n\t\t\t\t<\/div>\n\t\t\t\t<div class=\"elementor-element elementor-element-50436b74 elementor-invisible elementor-widget elementor-widget-heading\" data-id=\"50436b74\" data-element_type=\"widget\" data-settings=\"{&quot;_animation&quot;:&quot;fadeInUp&quot;,&quot;ekit_we_effect_on&quot;:&quot;none&quot;}\" data-widget_type=\"heading.default\">\n\t\t\t\t<div class=\"elementor-widget-container\">\n\t\t\t\t\t<div class=\"elementor-heading-title elementor-size-default\">Servi\u00e7o Social da Ind\u00fastria (SESI)<\/div>\t\t\t\t<\/div>\n\t\t\t\t<\/div>\n\t\t\t\t\t<\/div>\n\t\t<\/div>\n\t\t\t\t\t<\/div>\n\t\t<\/section>\n\t\t<div class=\"elementor-element elementor-element-f7d45f3 e-flex e-con-boxed e-con e-parent\" data-id=\"f7d45f3\" data-element_type=\"container\" data-settings=\"{&quot;ekit_has_onepagescroll_dot&quot;:&quot;yes&quot;}\">\n\t\t\t\t\t<div class=\"e-con-inner\">\n\t\t\t\t<div class=\"elementor-element elementor-element-9772ffe elementor-widget elementor-widget-text-editor\" data-id=\"9772ffe\" data-element_type=\"widget\" data-settings=\"{&quot;ekit_we_effect_on&quot;:&quot;none&quot;}\" data-widget_type=\"text-editor.default\">\n\t\t\t\t<div class=\"elementor-widget-container\">\n\t\t\t\t\t\t\t\t\t<p data-start=\"4993\" data-end=\"5165\">\u00a0<\/p><p data-start=\"4993\" data-end=\"5165\">Cuidar da sua sa\u00fade no SESI \u00e9 simples e acess\u00edvel. Sem mensalidade, voc\u00ea paga apenas pelo servi\u00e7o utilizado e conta com atendimento de qualidade nas duas unidades: Centro e Clube do Trabalhador.<\/p><p data-start=\"5172\" data-end=\"5212\"><strong data-start=\"5175\" data-end=\"5212\">Carteirinha SESI \u2014 Como solicitar<\/strong><\/p><p data-start=\"5213\" data-end=\"5317\">Com a carteirinha, voc\u00ea tem acesso a consultas m\u00e9dicas, atendimento odontol\u00f3gico, exames laboratoriais e de imagem, al\u00e9m das modalidades esportivas e culturais no SESI Clube do Trabalhador.<\/p><p data-start=\"5319\" data-end=\"5349\"><strong data-start=\"5323\" data-end=\"5349\">Documentos necess\u00e1rios<\/strong><\/p><p data-start=\"5319\" data-end=\"5349\"><strong>Se voc\u00ea \u00e9 industri\u00e1rio ou dependente:<\/strong><\/p><ul data-start=\"5350\" data-end=\"5500\"><li data-start=\"5350\" data-end=\"5380\"><p data-start=\"5352\" data-end=\"5380\">RG<\/p><\/li><li data-start=\"5381\" data-end=\"5388\"><p data-start=\"5383\" data-end=\"5388\">CPF<\/p><\/li><li data-start=\"5389\" data-end=\"5418\"><p data-start=\"5391\" data-end=\"5418\">Comprovante de resid\u00eancia<\/p><\/li><li data-start=\"5419\" data-end=\"5500\"><p data-start=\"5421\" data-end=\"5500\">Carteira de trabalho<\/p><\/li><li data-start=\"5419\" data-end=\"5500\">Certid\u00e3o de nascimento (para filhos)<\/li><li data-start=\"5419\" data-end=\"5500\">Certid\u00e3o de casamento (para c\u00f4njuge)<\/li><\/ul><p>\u00a0<\/p><p data-start=\"5319\" data-end=\"5349\"><strong>Se voc\u00ea n\u00e3o \u00e9 industri\u00e1rio:<\/strong><\/p><ul><li>RG<\/li><li>CPF<\/li><li>Comprovante de resid\u00eancia<\/li><\/ul><p>\u00a0<\/p><p data-start=\"5580\" data-end=\"5597\"><strong data-start=\"5584\" data-end=\"5597\">Vantagens<\/strong><\/p><ul data-start=\"5598\" data-end=\"5749\"><li data-start=\"5598\" data-end=\"5617\"><p data-start=\"5600\" data-end=\"5617\">Sem mensalidade<\/p><\/li><li data-start=\"5618\" data-end=\"5640\">Valores acess\u00edveis<\/li><li data-start=\"5664\" data-end=\"5700\"><p data-start=\"5666\" data-end=\"5700\">Acesso a toda a rede de servi\u00e7os<\/p><\/li><li data-start=\"5701\" data-end=\"5726\">Credibilidade SESI<\/li><\/ul><p>\u00a0<\/p><p><strong data-start=\"5759\" data-end=\"5786\">Valores<\/strong><\/p><ul data-start=\"5598\" data-end=\"5749\"><li data-start=\"5598\" data-end=\"5617\"><p data-start=\"5600\" data-end=\"5617\">R$ 8,00 &#8211; Para industri\u00e1rio ou dependente (taxa por carteira).<\/p><\/li><li data-start=\"5618\" data-end=\"5640\">R$ 10,00 &#8211; Para n\u00e3o industri\u00e1rio (taxa por carteira).<\/li><\/ul><p>\u00a0<\/p><p>A carteira SESI tem validade por 1 ano.<\/p><p data-start=\"5756\" data-end=\"5786\"><strong data-start=\"5759\" data-end=\"5786\">Onde tirar a carteirinha?<\/strong><\/p><ul><li data-start=\"5788\" data-end=\"5815\"><strong>SESI Sa\u00fade Centro<\/strong><\/li><\/ul><p data-start=\"5788\" data-end=\"5815\">\u00a0 \u00a0 \u00a0Av. Get\u00falio Vargas, 1116 &#8211; Centro.<\/p><ul><li data-start=\"5788\" data-end=\"5815\"><strong>SESI\u00a0 Clube do Trabalhador<\/strong><\/li><\/ul><p data-start=\"5788\" data-end=\"5815\">\u00a0 \u00a0 Alameda Cosme Ferreira, 3295 &#8211; S\u00e3o Jos\u00e9 I.<\/p><p data-start=\"5788\" data-end=\"5815\">Escolha a unidade mais pr\u00f3xima e cuide da sua sa\u00fade com quem entende de bem-estar e qualidade de vida.<\/p><p data-start=\"5788\" data-end=\"5815\"><a href=\"https:\/\/www.fieam.org.br\/tour-virtual\/\"><img decoding=\"async\" class=\"alignnone wp-image-23579\" src=\"https:\/\/fieam.org.br\/sesi\/wp-content\/uploads\/sites\/14\/2025\/12\/BOTAO-SAUDE@4x1-4-1024x146.png\" alt=\"\" width=\"450\" height=\"64\" srcset=\"https:\/\/fieam.org.br\/sesi\/wp-content\/uploads\/sites\/14\/2025\/12\/BOTAO-SAUDE@4x1-4-1024x146.png 1024w, https:\/\/fieam.org.br\/sesi\/wp-content\/uploads\/sites\/14\/2025\/12\/BOTAO-SAUDE@4x1-4-300x43.png 300w, https:\/\/fieam.org.br\/sesi\/wp-content\/uploads\/sites\/14\/2025\/12\/BOTAO-SAUDE@4x1-4-768x110.png 768w, https:\/\/fieam.org.br\/sesi\/wp-content\/uploads\/sites\/14\/2025\/12\/BOTAO-SAUDE@4x1-4-1536x220.png 1536w, https:\/\/fieam.org.br\/sesi\/wp-content\/uploads\/sites\/14\/2025\/12\/BOTAO-SAUDE@4x1-4-2048x293.png 2048w\" sizes=\"(max-width: 450px) 100vw, 450px\" \/><\/a><\/p>\t\t\t\t\t\t\t\t<\/div>\n\t\t\t\t<\/div>\n\t\t\t\t\t<\/div>\n\t\t\t\t<\/div>\n\t\t\t\t<\/div>\n\t\t","protected":false},"excerpt":{"rendered":"<p>Servi\u00e7o Social da Ind\u00fastria (SESI) \u00a0 Cuidar da sua sa\u00fade no SESI \u00e9 simples e acess\u00edvel. Sem mensalidade, voc\u00ea paga apenas pelo servi\u00e7o utilizado e conta com atendimento de qualidade nas duas unidades: Centro e Clube do Trabalhador. Carteirinha SESI \u2014 Como solicitar Com a carteirinha, voc\u00ea tem acesso a consultas m\u00e9dicas, atendimento odontol\u00f3gico, exames [&hellip;]<\/p>\n","protected":false},"author":1,"featured_media":0,"parent":0,"menu_order":0,"comment_status":"closed","ping_status":"closed","template":"","meta":{"footnotes":""},"class_list":["post-23420","page","type-page","status-publish","hentry"],"yoast_head":"<!-- This site is optimized with the Yoast SEO plugin v26.8 - https:\/\/yoast.com\/product\/yoast-seo-wordpress\/ -->\n<title>Acesso aos servi\u00e7os SESI - SESI<\/title>\n<meta name=\"robots\" content=\"index, follow, max-snippet:-1, max-image-preview:large, max-video-preview:-1\" \/>\n<link rel=\"canonical\" href=\"https:\/\/fieam.org.br\/sesi\/acesso-aos-servicos-sesi\/\" \/>\n<meta property=\"og:locale\" content=\"pt_BR\" \/>\n<meta property=\"og:type\" content=\"article\" \/>\n<meta property=\"og:title\" content=\"Acesso aos servi\u00e7os SESI - SESI\" \/>\n<meta property=\"og:description\" content=\"Servi\u00e7o Social da Ind\u00fastria (SESI) \u00a0 Cuidar da sua sa\u00fade no SESI \u00e9 simples e acess\u00edvel. Sem mensalidade, voc\u00ea paga apenas pelo servi\u00e7o utilizado e conta com atendimento de qualidade nas duas unidades: Centro e Clube do Trabalhador. Carteirinha SESI \u2014 Como solicitar Com a carteirinha, voc\u00ea tem acesso a consultas m\u00e9dicas, atendimento odontol\u00f3gico, exames [&hellip;]\" \/>\n<meta property=\"og:url\" content=\"https:\/\/fieam.org.br\/sesi\/acesso-aos-servicos-sesi\/\" \/>\n<meta property=\"og:site_name\" content=\"SESI\" \/>\n<meta property=\"article:modified_time\" content=\"2026-01-22T13:18:00+00:00\" \/>\n<meta property=\"og:image\" content=\"https:\/\/fieam.org.br\/sesi\/wp-content\/uploads\/sites\/14\/2024\/02\/setas.png\" \/>\n\t<meta property=\"og:image:width\" content=\"45\" \/>\n\t<meta property=\"og:image:height\" content=\"38\" \/>\n\t<meta property=\"og:image:type\" content=\"image\/png\" \/>\n<meta name=\"twitter:card\" content=\"summary_large_image\" \/>\n<meta name=\"twitter:label1\" content=\"Est. tempo de leitura\" \/>\n\t<meta name=\"twitter:data1\" content=\"1 minuto\" \/>\n<script type=\"application\/ld+json\" class=\"yoast-schema-graph\">{\"@context\":\"https:\/\/schema.org\",\"@graph\":[{\"@type\":\"WebPage\",\"@id\":\"https:\/\/fieam.org.br\/sesi\/acesso-aos-servicos-sesi\/\",\"url\":\"https:\/\/fieam.org.br\/sesi\/acesso-aos-servicos-sesi\/\",\"name\":\"Acesso aos servi\u00e7os SESI - SESI\",\"isPartOf\":{\"@id\":\"https:\/\/fieam.org.br\/sesi\/#website\"},\"primaryImageOfPage\":{\"@id\":\"https:\/\/fieam.org.br\/sesi\/acesso-aos-servicos-sesi\/#primaryimage\"},\"image\":{\"@id\":\"https:\/\/fieam.org.br\/sesi\/acesso-aos-servicos-sesi\/#primaryimage\"},\"thumbnailUrl\":\"https:\/\/fieam.org.br\/sesi\/wp-content\/uploads\/sites\/14\/2024\/02\/setas.png\",\"datePublished\":\"2025-12-03T19:15:56+00:00\",\"dateModified\":\"2026-01-22T13:18:00+00:00\",\"breadcrumb\":{\"@id\":\"https:\/\/fieam.org.br\/sesi\/acesso-aos-servicos-sesi\/#breadcrumb\"},\"inLanguage\":\"pt-BR\",\"potentialAction\":[{\"@type\":\"ReadAction\",\"target\":[\"https:\/\/fieam.org.br\/sesi\/acesso-aos-servicos-sesi\/\"]}]},{\"@type\":\"ImageObject\",\"inLanguage\":\"pt-BR\",\"@id\":\"https:\/\/fieam.org.br\/sesi\/acesso-aos-servicos-sesi\/#primaryimage\",\"url\":\"https:\/\/fieam.org.br\/sesi\/wp-content\/uploads\/sites\/14\/2024\/02\/setas.png\",\"contentUrl\":\"https:\/\/fieam.org.br\/sesi\/wp-content\/uploads\/sites\/14\/2024\/02\/setas.png\",\"width\":45,\"height\":38},{\"@type\":\"BreadcrumbList\",\"@id\":\"https:\/\/fieam.org.br\/sesi\/acesso-aos-servicos-sesi\/#breadcrumb\",\"itemListElement\":[{\"@type\":\"ListItem\",\"position\":1,\"name\":\"In\u00edcio\",\"item\":\"https:\/\/fieam.org.br\/sesi\/\"},{\"@type\":\"ListItem\",\"position\":2,\"name\":\"Acesso aos servi\u00e7os SESI\"}]},{\"@type\":\"WebSite\",\"@id\":\"https:\/\/fieam.org.br\/sesi\/#website\",\"url\":\"https:\/\/fieam.org.br\/sesi\/\",\"name\":\"SESI\",\"description\":\"Site Oficial!\",\"publisher\":{\"@id\":\"https:\/\/fieam.org.br\/sesi\/#organization\"},\"potentialAction\":[{\"@type\":\"SearchAction\",\"target\":{\"@type\":\"EntryPoint\",\"urlTemplate\":\"https:\/\/fieam.org.br\/sesi\/?s={search_term_string}\"},\"query-input\":{\"@type\":\"PropertyValueSpecification\",\"valueRequired\":true,\"valueName\":\"search_term_string\"}}],\"inLanguage\":\"pt-BR\"},{\"@type\":\"Organization\",\"@id\":\"https:\/\/fieam.org.br\/sesi\/#organization\",\"name\":\"SESI\",\"url\":\"https:\/\/fieam.org.br\/sesi\/\",\"logo\":{\"@type\":\"ImageObject\",\"inLanguage\":\"pt-BR\",\"@id\":\"https:\/\/fieam.org.br\/sesi\/#\/schema\/logo\/image\/\",\"url\":\"https:\/\/fieam.org.br\/sesi\/wp-content\/uploads\/sites\/14\/2024\/03\/cropped-fav.png\",\"contentUrl\":\"https:\/\/fieam.org.br\/sesi\/wp-content\/uploads\/sites\/14\/2024\/03\/cropped-fav.png\",\"width\":610,\"height\":589,\"caption\":\"SESI\"},\"image\":{\"@id\":\"https:\/\/fieam.org.br\/sesi\/#\/schema\/logo\/image\/\"}}]}<\/script>\n<!-- \/ Yoast SEO plugin. -->","yoast_head_json":{"title":"Acesso aos servi\u00e7os SESI - SESI","robots":{"index":"index","follow":"follow","max-snippet":"max-snippet:-1","max-image-preview":"max-image-preview:large","max-video-preview":"max-video-preview:-1"},"canonical":"https:\/\/fieam.org.br\/sesi\/acesso-aos-servicos-sesi\/","og_locale":"pt_BR","og_type":"article","og_title":"Acesso aos servi\u00e7os SESI - SESI","og_description":"Servi\u00e7o Social da Ind\u00fastria (SESI) \u00a0 Cuidar da sua sa\u00fade no SESI \u00e9 simples e acess\u00edvel. Sem mensalidade, voc\u00ea paga apenas pelo servi\u00e7o utilizado e conta com atendimento de qualidade nas duas unidades: Centro e Clube do Trabalhador. Carteirinha SESI \u2014 Como solicitar Com a carteirinha, voc\u00ea tem acesso a consultas m\u00e9dicas, atendimento odontol\u00f3gico, exames [&hellip;]","og_url":"https:\/\/fieam.org.br\/sesi\/acesso-aos-servicos-sesi\/","og_site_name":"SESI","article_modified_time":"2026-01-22T13:18:00+00:00","og_image":[{"width":45,"height":38,"url":"https:\/\/fieam.org.br\/sesi\/wp-content\/uploads\/sites\/14\/2024\/02\/setas.png","type":"image\/png"}],"twitter_card":"summary_large_image","twitter_misc":{"Est. tempo de leitura":"1 minuto"},"schema":{"@context":"https:\/\/schema.org","@graph":[{"@type":"WebPage","@id":"https:\/\/fieam.org.br\/sesi\/acesso-aos-servicos-sesi\/","url":"https:\/\/fieam.org.br\/sesi\/acesso-aos-servicos-sesi\/","name":"Acesso aos servi\u00e7os SESI - SESI","isPartOf":{"@id":"https:\/\/fieam.org.br\/sesi\/#website"},"primaryImageOfPage":{"@id":"https:\/\/fieam.org.br\/sesi\/acesso-aos-servicos-sesi\/#primaryimage"},"image":{"@id":"https:\/\/fieam.org.br\/sesi\/acesso-aos-servicos-sesi\/#primaryimage"},"thumbnailUrl":"https:\/\/fieam.org.br\/sesi\/wp-content\/uploads\/sites\/14\/2024\/02\/setas.png","datePublished":"2025-12-03T19:15:56+00:00","dateModified":"2026-01-22T13:18:00+00:00","breadcrumb":{"@id":"https:\/\/fieam.org.br\/sesi\/acesso-aos-servicos-sesi\/#breadcrumb"},"inLanguage":"pt-BR","potentialAction":[{"@type":"ReadAction","target":["https:\/\/fieam.org.br\/sesi\/acesso-aos-servicos-sesi\/"]}]},{"@type":"ImageObject","inLanguage":"pt-BR","@id":"https:\/\/fieam.org.br\/sesi\/acesso-aos-servicos-sesi\/#primaryimage","url":"https:\/\/fieam.org.br\/sesi\/wp-content\/uploads\/sites\/14\/2024\/02\/setas.png","contentUrl":"https:\/\/fieam.org.br\/sesi\/wp-content\/uploads\/sites\/14\/2024\/02\/setas.png","width":45,"height":38},{"@type":"BreadcrumbList","@id":"https:\/\/fieam.org.br\/sesi\/acesso-aos-servicos-sesi\/#breadcrumb","itemListElement":[{"@type":"ListItem","position":1,"name":"In\u00edcio","item":"https:\/\/fieam.org.br\/sesi\/"},{"@type":"ListItem","position":2,"name":"Acesso aos servi\u00e7os SESI"}]},{"@type":"WebSite","@id":"https:\/\/fieam.org.br\/sesi\/#website","url":"https:\/\/fieam.org.br\/sesi\/","name":"SESI","description":"Site Oficial!","publisher":{"@id":"https:\/\/fieam.org.br\/sesi\/#organization"},"potentialAction":[{"@type":"SearchAction","target":{"@type":"EntryPoint","urlTemplate":"https:\/\/fieam.org.br\/sesi\/?s={search_term_string}"},"query-input":{"@type":"PropertyValueSpecification","valueRequired":true,"valueName":"search_term_string"}}],"inLanguage":"pt-BR"},{"@type":"Organization","@id":"https:\/\/fieam.org.br\/sesi\/#organization","name":"SESI","url":"https:\/\/fieam.org.br\/sesi\/","logo":{"@type":"ImageObject","inLanguage":"pt-BR","@id":"https:\/\/fieam.org.br\/sesi\/#\/schema\/logo\/image\/","url":"https:\/\/fieam.org.br\/sesi\/wp-content\/uploads\/sites\/14\/2024\/03\/cropped-fav.png","contentUrl":"https:\/\/fieam.org.br\/sesi\/wp-content\/uploads\/sites\/14\/2024\/03\/cropped-fav.png","width":610,"height":589,"caption":"SESI"},"image":{"@id":"https:\/\/fieam.org.br\/sesi\/#\/schema\/logo\/image\/"}}]}},"_links":{"self":[{"href":"https:\/\/fieam.org.br\/sesi\/wp-json\/wp\/v2\/pages\/23420","targetHints":{"allow":["GET"]}}],"collection":[{"href":"https:\/\/fieam.org.br\/sesi\/wp-json\/wp\/v2\/pages"}],"about":[{"href":"https:\/\/fieam.org.br\/sesi\/wp-json\/wp\/v2\/types\/page"}],"author":[{"embeddable":true,"href":"https:\/\/fieam.org.br\/sesi\/wp-json\/wp\/v2\/users\/1"}],"replies":[{"embeddable":true,"href":"https:\/\/fieam.org.br\/sesi\/wp-json\/wp\/v2\/comments?post=23420"}],"version-history":[{"count":16,"href":"https:\/\/fieam.org.br\/sesi\/wp-json\/wp\/v2\/pages\/23420\/revisions"}],"predecessor-version":[{"id":24009,"href":"https:\/\/fieam.org.br\/sesi\/wp-json\/wp\/v2\/pages\/23420\/revisions\/24009"}],"wp:attachment":[{"href":"https:\/\/fieam.org.br\/sesi\/wp-json\/wp\/v2\/media?parent=23420"}],"curies":[{"name":"wp","href":"https:\/\/api.w.org\/{rel}","templated":true}]}}