{"id":23418,"date":"2025-12-03T19:15:47","date_gmt":"2025-12-03T19:15:47","guid":{"rendered":"https:\/\/fieam.org.br\/sesi\/?page_id=23418"},"modified":"2025-12-12T20:07:50","modified_gmt":"2025-12-12T20:07:50","slug":"exames-e-diagnostico","status":"publish","type":"page","link":"https:\/\/fieam.org.br\/sesi\/exames-e-diagnostico\/","title":{"rendered":"Exames e Diagn\u00f3stico"},"content":{"rendered":"\t\t<div data-elementor-type=\"wp-page\" data-elementor-id=\"23418\" class=\"elementor elementor-23418\" data-elementor-post-type=\"page\">\n\t\t\t\t\t\t<section class=\"elementor-section elementor-top-section elementor-element elementor-element-468111e elementor-section-boxed elementor-section-height-default elementor-section-height-default\" data-id=\"468111e\" data-element_type=\"section\" data-settings=\"{&quot;background_background&quot;:&quot;classic&quot;,&quot;ekit_has_onepagescroll_dot&quot;:&quot;yes&quot;}\">\n\t\t\t\t\t\t\t<div class=\"elementor-background-overlay\"><\/div>\n\t\t\t\t\t\t\t<div class=\"elementor-container elementor-column-gap-default\">\n\t\t\t\t\t<div class=\"elementor-column elementor-col-100 elementor-top-column elementor-element elementor-element-57aff965\" data-id=\"57aff965\" data-element_type=\"column\">\n\t\t\t<div class=\"elementor-widget-wrap elementor-element-populated\">\n\t\t\t\t\t\t<div class=\"elementor-element elementor-element-3ec5a1d7 elementor-widget__width-auto elementor-invisible elementor-widget elementor-widget-image\" data-id=\"3ec5a1d7\" data-element_type=\"widget\" data-settings=\"{&quot;_animation&quot;:&quot;rotateIn&quot;,&quot;_animation_delay&quot;:&quot;720&quot;,&quot;ekit_we_effect_on&quot;:&quot;none&quot;}\" data-widget_type=\"image.default\">\n\t\t\t\t<div class=\"elementor-widget-container\">\n\t\t\t\t\t\t\t\t\t\t\t\t\t\t\t<img decoding=\"async\" width=\"45\" height=\"38\" src=\"https:\/\/fieam.org.br\/sesi\/wp-content\/uploads\/sites\/14\/2024\/02\/setas.png\" class=\"attachment-full size-full wp-image-4668\" alt=\"\" \/>\t\t\t\t\t\t\t\t\t\t\t\t\t\t\t<\/div>\n\t\t\t\t<\/div>\n\t\t\t\t<div class=\"elementor-element elementor-element-272eb353 elementor-invisible elementor-widget elementor-widget-heading\" data-id=\"272eb353\" data-element_type=\"widget\" data-settings=\"{&quot;_animation&quot;:&quot;fadeInDown&quot;,&quot;ekit_we_effect_on&quot;:&quot;none&quot;}\" data-widget_type=\"heading.default\">\n\t\t\t\t<div class=\"elementor-widget-container\">\n\t\t\t\t\t<h2 class=\"elementor-heading-title elementor-size-default\">Exames e Diagn\u00f3stico<\/h2>\t\t\t\t<\/div>\n\t\t\t\t<\/div>\n\t\t\t\t<div class=\"elementor-element elementor-element-4d179d2f elementor-invisible elementor-widget elementor-widget-heading\" data-id=\"4d179d2f\" data-element_type=\"widget\" data-settings=\"{&quot;_animation&quot;:&quot;fadeInUp&quot;,&quot;ekit_we_effect_on&quot;:&quot;none&quot;}\" data-widget_type=\"heading.default\">\n\t\t\t\t<div class=\"elementor-widget-container\">\n\t\t\t\t\t<div class=\"elementor-heading-title elementor-size-default\">Servi\u00e7o Social da Ind\u00fastria (SESI)<\/div>\t\t\t\t<\/div>\n\t\t\t\t<\/div>\n\t\t\t\t\t<\/div>\n\t\t<\/div>\n\t\t\t\t\t<\/div>\n\t\t<\/section>\n\t\t<div class=\"elementor-element elementor-element-a6fdac2 e-flex e-con-boxed e-con e-parent\" data-id=\"a6fdac2\" data-element_type=\"container\" data-settings=\"{&quot;ekit_has_onepagescroll_dot&quot;:&quot;yes&quot;}\">\n\t\t\t\t\t<div class=\"e-con-inner\">\n\t\t\t\t<div class=\"elementor-element elementor-element-e0ca3b9 elementor-widget elementor-widget-text-editor\" data-id=\"e0ca3b9\" data-element_type=\"widget\" data-settings=\"{&quot;ekit_we_effect_on&quot;:&quot;none&quot;}\" data-widget_type=\"text-editor.default\">\n\t\t\t\t<div class=\"elementor-widget-container\">\n\t\t\t\t\t\t\t\t\t<p data-start=\"3321\" data-end=\"3536\">Diagn\u00f3stico preciso \u00e9 fundamental. No SESI Sa\u00fade, voc\u00ea encontra uma estrutura completa para exames laboratoriais, de imagem e procedimentos especiais, com tecnologia atualizada, equipe experiente e atendimento \u00e1gil.<\/p><p data-start=\"3538\" data-end=\"3718\">Realizamos <strong data-start=\"3549\" data-end=\"3596\">mais de 1.000 tipos de exames laboratoriais,<\/strong> incluindo raio-x domiciliar\u00a0para facilitar sua rotina.<\/p><p data-start=\"4089\" data-end=\"4116\"><strong data-start=\"4092\" data-end=\"4116\">Exames Laboratoriais<\/strong><\/p><p data-start=\"4117\" data-end=\"4155\">Mais de <strong data-start=\"4125\" data-end=\"4141\">1.000 op\u00e7\u00f5es<\/strong>, incluindo:<\/p><ul data-start=\"4156\" data-end=\"4320\"><li data-start=\"4156\" data-end=\"4170\"><p data-start=\"4158\" data-end=\"4170\">Bioqu\u00edmica<\/p><\/li><li data-start=\"4171\" data-end=\"4186\"><p data-start=\"4173\" data-end=\"4186\">Hematologia<\/p><\/li><li data-start=\"4187\" data-end=\"4201\"><p data-start=\"4189\" data-end=\"4201\">Uroan\u00e1lise<\/p><\/li><li data-start=\"4202\" data-end=\"4215\"><p data-start=\"4204\" data-end=\"4215\">Horm\u00f4nios<\/p><\/li><li data-start=\"4216\" data-end=\"4233\"><p data-start=\"4218\" data-end=\"4233\">Cultura geral<\/p><\/li><li data-start=\"4254\" data-end=\"4268\"><p data-start=\"4256\" data-end=\"4268\">Preventivo<\/p><\/li><li data-start=\"4269\" data-end=\"4286\"><p data-start=\"4271\" data-end=\"4286\">Sexagem fetal<\/p><\/li><li data-start=\"4287\" data-end=\"4305\"><p data-start=\"4289\" data-end=\"4305\">Testes r\u00e1pidos<\/p><\/li><li data-start=\"4306\" data-end=\"4320\"><p data-start=\"4308\" data-end=\"4320\">Entre outros<\/p><\/li><\/ul><p>\u00a0<\/p><p data-start=\"3725\" data-end=\"3761\"><strong data-start=\"3728\" data-end=\"3761\">\u00a0Raio-X no SESI Sa\u00fade<\/strong><\/p><ul><li data-start=\"3762\" data-end=\"3787\"><strong data-start=\"3769\" data-end=\"3785\">\u00a0Raio-X\u00a0<\/strong><\/li><\/ul><p data-start=\"3788\" data-end=\"3858\">Realizado nas unidades com equipamentos modernos e resultados r\u00e1pidos.<\/p><ul><li data-start=\"3860\" data-end=\"3890\"><strong data-start=\"3867\" data-end=\"3888\">Raio-X domiciliar<\/strong><\/li><\/ul><p data-start=\"3891\" data-end=\"3995\">Ideal para quem possui limita\u00e7\u00f5es de mobilidade ou busca maior conforto. Realizado mediante agendamento.<\/p><p data-start=\"3891\" data-end=\"3995\">\u00a0<\/p><p data-start=\"4327\" data-end=\"4350\"><strong data-start=\"4330\" data-end=\"4350\">Exames de Imagem<\/strong><\/p><ul data-start=\"4351\" data-end=\"4508\"><li data-start=\"4351\" data-end=\"4371\"><p data-start=\"4353\" data-end=\"4371\">Ultrassonografia<\/p><\/li><li data-start=\"4372\" data-end=\"4386\"><p data-start=\"4374\" data-end=\"4386\">Mamografia<\/p><\/li><li data-start=\"4387\" data-end=\"4401\"><p data-start=\"4389\" data-end=\"4401\">Tomografia<\/p><\/li><li data-start=\"4402\" data-end=\"4427\"><p data-start=\"4404\" data-end=\"4427\">Resson\u00e2ncia Magn\u00e9tica<\/p><\/li><li data-start=\"4428\" data-end=\"4451\"><p data-start=\"4430\" data-end=\"4451\">Densitometria \u00d3ssea<\/p><\/li><li data-start=\"4452\" data-end=\"4469\"><p data-start=\"4454\" data-end=\"4469\">Cintilografia<\/p><\/li><li data-start=\"4470\" data-end=\"4484\"><p data-start=\"4472\" data-end=\"4484\">Endoscopia<\/p><\/li><li data-start=\"4485\" data-end=\"4508\"><p data-start=\"4487\" data-end=\"4508\">Angio TC \/ Angio RM<\/p><\/li><\/ul><p>\u00a0<\/p><p data-start=\"4515\" data-end=\"4538\"><strong data-start=\"4518\" data-end=\"4538\">Exames Especiais<\/strong><\/p><ul data-start=\"4539\" data-end=\"4590\"><li data-start=\"4539\" data-end=\"4556\"><p data-start=\"4541\" data-end=\"4556\">Cardiol\u00f3gicos<\/p><\/li><li data-start=\"4557\" data-end=\"4574\"><p data-start=\"4559\" data-end=\"4574\">Respirat\u00f3rios<\/p><\/li><li data-start=\"4575\" data-end=\"4590\"><p data-start=\"4577\" data-end=\"4590\">Audiometria<\/p><\/li><\/ul><p>\u00a0<\/p><p data-start=\"4597\" data-end=\"4626\"><strong data-start=\"4600\" data-end=\"4626\">Atendimento Domiciliar<\/strong><\/p><ul data-start=\"4627\" data-end=\"4733\"><li data-start=\"4664\" data-end=\"4685\"><p data-start=\"4666\" data-end=\"4685\">Raio-x domiciliar<\/p><\/li><li data-start=\"4686\" data-end=\"4733\"><p data-start=\"4688\" data-end=\"4733\">Agendamento pr\u00e9vio conforme disponibilidade<\/p><\/li><\/ul><p>\u00a0<\/p><p data-start=\"4740\" data-end=\"4764\"><strong data-start=\"4743\" data-end=\"4764\">Resultados on-line<\/strong><\/p><p data-start=\"4765\" data-end=\"4857\">Acesse seus resultados diretamente pelo <a href=\"https:\/\/www.fieam.com.br\/portalexame\/Acesso\/Login?ReturnUrl=%2fPortalExame\">Portal de Exames<\/a> com seguran\u00e7a e praticidade.<\/p><p>Realize seus exames com facilidade e conte com a confian\u00e7a do SESI.<\/p><p><a href=\"https:\/\/www.fieam.org.br\/tour-virtual\/\"><img decoding=\"async\" class=\"alignnone wp-image-23573\" src=\"https:\/\/fieam.org.br\/sesi\/wp-content\/uploads\/sites\/14\/2025\/12\/BOTAO-SAUDE@4x1-3-1024x146.png\" alt=\"\" width=\"550\" height=\"79\" srcset=\"https:\/\/fieam.org.br\/sesi\/wp-content\/uploads\/sites\/14\/2025\/12\/BOTAO-SAUDE@4x1-3-1024x146.png 1024w, https:\/\/fieam.org.br\/sesi\/wp-content\/uploads\/sites\/14\/2025\/12\/BOTAO-SAUDE@4x1-3-300x43.png 300w, https:\/\/fieam.org.br\/sesi\/wp-content\/uploads\/sites\/14\/2025\/12\/BOTAO-SAUDE@4x1-3-768x110.png 768w, https:\/\/fieam.org.br\/sesi\/wp-content\/uploads\/sites\/14\/2025\/12\/BOTAO-SAUDE@4x1-3-1536x220.png 1536w, https:\/\/fieam.org.br\/sesi\/wp-content\/uploads\/sites\/14\/2025\/12\/BOTAO-SAUDE@4x1-3-2048x293.png 2048w\" sizes=\"(max-width: 550px) 100vw, 550px\" \/><\/a><\/p>\t\t\t\t\t\t\t\t<\/div>\n\t\t\t\t<\/div>\n\t\t\t\t\t<\/div>\n\t\t\t\t<\/div>\n\t\t<div class=\"elementor-element elementor-element-b7d3d42 e-flex e-con-boxed e-con e-parent\" data-id=\"b7d3d42\" data-element_type=\"container\" data-settings=\"{&quot;ekit_has_onepagescroll_dot&quot;:&quot;yes&quot;}\">\n\t\t\t\t\t<div class=\"e-con-inner\">\n\t\t<div class=\"elementor-element elementor-element-8f11495 e-con-full e-flex e-con e-child\" data-id=\"8f11495\" data-element_type=\"container\" data-settings=\"{&quot;ekit_has_onepagescroll_dot&quot;:&quot;yes&quot;}\">\n\t\t\t\t<div class=\"elementor-element elementor-element-5371cad elementor-widget elementor-widget-video\" data-id=\"5371cad\" data-element_type=\"widget\" data-settings=\"{&quot;youtube_url&quot;:&quot;https:\\\/\\\/www.youtube.com\\\/watch?v=Mn_FQQs51Cs&quot;,&quot;video_type&quot;:&quot;youtube&quot;,&quot;controls&quot;:&quot;yes&quot;,&quot;ekit_we_effect_on&quot;:&quot;none&quot;}\" data-widget_type=\"video.default\">\n\t\t\t\t<div class=\"elementor-widget-container\">\n\t\t\t\t\t\t\t<div class=\"elementor-wrapper elementor-open-inline\">\n\t\t\t<div class=\"elementor-video\"><\/div>\t\t<\/div>\n\t\t\t\t\t\t<\/div>\n\t\t\t\t<\/div>\n\t\t\t\t<\/div>\n\t\t<div class=\"elementor-element elementor-element-6ce60ea e-con-full e-flex e-con e-child\" data-id=\"6ce60ea\" data-element_type=\"container\" data-settings=\"{&quot;ekit_has_onepagescroll_dot&quot;:&quot;yes&quot;}\">\n\t\t\t\t<\/div>\n\t\t\t\t\t<\/div>\n\t\t\t\t<\/div>\n\t\t\t\t<\/div>\n\t\t","protected":false},"excerpt":{"rendered":"<p>Servi\u00e7o Social da Ind\u00fastria (SESI) Diagn\u00f3stico preciso \u00e9 fundamental. No SESI Sa\u00fade, voc\u00ea encontra uma estrutura completa para exames laboratoriais, de imagem e procedimentos especiais, com tecnologia atualizada, equipe experiente e atendimento \u00e1gil. Realizamos mais de 1.000 tipos de exames laboratoriais, incluindo raio-x domiciliar\u00a0para facilitar sua rotina. Exames Laboratoriais Mais de 1.000 op\u00e7\u00f5es, incluindo: Bioqu\u00edmica [&hellip;]<\/p>\n","protected":false},"author":1,"featured_media":0,"parent":0,"menu_order":0,"comment_status":"closed","ping_status":"closed","template":"","meta":{"footnotes":""},"class_list":["post-23418","page","type-page","status-publish","hentry"],"yoast_head":"<!-- This site is optimized with the Yoast SEO plugin v26.8 - https:\/\/yoast.com\/product\/yoast-seo-wordpress\/ -->\n<title>Exames e Diagn\u00f3stico - SESI<\/title>\n<meta name=\"robots\" content=\"index, follow, max-snippet:-1, max-image-preview:large, max-video-preview:-1\" \/>\n<link rel=\"canonical\" href=\"https:\/\/fieam.org.br\/sesi\/exames-e-diagnostico\/\" \/>\n<meta property=\"og:locale\" content=\"pt_BR\" \/>\n<meta property=\"og:type\" content=\"article\" \/>\n<meta property=\"og:title\" content=\"Exames e Diagn\u00f3stico - SESI\" \/>\n<meta property=\"og:description\" content=\"Servi\u00e7o Social da Ind\u00fastria (SESI) Diagn\u00f3stico preciso \u00e9 fundamental. No SESI Sa\u00fade, voc\u00ea encontra uma estrutura completa para exames laboratoriais, de imagem e procedimentos especiais, com tecnologia atualizada, equipe experiente e atendimento \u00e1gil. Realizamos mais de 1.000 tipos de exames laboratoriais, incluindo raio-x domiciliar\u00a0para facilitar sua rotina. Exames Laboratoriais Mais de 1.000 op\u00e7\u00f5es, incluindo: Bioqu\u00edmica [&hellip;]\" \/>\n<meta property=\"og:url\" content=\"https:\/\/fieam.org.br\/sesi\/exames-e-diagnostico\/\" \/>\n<meta property=\"og:site_name\" content=\"SESI\" \/>\n<meta property=\"article:modified_time\" content=\"2025-12-12T20:07:50+00:00\" \/>\n<meta property=\"og:image\" content=\"https:\/\/fieam.org.br\/sesi\/wp-content\/uploads\/sites\/14\/2024\/02\/setas.png\" \/>\n\t<meta property=\"og:image:width\" content=\"45\" \/>\n\t<meta property=\"og:image:height\" content=\"38\" \/>\n\t<meta property=\"og:image:type\" content=\"image\/png\" \/>\n<meta name=\"twitter:card\" content=\"summary_large_image\" \/>\n<meta name=\"twitter:label1\" content=\"Est. tempo de leitura\" \/>\n\t<meta name=\"twitter:data1\" content=\"1 minuto\" \/>\n<script type=\"application\/ld+json\" class=\"yoast-schema-graph\">{\"@context\":\"https:\/\/schema.org\",\"@graph\":[{\"@type\":\"WebPage\",\"@id\":\"https:\/\/fieam.org.br\/sesi\/exames-e-diagnostico\/\",\"url\":\"https:\/\/fieam.org.br\/sesi\/exames-e-diagnostico\/\",\"name\":\"Exames e Diagn\u00f3stico - SESI\",\"isPartOf\":{\"@id\":\"https:\/\/fieam.org.br\/sesi\/#website\"},\"primaryImageOfPage\":{\"@id\":\"https:\/\/fieam.org.br\/sesi\/exames-e-diagnostico\/#primaryimage\"},\"image\":{\"@id\":\"https:\/\/fieam.org.br\/sesi\/exames-e-diagnostico\/#primaryimage\"},\"thumbnailUrl\":\"https:\/\/fieam.org.br\/sesi\/wp-content\/uploads\/sites\/14\/2024\/02\/setas.png\",\"datePublished\":\"2025-12-03T19:15:47+00:00\",\"dateModified\":\"2025-12-12T20:07:50+00:00\",\"breadcrumb\":{\"@id\":\"https:\/\/fieam.org.br\/sesi\/exames-e-diagnostico\/#breadcrumb\"},\"inLanguage\":\"pt-BR\",\"potentialAction\":[{\"@type\":\"ReadAction\",\"target\":[\"https:\/\/fieam.org.br\/sesi\/exames-e-diagnostico\/\"]}]},{\"@type\":\"ImageObject\",\"inLanguage\":\"pt-BR\",\"@id\":\"https:\/\/fieam.org.br\/sesi\/exames-e-diagnostico\/#primaryimage\",\"url\":\"https:\/\/fieam.org.br\/sesi\/wp-content\/uploads\/sites\/14\/2024\/02\/setas.png\",\"contentUrl\":\"https:\/\/fieam.org.br\/sesi\/wp-content\/uploads\/sites\/14\/2024\/02\/setas.png\",\"width\":45,\"height\":38},{\"@type\":\"BreadcrumbList\",\"@id\":\"https:\/\/fieam.org.br\/sesi\/exames-e-diagnostico\/#breadcrumb\",\"itemListElement\":[{\"@type\":\"ListItem\",\"position\":1,\"name\":\"In\u00edcio\",\"item\":\"https:\/\/fieam.org.br\/sesi\/\"},{\"@type\":\"ListItem\",\"position\":2,\"name\":\"Exames e Diagn\u00f3stico\"}]},{\"@type\":\"WebSite\",\"@id\":\"https:\/\/fieam.org.br\/sesi\/#website\",\"url\":\"https:\/\/fieam.org.br\/sesi\/\",\"name\":\"SESI\",\"description\":\"Site Oficial!\",\"publisher\":{\"@id\":\"https:\/\/fieam.org.br\/sesi\/#organization\"},\"potentialAction\":[{\"@type\":\"SearchAction\",\"target\":{\"@type\":\"EntryPoint\",\"urlTemplate\":\"https:\/\/fieam.org.br\/sesi\/?s={search_term_string}\"},\"query-input\":{\"@type\":\"PropertyValueSpecification\",\"valueRequired\":true,\"valueName\":\"search_term_string\"}}],\"inLanguage\":\"pt-BR\"},{\"@type\":\"Organization\",\"@id\":\"https:\/\/fieam.org.br\/sesi\/#organization\",\"name\":\"SESI\",\"url\":\"https:\/\/fieam.org.br\/sesi\/\",\"logo\":{\"@type\":\"ImageObject\",\"inLanguage\":\"pt-BR\",\"@id\":\"https:\/\/fieam.org.br\/sesi\/#\/schema\/logo\/image\/\",\"url\":\"https:\/\/fieam.org.br\/sesi\/wp-content\/uploads\/sites\/14\/2024\/03\/cropped-fav.png\",\"contentUrl\":\"https:\/\/fieam.org.br\/sesi\/wp-content\/uploads\/sites\/14\/2024\/03\/cropped-fav.png\",\"width\":610,\"height\":589,\"caption\":\"SESI\"},\"image\":{\"@id\":\"https:\/\/fieam.org.br\/sesi\/#\/schema\/logo\/image\/\"}}]}<\/script>\n<!-- \/ Yoast SEO plugin. -->","yoast_head_json":{"title":"Exames e Diagn\u00f3stico - SESI","robots":{"index":"index","follow":"follow","max-snippet":"max-snippet:-1","max-image-preview":"max-image-preview:large","max-video-preview":"max-video-preview:-1"},"canonical":"https:\/\/fieam.org.br\/sesi\/exames-e-diagnostico\/","og_locale":"pt_BR","og_type":"article","og_title":"Exames e Diagn\u00f3stico - SESI","og_description":"Servi\u00e7o Social da Ind\u00fastria (SESI) Diagn\u00f3stico preciso \u00e9 fundamental. No SESI Sa\u00fade, voc\u00ea encontra uma estrutura completa para exames laboratoriais, de imagem e procedimentos especiais, com tecnologia atualizada, equipe experiente e atendimento \u00e1gil. Realizamos mais de 1.000 tipos de exames laboratoriais, incluindo raio-x domiciliar\u00a0para facilitar sua rotina. Exames Laboratoriais Mais de 1.000 op\u00e7\u00f5es, incluindo: Bioqu\u00edmica [&hellip;]","og_url":"https:\/\/fieam.org.br\/sesi\/exames-e-diagnostico\/","og_site_name":"SESI","article_modified_time":"2025-12-12T20:07:50+00:00","og_image":[{"width":45,"height":38,"url":"https:\/\/fieam.org.br\/sesi\/wp-content\/uploads\/sites\/14\/2024\/02\/setas.png","type":"image\/png"}],"twitter_card":"summary_large_image","twitter_misc":{"Est. tempo de leitura":"1 minuto"},"schema":{"@context":"https:\/\/schema.org","@graph":[{"@type":"WebPage","@id":"https:\/\/fieam.org.br\/sesi\/exames-e-diagnostico\/","url":"https:\/\/fieam.org.br\/sesi\/exames-e-diagnostico\/","name":"Exames e Diagn\u00f3stico - SESI","isPartOf":{"@id":"https:\/\/fieam.org.br\/sesi\/#website"},"primaryImageOfPage":{"@id":"https:\/\/fieam.org.br\/sesi\/exames-e-diagnostico\/#primaryimage"},"image":{"@id":"https:\/\/fieam.org.br\/sesi\/exames-e-diagnostico\/#primaryimage"},"thumbnailUrl":"https:\/\/fieam.org.br\/sesi\/wp-content\/uploads\/sites\/14\/2024\/02\/setas.png","datePublished":"2025-12-03T19:15:47+00:00","dateModified":"2025-12-12T20:07:50+00:00","breadcrumb":{"@id":"https:\/\/fieam.org.br\/sesi\/exames-e-diagnostico\/#breadcrumb"},"inLanguage":"pt-BR","potentialAction":[{"@type":"ReadAction","target":["https:\/\/fieam.org.br\/sesi\/exames-e-diagnostico\/"]}]},{"@type":"ImageObject","inLanguage":"pt-BR","@id":"https:\/\/fieam.org.br\/sesi\/exames-e-diagnostico\/#primaryimage","url":"https:\/\/fieam.org.br\/sesi\/wp-content\/uploads\/sites\/14\/2024\/02\/setas.png","contentUrl":"https:\/\/fieam.org.br\/sesi\/wp-content\/uploads\/sites\/14\/2024\/02\/setas.png","width":45,"height":38},{"@type":"BreadcrumbList","@id":"https:\/\/fieam.org.br\/sesi\/exames-e-diagnostico\/#breadcrumb","itemListElement":[{"@type":"ListItem","position":1,"name":"In\u00edcio","item":"https:\/\/fieam.org.br\/sesi\/"},{"@type":"ListItem","position":2,"name":"Exames e Diagn\u00f3stico"}]},{"@type":"WebSite","@id":"https:\/\/fieam.org.br\/sesi\/#website","url":"https:\/\/fieam.org.br\/sesi\/","name":"SESI","description":"Site Oficial!","publisher":{"@id":"https:\/\/fieam.org.br\/sesi\/#organization"},"potentialAction":[{"@type":"SearchAction","target":{"@type":"EntryPoint","urlTemplate":"https:\/\/fieam.org.br\/sesi\/?s={search_term_string}"},"query-input":{"@type":"PropertyValueSpecification","valueRequired":true,"valueName":"search_term_string"}}],"inLanguage":"pt-BR"},{"@type":"Organization","@id":"https:\/\/fieam.org.br\/sesi\/#organization","name":"SESI","url":"https:\/\/fieam.org.br\/sesi\/","logo":{"@type":"ImageObject","inLanguage":"pt-BR","@id":"https:\/\/fieam.org.br\/sesi\/#\/schema\/logo\/image\/","url":"https:\/\/fieam.org.br\/sesi\/wp-content\/uploads\/sites\/14\/2024\/03\/cropped-fav.png","contentUrl":"https:\/\/fieam.org.br\/sesi\/wp-content\/uploads\/sites\/14\/2024\/03\/cropped-fav.png","width":610,"height":589,"caption":"SESI"},"image":{"@id":"https:\/\/fieam.org.br\/sesi\/#\/schema\/logo\/image\/"}}]}},"_links":{"self":[{"href":"https:\/\/fieam.org.br\/sesi\/wp-json\/wp\/v2\/pages\/23418","targetHints":{"allow":["GET"]}}],"collection":[{"href":"https:\/\/fieam.org.br\/sesi\/wp-json\/wp\/v2\/pages"}],"about":[{"href":"https:\/\/fieam.org.br\/sesi\/wp-json\/wp\/v2\/types\/page"}],"author":[{"embeddable":true,"href":"https:\/\/fieam.org.br\/sesi\/wp-json\/wp\/v2\/users\/1"}],"replies":[{"embeddable":true,"href":"https:\/\/fieam.org.br\/sesi\/wp-json\/wp\/v2\/comments?post=23418"}],"version-history":[{"count":25,"href":"https:\/\/fieam.org.br\/sesi\/wp-json\/wp\/v2\/pages\/23418\/revisions"}],"predecessor-version":[{"id":23590,"href":"https:\/\/fieam.org.br\/sesi\/wp-json\/wp\/v2\/pages\/23418\/revisions\/23590"}],"wp:attachment":[{"href":"https:\/\/fieam.org.br\/sesi\/wp-json\/wp\/v2\/media?parent=23418"}],"curies":[{"name":"wp","href":"https:\/\/api.w.org\/{rel}","templated":true}]}}