{"id":23416,"date":"2025-12-03T19:15:38","date_gmt":"2025-12-03T19:15:38","guid":{"rendered":"https:\/\/fieam.org.br\/sesi\/?page_id=23416"},"modified":"2026-01-29T18:17:51","modified_gmt":"2026-01-29T18:17:51","slug":"odontologia-2","status":"publish","type":"page","link":"https:\/\/fieam.org.br\/sesi\/odontologia-2\/","title":{"rendered":"Odontologia"},"content":{"rendered":"\t\t<div data-elementor-type=\"wp-page\" data-elementor-id=\"23416\" class=\"elementor elementor-23416\" data-elementor-post-type=\"page\">\n\t\t\t\t\t\t<section class=\"elementor-section elementor-top-section elementor-element elementor-element-29f6061c elementor-section-boxed elementor-section-height-default elementor-section-height-default\" data-id=\"29f6061c\" data-element_type=\"section\" data-settings=\"{&quot;background_background&quot;:&quot;classic&quot;,&quot;ekit_has_onepagescroll_dot&quot;:&quot;yes&quot;}\">\n\t\t\t\t\t\t\t<div class=\"elementor-background-overlay\"><\/div>\n\t\t\t\t\t\t\t<div class=\"elementor-container elementor-column-gap-default\">\n\t\t\t\t\t<div class=\"elementor-column elementor-col-100 elementor-top-column elementor-element elementor-element-22e23d42\" data-id=\"22e23d42\" data-element_type=\"column\">\n\t\t\t<div class=\"elementor-widget-wrap elementor-element-populated\">\n\t\t\t\t\t\t<div class=\"elementor-element elementor-element-1418be4 elementor-widget__width-auto elementor-invisible elementor-widget elementor-widget-image\" data-id=\"1418be4\" data-element_type=\"widget\" data-settings=\"{&quot;_animation&quot;:&quot;rotateIn&quot;,&quot;_animation_delay&quot;:&quot;720&quot;,&quot;ekit_we_effect_on&quot;:&quot;none&quot;}\" data-widget_type=\"image.default\">\n\t\t\t\t<div class=\"elementor-widget-container\">\n\t\t\t\t\t\t\t\t\t\t\t\t\t\t\t<img decoding=\"async\" width=\"45\" height=\"38\" src=\"https:\/\/fieam.org.br\/sesi\/wp-content\/uploads\/sites\/14\/2024\/02\/setas.png\" class=\"attachment-full size-full wp-image-4668\" alt=\"\" \/>\t\t\t\t\t\t\t\t\t\t\t\t\t\t\t<\/div>\n\t\t\t\t<\/div>\n\t\t\t\t<div class=\"elementor-element elementor-element-69ad134a elementor-invisible elementor-widget elementor-widget-heading\" data-id=\"69ad134a\" data-element_type=\"widget\" data-settings=\"{&quot;_animation&quot;:&quot;fadeInDown&quot;,&quot;ekit_we_effect_on&quot;:&quot;none&quot;}\" data-widget_type=\"heading.default\">\n\t\t\t\t<div class=\"elementor-widget-container\">\n\t\t\t\t\t<h2 class=\"elementor-heading-title elementor-size-default\">Odontologia<\/h2>\t\t\t\t<\/div>\n\t\t\t\t<\/div>\n\t\t\t\t<div class=\"elementor-element elementor-element-5a50fde3 elementor-invisible elementor-widget elementor-widget-heading\" data-id=\"5a50fde3\" data-element_type=\"widget\" data-settings=\"{&quot;_animation&quot;:&quot;fadeInUp&quot;,&quot;ekit_we_effect_on&quot;:&quot;none&quot;}\" data-widget_type=\"heading.default\">\n\t\t\t\t<div class=\"elementor-widget-container\">\n\t\t\t\t\t<div class=\"elementor-heading-title elementor-size-default\">Servi\u00e7o Social da Ind\u00fastria (SESI)<\/div>\t\t\t\t<\/div>\n\t\t\t\t<\/div>\n\t\t\t\t\t<\/div>\n\t\t<\/div>\n\t\t\t\t\t<\/div>\n\t\t<\/section>\n\t\t<div class=\"elementor-element elementor-element-2fee320 e-flex e-con-boxed e-con e-parent\" data-id=\"2fee320\" data-element_type=\"container\" data-settings=\"{&quot;ekit_has_onepagescroll_dot&quot;:&quot;yes&quot;}\">\n\t\t\t\t\t<div class=\"e-con-inner\">\n\t\t\t\t<div class=\"elementor-element elementor-element-ee2410e elementor-widget elementor-widget-text-editor\" data-id=\"ee2410e\" data-element_type=\"widget\" data-settings=\"{&quot;ekit_we_effect_on&quot;:&quot;none&quot;}\" data-widget_type=\"text-editor.default\">\n\t\t\t\t<div class=\"elementor-widget-container\">\n\t\t\t\t\t\t\t\t\t<p data-start=\"2148\" data-end=\"2408\">O SESI Sa\u00fade oferece atendimento odontol\u00f3gico completo para todas as idades, com tecnologia, estrutura moderna e profissionais especializados. Aqui, voc\u00ea encontra desde consultas de rotina at\u00e9 procedimentos avan\u00e7ados \u2014 tudo com seguran\u00e7a, conforto e qualidade.<\/p><p data-start=\"2410\" data-end=\"2543\">Al\u00e9m disso, o SESI possui <strong data-start=\"2436\" data-end=\"2472\">conv\u00eanio com a SulAm\u00e9rica Odonto<\/strong>, ampliando o acesso e trazendo comodidade para benefici\u00e1rios do plano.<\/p><p data-start=\"2545\" data-end=\"2574\"><strong data-start=\"2548\" data-end=\"2574\">Servi\u00e7os odontol\u00f3gicos<\/strong><\/p><ul data-start=\"2575\" data-end=\"2919\"><li data-start=\"2575\" data-end=\"2599\"><p data-start=\"2577\" data-end=\"2599\">Cl\u00ednica Odontol\u00f3gica<\/p><\/li><li data-start=\"2600\" data-end=\"2619\"><p data-start=\"2602\" data-end=\"2619\">Odontopediatria<\/p><\/li><li data-start=\"2620\" data-end=\"2634\"><p data-start=\"2622\" data-end=\"2634\">Endodontia<\/p><\/li><li data-start=\"2635\" data-end=\"2650\"><p data-start=\"2637\" data-end=\"2650\">Periodontia<\/p><\/li><li data-start=\"2651\" data-end=\"2665\"><p data-start=\"2653\" data-end=\"2665\">Ortodontia<\/p><\/li><li data-start=\"2666\" data-end=\"2686\"><p data-start=\"2668\" data-end=\"2686\">Pr\u00f3tese Dent\u00e1ria<\/p><\/li><li data-start=\"2687\" data-end=\"2716\"><p data-start=\"2689\" data-end=\"2716\">Cirurgia Bucomaxilofacial<\/p><\/li><li data-start=\"2717\" data-end=\"2734\"><p data-start=\"2719\" data-end=\"2734\">Estomatologia<\/p><\/li><li data-start=\"2735\" data-end=\"2753\"><p data-start=\"2737\" data-end=\"2753\">Implantodontia<\/p><\/li><li data-start=\"2754\" data-end=\"2781\"><p data-start=\"2756\" data-end=\"2781\">Radiologia Odontol\u00f3gica<\/p><\/li><li data-start=\"2782\" data-end=\"2807\"><p data-start=\"2784\" data-end=\"2807\">Urg\u00eancia Odontol\u00f3gica<\/p><\/li><li data-start=\"2808\" data-end=\"2834\"><p data-start=\"2810\" data-end=\"2834\">Harmoniza\u00e7\u00e3o Orofacial<\/p><\/li><li data-start=\"2835\" data-end=\"2919\"><p data-start=\"2837\" data-end=\"2919\">Atendimento para Pacientes com Necessidades Especiais (OPNE \u2013 adulto e infantil)<\/p><\/li><\/ul><p>\u00a0<\/p><p data-start=\"2921\" data-end=\"2948\"><strong data-start=\"2925\" data-end=\"2948\">Raio-X Odontol\u00f3gico<\/strong><\/p><p data-start=\"3037\" data-end=\"3064\"><strong data-start=\"3041\" data-end=\"3064\">Conv\u00eanio SulAm\u00e9rica<\/strong><\/p><p data-start=\"3065\" data-end=\"3176\">Atendemos benefici\u00e1rios <strong data-start=\"3089\" data-end=\"3103\">SulAm\u00e9rica<\/strong> com a qualidade e seguran\u00e7a que fazem do SESI refer\u00eancia em sa\u00fade bucal.<\/p><p>Seu sorriso \u00e9 mais saud\u00e1vel aqui!<\/p><p data-start=\"3178\" data-end=\"3281\"><a href=\"https:\/\/www.fieam.org.br\/tour-virtual\/\"><img decoding=\"async\" class=\"alignnone wp-image-23563\" src=\"https:\/\/fieam.org.br\/sesi\/wp-content\/uploads\/sites\/14\/2025\/12\/botao-saude@4x-1-1024x160.png\" alt=\"\" width=\"530\" height=\"83\" srcset=\"https:\/\/fieam.org.br\/sesi\/wp-content\/uploads\/sites\/14\/2025\/12\/botao-saude@4x-1-1024x160.png 1024w, https:\/\/fieam.org.br\/sesi\/wp-content\/uploads\/sites\/14\/2025\/12\/botao-saude@4x-1-300x47.png 300w, https:\/\/fieam.org.br\/sesi\/wp-content\/uploads\/sites\/14\/2025\/12\/botao-saude@4x-1-768x120.png 768w, https:\/\/fieam.org.br\/sesi\/wp-content\/uploads\/sites\/14\/2025\/12\/botao-saude@4x-1-1536x240.png 1536w, https:\/\/fieam.org.br\/sesi\/wp-content\/uploads\/sites\/14\/2025\/12\/botao-saude@4x-1-2048x320.png 2048w\" sizes=\"(max-width: 530px) 100vw, 530px\" \/><\/a><\/p>\t\t\t\t\t\t\t\t<\/div>\n\t\t\t\t<\/div>\n\t\t\t\t\t<\/div>\n\t\t\t\t<\/div>\n\t\t\t\t<\/div>\n\t\t","protected":false},"excerpt":{"rendered":"<p>Servi\u00e7o Social da Ind\u00fastria (SESI) O SESI Sa\u00fade oferece atendimento odontol\u00f3gico completo para todas as idades, com tecnologia, estrutura moderna e profissionais especializados. Aqui, voc\u00ea encontra desde consultas de rotina at\u00e9 procedimentos avan\u00e7ados \u2014 tudo com seguran\u00e7a, conforto e qualidade. Al\u00e9m disso, o SESI possui conv\u00eanio com a SulAm\u00e9rica Odonto, ampliando o acesso e trazendo [&hellip;]<\/p>\n","protected":false},"author":1,"featured_media":0,"parent":0,"menu_order":0,"comment_status":"closed","ping_status":"closed","template":"","meta":{"footnotes":""},"class_list":["post-23416","page","type-page","status-publish","hentry"],"yoast_head":"<!-- This site is optimized with the Yoast SEO plugin v26.8 - https:\/\/yoast.com\/product\/yoast-seo-wordpress\/ -->\n<title>Odontologia - SESI<\/title>\n<meta name=\"robots\" content=\"index, follow, max-snippet:-1, max-image-preview:large, max-video-preview:-1\" \/>\n<link rel=\"canonical\" href=\"https:\/\/fieam.org.br\/sesi\/odontologia-2\/\" \/>\n<meta property=\"og:locale\" content=\"pt_BR\" \/>\n<meta property=\"og:type\" content=\"article\" \/>\n<meta property=\"og:title\" content=\"Odontologia - SESI\" \/>\n<meta property=\"og:description\" content=\"Servi\u00e7o Social da Ind\u00fastria (SESI) O SESI Sa\u00fade oferece atendimento odontol\u00f3gico completo para todas as idades, com tecnologia, estrutura moderna e profissionais especializados. Aqui, voc\u00ea encontra desde consultas de rotina at\u00e9 procedimentos avan\u00e7ados \u2014 tudo com seguran\u00e7a, conforto e qualidade. Al\u00e9m disso, o SESI possui conv\u00eanio com a SulAm\u00e9rica Odonto, ampliando o acesso e trazendo [&hellip;]\" \/>\n<meta property=\"og:url\" content=\"https:\/\/fieam.org.br\/sesi\/odontologia-2\/\" \/>\n<meta property=\"og:site_name\" content=\"SESI\" \/>\n<meta property=\"article:modified_time\" content=\"2026-01-29T18:17:51+00:00\" \/>\n<meta property=\"og:image\" content=\"https:\/\/fieam.org.br\/sesi\/wp-content\/uploads\/sites\/14\/2024\/02\/setas.png\" \/>\n\t<meta property=\"og:image:width\" content=\"45\" \/>\n\t<meta property=\"og:image:height\" content=\"38\" \/>\n\t<meta property=\"og:image:type\" content=\"image\/png\" \/>\n<meta name=\"twitter:card\" content=\"summary_large_image\" \/>\n<meta name=\"twitter:label1\" content=\"Est. tempo de leitura\" \/>\n\t<meta name=\"twitter:data1\" content=\"1 minuto\" \/>\n<script type=\"application\/ld+json\" class=\"yoast-schema-graph\">{\"@context\":\"https:\/\/schema.org\",\"@graph\":[{\"@type\":\"WebPage\",\"@id\":\"https:\/\/fieam.org.br\/sesi\/odontologia-2\/\",\"url\":\"https:\/\/fieam.org.br\/sesi\/odontologia-2\/\",\"name\":\"Odontologia - SESI\",\"isPartOf\":{\"@id\":\"https:\/\/fieam.org.br\/sesi\/#website\"},\"primaryImageOfPage\":{\"@id\":\"https:\/\/fieam.org.br\/sesi\/odontologia-2\/#primaryimage\"},\"image\":{\"@id\":\"https:\/\/fieam.org.br\/sesi\/odontologia-2\/#primaryimage\"},\"thumbnailUrl\":\"https:\/\/fieam.org.br\/sesi\/wp-content\/uploads\/sites\/14\/2024\/02\/setas.png\",\"datePublished\":\"2025-12-03T19:15:38+00:00\",\"dateModified\":\"2026-01-29T18:17:51+00:00\",\"breadcrumb\":{\"@id\":\"https:\/\/fieam.org.br\/sesi\/odontologia-2\/#breadcrumb\"},\"inLanguage\":\"pt-BR\",\"potentialAction\":[{\"@type\":\"ReadAction\",\"target\":[\"https:\/\/fieam.org.br\/sesi\/odontologia-2\/\"]}]},{\"@type\":\"ImageObject\",\"inLanguage\":\"pt-BR\",\"@id\":\"https:\/\/fieam.org.br\/sesi\/odontologia-2\/#primaryimage\",\"url\":\"https:\/\/fieam.org.br\/sesi\/wp-content\/uploads\/sites\/14\/2024\/02\/setas.png\",\"contentUrl\":\"https:\/\/fieam.org.br\/sesi\/wp-content\/uploads\/sites\/14\/2024\/02\/setas.png\",\"width\":45,\"height\":38},{\"@type\":\"BreadcrumbList\",\"@id\":\"https:\/\/fieam.org.br\/sesi\/odontologia-2\/#breadcrumb\",\"itemListElement\":[{\"@type\":\"ListItem\",\"position\":1,\"name\":\"In\u00edcio\",\"item\":\"https:\/\/fieam.org.br\/sesi\/\"},{\"@type\":\"ListItem\",\"position\":2,\"name\":\"Odontologia\"}]},{\"@type\":\"WebSite\",\"@id\":\"https:\/\/fieam.org.br\/sesi\/#website\",\"url\":\"https:\/\/fieam.org.br\/sesi\/\",\"name\":\"SESI\",\"description\":\"Site Oficial!\",\"publisher\":{\"@id\":\"https:\/\/fieam.org.br\/sesi\/#organization\"},\"potentialAction\":[{\"@type\":\"SearchAction\",\"target\":{\"@type\":\"EntryPoint\",\"urlTemplate\":\"https:\/\/fieam.org.br\/sesi\/?s={search_term_string}\"},\"query-input\":{\"@type\":\"PropertyValueSpecification\",\"valueRequired\":true,\"valueName\":\"search_term_string\"}}],\"inLanguage\":\"pt-BR\"},{\"@type\":\"Organization\",\"@id\":\"https:\/\/fieam.org.br\/sesi\/#organization\",\"name\":\"SESI\",\"url\":\"https:\/\/fieam.org.br\/sesi\/\",\"logo\":{\"@type\":\"ImageObject\",\"inLanguage\":\"pt-BR\",\"@id\":\"https:\/\/fieam.org.br\/sesi\/#\/schema\/logo\/image\/\",\"url\":\"https:\/\/fieam.org.br\/sesi\/wp-content\/uploads\/sites\/14\/2024\/03\/cropped-fav.png\",\"contentUrl\":\"https:\/\/fieam.org.br\/sesi\/wp-content\/uploads\/sites\/14\/2024\/03\/cropped-fav.png\",\"width\":610,\"height\":589,\"caption\":\"SESI\"},\"image\":{\"@id\":\"https:\/\/fieam.org.br\/sesi\/#\/schema\/logo\/image\/\"}}]}<\/script>\n<!-- \/ Yoast SEO plugin. -->","yoast_head_json":{"title":"Odontologia - SESI","robots":{"index":"index","follow":"follow","max-snippet":"max-snippet:-1","max-image-preview":"max-image-preview:large","max-video-preview":"max-video-preview:-1"},"canonical":"https:\/\/fieam.org.br\/sesi\/odontologia-2\/","og_locale":"pt_BR","og_type":"article","og_title":"Odontologia - SESI","og_description":"Servi\u00e7o Social da Ind\u00fastria (SESI) O SESI Sa\u00fade oferece atendimento odontol\u00f3gico completo para todas as idades, com tecnologia, estrutura moderna e profissionais especializados. Aqui, voc\u00ea encontra desde consultas de rotina at\u00e9 procedimentos avan\u00e7ados \u2014 tudo com seguran\u00e7a, conforto e qualidade. Al\u00e9m disso, o SESI possui conv\u00eanio com a SulAm\u00e9rica Odonto, ampliando o acesso e trazendo [&hellip;]","og_url":"https:\/\/fieam.org.br\/sesi\/odontologia-2\/","og_site_name":"SESI","article_modified_time":"2026-01-29T18:17:51+00:00","og_image":[{"width":45,"height":38,"url":"https:\/\/fieam.org.br\/sesi\/wp-content\/uploads\/sites\/14\/2024\/02\/setas.png","type":"image\/png"}],"twitter_card":"summary_large_image","twitter_misc":{"Est. tempo de leitura":"1 minuto"},"schema":{"@context":"https:\/\/schema.org","@graph":[{"@type":"WebPage","@id":"https:\/\/fieam.org.br\/sesi\/odontologia-2\/","url":"https:\/\/fieam.org.br\/sesi\/odontologia-2\/","name":"Odontologia - SESI","isPartOf":{"@id":"https:\/\/fieam.org.br\/sesi\/#website"},"primaryImageOfPage":{"@id":"https:\/\/fieam.org.br\/sesi\/odontologia-2\/#primaryimage"},"image":{"@id":"https:\/\/fieam.org.br\/sesi\/odontologia-2\/#primaryimage"},"thumbnailUrl":"https:\/\/fieam.org.br\/sesi\/wp-content\/uploads\/sites\/14\/2024\/02\/setas.png","datePublished":"2025-12-03T19:15:38+00:00","dateModified":"2026-01-29T18:17:51+00:00","breadcrumb":{"@id":"https:\/\/fieam.org.br\/sesi\/odontologia-2\/#breadcrumb"},"inLanguage":"pt-BR","potentialAction":[{"@type":"ReadAction","target":["https:\/\/fieam.org.br\/sesi\/odontologia-2\/"]}]},{"@type":"ImageObject","inLanguage":"pt-BR","@id":"https:\/\/fieam.org.br\/sesi\/odontologia-2\/#primaryimage","url":"https:\/\/fieam.org.br\/sesi\/wp-content\/uploads\/sites\/14\/2024\/02\/setas.png","contentUrl":"https:\/\/fieam.org.br\/sesi\/wp-content\/uploads\/sites\/14\/2024\/02\/setas.png","width":45,"height":38},{"@type":"BreadcrumbList","@id":"https:\/\/fieam.org.br\/sesi\/odontologia-2\/#breadcrumb","itemListElement":[{"@type":"ListItem","position":1,"name":"In\u00edcio","item":"https:\/\/fieam.org.br\/sesi\/"},{"@type":"ListItem","position":2,"name":"Odontologia"}]},{"@type":"WebSite","@id":"https:\/\/fieam.org.br\/sesi\/#website","url":"https:\/\/fieam.org.br\/sesi\/","name":"SESI","description":"Site Oficial!","publisher":{"@id":"https:\/\/fieam.org.br\/sesi\/#organization"},"potentialAction":[{"@type":"SearchAction","target":{"@type":"EntryPoint","urlTemplate":"https:\/\/fieam.org.br\/sesi\/?s={search_term_string}"},"query-input":{"@type":"PropertyValueSpecification","valueRequired":true,"valueName":"search_term_string"}}],"inLanguage":"pt-BR"},{"@type":"Organization","@id":"https:\/\/fieam.org.br\/sesi\/#organization","name":"SESI","url":"https:\/\/fieam.org.br\/sesi\/","logo":{"@type":"ImageObject","inLanguage":"pt-BR","@id":"https:\/\/fieam.org.br\/sesi\/#\/schema\/logo\/image\/","url":"https:\/\/fieam.org.br\/sesi\/wp-content\/uploads\/sites\/14\/2024\/03\/cropped-fav.png","contentUrl":"https:\/\/fieam.org.br\/sesi\/wp-content\/uploads\/sites\/14\/2024\/03\/cropped-fav.png","width":610,"height":589,"caption":"SESI"},"image":{"@id":"https:\/\/fieam.org.br\/sesi\/#\/schema\/logo\/image\/"}}]}},"_links":{"self":[{"href":"https:\/\/fieam.org.br\/sesi\/wp-json\/wp\/v2\/pages\/23416","targetHints":{"allow":["GET"]}}],"collection":[{"href":"https:\/\/fieam.org.br\/sesi\/wp-json\/wp\/v2\/pages"}],"about":[{"href":"https:\/\/fieam.org.br\/sesi\/wp-json\/wp\/v2\/types\/page"}],"author":[{"embeddable":true,"href":"https:\/\/fieam.org.br\/sesi\/wp-json\/wp\/v2\/users\/1"}],"replies":[{"embeddable":true,"href":"https:\/\/fieam.org.br\/sesi\/wp-json\/wp\/v2\/comments?post=23416"}],"version-history":[{"count":35,"href":"https:\/\/fieam.org.br\/sesi\/wp-json\/wp\/v2\/pages\/23416\/revisions"}],"predecessor-version":[{"id":24104,"href":"https:\/\/fieam.org.br\/sesi\/wp-json\/wp\/v2\/pages\/23416\/revisions\/24104"}],"wp:attachment":[{"href":"https:\/\/fieam.org.br\/sesi\/wp-json\/wp\/v2\/media?parent=23416"}],"curies":[{"name":"wp","href":"https:\/\/api.w.org\/{rel}","templated":true}]}}