{"id":23414,"date":"2025-12-03T19:15:21","date_gmt":"2025-12-03T19:15:21","guid":{"rendered":"https:\/\/fieam.org.br\/sesi\/?page_id=23414"},"modified":"2026-01-15T18:27:00","modified_gmt":"2026-01-15T18:27:00","slug":"consultas-e-especialidades","status":"publish","type":"page","link":"https:\/\/fieam.org.br\/sesi\/consultas-e-especialidades\/","title":{"rendered":"Consultas e Especialidades"},"content":{"rendered":"\t\t<div data-elementor-type=\"wp-page\" data-elementor-id=\"23414\" class=\"elementor elementor-23414\" data-elementor-post-type=\"page\">\n\t\t\t\t\t\t<section class=\"elementor-section elementor-top-section elementor-element elementor-element-47c21b93 elementor-section-boxed elementor-section-height-default elementor-section-height-default\" data-id=\"47c21b93\" data-element_type=\"section\" data-settings=\"{&quot;background_background&quot;:&quot;classic&quot;,&quot;ekit_has_onepagescroll_dot&quot;:&quot;yes&quot;}\">\n\t\t\t\t\t\t\t<div class=\"elementor-background-overlay\"><\/div>\n\t\t\t\t\t\t\t<div class=\"elementor-container elementor-column-gap-default\">\n\t\t\t\t\t<div class=\"elementor-column elementor-col-100 elementor-top-column elementor-element elementor-element-fa7159e\" data-id=\"fa7159e\" data-element_type=\"column\">\n\t\t\t<div class=\"elementor-widget-wrap elementor-element-populated\">\n\t\t\t\t\t\t<div class=\"elementor-element elementor-element-2c4987ac elementor-widget__width-auto elementor-invisible elementor-widget elementor-widget-image\" data-id=\"2c4987ac\" data-element_type=\"widget\" data-settings=\"{&quot;_animation&quot;:&quot;rotateIn&quot;,&quot;_animation_delay&quot;:&quot;720&quot;,&quot;ekit_we_effect_on&quot;:&quot;none&quot;}\" data-widget_type=\"image.default\">\n\t\t\t\t<div class=\"elementor-widget-container\">\n\t\t\t\t\t\t\t\t\t\t\t\t\t\t\t<img decoding=\"async\" width=\"45\" height=\"38\" src=\"https:\/\/fieam.org.br\/sesi\/wp-content\/uploads\/sites\/14\/2024\/02\/setas.png\" class=\"attachment-full size-full wp-image-4668\" alt=\"\" \/>\t\t\t\t\t\t\t\t\t\t\t\t\t\t\t<\/div>\n\t\t\t\t<\/div>\n\t\t\t\t<div class=\"elementor-element elementor-element-7f82ea42 elementor-invisible elementor-widget elementor-widget-heading\" data-id=\"7f82ea42\" data-element_type=\"widget\" data-settings=\"{&quot;_animation&quot;:&quot;fadeInDown&quot;,&quot;ekit_we_effect_on&quot;:&quot;none&quot;}\" data-widget_type=\"heading.default\">\n\t\t\t\t<div class=\"elementor-widget-container\">\n\t\t\t\t\t<h2 class=\"elementor-heading-title elementor-size-default\">Consultas e Especialidades<\/h2>\t\t\t\t<\/div>\n\t\t\t\t<\/div>\n\t\t\t\t<div class=\"elementor-element elementor-element-315ad2e5 elementor-invisible elementor-widget elementor-widget-heading\" data-id=\"315ad2e5\" data-element_type=\"widget\" data-settings=\"{&quot;_animation&quot;:&quot;fadeInUp&quot;,&quot;ekit_we_effect_on&quot;:&quot;none&quot;}\" data-widget_type=\"heading.default\">\n\t\t\t\t<div class=\"elementor-widget-container\">\n\t\t\t\t\t<div class=\"elementor-heading-title elementor-size-default\">Servi\u00e7o Social da Ind\u00fastria (SESI)<\/div>\t\t\t\t<\/div>\n\t\t\t\t<\/div>\n\t\t\t\t\t<\/div>\n\t\t<\/div>\n\t\t\t\t\t<\/div>\n\t\t<\/section>\n\t\t<div class=\"elementor-element elementor-element-762ee57 e-flex e-con-boxed e-con e-parent\" data-id=\"762ee57\" data-element_type=\"container\" data-settings=\"{&quot;ekit_has_onepagescroll_dot&quot;:&quot;yes&quot;}\">\n\t\t\t\t\t<div class=\"e-con-inner\">\n\t\t<div class=\"elementor-element elementor-element-ca9fdde e-con-full e-flex e-con e-child\" data-id=\"ca9fdde\" data-element_type=\"container\" data-settings=\"{&quot;ekit_has_onepagescroll_dot&quot;:&quot;yes&quot;}\">\n\t\t\t\t<div class=\"elementor-element elementor-element-35fe526 elementor-widget elementor-widget-text-editor\" data-id=\"35fe526\" data-element_type=\"widget\" data-settings=\"{&quot;ekit_we_effect_on&quot;:&quot;none&quot;}\" data-widget_type=\"text-editor.default\">\n\t\t\t\t<div class=\"elementor-widget-container\">\n\t\t\t\t\t\t\t\t\t<p><span style=\"color: #535353;font-family: Inter, sans-serif;font-size: 16px;font-weight: 400\">O SESI Sa\u00fade re\u00fane uma rede completa de servi\u00e7os para cuidar de voc\u00ea em todas as fases da vida. Com unidades no Centro e no Clube do Trabalhador, oferecemos consultas, exames, odontologia, fisioterapia, bem-estar e atendimentos especializados com acessibilidade, tecnologia e profissionais capacitados.<\/span><\/p><p>Aqui, voc\u00ea encontra atendimento humanizado, estrutura moderna e processos \u00e1geis \u2014 sempre com o compromisso de promover sa\u00fade, qualidade de vida e bem-estar para a comunidade e os trabalhadores da ind\u00fastria.<\/p><p>Explore abaixo todas as \u00e1reas de atendimento e descubra como cuidar da sua sa\u00fade com a excel\u00eancia do SESI.<\/p><p><strong data-start=\"1293\" data-end=\"1323\">Especialidades dispon\u00edveis <\/strong><\/p><ul data-start=\"1324\" data-end=\"1669\"><li data-start=\"1324\" data-end=\"1341\">Cardiologia<\/li><li>Cl\u00ednica Geral<\/li><li>Dermatologia<\/li><li>Fonoaudiologia<\/li><li>Gastroenterologia<\/li><li>Ginecologia e Obstetr\u00edcia<\/li><li>Mastologia<\/li><li>Neurologia<\/li><li>Neurologia\u00a0Cefaliatra<\/li><li>Nutri\u00e7\u00e3o<\/li><li>Oftalmologia<\/li><li>Ortopedia<\/li><li>Otorrinolaringologia<\/li><li>Pediatria<\/li><li>Pneumologia<\/li><li>Psicologia (somente na unidade do Clube do Trabalhador)<\/li><li>Psiquiatria<\/li><li>Urologia<\/li><li>Telemedicina<\/li><\/ul><p>\u00a0<\/p><p><strong data-start=\"1679\" data-end=\"1707\">Fisioterapia &amp; Bem-Estar<\/strong><\/p><p>Cuidados essenciais para quem busca qualidade de vida, reabilita\u00e7\u00e3o e preven\u00e7\u00e3o de dores e limita\u00e7\u00f5es.<\/p><ul><li data-start=\"1822\" data-end=\"1849\">Fisioterapia Ortop\u00e9dica<\/li><li data-start=\"1850\" data-end=\"1878\">Fisioterapia Neurol\u00f3gica<\/li><li data-start=\"1879\" data-end=\"1909\">Fisioterapia Reumatol\u00f3gica<\/li><li data-start=\"1910\" data-end=\"1936\">Reabilita\u00e7\u00e3o Funcional<\/li><li data-start=\"1937\" data-end=\"1948\">Pilates<\/li><li data-start=\"1949\" data-end=\"1959\">RPG (Reeduca\u00e7\u00e3o Postural Global)<\/li><li data-start=\"1960\" data-end=\"1976\">Massoterapia<\/li><li data-start=\"1977\" data-end=\"2006\">Drenagem Linf\u00e1tica\/Venosa<\/li><\/ul><p>\u00a0<\/p><p><a href=\"https:\/\/www.instagram.com\/reel\/DITzQS9qNw6\/\"><img decoding=\"async\" class=\"alignnone wp-image-23781\" src=\"https:\/\/fieam.org.br\/sesi\/wp-content\/uploads\/sites\/14\/2026\/01\/botao-site-@4x_Unidade-Movel--300x53.png\" alt=\"\" width=\"400\" height=\"70\" srcset=\"https:\/\/fieam.org.br\/sesi\/wp-content\/uploads\/sites\/14\/2026\/01\/botao-site-@4x_Unidade-Movel--300x53.png 300w, https:\/\/fieam.org.br\/sesi\/wp-content\/uploads\/sites\/14\/2026\/01\/botao-site-@4x_Unidade-Movel--1024x181.png 1024w, https:\/\/fieam.org.br\/sesi\/wp-content\/uploads\/sites\/14\/2026\/01\/botao-site-@4x_Unidade-Movel--768x135.png 768w, https:\/\/fieam.org.br\/sesi\/wp-content\/uploads\/sites\/14\/2026\/01\/botao-site-@4x_Unidade-Movel--1536x271.png 1536w, https:\/\/fieam.org.br\/sesi\/wp-content\/uploads\/sites\/14\/2026\/01\/botao-site-@4x_Unidade-Movel--2048x361.png 2048w\" sizes=\"(max-width: 400px) 100vw, 400px\" \/><\/a><\/p><p>No SESI, voc\u00ea \u00e9 mais saud\u00e1vel aqui!<\/p><p><a href=\"https:\/\/www.fieam.org.br\/tour-virtual\/\"><img decoding=\"async\" class=\"alignnone wp-image-23553\" src=\"https:\/\/fieam.org.br\/sesi\/wp-content\/uploads\/sites\/14\/2025\/12\/botao-saude@4x-1024x160.png\" alt=\"\" width=\"450\" height=\"70\" srcset=\"https:\/\/fieam.org.br\/sesi\/wp-content\/uploads\/sites\/14\/2025\/12\/botao-saude@4x-1024x160.png 1024w, https:\/\/fieam.org.br\/sesi\/wp-content\/uploads\/sites\/14\/2025\/12\/botao-saude@4x-300x47.png 300w, https:\/\/fieam.org.br\/sesi\/wp-content\/uploads\/sites\/14\/2025\/12\/botao-saude@4x-768x120.png 768w, https:\/\/fieam.org.br\/sesi\/wp-content\/uploads\/sites\/14\/2025\/12\/botao-saude@4x-1536x240.png 1536w, https:\/\/fieam.org.br\/sesi\/wp-content\/uploads\/sites\/14\/2025\/12\/botao-saude@4x-2048x320.png 2048w\" sizes=\"(max-width: 450px) 100vw, 450px\" \/><\/a><\/p>\t\t\t\t\t\t\t\t<\/div>\n\t\t\t\t<\/div>\n\t\t\t\t<\/div>\n\t\t\t\t\t<\/div>\n\t\t\t\t<\/div>\n\t\t<div class=\"elementor-element elementor-element-43b0fda e-flex e-con-boxed e-con e-parent\" data-id=\"43b0fda\" data-element_type=\"container\" data-settings=\"{&quot;ekit_has_onepagescroll_dot&quot;:&quot;yes&quot;}\">\n\t\t\t\t\t<div class=\"e-con-inner\">\n\t\t<div class=\"elementor-element elementor-element-cf8999d e-con-full e-flex e-con e-child\" data-id=\"cf8999d\" data-element_type=\"container\" data-settings=\"{&quot;ekit_has_onepagescroll_dot&quot;:&quot;yes&quot;}\">\n\t\t\t\t<div class=\"elementor-element elementor-element-2129563 elementor-widget__width-initial elementor-widget elementor-widget-video\" data-id=\"2129563\" data-element_type=\"widget\" data-settings=\"{&quot;youtube_url&quot;:&quot;https:\\\/\\\/www.youtube.com\\\/watch?v=O_M4_sF6TJk&quot;,&quot;video_type&quot;:&quot;youtube&quot;,&quot;controls&quot;:&quot;yes&quot;,&quot;ekit_we_effect_on&quot;:&quot;none&quot;}\" data-widget_type=\"video.default\">\n\t\t\t\t<div class=\"elementor-widget-container\">\n\t\t\t\t\t\t\t<div class=\"elementor-wrapper elementor-open-inline\">\n\t\t\t<div class=\"elementor-video\"><\/div>\t\t<\/div>\n\t\t\t\t\t\t<\/div>\n\t\t\t\t<\/div>\n\t\t\t\t<\/div>\n\t\t<div class=\"elementor-element elementor-element-547131b e-con-full e-flex e-con e-child\" data-id=\"547131b\" data-element_type=\"container\" data-settings=\"{&quot;ekit_has_onepagescroll_dot&quot;:&quot;yes&quot;}\">\n\t\t\t\t<\/div>\n\t\t\t\t\t<\/div>\n\t\t\t\t<\/div>\n\t\t\t\t<\/div>\n\t\t","protected":false},"excerpt":{"rendered":"<p>Servi\u00e7o Social da Ind\u00fastria (SESI) O SESI Sa\u00fade re\u00fane uma rede completa de servi\u00e7os para cuidar de voc\u00ea em todas as fases da vida. Com unidades no Centro e no Clube do Trabalhador, oferecemos consultas, exames, odontologia, fisioterapia, bem-estar e atendimentos especializados com acessibilidade, tecnologia e profissionais capacitados. Aqui, voc\u00ea encontra atendimento humanizado, estrutura moderna [&hellip;]<\/p>\n","protected":false},"author":1,"featured_media":0,"parent":0,"menu_order":0,"comment_status":"closed","ping_status":"closed","template":"","meta":{"footnotes":""},"class_list":["post-23414","page","type-page","status-publish","hentry"],"yoast_head":"<!-- This site is optimized with the Yoast SEO plugin v26.8 - https:\/\/yoast.com\/product\/yoast-seo-wordpress\/ -->\n<title>Consultas e Especialidades - SESI<\/title>\n<meta name=\"robots\" content=\"index, follow, max-snippet:-1, max-image-preview:large, max-video-preview:-1\" \/>\n<link rel=\"canonical\" href=\"https:\/\/fieam.org.br\/sesi\/consultas-e-especialidades\/\" \/>\n<meta property=\"og:locale\" content=\"pt_BR\" \/>\n<meta property=\"og:type\" content=\"article\" \/>\n<meta property=\"og:title\" content=\"Consultas e Especialidades - SESI\" \/>\n<meta property=\"og:description\" content=\"Servi\u00e7o Social da Ind\u00fastria (SESI) O SESI Sa\u00fade re\u00fane uma rede completa de servi\u00e7os para cuidar de voc\u00ea em todas as fases da vida. Com unidades no Centro e no Clube do Trabalhador, oferecemos consultas, exames, odontologia, fisioterapia, bem-estar e atendimentos especializados com acessibilidade, tecnologia e profissionais capacitados. Aqui, voc\u00ea encontra atendimento humanizado, estrutura moderna [&hellip;]\" \/>\n<meta property=\"og:url\" content=\"https:\/\/fieam.org.br\/sesi\/consultas-e-especialidades\/\" \/>\n<meta property=\"og:site_name\" content=\"SESI\" \/>\n<meta property=\"article:modified_time\" content=\"2026-01-15T18:27:00+00:00\" \/>\n<meta property=\"og:image\" content=\"https:\/\/fieam.org.br\/sesi\/wp-content\/uploads\/sites\/14\/2024\/02\/setas.png\" \/>\n\t<meta property=\"og:image:width\" content=\"45\" \/>\n\t<meta property=\"og:image:height\" content=\"38\" \/>\n\t<meta property=\"og:image:type\" content=\"image\/png\" \/>\n<meta name=\"twitter:card\" content=\"summary_large_image\" \/>\n<meta name=\"twitter:label1\" content=\"Est. tempo de leitura\" \/>\n\t<meta name=\"twitter:data1\" content=\"1 minuto\" \/>\n<script type=\"application\/ld+json\" class=\"yoast-schema-graph\">{\"@context\":\"https:\/\/schema.org\",\"@graph\":[{\"@type\":\"WebPage\",\"@id\":\"https:\/\/fieam.org.br\/sesi\/consultas-e-especialidades\/\",\"url\":\"https:\/\/fieam.org.br\/sesi\/consultas-e-especialidades\/\",\"name\":\"Consultas e Especialidades - SESI\",\"isPartOf\":{\"@id\":\"https:\/\/fieam.org.br\/sesi\/#website\"},\"primaryImageOfPage\":{\"@id\":\"https:\/\/fieam.org.br\/sesi\/consultas-e-especialidades\/#primaryimage\"},\"image\":{\"@id\":\"https:\/\/fieam.org.br\/sesi\/consultas-e-especialidades\/#primaryimage\"},\"thumbnailUrl\":\"https:\/\/fieam.org.br\/sesi\/wp-content\/uploads\/sites\/14\/2024\/02\/setas.png\",\"datePublished\":\"2025-12-03T19:15:21+00:00\",\"dateModified\":\"2026-01-15T18:27:00+00:00\",\"breadcrumb\":{\"@id\":\"https:\/\/fieam.org.br\/sesi\/consultas-e-especialidades\/#breadcrumb\"},\"inLanguage\":\"pt-BR\",\"potentialAction\":[{\"@type\":\"ReadAction\",\"target\":[\"https:\/\/fieam.org.br\/sesi\/consultas-e-especialidades\/\"]}]},{\"@type\":\"ImageObject\",\"inLanguage\":\"pt-BR\",\"@id\":\"https:\/\/fieam.org.br\/sesi\/consultas-e-especialidades\/#primaryimage\",\"url\":\"https:\/\/fieam.org.br\/sesi\/wp-content\/uploads\/sites\/14\/2024\/02\/setas.png\",\"contentUrl\":\"https:\/\/fieam.org.br\/sesi\/wp-content\/uploads\/sites\/14\/2024\/02\/setas.png\",\"width\":45,\"height\":38},{\"@type\":\"BreadcrumbList\",\"@id\":\"https:\/\/fieam.org.br\/sesi\/consultas-e-especialidades\/#breadcrumb\",\"itemListElement\":[{\"@type\":\"ListItem\",\"position\":1,\"name\":\"In\u00edcio\",\"item\":\"https:\/\/fieam.org.br\/sesi\/\"},{\"@type\":\"ListItem\",\"position\":2,\"name\":\"Consultas e Especialidades\"}]},{\"@type\":\"WebSite\",\"@id\":\"https:\/\/fieam.org.br\/sesi\/#website\",\"url\":\"https:\/\/fieam.org.br\/sesi\/\",\"name\":\"SESI\",\"description\":\"Site Oficial!\",\"publisher\":{\"@id\":\"https:\/\/fieam.org.br\/sesi\/#organization\"},\"potentialAction\":[{\"@type\":\"SearchAction\",\"target\":{\"@type\":\"EntryPoint\",\"urlTemplate\":\"https:\/\/fieam.org.br\/sesi\/?s={search_term_string}\"},\"query-input\":{\"@type\":\"PropertyValueSpecification\",\"valueRequired\":true,\"valueName\":\"search_term_string\"}}],\"inLanguage\":\"pt-BR\"},{\"@type\":\"Organization\",\"@id\":\"https:\/\/fieam.org.br\/sesi\/#organization\",\"name\":\"SESI\",\"url\":\"https:\/\/fieam.org.br\/sesi\/\",\"logo\":{\"@type\":\"ImageObject\",\"inLanguage\":\"pt-BR\",\"@id\":\"https:\/\/fieam.org.br\/sesi\/#\/schema\/logo\/image\/\",\"url\":\"https:\/\/fieam.org.br\/sesi\/wp-content\/uploads\/sites\/14\/2024\/03\/cropped-fav.png\",\"contentUrl\":\"https:\/\/fieam.org.br\/sesi\/wp-content\/uploads\/sites\/14\/2024\/03\/cropped-fav.png\",\"width\":610,\"height\":589,\"caption\":\"SESI\"},\"image\":{\"@id\":\"https:\/\/fieam.org.br\/sesi\/#\/schema\/logo\/image\/\"}}]}<\/script>\n<!-- \/ Yoast SEO plugin. -->","yoast_head_json":{"title":"Consultas e Especialidades - SESI","robots":{"index":"index","follow":"follow","max-snippet":"max-snippet:-1","max-image-preview":"max-image-preview:large","max-video-preview":"max-video-preview:-1"},"canonical":"https:\/\/fieam.org.br\/sesi\/consultas-e-especialidades\/","og_locale":"pt_BR","og_type":"article","og_title":"Consultas e Especialidades - SESI","og_description":"Servi\u00e7o Social da Ind\u00fastria (SESI) O SESI Sa\u00fade re\u00fane uma rede completa de servi\u00e7os para cuidar de voc\u00ea em todas as fases da vida. Com unidades no Centro e no Clube do Trabalhador, oferecemos consultas, exames, odontologia, fisioterapia, bem-estar e atendimentos especializados com acessibilidade, tecnologia e profissionais capacitados. Aqui, voc\u00ea encontra atendimento humanizado, estrutura moderna [&hellip;]","og_url":"https:\/\/fieam.org.br\/sesi\/consultas-e-especialidades\/","og_site_name":"SESI","article_modified_time":"2026-01-15T18:27:00+00:00","og_image":[{"width":45,"height":38,"url":"https:\/\/fieam.org.br\/sesi\/wp-content\/uploads\/sites\/14\/2024\/02\/setas.png","type":"image\/png"}],"twitter_card":"summary_large_image","twitter_misc":{"Est. tempo de leitura":"1 minuto"},"schema":{"@context":"https:\/\/schema.org","@graph":[{"@type":"WebPage","@id":"https:\/\/fieam.org.br\/sesi\/consultas-e-especialidades\/","url":"https:\/\/fieam.org.br\/sesi\/consultas-e-especialidades\/","name":"Consultas e Especialidades - SESI","isPartOf":{"@id":"https:\/\/fieam.org.br\/sesi\/#website"},"primaryImageOfPage":{"@id":"https:\/\/fieam.org.br\/sesi\/consultas-e-especialidades\/#primaryimage"},"image":{"@id":"https:\/\/fieam.org.br\/sesi\/consultas-e-especialidades\/#primaryimage"},"thumbnailUrl":"https:\/\/fieam.org.br\/sesi\/wp-content\/uploads\/sites\/14\/2024\/02\/setas.png","datePublished":"2025-12-03T19:15:21+00:00","dateModified":"2026-01-15T18:27:00+00:00","breadcrumb":{"@id":"https:\/\/fieam.org.br\/sesi\/consultas-e-especialidades\/#breadcrumb"},"inLanguage":"pt-BR","potentialAction":[{"@type":"ReadAction","target":["https:\/\/fieam.org.br\/sesi\/consultas-e-especialidades\/"]}]},{"@type":"ImageObject","inLanguage":"pt-BR","@id":"https:\/\/fieam.org.br\/sesi\/consultas-e-especialidades\/#primaryimage","url":"https:\/\/fieam.org.br\/sesi\/wp-content\/uploads\/sites\/14\/2024\/02\/setas.png","contentUrl":"https:\/\/fieam.org.br\/sesi\/wp-content\/uploads\/sites\/14\/2024\/02\/setas.png","width":45,"height":38},{"@type":"BreadcrumbList","@id":"https:\/\/fieam.org.br\/sesi\/consultas-e-especialidades\/#breadcrumb","itemListElement":[{"@type":"ListItem","position":1,"name":"In\u00edcio","item":"https:\/\/fieam.org.br\/sesi\/"},{"@type":"ListItem","position":2,"name":"Consultas e Especialidades"}]},{"@type":"WebSite","@id":"https:\/\/fieam.org.br\/sesi\/#website","url":"https:\/\/fieam.org.br\/sesi\/","name":"SESI","description":"Site Oficial!","publisher":{"@id":"https:\/\/fieam.org.br\/sesi\/#organization"},"potentialAction":[{"@type":"SearchAction","target":{"@type":"EntryPoint","urlTemplate":"https:\/\/fieam.org.br\/sesi\/?s={search_term_string}"},"query-input":{"@type":"PropertyValueSpecification","valueRequired":true,"valueName":"search_term_string"}}],"inLanguage":"pt-BR"},{"@type":"Organization","@id":"https:\/\/fieam.org.br\/sesi\/#organization","name":"SESI","url":"https:\/\/fieam.org.br\/sesi\/","logo":{"@type":"ImageObject","inLanguage":"pt-BR","@id":"https:\/\/fieam.org.br\/sesi\/#\/schema\/logo\/image\/","url":"https:\/\/fieam.org.br\/sesi\/wp-content\/uploads\/sites\/14\/2024\/03\/cropped-fav.png","contentUrl":"https:\/\/fieam.org.br\/sesi\/wp-content\/uploads\/sites\/14\/2024\/03\/cropped-fav.png","width":610,"height":589,"caption":"SESI"},"image":{"@id":"https:\/\/fieam.org.br\/sesi\/#\/schema\/logo\/image\/"}}]}},"_links":{"self":[{"href":"https:\/\/fieam.org.br\/sesi\/wp-json\/wp\/v2\/pages\/23414","targetHints":{"allow":["GET"]}}],"collection":[{"href":"https:\/\/fieam.org.br\/sesi\/wp-json\/wp\/v2\/pages"}],"about":[{"href":"https:\/\/fieam.org.br\/sesi\/wp-json\/wp\/v2\/types\/page"}],"author":[{"embeddable":true,"href":"https:\/\/fieam.org.br\/sesi\/wp-json\/wp\/v2\/users\/1"}],"replies":[{"embeddable":true,"href":"https:\/\/fieam.org.br\/sesi\/wp-json\/wp\/v2\/comments?post=23414"}],"version-history":[{"count":70,"href":"https:\/\/fieam.org.br\/sesi\/wp-json\/wp\/v2\/pages\/23414\/revisions"}],"predecessor-version":[{"id":23866,"href":"https:\/\/fieam.org.br\/sesi\/wp-json\/wp\/v2\/pages\/23414\/revisions\/23866"}],"wp:attachment":[{"href":"https:\/\/fieam.org.br\/sesi\/wp-json\/wp\/v2\/media?parent=23414"}],"curies":[{"name":"wp","href":"https:\/\/api.w.org\/{rel}","templated":true}]}}