{"id":19315,"date":"2010-11-18T20:38:28","date_gmt":"2010-11-18T20:38:28","guid":{"rendered":"http:\/\/www.fieam.org.br\/site\/sesi\/"},"modified":"2010-11-18T20:38:28","modified_gmt":"2010-11-18T20:38:28","slug":"lazer-clube-do-trabalhador-do-amazonas","status":"publish","type":"page","link":"https:\/\/fieam.org.br\/sesi\/lazer-clube-do-trabalhador-do-amazonas\/","title":{"rendered":"Lazer &#8211; Clube do Trabalhador do Amazonas"},"content":{"rendered":"<p style=\"text-align: left\"><span style=\"color: #000000\">O Clube do Trabalhador do Amazonas oferece diversas atividades de esporte e lazer para os trabalhadores da ind\u00fastria, dependentes e p\u00fablico em geral. Possui uma estrutura f\u00edsica de 75 hectares de \u00e1rea, sendo 168.917m\u00b2 de \u00e1rea constru\u00edda com:<\/span><\/p>\n<p><strong><a href=\"http:\/\/www.fieam.org.br\/site\/sesi\/files\/2010\/11\/parqueAquatico5.jpg\"><img decoding=\"async\" class=\"alignleft size-full wp-image-333\" style=\"margin: 5px 10px;border: 0pt\" src=\"http:\/\/www.fieam.org.br\/site\/sesi\/files\/2010\/11\/parqueAquatico5.jpg\" alt=\"\" width=\"145\" height=\"88\" \/><\/a><span style=\"color: #000000\"> PARQUE AQU\u00c1TICO<br \/>\n<\/span> <\/strong><span style=\"color: #000000\">A estrutura \u00e9 formada por piscina ol\u00edmpica, recreativa, tanque de salto, visores para captura de imagem dos atletas e arquibancada coberta para 3.000 pessoas.<br \/>\n<\/span><\/p>\n<p><span style=\"color: #ffffff\">.<\/span><\/p>\n<p><span style=\"color: #ffffff\">.<\/span><\/p>\n<p><span style=\"color: #ffffff\">.<\/span><\/p>\n<p><span style=\"color: #000000\"><br \/>\n<\/span><\/p>\n<p style=\"text-align: left\"><strong><a href=\"http:\/\/www.fieam.org.br\/site\/sesi\/files\/2010\/11\/Nasser.jpg\"><img decoding=\"async\" class=\"alignleft size-full wp-image-336\" style=\"margin: 5px 10px;border: 0pt\" src=\"http:\/\/www.fieam.org.br\/site\/sesi\/files\/2010\/11\/Nasser.jpg\" alt=\"\" width=\"146\" height=\"100\" \/><\/a><span style=\"color: #000000\">GIN\u00c1SIOS POLIESPORTIVOS<br \/>\n<\/span> <\/strong><span style=\"color: #000000\">Dr. Dom\u00edcio Velloso da Silveira \u00c9 voltado para a pr\u00e1tica de futsal, basquete, handebol e voleibol com a capacidade de 3.000 espectadores, placar eletr\u00f4nico e vesti\u00e1rios.<br \/>\nDr. Jos\u00e9 Nasser O gin\u00e1sio possui piso lisonda que tem poder de absor\u00e7\u00e3o para impactos, al\u00e9m de conter placar eletr\u00f4nico e disposi\u00e7\u00e3o para 3.000 pessoas.<\/span><\/p>\n<p><span style=\"color: #ffffff\">.<\/span><\/p>\n<p><span style=\"color: #ffffff\">.<\/span><\/p>\n<p><span style=\"color: #ffffff\">.<\/span><\/p>\n<p style=\"text-align: left\"><img decoding=\"async\" class=\"alignleft\" style=\"margin: 5px 10px;border: 0pt\" src=\"http:\/\/www.fieam.org.br\/site\/sesi\/files\/2010\/11\/estadio2.jpg\" alt=\"\" width=\"148\" height=\"104\" \/><strong><span style=\"color: #000000\">EST\u00c1DIO DE FUTEBOL ROBERTO SIMONSEN<br \/>\n<\/span> <\/strong><span style=\"color: #000000\">O est\u00e1dio promove competi\u00e7\u00f5es em at\u00e9 8.000 pessoas na arquibancada, dotado de grama esmeralda, resistente ao pisoteio e com folhas macias, al\u00e9m de ter cabine para imprensa, placar eletr\u00f4nico, pavilh\u00e3o de bandeiras, banco de reserva, vesti\u00e1rios e banheiros.<\/span><\/p>\n<p><span style=\"color: #000000\"><br \/>\n<\/span><\/p>\n<p><span style=\"color: #ffffff\">.<\/span><\/p>\n<p><span style=\"color: #ffffff\">.<\/span><\/p>\n<p><span style=\"color: #ffffff\">.<\/span><\/p>\n<p><span style=\"color: #000000\"><br \/>\n<\/span><\/p>\n<p style=\"text-align: left\"><strong><span style=\"color: #000000\"> <\/span><\/strong><\/p>\n<p style=\"text-align: left\"><a href=\"http:\/\/www.fieam.org.br\/site\/sesi\/files\/2010\/11\/sintetica.jpg\"><strong><img loading=\"lazy\" decoding=\"async\" class=\"alignleft size-full wp-image-346\" style=\"margin: 5px 10px;border: 0pt\" src=\"http:\/\/www.fieam.org.br\/site\/sesi\/files\/2010\/11\/sintetica.jpg\" alt=\"\" width=\"149\" height=\"105\" \/><\/strong><\/a><strong><span style=\"color: #000000\">QUADRAS DE GRAMA SINT\u00c9TICA<\/span><\/strong><span style=\"color: #000000\">As duas quadras oferecem seguran\u00e7a e espa\u00e7o para lanches entre as competi\u00e7\u00f5es.<\/span><\/p>\n<p><span style=\"color: #000000\"><br \/>\n<\/span><\/p>\n<p><span style=\"color: #ffffff\">.<\/span><\/p>\n<p><span style=\"color: #ffffff\">.<\/span><\/p>\n<p><span style=\"color: #ffffff\">.<\/span><\/p>\n<p><span style=\"color: #ffffff\">.<\/span><\/p>\n<p><span style=\"color: #000000\"><br \/>\n<\/span><\/p>\n<p style=\"text-align: left\"><span style=\"color: #000000\"><a href=\"http:\/\/www.fieam.org.br\/site\/sesi\/files\/2010\/11\/quadratenis.jpg\"><\/a><\/span><\/p>\n<p style=\"text-align: left\"><a href=\"http:\/\/www.fieam.org.br\/site\/sesi\/files\/2010\/11\/quadratenis.jpg\"><img loading=\"lazy\" decoding=\"async\" class=\"alignleft size-full wp-image-343\" style=\"margin: 5px 10px;border: 0pt\" src=\"http:\/\/www.fieam.org.br\/site\/sesi\/files\/2010\/11\/quadratenis.jpg\" alt=\"\" width=\"149\" height=\"113\" \/><\/a><\/p>\n<p style=\"text-align: left\"><strong><span style=\"color: #000000\">QUADRAS DE T\u00caNIS<br \/>\n<\/span> <\/strong><span style=\"color: #000000\">As duas quadras possuem piso lisonda que proporcionam seguran\u00e7a e resist\u00eancia aos impactos para os competidores.<\/span><\/p>\n<p><span style=\"color: #000000\"><br \/>\n<\/span><\/p>\n<p><span style=\"color: #ffffff\">.<\/span><\/p>\n<p><span style=\"color: #ffffff\">.<\/span><\/p>\n<p><span style=\"color: #ffffff\">.<\/span><\/p>\n<p><span style=\"color: #ffffff\">.<\/span><\/p>\n<p><span style=\"color: #000000\"><br \/>\n<\/span><\/p>\n<div style=\"text-align: left\"><a href=\"http:\/\/www.fieam.org.br\/site\/sesi\/files\/2010\/11\/quadraareia.jpg\"><span style=\"color: #000000\"> <\/span><\/a><\/div>\n<p style=\"text-align: left\"><img loading=\"lazy\" decoding=\"async\" class=\"alignleft size-full wp-image-344\" style=\"margin: 5px 10px;border: 0pt\" src=\"http:\/\/www.fieam.org.br\/site\/sesi\/files\/2010\/11\/quadraareia.jpg\" alt=\"\" width=\"149\" height=\"103\" \/><strong><span style=\"color: #000000\">QUADRAS DE V\u00d4LEI DE AREIA<br \/>\n<\/span> <\/strong><span style=\"color: #000000\">A\u00a0estrutura \u00e9 formada por rede, poste, bola, marca\u00e7\u00e3o da quadra, apitos e coletes.<\/span><\/p>\n<p><span style=\"color: #ffffff\"><br \/>\n<\/span><\/p>\n<p><span style=\"color: #ffffff\">.<\/span><\/p>\n<p><span style=\"color: #ffffff\">.<br \/>\n<\/span><\/p>\n<p><span style=\"color: #ffffff\">.<\/span><\/p>\n<p><span style=\"color: #ffffff\">.<\/span><\/p>\n<p><strong><span style=\"color: #000000\">AUDIT\u00d3RIO<\/span><\/strong><\/p>\n<p style=\"text-align: left\"><span style=\"color: #000000\">Tem capacidade para 80 lugares e apropriado para reuni\u00f5es, treinamentos e semin\u00e1rios corporativos.<\/span><\/p>\n<p><span style=\"color: #ffffff\"><span style=\"color: #ffffff\">.<\/span><\/span><\/p>\n<p><span style=\"color: #ffffff\"><span style=\"color: #000000\"><br \/>\n<\/span><\/span><\/p>\n<p style=\"text-align: left\"><img loading=\"lazy\" decoding=\"async\" class=\"alignleft size-full wp-image-347\" style=\"margin: 10px\" src=\"http:\/\/www.fieam.org.br\/site\/sesi\/files\/2010\/11\/academia.jpg\" alt=\"\" width=\"154\" height=\"115\" \/><\/p>\n<p style=\"text-align: left\"><strong><span style=\"color: #000000\">ACADEMIA DE GIN\u00c1STICA E MUSCULA\u00c7\u00c3O<br \/>\n<\/span> <\/strong><span style=\"color: #000000\">O ambiente \u00e9 condicionado para avalia\u00e7\u00e3o f\u00edsica, acompanhamento nutricional, gin\u00e1stica localizada, aer\u00f3bica, alongamento, muscula\u00e7\u00e3o, treinamento personalizado e sistema body system.<\/span><\/p>\n<p><span style=\"color: #000000\"><br \/>\n<\/span><\/p>\n<p><span style=\"color: #ffffff\">.<\/span><\/p>\n<p><span style=\"color: #ffffff\">.<\/span><\/p>\n<p><span style=\"color: #ffffff\">.<\/span><\/p>\n<p><span style=\"color: #ffffff\">.<\/span><\/p>\n<p style=\"text-align: left\"><img loading=\"lazy\" decoding=\"async\" class=\"alignleft size-full wp-image-348\" style=\"margin: 10px\" src=\"http:\/\/www.fieam.org.br\/site\/sesi\/files\/2010\/11\/pistacaminhada.jpg\" alt=\"\" width=\"153\" height=\"118\" \/><strong><span style=\"color: #000000\">PISTA DE CAMINHADA<\/span><\/strong><span style=\"color: #000000\">A pista possui 10.850 m para os usu\u00e1rios do Clube praticarem caminhadas e corridas.<\/span><\/p>\n<p><span style=\"color: #000000\"><br \/>\n<\/span><\/p>\n<p><span style=\"color: #ffffff\">.<\/span><\/p>\n<p><span style=\"color: #ffffff\">.<\/span><\/p>\n<p><span style=\"color: #ffffff\">.<\/span><\/p>\n<p><span style=\"color: #ffffff\">.<\/span><\/p>\n<p><span style=\"color: #ffffff\"> .<\/span><\/p>\n<p style=\"text-align: left\"><img loading=\"lazy\" decoding=\"async\" class=\"alignleft size-full wp-image-349\" style=\"margin: 10px\" src=\"http:\/\/www.fieam.org.br\/site\/sesi\/files\/2010\/11\/restaurante.jpg\" alt=\"\" width=\"156\" height=\"121\" \/><\/p>\n<p style=\"text-align: left\"><strong><span style=\"color: #000000\">RESTAURANTE<br \/>\n<\/span> <\/strong><span style=\"color: #000000\">O espa\u00e7o para as refei\u00e7\u00f5es \u00e9 aberto para os usu\u00e1rios do Clube e comunidade. Para informa\u00e7\u00f5es complementares para alugar os espa\u00e7os e praticar atividades: (92) 3216-1030\/1035.<\/span><\/p>\n<p><span style=\"color: #000000\"><br \/>\n<\/span><\/p>\n<p><span style=\"color: #ffffff\">.<\/span><\/p>\n<p><span style=\"color: #ffffff\">.<\/span><\/p>\n<p><span style=\"color: #ffffff\">.<\/span><\/p>\n<p><span style=\"color: #ffffff\">.<\/span><\/p>\n<p style=\"text-align: left\"><img loading=\"lazy\" decoding=\"async\" class=\"alignleft size-full wp-image-345\" style=\"margin: 10px\" src=\"http:\/\/www.fieam.org.br\/site\/sesi\/files\/2010\/11\/salaoeventos.jpg\" alt=\"\" width=\"150\" height=\"107\" \/><span style=\"color: #000000\"><br \/>\n<\/span> <strong><span style=\"color: #000000\">SAL\u00c3O DE EVENTOS<br \/>\n<\/span> <\/strong><span style=\"color: #000000\">O espa\u00e7o \u00e9 climatizado, possui pista de dan\u00e7a, palco modular e recepciona at\u00e9 1.500 convidados. Podem realizar confraterniza\u00e7\u00f5es corporativas, anivers\u00e1rios, eventos de uma forma geral.<\/span><\/p>\n<p><span style=\"color: #000000\"><br \/>\n<\/span><\/p>\n<p><span style=\"color: #ffffff\">.<\/span><\/p>\n<p><span style=\"color: #ffffff\">.<\/span><\/p>\n<p><span style=\"color: #ffffff\">.<\/span><\/p>\n<p><span style=\"color: #000000\"><br \/>\n<\/span><\/p>\n<p style=\"text-align: left\"><img loading=\"lazy\" decoding=\"async\" class=\"alignleft size-medium wp-image-327\" style=\"margin: 10px\" src=\"http:\/\/www.fieam.org.br\/site\/sesi\/files\/2010\/11\/chaquedepalha-300x200.jpg\" alt=\"\" width=\"150\" height=\"108\" \/><\/p>\n<p style=\"text-align: left\"><strong><span style=\"color: #000000\">CHAP\u00c9US DE PALHA<br \/>\n<\/span> <\/strong><span style=\"color: #000000\">Podem ser utilizados para reunir os esportistas e espectadores durante as atividades de lazer.<\/span><\/p>\n","protected":false},"excerpt":{"rendered":"<p>O Clube do Trabalhador do Amazonas oferece diversas atividades de esporte e lazer para os trabalhadores da ind\u00fastria, dependentes e p\u00fablico em geral. Possui uma estrutura f\u00edsica de 75 hectares de \u00e1rea, sendo 168.917m\u00b2 de \u00e1rea constru\u00edda com: PARQUE AQU\u00c1TICO A estrutura \u00e9 formada por piscina ol\u00edmpica, recreativa, tanque de salto, visores para captura de [&hellip;]<\/p>\n","protected":false},"author":1,"featured_media":0,"parent":0,"menu_order":0,"comment_status":"closed","ping_status":"closed","template":"","meta":{"footnotes":""},"class_list":["post-19315","page","type-page","status-publish","hentry"],"yoast_head":"<!-- This site is optimized with the Yoast SEO plugin v26.8 - https:\/\/yoast.com\/product\/yoast-seo-wordpress\/ -->\n<title>Lazer - Clube do Trabalhador do Amazonas - SESI<\/title>\n<meta name=\"robots\" content=\"index, follow, max-snippet:-1, max-image-preview:large, max-video-preview:-1\" \/>\n<link rel=\"canonical\" href=\"https:\/\/fieam.org.br\/sesi\/lazer-clube-do-trabalhador-do-amazonas\/\" \/>\n<meta property=\"og:locale\" content=\"pt_BR\" \/>\n<meta property=\"og:type\" content=\"article\" \/>\n<meta property=\"og:title\" content=\"Lazer - Clube do Trabalhador do Amazonas - SESI\" \/>\n<meta property=\"og:description\" content=\"O Clube do Trabalhador do Amazonas oferece diversas atividades de esporte e lazer para os trabalhadores da ind\u00fastria, dependentes e p\u00fablico em geral. Possui uma estrutura f\u00edsica de 75 hectares de \u00e1rea, sendo 168.917m\u00b2 de \u00e1rea constru\u00edda com: PARQUE AQU\u00c1TICO A estrutura \u00e9 formada por piscina ol\u00edmpica, recreativa, tanque de salto, visores para captura de [&hellip;]\" \/>\n<meta property=\"og:url\" content=\"https:\/\/fieam.org.br\/sesi\/lazer-clube-do-trabalhador-do-amazonas\/\" \/>\n<meta property=\"og:site_name\" content=\"SESI\" \/>\n<meta property=\"og:image\" content=\"https:\/\/fieam.org.br\/sesi\/wp-content\/uploads\/sites\/14\/2010\/11\/parqueAquatico5.jpg\" \/>\n\t<meta property=\"og:image:width\" content=\"507\" \/>\n\t<meta property=\"og:image:height\" content=\"338\" \/>\n\t<meta property=\"og:image:type\" content=\"image\/jpeg\" \/>\n<meta name=\"twitter:card\" content=\"summary_large_image\" \/>\n<meta name=\"twitter:label1\" content=\"Est. tempo de leitura\" \/>\n\t<meta name=\"twitter:data1\" content=\"2 minutos\" \/>\n<script type=\"application\/ld+json\" class=\"yoast-schema-graph\">{\"@context\":\"https:\/\/schema.org\",\"@graph\":[{\"@type\":\"WebPage\",\"@id\":\"https:\/\/fieam.org.br\/sesi\/lazer-clube-do-trabalhador-do-amazonas\/\",\"url\":\"https:\/\/fieam.org.br\/sesi\/lazer-clube-do-trabalhador-do-amazonas\/\",\"name\":\"Lazer - Clube do Trabalhador do Amazonas - SESI\",\"isPartOf\":{\"@id\":\"https:\/\/fieam.org.br\/sesi\/#website\"},\"primaryImageOfPage\":{\"@id\":\"https:\/\/fieam.org.br\/sesi\/lazer-clube-do-trabalhador-do-amazonas\/#primaryimage\"},\"image\":{\"@id\":\"https:\/\/fieam.org.br\/sesi\/lazer-clube-do-trabalhador-do-amazonas\/#primaryimage\"},\"thumbnailUrl\":\"http:\/\/www.fieam.org.br\/site\/sesi\/files\/2010\/11\/parqueAquatico5.jpg\",\"datePublished\":\"2010-11-18T20:38:28+00:00\",\"breadcrumb\":{\"@id\":\"https:\/\/fieam.org.br\/sesi\/lazer-clube-do-trabalhador-do-amazonas\/#breadcrumb\"},\"inLanguage\":\"pt-BR\",\"potentialAction\":[{\"@type\":\"ReadAction\",\"target\":[\"https:\/\/fieam.org.br\/sesi\/lazer-clube-do-trabalhador-do-amazonas\/\"]}]},{\"@type\":\"ImageObject\",\"inLanguage\":\"pt-BR\",\"@id\":\"https:\/\/fieam.org.br\/sesi\/lazer-clube-do-trabalhador-do-amazonas\/#primaryimage\",\"url\":\"http:\/\/www.fieam.org.br\/site\/sesi\/files\/2010\/11\/parqueAquatico5.jpg\",\"contentUrl\":\"http:\/\/www.fieam.org.br\/site\/sesi\/files\/2010\/11\/parqueAquatico5.jpg\"},{\"@type\":\"BreadcrumbList\",\"@id\":\"https:\/\/fieam.org.br\/sesi\/lazer-clube-do-trabalhador-do-amazonas\/#breadcrumb\",\"itemListElement\":[{\"@type\":\"ListItem\",\"position\":1,\"name\":\"In\u00edcio\",\"item\":\"https:\/\/fieam.org.br\/sesi\/\"},{\"@type\":\"ListItem\",\"position\":2,\"name\":\"Lazer &#8211; Clube do Trabalhador do Amazonas\"}]},{\"@type\":\"WebSite\",\"@id\":\"https:\/\/fieam.org.br\/sesi\/#website\",\"url\":\"https:\/\/fieam.org.br\/sesi\/\",\"name\":\"SESI\",\"description\":\"Site Oficial!\",\"publisher\":{\"@id\":\"https:\/\/fieam.org.br\/sesi\/#organization\"},\"potentialAction\":[{\"@type\":\"SearchAction\",\"target\":{\"@type\":\"EntryPoint\",\"urlTemplate\":\"https:\/\/fieam.org.br\/sesi\/?s={search_term_string}\"},\"query-input\":{\"@type\":\"PropertyValueSpecification\",\"valueRequired\":true,\"valueName\":\"search_term_string\"}}],\"inLanguage\":\"pt-BR\"},{\"@type\":\"Organization\",\"@id\":\"https:\/\/fieam.org.br\/sesi\/#organization\",\"name\":\"SESI\",\"url\":\"https:\/\/fieam.org.br\/sesi\/\",\"logo\":{\"@type\":\"ImageObject\",\"inLanguage\":\"pt-BR\",\"@id\":\"https:\/\/fieam.org.br\/sesi\/#\/schema\/logo\/image\/\",\"url\":\"https:\/\/fieam.org.br\/sesi\/wp-content\/uploads\/sites\/14\/2024\/03\/cropped-fav.png\",\"contentUrl\":\"https:\/\/fieam.org.br\/sesi\/wp-content\/uploads\/sites\/14\/2024\/03\/cropped-fav.png\",\"width\":610,\"height\":589,\"caption\":\"SESI\"},\"image\":{\"@id\":\"https:\/\/fieam.org.br\/sesi\/#\/schema\/logo\/image\/\"}}]}<\/script>\n<!-- \/ Yoast SEO plugin. -->","yoast_head_json":{"title":"Lazer - Clube do Trabalhador do Amazonas - SESI","robots":{"index":"index","follow":"follow","max-snippet":"max-snippet:-1","max-image-preview":"max-image-preview:large","max-video-preview":"max-video-preview:-1"},"canonical":"https:\/\/fieam.org.br\/sesi\/lazer-clube-do-trabalhador-do-amazonas\/","og_locale":"pt_BR","og_type":"article","og_title":"Lazer - Clube do Trabalhador do Amazonas - SESI","og_description":"O Clube do Trabalhador do Amazonas oferece diversas atividades de esporte e lazer para os trabalhadores da ind\u00fastria, dependentes e p\u00fablico em geral. Possui uma estrutura f\u00edsica de 75 hectares de \u00e1rea, sendo 168.917m\u00b2 de \u00e1rea constru\u00edda com: PARQUE AQU\u00c1TICO A estrutura \u00e9 formada por piscina ol\u00edmpica, recreativa, tanque de salto, visores para captura de [&hellip;]","og_url":"https:\/\/fieam.org.br\/sesi\/lazer-clube-do-trabalhador-do-amazonas\/","og_site_name":"SESI","og_image":[{"width":507,"height":338,"url":"https:\/\/fieam.org.br\/sesi\/wp-content\/uploads\/sites\/14\/2010\/11\/parqueAquatico5.jpg","type":"image\/jpeg"}],"twitter_card":"summary_large_image","twitter_misc":{"Est. tempo de leitura":"2 minutos"},"schema":{"@context":"https:\/\/schema.org","@graph":[{"@type":"WebPage","@id":"https:\/\/fieam.org.br\/sesi\/lazer-clube-do-trabalhador-do-amazonas\/","url":"https:\/\/fieam.org.br\/sesi\/lazer-clube-do-trabalhador-do-amazonas\/","name":"Lazer - Clube do Trabalhador do Amazonas - SESI","isPartOf":{"@id":"https:\/\/fieam.org.br\/sesi\/#website"},"primaryImageOfPage":{"@id":"https:\/\/fieam.org.br\/sesi\/lazer-clube-do-trabalhador-do-amazonas\/#primaryimage"},"image":{"@id":"https:\/\/fieam.org.br\/sesi\/lazer-clube-do-trabalhador-do-amazonas\/#primaryimage"},"thumbnailUrl":"http:\/\/www.fieam.org.br\/site\/sesi\/files\/2010\/11\/parqueAquatico5.jpg","datePublished":"2010-11-18T20:38:28+00:00","breadcrumb":{"@id":"https:\/\/fieam.org.br\/sesi\/lazer-clube-do-trabalhador-do-amazonas\/#breadcrumb"},"inLanguage":"pt-BR","potentialAction":[{"@type":"ReadAction","target":["https:\/\/fieam.org.br\/sesi\/lazer-clube-do-trabalhador-do-amazonas\/"]}]},{"@type":"ImageObject","inLanguage":"pt-BR","@id":"https:\/\/fieam.org.br\/sesi\/lazer-clube-do-trabalhador-do-amazonas\/#primaryimage","url":"http:\/\/www.fieam.org.br\/site\/sesi\/files\/2010\/11\/parqueAquatico5.jpg","contentUrl":"http:\/\/www.fieam.org.br\/site\/sesi\/files\/2010\/11\/parqueAquatico5.jpg"},{"@type":"BreadcrumbList","@id":"https:\/\/fieam.org.br\/sesi\/lazer-clube-do-trabalhador-do-amazonas\/#breadcrumb","itemListElement":[{"@type":"ListItem","position":1,"name":"In\u00edcio","item":"https:\/\/fieam.org.br\/sesi\/"},{"@type":"ListItem","position":2,"name":"Lazer &#8211; Clube do Trabalhador do Amazonas"}]},{"@type":"WebSite","@id":"https:\/\/fieam.org.br\/sesi\/#website","url":"https:\/\/fieam.org.br\/sesi\/","name":"SESI","description":"Site Oficial!","publisher":{"@id":"https:\/\/fieam.org.br\/sesi\/#organization"},"potentialAction":[{"@type":"SearchAction","target":{"@type":"EntryPoint","urlTemplate":"https:\/\/fieam.org.br\/sesi\/?s={search_term_string}"},"query-input":{"@type":"PropertyValueSpecification","valueRequired":true,"valueName":"search_term_string"}}],"inLanguage":"pt-BR"},{"@type":"Organization","@id":"https:\/\/fieam.org.br\/sesi\/#organization","name":"SESI","url":"https:\/\/fieam.org.br\/sesi\/","logo":{"@type":"ImageObject","inLanguage":"pt-BR","@id":"https:\/\/fieam.org.br\/sesi\/#\/schema\/logo\/image\/","url":"https:\/\/fieam.org.br\/sesi\/wp-content\/uploads\/sites\/14\/2024\/03\/cropped-fav.png","contentUrl":"https:\/\/fieam.org.br\/sesi\/wp-content\/uploads\/sites\/14\/2024\/03\/cropped-fav.png","width":610,"height":589,"caption":"SESI"},"image":{"@id":"https:\/\/fieam.org.br\/sesi\/#\/schema\/logo\/image\/"}}]}},"_links":{"self":[{"href":"https:\/\/fieam.org.br\/sesi\/wp-json\/wp\/v2\/pages\/19315","targetHints":{"allow":["GET"]}}],"collection":[{"href":"https:\/\/fieam.org.br\/sesi\/wp-json\/wp\/v2\/pages"}],"about":[{"href":"https:\/\/fieam.org.br\/sesi\/wp-json\/wp\/v2\/types\/page"}],"author":[{"embeddable":true,"href":"https:\/\/fieam.org.br\/sesi\/wp-json\/wp\/v2\/users\/1"}],"replies":[{"embeddable":true,"href":"https:\/\/fieam.org.br\/sesi\/wp-json\/wp\/v2\/comments?post=19315"}],"version-history":[{"count":0,"href":"https:\/\/fieam.org.br\/sesi\/wp-json\/wp\/v2\/pages\/19315\/revisions"}],"wp:attachment":[{"href":"https:\/\/fieam.org.br\/sesi\/wp-json\/wp\/v2\/media?parent=19315"}],"curies":[{"name":"wp","href":"https:\/\/api.w.org\/{rel}","templated":true}]}}