{"id":19312,"date":"2010-11-17T22:15:53","date_gmt":"2010-11-17T22:15:53","guid":{"rendered":"http:\/\/www.fieam.org.br\/site\/sesi\/"},"modified":"2010-11-17T22:15:53","modified_gmt":"2010-11-17T22:15:53","slug":"educacao","status":"publish","type":"page","link":"https:\/\/fieam.org.br\/sesi\/educacao\/","title":{"rendered":"Educa\u00e7\u00e3o"},"content":{"rendered":"<p>O Sistema SESI de Ensino oferece educa\u00e7\u00e3o b\u00e1sica de qualidade para os trabalhadores da ind\u00fastria e seus dependentes com a proposta de formar pessoas para o mundo do trabalho. As escolas do SESI estimulam a criatividade, a capacidade de inova\u00e7\u00e3o, o empreendedorismo, a responsabilidade social e ambiental dos estudantes sejam eles crian\u00e7as, jovens ou adultos.<\/p>\n<div class=\"post\">\n<p>Al\u00e9m da educa\u00e7\u00e3o formal, o SESI, em parceria com o Servi\u00e7o Nacional de Aprendizagem Industrial (SENAI), mant\u00e9m o programa Educa\u00e7\u00e3o B\u00e1sica articulada com Educa\u00e7\u00e3o Profissional (EBEP), em que os estudantes cursam o Ensino M\u00e9dio junto com algum curso profissionalizante . Ao conclu\u00edrem o&nbsp; curso, estar\u00e3o qualificados para ingressar no mercado de trabalho.<\/p>\n<p>Na \u00e1rea de Educa\u00e7\u00e3o Continuada, o SESI atua no processo de forma\u00e7\u00e3o continuada nas \u00e1reas de Educa\u00e7\u00e3o, Seguran\u00e7a e Sa\u00fade no Trabalho, Qualidade de Vida, Gest\u00e3o e Vida Saud\u00e1vel, desenvolvendo&nbsp; a\u00e7\u00f5es <em>In Company<\/em> ou nas suas unidades para os trabalhadores da ind\u00fastria, seus dependentes e p\u00fablico em geral com faixa et\u00e1ria a partir dos 16 anos.<\/p>\n<p>O SESI\/AM tamb\u00e9m tem cursos de alfabetiza\u00e7\u00e3o e educa\u00e7\u00e3o b\u00e1sica para jovens e adultos, cujos projetos pedag\u00f3gicos e inovadores privilegiam e fortalecem as compet\u00eancias individuais, al\u00e9m de promover o desenvolvimento pessoal e profissional dos estudantes. &nbsp;Os cursos de alfabetiza\u00e7\u00e3o e de educa\u00e7\u00e3o para jovens e adultos s\u00e3o oferecidos tanto nas escolas do SESI quanto nas empresas.<\/p>\n<\/div>\n","protected":false},"excerpt":{"rendered":"<p>O Sistema SESI de Ensino oferece educa\u00e7\u00e3o b\u00e1sica de qualidade para os trabalhadores da ind\u00fastria e seus dependentes com a proposta de formar pessoas para o mundo do trabalho. As escolas do SESI estimulam a criatividade, a capacidade de inova\u00e7\u00e3o, o empreendedorismo, a responsabilidade social e ambiental dos estudantes sejam eles crian\u00e7as, jovens ou adultos. [&hellip;]<\/p>\n","protected":false},"author":1,"featured_media":0,"parent":0,"menu_order":0,"comment_status":"closed","ping_status":"closed","template":"page-templates\/sesi-educacao.php","meta":{"footnotes":""},"class_list":["post-19312","page","type-page","status-publish","hentry"],"yoast_head":"<!-- This site is optimized with the Yoast SEO plugin v26.8 - https:\/\/yoast.com\/product\/yoast-seo-wordpress\/ -->\n<title>Educa\u00e7\u00e3o - SESI<\/title>\n<meta name=\"robots\" content=\"index, follow, max-snippet:-1, max-image-preview:large, max-video-preview:-1\" \/>\n<link rel=\"canonical\" href=\"https:\/\/fieam.org.br\/sesi\/educacao\/\" \/>\n<meta property=\"og:locale\" content=\"pt_BR\" \/>\n<meta property=\"og:type\" content=\"article\" \/>\n<meta property=\"og:title\" content=\"Educa\u00e7\u00e3o - SESI\" \/>\n<meta property=\"og:description\" content=\"O Sistema SESI de Ensino oferece educa\u00e7\u00e3o b\u00e1sica de qualidade para os trabalhadores da ind\u00fastria e seus dependentes com a proposta de formar pessoas para o mundo do trabalho. As escolas do SESI estimulam a criatividade, a capacidade de inova\u00e7\u00e3o, o empreendedorismo, a responsabilidade social e ambiental dos estudantes sejam eles crian\u00e7as, jovens ou adultos. [&hellip;]\" \/>\n<meta property=\"og:url\" content=\"https:\/\/fieam.org.br\/sesi\/educacao\/\" \/>\n<meta property=\"og:site_name\" content=\"SESI\" \/>\n<meta name=\"twitter:card\" content=\"summary_large_image\" \/>\n<meta name=\"twitter:label1\" content=\"Est. tempo de leitura\" \/>\n\t<meta name=\"twitter:data1\" content=\"1 minuto\" \/>\n<script type=\"application\/ld+json\" class=\"yoast-schema-graph\">{\"@context\":\"https:\/\/schema.org\",\"@graph\":[{\"@type\":\"WebPage\",\"@id\":\"https:\/\/fieam.org.br\/sesi\/educacao\/\",\"url\":\"https:\/\/fieam.org.br\/sesi\/educacao\/\",\"name\":\"Educa\u00e7\u00e3o - SESI\",\"isPartOf\":{\"@id\":\"https:\/\/fieam.org.br\/sesi\/#website\"},\"datePublished\":\"2010-11-17T22:15:53+00:00\",\"breadcrumb\":{\"@id\":\"https:\/\/fieam.org.br\/sesi\/educacao\/#breadcrumb\"},\"inLanguage\":\"pt-BR\",\"potentialAction\":[{\"@type\":\"ReadAction\",\"target\":[\"https:\/\/fieam.org.br\/sesi\/educacao\/\"]}]},{\"@type\":\"BreadcrumbList\",\"@id\":\"https:\/\/fieam.org.br\/sesi\/educacao\/#breadcrumb\",\"itemListElement\":[{\"@type\":\"ListItem\",\"position\":1,\"name\":\"In\u00edcio\",\"item\":\"https:\/\/fieam.org.br\/sesi\/\"},{\"@type\":\"ListItem\",\"position\":2,\"name\":\"Educa\u00e7\u00e3o\"}]},{\"@type\":\"WebSite\",\"@id\":\"https:\/\/fieam.org.br\/sesi\/#website\",\"url\":\"https:\/\/fieam.org.br\/sesi\/\",\"name\":\"SESI\",\"description\":\"Site Oficial!\",\"publisher\":{\"@id\":\"https:\/\/fieam.org.br\/sesi\/#organization\"},\"potentialAction\":[{\"@type\":\"SearchAction\",\"target\":{\"@type\":\"EntryPoint\",\"urlTemplate\":\"https:\/\/fieam.org.br\/sesi\/?s={search_term_string}\"},\"query-input\":{\"@type\":\"PropertyValueSpecification\",\"valueRequired\":true,\"valueName\":\"search_term_string\"}}],\"inLanguage\":\"pt-BR\"},{\"@type\":\"Organization\",\"@id\":\"https:\/\/fieam.org.br\/sesi\/#organization\",\"name\":\"SESI\",\"url\":\"https:\/\/fieam.org.br\/sesi\/\",\"logo\":{\"@type\":\"ImageObject\",\"inLanguage\":\"pt-BR\",\"@id\":\"https:\/\/fieam.org.br\/sesi\/#\/schema\/logo\/image\/\",\"url\":\"https:\/\/fieam.org.br\/sesi\/wp-content\/uploads\/sites\/14\/2024\/03\/cropped-fav.png\",\"contentUrl\":\"https:\/\/fieam.org.br\/sesi\/wp-content\/uploads\/sites\/14\/2024\/03\/cropped-fav.png\",\"width\":610,\"height\":589,\"caption\":\"SESI\"},\"image\":{\"@id\":\"https:\/\/fieam.org.br\/sesi\/#\/schema\/logo\/image\/\"}}]}<\/script>\n<!-- \/ Yoast SEO plugin. -->","yoast_head_json":{"title":"Educa\u00e7\u00e3o - SESI","robots":{"index":"index","follow":"follow","max-snippet":"max-snippet:-1","max-image-preview":"max-image-preview:large","max-video-preview":"max-video-preview:-1"},"canonical":"https:\/\/fieam.org.br\/sesi\/educacao\/","og_locale":"pt_BR","og_type":"article","og_title":"Educa\u00e7\u00e3o - SESI","og_description":"O Sistema SESI de Ensino oferece educa\u00e7\u00e3o b\u00e1sica de qualidade para os trabalhadores da ind\u00fastria e seus dependentes com a proposta de formar pessoas para o mundo do trabalho. As escolas do SESI estimulam a criatividade, a capacidade de inova\u00e7\u00e3o, o empreendedorismo, a responsabilidade social e ambiental dos estudantes sejam eles crian\u00e7as, jovens ou adultos. [&hellip;]","og_url":"https:\/\/fieam.org.br\/sesi\/educacao\/","og_site_name":"SESI","twitter_card":"summary_large_image","twitter_misc":{"Est. tempo de leitura":"1 minuto"},"schema":{"@context":"https:\/\/schema.org","@graph":[{"@type":"WebPage","@id":"https:\/\/fieam.org.br\/sesi\/educacao\/","url":"https:\/\/fieam.org.br\/sesi\/educacao\/","name":"Educa\u00e7\u00e3o - SESI","isPartOf":{"@id":"https:\/\/fieam.org.br\/sesi\/#website"},"datePublished":"2010-11-17T22:15:53+00:00","breadcrumb":{"@id":"https:\/\/fieam.org.br\/sesi\/educacao\/#breadcrumb"},"inLanguage":"pt-BR","potentialAction":[{"@type":"ReadAction","target":["https:\/\/fieam.org.br\/sesi\/educacao\/"]}]},{"@type":"BreadcrumbList","@id":"https:\/\/fieam.org.br\/sesi\/educacao\/#breadcrumb","itemListElement":[{"@type":"ListItem","position":1,"name":"In\u00edcio","item":"https:\/\/fieam.org.br\/sesi\/"},{"@type":"ListItem","position":2,"name":"Educa\u00e7\u00e3o"}]},{"@type":"WebSite","@id":"https:\/\/fieam.org.br\/sesi\/#website","url":"https:\/\/fieam.org.br\/sesi\/","name":"SESI","description":"Site Oficial!","publisher":{"@id":"https:\/\/fieam.org.br\/sesi\/#organization"},"potentialAction":[{"@type":"SearchAction","target":{"@type":"EntryPoint","urlTemplate":"https:\/\/fieam.org.br\/sesi\/?s={search_term_string}"},"query-input":{"@type":"PropertyValueSpecification","valueRequired":true,"valueName":"search_term_string"}}],"inLanguage":"pt-BR"},{"@type":"Organization","@id":"https:\/\/fieam.org.br\/sesi\/#organization","name":"SESI","url":"https:\/\/fieam.org.br\/sesi\/","logo":{"@type":"ImageObject","inLanguage":"pt-BR","@id":"https:\/\/fieam.org.br\/sesi\/#\/schema\/logo\/image\/","url":"https:\/\/fieam.org.br\/sesi\/wp-content\/uploads\/sites\/14\/2024\/03\/cropped-fav.png","contentUrl":"https:\/\/fieam.org.br\/sesi\/wp-content\/uploads\/sites\/14\/2024\/03\/cropped-fav.png","width":610,"height":589,"caption":"SESI"},"image":{"@id":"https:\/\/fieam.org.br\/sesi\/#\/schema\/logo\/image\/"}}]}},"_links":{"self":[{"href":"https:\/\/fieam.org.br\/sesi\/wp-json\/wp\/v2\/pages\/19312","targetHints":{"allow":["GET"]}}],"collection":[{"href":"https:\/\/fieam.org.br\/sesi\/wp-json\/wp\/v2\/pages"}],"about":[{"href":"https:\/\/fieam.org.br\/sesi\/wp-json\/wp\/v2\/types\/page"}],"author":[{"embeddable":true,"href":"https:\/\/fieam.org.br\/sesi\/wp-json\/wp\/v2\/users\/1"}],"replies":[{"embeddable":true,"href":"https:\/\/fieam.org.br\/sesi\/wp-json\/wp\/v2\/comments?post=19312"}],"version-history":[{"count":0,"href":"https:\/\/fieam.org.br\/sesi\/wp-json\/wp\/v2\/pages\/19312\/revisions"}],"wp:attachment":[{"href":"https:\/\/fieam.org.br\/sesi\/wp-json\/wp\/v2\/media?parent=19312"}],"curies":[{"name":"wp","href":"https:\/\/api.w.org\/{rel}","templated":true}]}}