{"id":19304,"date":"2010-10-20T19:06:25","date_gmt":"2010-10-20T19:06:25","guid":{"rendered":"http:\/\/www.fieam.org.br\/site\/sesi\/"},"modified":"2010-10-20T19:06:25","modified_gmt":"2010-10-20T19:06:25","slug":"lazer-sesi-esporte","status":"publish","type":"page","link":"https:\/\/fieam.org.br\/sesi\/lazer-sesi-esporte\/","title":{"rendered":"Lazer &#8211; SESI Esporte"},"content":{"rendered":"<p>\u00c9 um programa que se fundamenta em a\u00e7\u00f5es esportivas direcionadas aos industri\u00e1rios, dependentes e p\u00fablico em geral.<\/p>\n<p><strong>FORMA\u00c7\u00c3O ESPORTIVA\u00a0<\/strong><\/p>\n<ul>\n<li>Karat\u00ea<\/li>\n<li>Jiu-Jitsu<\/li>\n<li>Futsal<\/li>\n<li>Nata\u00e7\u00e3o<\/li>\n<\/ul>\n<p><strong>JOGOS DO SESI<\/strong><\/p>\n<p>O SESI Jogos Estaduais \u00e9 um evento esportivo da ind\u00fastria regional que revela trabalhadores-atletas, promovendo a intera\u00e7\u00e3o entre as empresas do Polo Industrial de Manaus e a participa\u00e7\u00e3o nos Regionais, Nacionais e Internacionais.<\/p>\n<p><strong>EVENTOS, ASSESSORIA E CONSULTORIA ESPORTIVA NA EMPRESA<\/strong><\/p>\n<p>Consiste em promover e organizar eventos esportivos <em>in company: <\/em>campeonatos, torneios, corridas, caminhadas, circuitos e gincanas esportivas.<\/p>\n<p><strong>ATLETA DO FUTURO<\/strong><\/p>\n<p>Promove a inclus\u00e3o social de crian\u00e7as e adolescentes com idade entre 6 e 17 anos, filhos de trabalhadores da ind\u00fastria e p\u00fablico em geral,\u00a0 por meio de a\u00e7\u00f5es esportivas, lazer e cultura.<\/p>\n<p><strong>ATIVIDADES F\u00cdSICAS<\/strong><\/p>\n<ul>\n<li>Academia<\/li>\n<li>Hidrogin\u00e1stica<\/li>\n<li>Nata\u00e7\u00e3o<\/li>\n<li>Caminhada orientada<\/li>\n<\/ul>\n","protected":false},"excerpt":{"rendered":"<p>\u00c9 um programa que se fundamenta em a\u00e7\u00f5es esportivas direcionadas aos industri\u00e1rios, dependentes e p\u00fablico em geral. FORMA\u00c7\u00c3O ESPORTIVA\u00a0 Karat\u00ea Jiu-Jitsu Futsal Nata\u00e7\u00e3o JOGOS DO SESI O SESI Jogos Estaduais \u00e9 um evento esportivo da ind\u00fastria regional que revela trabalhadores-atletas, promovendo a intera\u00e7\u00e3o entre as empresas do Polo Industrial de Manaus e a participa\u00e7\u00e3o nos [&hellip;]<\/p>\n","protected":false},"author":1,"featured_media":0,"parent":0,"menu_order":0,"comment_status":"open","ping_status":"open","template":"","meta":{"footnotes":""},"class_list":["post-19304","page","type-page","status-publish","hentry"],"yoast_head":"<!-- This site is optimized with the Yoast SEO plugin v26.8 - https:\/\/yoast.com\/product\/yoast-seo-wordpress\/ -->\n<title>Lazer - SESI Esporte - SESI<\/title>\n<meta name=\"robots\" content=\"index, follow, max-snippet:-1, max-image-preview:large, max-video-preview:-1\" \/>\n<link rel=\"canonical\" href=\"https:\/\/fieam.org.br\/sesi\/lazer-sesi-esporte\/\" \/>\n<meta property=\"og:locale\" content=\"pt_BR\" \/>\n<meta property=\"og:type\" content=\"article\" \/>\n<meta property=\"og:title\" content=\"Lazer - SESI Esporte - SESI\" \/>\n<meta property=\"og:description\" content=\"\u00c9 um programa que se fundamenta em a\u00e7\u00f5es esportivas direcionadas aos industri\u00e1rios, dependentes e p\u00fablico em geral. FORMA\u00c7\u00c3O ESPORTIVA\u00a0 Karat\u00ea Jiu-Jitsu Futsal Nata\u00e7\u00e3o JOGOS DO SESI O SESI Jogos Estaduais \u00e9 um evento esportivo da ind\u00fastria regional que revela trabalhadores-atletas, promovendo a intera\u00e7\u00e3o entre as empresas do Polo Industrial de Manaus e a participa\u00e7\u00e3o nos [&hellip;]\" \/>\n<meta property=\"og:url\" content=\"https:\/\/fieam.org.br\/sesi\/lazer-sesi-esporte\/\" \/>\n<meta property=\"og:site_name\" content=\"SESI\" \/>\n<meta name=\"twitter:card\" content=\"summary_large_image\" \/>\n<meta name=\"twitter:label1\" content=\"Est. tempo de leitura\" \/>\n\t<meta name=\"twitter:data1\" content=\"1 minuto\" \/>\n<script type=\"application\/ld+json\" class=\"yoast-schema-graph\">{\"@context\":\"https:\/\/schema.org\",\"@graph\":[{\"@type\":\"WebPage\",\"@id\":\"https:\/\/fieam.org.br\/sesi\/lazer-sesi-esporte\/\",\"url\":\"https:\/\/fieam.org.br\/sesi\/lazer-sesi-esporte\/\",\"name\":\"Lazer - SESI Esporte - SESI\",\"isPartOf\":{\"@id\":\"https:\/\/fieam.org.br\/sesi\/#website\"},\"datePublished\":\"2010-10-20T19:06:25+00:00\",\"breadcrumb\":{\"@id\":\"https:\/\/fieam.org.br\/sesi\/lazer-sesi-esporte\/#breadcrumb\"},\"inLanguage\":\"pt-BR\",\"potentialAction\":[{\"@type\":\"ReadAction\",\"target\":[\"https:\/\/fieam.org.br\/sesi\/lazer-sesi-esporte\/\"]}]},{\"@type\":\"BreadcrumbList\",\"@id\":\"https:\/\/fieam.org.br\/sesi\/lazer-sesi-esporte\/#breadcrumb\",\"itemListElement\":[{\"@type\":\"ListItem\",\"position\":1,\"name\":\"In\u00edcio\",\"item\":\"https:\/\/fieam.org.br\/sesi\/\"},{\"@type\":\"ListItem\",\"position\":2,\"name\":\"Lazer &#8211; SESI Esporte\"}]},{\"@type\":\"WebSite\",\"@id\":\"https:\/\/fieam.org.br\/sesi\/#website\",\"url\":\"https:\/\/fieam.org.br\/sesi\/\",\"name\":\"SESI\",\"description\":\"Site Oficial!\",\"publisher\":{\"@id\":\"https:\/\/fieam.org.br\/sesi\/#organization\"},\"potentialAction\":[{\"@type\":\"SearchAction\",\"target\":{\"@type\":\"EntryPoint\",\"urlTemplate\":\"https:\/\/fieam.org.br\/sesi\/?s={search_term_string}\"},\"query-input\":{\"@type\":\"PropertyValueSpecification\",\"valueRequired\":true,\"valueName\":\"search_term_string\"}}],\"inLanguage\":\"pt-BR\"},{\"@type\":\"Organization\",\"@id\":\"https:\/\/fieam.org.br\/sesi\/#organization\",\"name\":\"SESI\",\"url\":\"https:\/\/fieam.org.br\/sesi\/\",\"logo\":{\"@type\":\"ImageObject\",\"inLanguage\":\"pt-BR\",\"@id\":\"https:\/\/fieam.org.br\/sesi\/#\/schema\/logo\/image\/\",\"url\":\"https:\/\/fieam.org.br\/sesi\/wp-content\/uploads\/sites\/14\/2024\/03\/cropped-fav.png\",\"contentUrl\":\"https:\/\/fieam.org.br\/sesi\/wp-content\/uploads\/sites\/14\/2024\/03\/cropped-fav.png\",\"width\":610,\"height\":589,\"caption\":\"SESI\"},\"image\":{\"@id\":\"https:\/\/fieam.org.br\/sesi\/#\/schema\/logo\/image\/\"}}]}<\/script>\n<!-- \/ Yoast SEO plugin. -->","yoast_head_json":{"title":"Lazer - SESI Esporte - SESI","robots":{"index":"index","follow":"follow","max-snippet":"max-snippet:-1","max-image-preview":"max-image-preview:large","max-video-preview":"max-video-preview:-1"},"canonical":"https:\/\/fieam.org.br\/sesi\/lazer-sesi-esporte\/","og_locale":"pt_BR","og_type":"article","og_title":"Lazer - SESI Esporte - SESI","og_description":"\u00c9 um programa que se fundamenta em a\u00e7\u00f5es esportivas direcionadas aos industri\u00e1rios, dependentes e p\u00fablico em geral. FORMA\u00c7\u00c3O ESPORTIVA\u00a0 Karat\u00ea Jiu-Jitsu Futsal Nata\u00e7\u00e3o JOGOS DO SESI O SESI Jogos Estaduais \u00e9 um evento esportivo da ind\u00fastria regional que revela trabalhadores-atletas, promovendo a intera\u00e7\u00e3o entre as empresas do Polo Industrial de Manaus e a participa\u00e7\u00e3o nos [&hellip;]","og_url":"https:\/\/fieam.org.br\/sesi\/lazer-sesi-esporte\/","og_site_name":"SESI","twitter_card":"summary_large_image","twitter_misc":{"Est. tempo de leitura":"1 minuto"},"schema":{"@context":"https:\/\/schema.org","@graph":[{"@type":"WebPage","@id":"https:\/\/fieam.org.br\/sesi\/lazer-sesi-esporte\/","url":"https:\/\/fieam.org.br\/sesi\/lazer-sesi-esporte\/","name":"Lazer - SESI Esporte - SESI","isPartOf":{"@id":"https:\/\/fieam.org.br\/sesi\/#website"},"datePublished":"2010-10-20T19:06:25+00:00","breadcrumb":{"@id":"https:\/\/fieam.org.br\/sesi\/lazer-sesi-esporte\/#breadcrumb"},"inLanguage":"pt-BR","potentialAction":[{"@type":"ReadAction","target":["https:\/\/fieam.org.br\/sesi\/lazer-sesi-esporte\/"]}]},{"@type":"BreadcrumbList","@id":"https:\/\/fieam.org.br\/sesi\/lazer-sesi-esporte\/#breadcrumb","itemListElement":[{"@type":"ListItem","position":1,"name":"In\u00edcio","item":"https:\/\/fieam.org.br\/sesi\/"},{"@type":"ListItem","position":2,"name":"Lazer &#8211; SESI Esporte"}]},{"@type":"WebSite","@id":"https:\/\/fieam.org.br\/sesi\/#website","url":"https:\/\/fieam.org.br\/sesi\/","name":"SESI","description":"Site Oficial!","publisher":{"@id":"https:\/\/fieam.org.br\/sesi\/#organization"},"potentialAction":[{"@type":"SearchAction","target":{"@type":"EntryPoint","urlTemplate":"https:\/\/fieam.org.br\/sesi\/?s={search_term_string}"},"query-input":{"@type":"PropertyValueSpecification","valueRequired":true,"valueName":"search_term_string"}}],"inLanguage":"pt-BR"},{"@type":"Organization","@id":"https:\/\/fieam.org.br\/sesi\/#organization","name":"SESI","url":"https:\/\/fieam.org.br\/sesi\/","logo":{"@type":"ImageObject","inLanguage":"pt-BR","@id":"https:\/\/fieam.org.br\/sesi\/#\/schema\/logo\/image\/","url":"https:\/\/fieam.org.br\/sesi\/wp-content\/uploads\/sites\/14\/2024\/03\/cropped-fav.png","contentUrl":"https:\/\/fieam.org.br\/sesi\/wp-content\/uploads\/sites\/14\/2024\/03\/cropped-fav.png","width":610,"height":589,"caption":"SESI"},"image":{"@id":"https:\/\/fieam.org.br\/sesi\/#\/schema\/logo\/image\/"}}]}},"_links":{"self":[{"href":"https:\/\/fieam.org.br\/sesi\/wp-json\/wp\/v2\/pages\/19304","targetHints":{"allow":["GET"]}}],"collection":[{"href":"https:\/\/fieam.org.br\/sesi\/wp-json\/wp\/v2\/pages"}],"about":[{"href":"https:\/\/fieam.org.br\/sesi\/wp-json\/wp\/v2\/types\/page"}],"author":[{"embeddable":true,"href":"https:\/\/fieam.org.br\/sesi\/wp-json\/wp\/v2\/users\/1"}],"replies":[{"embeddable":true,"href":"https:\/\/fieam.org.br\/sesi\/wp-json\/wp\/v2\/comments?post=19304"}],"version-history":[{"count":0,"href":"https:\/\/fieam.org.br\/sesi\/wp-json\/wp\/v2\/pages\/19304\/revisions"}],"wp:attachment":[{"href":"https:\/\/fieam.org.br\/sesi\/wp-json\/wp\/v2\/media?parent=19304"}],"curies":[{"name":"wp","href":"https:\/\/api.w.org\/{rel}","templated":true}]}}