{"id":19296,"date":"2010-10-20T15:44:08","date_gmt":"2010-10-20T15:44:08","guid":{"rendered":"http:\/\/www.fieam.org.br\/site\/sesi\/"},"modified":"2010-10-20T15:44:08","modified_gmt":"2010-10-20T15:44:08","slug":"educacao-eja","status":"publish","type":"page","link":"https:\/\/fieam.org.br\/sesi\/educacao-eja\/","title":{"rendered":"Educa\u00e7\u00e3o &#8211; EJA"},"content":{"rendered":"<p><a href=\"http:\/\/www.fieam.org.br\/site\/sesi\/files\/2010\/10\/eja1.jpg\"><img decoding=\"async\" class=\"alignleft size-full wp-image-301\" src=\"http:\/\/www.fieam.org.br\/site\/sesi\/files\/2010\/10\/eja1.jpg\" alt=\"\" width=\"247\" height=\"165\" \/><\/a>Presente nos 27 Departamentos Regionais do SESI, a EJA j\u00e1 atendeu mais de um milh\u00e3o de alunos trabalhadores. Um resultado da ades\u00e3o de empresas, secretarias estaduais e municipais de educa\u00e7\u00e3o, prefeituras, sindicatos, igrejas e associa\u00e7\u00f5es comunit\u00e1rias que se preocupam com a forma\u00e7\u00e3o de cidad\u00e3os.<\/p>\n<p>O SESI Amazonas \u00e9 respons\u00e1vel pela implanta\u00e7\u00e3o e capacita\u00e7\u00e3o dos profissionais, supervis\u00e3o, defini\u00e7\u00e3o metodol\u00f3gica, avalia\u00e7\u00e3o e certifica\u00e7\u00e3o dos alunos. Utilizam-se instrumentos pedag\u00f3gicos e curriculares adequados \u00e0s caracter\u00edsticas regionais e diferentes formas de atendimento presencial, semipresencial e a dist\u00e2ncia:<\/p>\n<ul>\n<li>Alfabetiza\u00e7\u00e3o de Jovens e Adultos (Pr\u00f3-Cidad\u00e3o);<\/li>\n<li>Ensino Fundamental 1\u00aa a 4\u00aa s\u00e9rie (Pr\u00f3-Cidad\u00e3o e SESIEduca);<\/li>\n<li>Ensino Fundamental 6\u00aa a 9\u00aa (SESIEduca e Novo Telecurso);<\/li>\n<li>Ensino M\u00e9dio (SESIEduca e Novo Telecurso);<\/li>\n<li>EBEP \u2013 Educa\u00e7\u00e3o B\u00e1sica (SESI) articulada com Educa\u00e7\u00e3o Profissional (SENAI);<\/li>\n<\/ul>\n<p><strong>&#8211; Pr\u00f3-Cidad\u00e3o<\/strong><\/p>\n<p>Pr\u00f3-Cidad\u00e3o abrange a alfabetiza\u00e7\u00e3o de Jovens e Adultos (EJA) e Ensino Fundamental (1\u00aa a 4\u00aa s\u00e9rie). Ao final do curso, o aluno ser\u00e1 capaz de ler e compreender mensagens escritas, expressar-se oralmente e realizar as opera\u00e7\u00f5es simples de matem\u00e1tica. Al\u00e9m de promover a cidadania: o homem, meio-ambiente e sociedade.<\/p>\n<p><strong> &#8211; SESI Educa<\/strong><\/p>\n<p>Idealizada pelo SESI\/RJ, \u00e9 disseminado pelo SESI Nacional para os outros estados brasileiros. Sua metodologia \u00e9 baseada em estrutura modular destinada aos jovens e adultos com a seguinte estrutura:<\/p>\n<ul>\n<li>Sala de aula multi seriada;<\/li>\n<li>Teoria alinhada \u00e0s pr\u00e1ticas cotidianas;<\/li>\n<li>Atendimento realizado em locais diversificados: Escolas do SESI, empresas, centros comunit\u00e1rios, sindicatos, igrejas, entre outros;<\/li>\n<li>Calend\u00e1rio letivo diferenciado do ensino regular;<\/li>\n<li>O aluno pode interromper seu curso ou se ausentar por per\u00edodos prolongados sem prejudicar as atividades curriculares;<\/li>\n<li>Credenciamento e reconhecimento do certificado de conclus\u00e3o pelo Conselho Estadual de Educa\u00e7\u00e3o;<\/li>\n<li>Avalia\u00e7\u00e3o cont\u00ednua;<\/li>\n<\/ul>\n<p>SESI Educa atua no Ensino Fundamental (1\u00aa a 9\u00aa) e M\u00e9dio. De 1\u00aa a 4\u00aa s\u00e9rie, as turmas s\u00e3o com 30 alunos, aulas modulares (73) e 2 horas di\u00e1rias durante a semana. As classes de 6\u00aa a 9\u00aa s\u00e3o formadas com 40 alunos, 3h por dia e 289 m\u00f3dulos. O Ensino M\u00e9dio tamb\u00e9m disponibiliza ambientes para 40 alunos, 3h20min di\u00e1rias e 401 m\u00f3dulos.<\/p>\n<p><strong> &#8211; Novo Telecurso<\/strong><\/p>\n<p>\u00c9 uma alternativa para a forma\u00e7\u00e3o e qualifica\u00e7\u00e3o profissional de jovens e adultos que n\u00e3o conclu\u00edram os seus estudos. S\u00e3o desenvolvidos conte\u00fados program\u00e1ticos direcionados ao Ensino Fundamental (6\u00aa a 9\u00aa) e M\u00e9dio, englobando quest\u00f5es de cidadania e empreendedorismo.\u00a0 Os recursos pedag\u00f3gicos incluem livros e tele aulas alinhadas ao cotidiano.\u00a0 O site do Novo Telecurso \u00e9\u00a0 <a href=\"http:\/\/www.novotelecurso.org.br\/\">http:\/\/www.novotelecurso.org.br<\/a>.<\/p>\n<p><strong> &#8211; Educa\u00e7\u00e3o B\u00e1sica (SESI) articulada com Educa\u00e7\u00e3o Profissional (SENAI)<\/strong><\/p>\n<ul>\n<li>Promove a Educa\u00e7\u00e3o B\u00e1sica em n\u00edvel fundamental por meio da EJA \u2013 Educa\u00e7\u00e3o de Jovens e Adultos;<\/li>\n<li>Qualifica profissionalmente com cursos de Instala\u00e7\u00f5es El\u00e9tricas Prediais do SENAI;<\/li>\n<li>18 meses de curso, sendo os seis primeiros direcionados para Educa\u00e7\u00e3o B\u00e1sica e os demais concomitantes com a Educa\u00e7\u00e3o Profissionalizante;<\/li>\n<li>Carga hor\u00e1ria de 4 horas di\u00e1rias.<\/li>\n<\/ul>\n","protected":false},"excerpt":{"rendered":"<p>Presente nos 27 Departamentos Regionais do SESI, a EJA j\u00e1 atendeu mais de um milh\u00e3o de alunos trabalhadores. Um resultado da ades\u00e3o de empresas, secretarias estaduais e municipais de educa\u00e7\u00e3o, prefeituras, sindicatos, igrejas e associa\u00e7\u00f5es comunit\u00e1rias que se preocupam com a forma\u00e7\u00e3o de cidad\u00e3os. O SESI Amazonas \u00e9 respons\u00e1vel pela implanta\u00e7\u00e3o e capacita\u00e7\u00e3o dos profissionais, [&hellip;]<\/p>\n","protected":false},"author":1,"featured_media":0,"parent":0,"menu_order":0,"comment_status":"open","ping_status":"open","template":"","meta":{"footnotes":""},"class_list":["post-19296","page","type-page","status-publish","hentry"],"yoast_head":"<!-- This site is optimized with the Yoast SEO plugin v26.8 - https:\/\/yoast.com\/product\/yoast-seo-wordpress\/ -->\n<title>Educa\u00e7\u00e3o - EJA - SESI<\/title>\n<meta name=\"robots\" content=\"index, follow, max-snippet:-1, max-image-preview:large, max-video-preview:-1\" \/>\n<link rel=\"canonical\" href=\"https:\/\/fieam.org.br\/sesi\/educacao-eja\/\" \/>\n<meta property=\"og:locale\" content=\"pt_BR\" \/>\n<meta property=\"og:type\" content=\"article\" \/>\n<meta property=\"og:title\" content=\"Educa\u00e7\u00e3o - EJA - SESI\" \/>\n<meta property=\"og:description\" content=\"Presente nos 27 Departamentos Regionais do SESI, a EJA j\u00e1 atendeu mais de um milh\u00e3o de alunos trabalhadores. Um resultado da ades\u00e3o de empresas, secretarias estaduais e municipais de educa\u00e7\u00e3o, prefeituras, sindicatos, igrejas e associa\u00e7\u00f5es comunit\u00e1rias que se preocupam com a forma\u00e7\u00e3o de cidad\u00e3os. O SESI Amazonas \u00e9 respons\u00e1vel pela implanta\u00e7\u00e3o e capacita\u00e7\u00e3o dos profissionais, [&hellip;]\" \/>\n<meta property=\"og:url\" content=\"https:\/\/fieam.org.br\/sesi\/educacao-eja\/\" \/>\n<meta property=\"og:site_name\" content=\"SESI\" \/>\n<meta property=\"og:image\" content=\"https:\/\/fieam.org.br\/sesi\/wp-content\/uploads\/sites\/14\/2010\/10\/eja1.jpg\" \/>\n\t<meta property=\"og:image:width\" content=\"300\" \/>\n\t<meta property=\"og:image:height\" content=\"200\" \/>\n\t<meta property=\"og:image:type\" content=\"image\/jpeg\" \/>\n<meta name=\"twitter:card\" content=\"summary_large_image\" \/>\n<meta name=\"twitter:label1\" content=\"Est. tempo de leitura\" \/>\n\t<meta name=\"twitter:data1\" content=\"3 minutos\" \/>\n<script type=\"application\/ld+json\" class=\"yoast-schema-graph\">{\"@context\":\"https:\/\/schema.org\",\"@graph\":[{\"@type\":\"WebPage\",\"@id\":\"https:\/\/fieam.org.br\/sesi\/educacao-eja\/\",\"url\":\"https:\/\/fieam.org.br\/sesi\/educacao-eja\/\",\"name\":\"Educa\u00e7\u00e3o - EJA - SESI\",\"isPartOf\":{\"@id\":\"https:\/\/fieam.org.br\/sesi\/#website\"},\"primaryImageOfPage\":{\"@id\":\"https:\/\/fieam.org.br\/sesi\/educacao-eja\/#primaryimage\"},\"image\":{\"@id\":\"https:\/\/fieam.org.br\/sesi\/educacao-eja\/#primaryimage\"},\"thumbnailUrl\":\"http:\/\/www.fieam.org.br\/site\/sesi\/files\/2010\/10\/eja1.jpg\",\"datePublished\":\"2010-10-20T15:44:08+00:00\",\"breadcrumb\":{\"@id\":\"https:\/\/fieam.org.br\/sesi\/educacao-eja\/#breadcrumb\"},\"inLanguage\":\"pt-BR\",\"potentialAction\":[{\"@type\":\"ReadAction\",\"target\":[\"https:\/\/fieam.org.br\/sesi\/educacao-eja\/\"]}]},{\"@type\":\"ImageObject\",\"inLanguage\":\"pt-BR\",\"@id\":\"https:\/\/fieam.org.br\/sesi\/educacao-eja\/#primaryimage\",\"url\":\"http:\/\/www.fieam.org.br\/site\/sesi\/files\/2010\/10\/eja1.jpg\",\"contentUrl\":\"http:\/\/www.fieam.org.br\/site\/sesi\/files\/2010\/10\/eja1.jpg\"},{\"@type\":\"BreadcrumbList\",\"@id\":\"https:\/\/fieam.org.br\/sesi\/educacao-eja\/#breadcrumb\",\"itemListElement\":[{\"@type\":\"ListItem\",\"position\":1,\"name\":\"In\u00edcio\",\"item\":\"https:\/\/fieam.org.br\/sesi\/\"},{\"@type\":\"ListItem\",\"position\":2,\"name\":\"Educa\u00e7\u00e3o &#8211; EJA\"}]},{\"@type\":\"WebSite\",\"@id\":\"https:\/\/fieam.org.br\/sesi\/#website\",\"url\":\"https:\/\/fieam.org.br\/sesi\/\",\"name\":\"SESI\",\"description\":\"Site Oficial!\",\"publisher\":{\"@id\":\"https:\/\/fieam.org.br\/sesi\/#organization\"},\"potentialAction\":[{\"@type\":\"SearchAction\",\"target\":{\"@type\":\"EntryPoint\",\"urlTemplate\":\"https:\/\/fieam.org.br\/sesi\/?s={search_term_string}\"},\"query-input\":{\"@type\":\"PropertyValueSpecification\",\"valueRequired\":true,\"valueName\":\"search_term_string\"}}],\"inLanguage\":\"pt-BR\"},{\"@type\":\"Organization\",\"@id\":\"https:\/\/fieam.org.br\/sesi\/#organization\",\"name\":\"SESI\",\"url\":\"https:\/\/fieam.org.br\/sesi\/\",\"logo\":{\"@type\":\"ImageObject\",\"inLanguage\":\"pt-BR\",\"@id\":\"https:\/\/fieam.org.br\/sesi\/#\/schema\/logo\/image\/\",\"url\":\"https:\/\/fieam.org.br\/sesi\/wp-content\/uploads\/sites\/14\/2024\/03\/cropped-fav.png\",\"contentUrl\":\"https:\/\/fieam.org.br\/sesi\/wp-content\/uploads\/sites\/14\/2024\/03\/cropped-fav.png\",\"width\":610,\"height\":589,\"caption\":\"SESI\"},\"image\":{\"@id\":\"https:\/\/fieam.org.br\/sesi\/#\/schema\/logo\/image\/\"}}]}<\/script>\n<!-- \/ Yoast SEO plugin. -->","yoast_head_json":{"title":"Educa\u00e7\u00e3o - EJA - SESI","robots":{"index":"index","follow":"follow","max-snippet":"max-snippet:-1","max-image-preview":"max-image-preview:large","max-video-preview":"max-video-preview:-1"},"canonical":"https:\/\/fieam.org.br\/sesi\/educacao-eja\/","og_locale":"pt_BR","og_type":"article","og_title":"Educa\u00e7\u00e3o - EJA - SESI","og_description":"Presente nos 27 Departamentos Regionais do SESI, a EJA j\u00e1 atendeu mais de um milh\u00e3o de alunos trabalhadores. Um resultado da ades\u00e3o de empresas, secretarias estaduais e municipais de educa\u00e7\u00e3o, prefeituras, sindicatos, igrejas e associa\u00e7\u00f5es comunit\u00e1rias que se preocupam com a forma\u00e7\u00e3o de cidad\u00e3os. O SESI Amazonas \u00e9 respons\u00e1vel pela implanta\u00e7\u00e3o e capacita\u00e7\u00e3o dos profissionais, [&hellip;]","og_url":"https:\/\/fieam.org.br\/sesi\/educacao-eja\/","og_site_name":"SESI","og_image":[{"width":300,"height":200,"url":"https:\/\/fieam.org.br\/sesi\/wp-content\/uploads\/sites\/14\/2010\/10\/eja1.jpg","type":"image\/jpeg"}],"twitter_card":"summary_large_image","twitter_misc":{"Est. tempo de leitura":"3 minutos"},"schema":{"@context":"https:\/\/schema.org","@graph":[{"@type":"WebPage","@id":"https:\/\/fieam.org.br\/sesi\/educacao-eja\/","url":"https:\/\/fieam.org.br\/sesi\/educacao-eja\/","name":"Educa\u00e7\u00e3o - EJA - SESI","isPartOf":{"@id":"https:\/\/fieam.org.br\/sesi\/#website"},"primaryImageOfPage":{"@id":"https:\/\/fieam.org.br\/sesi\/educacao-eja\/#primaryimage"},"image":{"@id":"https:\/\/fieam.org.br\/sesi\/educacao-eja\/#primaryimage"},"thumbnailUrl":"http:\/\/www.fieam.org.br\/site\/sesi\/files\/2010\/10\/eja1.jpg","datePublished":"2010-10-20T15:44:08+00:00","breadcrumb":{"@id":"https:\/\/fieam.org.br\/sesi\/educacao-eja\/#breadcrumb"},"inLanguage":"pt-BR","potentialAction":[{"@type":"ReadAction","target":["https:\/\/fieam.org.br\/sesi\/educacao-eja\/"]}]},{"@type":"ImageObject","inLanguage":"pt-BR","@id":"https:\/\/fieam.org.br\/sesi\/educacao-eja\/#primaryimage","url":"http:\/\/www.fieam.org.br\/site\/sesi\/files\/2010\/10\/eja1.jpg","contentUrl":"http:\/\/www.fieam.org.br\/site\/sesi\/files\/2010\/10\/eja1.jpg"},{"@type":"BreadcrumbList","@id":"https:\/\/fieam.org.br\/sesi\/educacao-eja\/#breadcrumb","itemListElement":[{"@type":"ListItem","position":1,"name":"In\u00edcio","item":"https:\/\/fieam.org.br\/sesi\/"},{"@type":"ListItem","position":2,"name":"Educa\u00e7\u00e3o &#8211; EJA"}]},{"@type":"WebSite","@id":"https:\/\/fieam.org.br\/sesi\/#website","url":"https:\/\/fieam.org.br\/sesi\/","name":"SESI","description":"Site Oficial!","publisher":{"@id":"https:\/\/fieam.org.br\/sesi\/#organization"},"potentialAction":[{"@type":"SearchAction","target":{"@type":"EntryPoint","urlTemplate":"https:\/\/fieam.org.br\/sesi\/?s={search_term_string}"},"query-input":{"@type":"PropertyValueSpecification","valueRequired":true,"valueName":"search_term_string"}}],"inLanguage":"pt-BR"},{"@type":"Organization","@id":"https:\/\/fieam.org.br\/sesi\/#organization","name":"SESI","url":"https:\/\/fieam.org.br\/sesi\/","logo":{"@type":"ImageObject","inLanguage":"pt-BR","@id":"https:\/\/fieam.org.br\/sesi\/#\/schema\/logo\/image\/","url":"https:\/\/fieam.org.br\/sesi\/wp-content\/uploads\/sites\/14\/2024\/03\/cropped-fav.png","contentUrl":"https:\/\/fieam.org.br\/sesi\/wp-content\/uploads\/sites\/14\/2024\/03\/cropped-fav.png","width":610,"height":589,"caption":"SESI"},"image":{"@id":"https:\/\/fieam.org.br\/sesi\/#\/schema\/logo\/image\/"}}]}},"_links":{"self":[{"href":"https:\/\/fieam.org.br\/sesi\/wp-json\/wp\/v2\/pages\/19296","targetHints":{"allow":["GET"]}}],"collection":[{"href":"https:\/\/fieam.org.br\/sesi\/wp-json\/wp\/v2\/pages"}],"about":[{"href":"https:\/\/fieam.org.br\/sesi\/wp-json\/wp\/v2\/types\/page"}],"author":[{"embeddable":true,"href":"https:\/\/fieam.org.br\/sesi\/wp-json\/wp\/v2\/users\/1"}],"replies":[{"embeddable":true,"href":"https:\/\/fieam.org.br\/sesi\/wp-json\/wp\/v2\/comments?post=19296"}],"version-history":[{"count":0,"href":"https:\/\/fieam.org.br\/sesi\/wp-json\/wp\/v2\/pages\/19296\/revisions"}],"wp:attachment":[{"href":"https:\/\/fieam.org.br\/sesi\/wp-json\/wp\/v2\/media?parent=19296"}],"curies":[{"name":"wp","href":"https:\/\/api.w.org\/{rel}","templated":true}]}}