{"id":9254,"date":"2020-06-01T13:12:26","date_gmt":"2020-06-01T17:12:26","guid":{"rendered":"http:\/\/www.fieam.org.br\/senai\/?page_id=9254"},"modified":"2024-03-07T03:48:14","modified_gmt":"2024-03-07T03:48:14","slug":"educacao-profissional-e-tecnologia-8","status":"publish","type":"page","link":"https:\/\/fieam.org.br\/senai\/educacao-profissional-e-tecnologia-8\/","title":{"rendered":"Educa\u00e7\u00e3o Profissional e Tecnologia"},"content":{"rendered":"\t\t<div data-elementor-type=\"wp-page\" data-elementor-id=\"9254\" class=\"elementor elementor-9254\" data-elementor-post-type=\"page\">\n\t\t\t\t\t\t<section class=\"elementor-section elementor-top-section elementor-element elementor-element-9b81b13 elementor-section-boxed elementor-section-height-default elementor-section-height-default\" data-id=\"9b81b13\" data-element_type=\"section\" data-settings=\"{&quot;background_background&quot;:&quot;classic&quot;,&quot;ekit_has_onepagescroll_dot&quot;:&quot;yes&quot;}\">\n\t\t\t\t\t\t\t<div class=\"elementor-background-overlay\"><\/div>\n\t\t\t\t\t\t\t<div class=\"elementor-container elementor-column-gap-default\">\n\t\t\t\t\t<div class=\"elementor-column elementor-col-100 elementor-top-column elementor-element elementor-element-f635813\" data-id=\"f635813\" data-element_type=\"column\">\n\t\t\t<div class=\"elementor-widget-wrap elementor-element-populated\">\n\t\t\t\t\t\t<div class=\"elementor-element elementor-element-2fd8388 elementor-widget__width-auto elementor-invisible elementor-widget elementor-widget-image\" data-id=\"2fd8388\" data-element_type=\"widget\" data-settings=\"{&quot;_animation&quot;:&quot;rotateIn&quot;,&quot;_animation_delay&quot;:720,&quot;ekit_we_effect_on&quot;:&quot;none&quot;}\" data-widget_type=\"image.default\">\n\t\t\t\t<div class=\"elementor-widget-container\">\n\t\t\t\t\t\t\t\t\t\t\t\t\t\t\t<img decoding=\"async\" width=\"45\" height=\"38\" src=\"https:\/\/fieam.org.br\/senai\/wp-content\/uploads\/sites\/16\/2024\/02\/setas.png\" class=\"attachment-full size-full wp-image-4668\" alt=\"\" \/>\t\t\t\t\t\t\t\t\t\t\t\t\t\t\t<\/div>\n\t\t\t\t<\/div>\n\t\t\t\t<div class=\"elementor-element elementor-element-43710f3 elementor-invisible elementor-widget elementor-widget-heading\" data-id=\"43710f3\" data-element_type=\"widget\" data-settings=\"{&quot;_animation&quot;:&quot;fadeInDown&quot;,&quot;ekit_we_effect_on&quot;:&quot;none&quot;}\" data-widget_type=\"heading.default\">\n\t\t\t\t<div class=\"elementor-widget-container\">\n\t\t\t\t\t<h2 class=\"elementor-heading-title elementor-size-default\">Educa\u00e7\u00e3o Profissional e Tecnologia<\/h2>\t\t\t\t<\/div>\n\t\t\t\t<\/div>\n\t\t\t\t<div class=\"elementor-element elementor-element-d8a6f96 elementor-invisible elementor-widget elementor-widget-heading\" data-id=\"d8a6f96\" data-element_type=\"widget\" data-settings=\"{&quot;_animation&quot;:&quot;fadeInUp&quot;,&quot;ekit_we_effect_on&quot;:&quot;none&quot;}\" data-widget_type=\"heading.default\">\n\t\t\t\t<div class=\"elementor-widget-container\">\n\t\t\t\t\t<div class=\"elementor-heading-title elementor-size-default\">Servi\u00e7o Nacional de Aprendizagem Industrial<\/div>\t\t\t\t<\/div>\n\t\t\t\t<\/div>\n\t\t\t\t\t<\/div>\n\t\t<\/div>\n\t\t\t\t\t<\/div>\n\t\t<\/section>\n\t\t<div class=\"elementor-element elementor-element-222b254f e-flex e-con-boxed e-con e-parent\" data-id=\"222b254f\" data-element_type=\"container\" data-settings=\"{&quot;ekit_has_onepagescroll_dot&quot;:&quot;yes&quot;}\">\n\t\t\t\t\t<div class=\"e-con-inner\">\n\t\t\t\t<div class=\"elementor-element elementor-element-7d269507 elementor-widget elementor-widget-text-editor\" data-id=\"7d269507\" data-element_type=\"widget\" data-settings=\"{&quot;ekit_we_effect_on&quot;:&quot;none&quot;}\" data-widget_type=\"text-editor.default\">\n\t\t\t\t<div class=\"elementor-widget-container\">\n\t\t\t\t\t\t\t\t\t<a href=\"https:\/\/marketingmassivo.com.br\/senai\/wp-content\/uploads\/sites\/13\/2023\/03\/original_Os_cursos_que_voce_procura_estao_aqui.jpg\"><img fetchpriority=\"high\" decoding=\"async\" class=\"aligncenter size-full wp-image-11720\" src=\"https:\/\/marketingmassivo.com.br\/senai\/wp-content\/uploads\/sites\/13\/2023\/03\/original_Os_cursos_que_voce_procura_estao_aqui.jpg\" alt=\"\" width=\"1000\" height=\"250\" srcset=\"https:\/\/fieam.org.br\/senai\/wp-content\/uploads\/sites\/16\/2023\/03\/original_Os_cursos_que_voce_procura_estao_aqui.jpg 1000w, https:\/\/fieam.org.br\/senai\/wp-content\/uploads\/sites\/16\/2023\/03\/original_Os_cursos_que_voce_procura_estao_aqui-300x75.jpg 300w, https:\/\/fieam.org.br\/senai\/wp-content\/uploads\/sites\/16\/2023\/03\/original_Os_cursos_que_voce_procura_estao_aqui-768x192.jpg 768w\" sizes=\"(max-width: 1000px) 100vw, 1000px\" \/><\/a>\n\n&nbsp;\n<h2><strong>Escola SENAI Dem\u00f3stenes Travessa &#8211;\u00a0 ESDT<\/strong><\/h2>\n&nbsp;\n\n\u00c1reas: Constru\u00e7\u00e3o Civil\n\n<strong>Os cursos oferecidos na \u00e1rea de Educa\u00e7\u00e3o Profissional e Tecnologia s\u00e3o:<\/strong>\n<ul>\n \t<li>Almoxarife de Obras<\/li>\n \t<li>Assentador Cer\u00e2mico porcelanato<\/li>\n \t<li>Assistente Administrativo na Constru\u00e7\u00e3o Civil<\/li>\n \t<li>Autocad 2D<\/li>\n \t<li>Auxiliar de Manuten\u00e7\u00e3o Predial<\/li>\n \t<li>Bombeiro Hidr\u00e1ulico<\/li>\n \t<li>Brigada de Inc\u00eandio<\/li>\n \t<li>Desenhista de Constru\u00e7\u00e3o Civil<\/li>\n \t<li>Desenhista de M\u00f3veis &#8211; PROMOB<\/li>\n \t<li>Design de M\u00f3veis e Ambientes<\/li>\n \t<li>Design de Produtos<\/li>\n \t<li>Eletricidade Aplicada a Constru\u00e7\u00e3o Civil<\/li>\n \t<li>Eletricista Instalador Predial de Baixa Tens\u00e3o<\/li>\n \t<li>Eletricista Instalador Residencial<\/li>\n \t<li>Eletricista Instalador Residencial &#8211; EAD<\/li>\n \t<li>Instalador de Sistemas Eletr\u00f4nico de Seguran\u00e7a<\/li>\n \t<li>Instalador Hidr\u00e1ulico \u2013 EAD<\/li>\n \t<li>Manuten\u00e7\u00e3o Predial<\/li>\n \t<li>Marceneiro de M\u00f3veis sob Medida &#8211; COZINHA<\/li>\n \t<li>Marceneiro de M\u00f3veis sob Medida &#8211; DORMIT\u00d3RIOS<\/li>\n \t<li>Montador de Andaimes &#8211; EAD<\/li>\n \t<li>Montador de M\u00f3veis<\/li>\n \t<li>Montador de Sistemas de Constru\u00e7\u00e3o a Seco<\/li>\n \t<li>Montador de Sistemas de Constru\u00e7\u00e3o a Seco &#8211; EAD<\/li>\n \t<li>NR 18 Condi\u00e7\u00f5es e Meio Ambiente de Trabalho na Ind\u00fastria da Constru\u00e7\u00e3o<\/li>\n \t<li>NR 35 Trabalho em altura<\/li>\n \t<li>Operador de M\u00e1quina de Marcenaria<\/li>\n \t<li>Or\u00e7amento de Obras<\/li>\n \t<li>Projetista de Sistemas de Combate a Inc\u00eandio<\/li>\n \t<li>Revit<\/li>\n<\/ul>\n&nbsp;\n\n<strong>Mais Informa\u00e7\u00f5es:<\/strong>\nAv. Rodrigo Ot\u00e1vio, 2394 _ Distrito Industrial\nFone: (92) 3182-9925\nWhatsApp: (92) 3182-9925\nE-mail:\u00a0<strong><a href=\"http:\/\/www.fieam.org.br\/senai\/educacao-profissional-e-tecnologia-5\/contactcenter@fieam.org.br\">contactcenter<\/a><\/strong><strong><a href=\"http:\/\/www.fieam.org.br\/senai\/educacao-profissional-e-tecnologia-5\/contactcenter@fieam.org.br\">@fieam.org.br<\/a><\/strong>\n\nA programa\u00e7\u00e3o atual encontra-se dispon\u00edvel no site:\n\n<a href=\"http:\/\/www.fieam.org.br\/senai\/cursos-do-senai\/\">http:\/\/www.fieam.org.br\/senai\/cursos-do-senai\/<\/a>\n\n&nbsp;\t\t\t\t\t\t\t\t<\/div>\n\t\t\t\t<\/div>\n\t\t\t\t\t<\/div>\n\t\t\t\t<\/div>\n\t\t\t\t<\/div>\n\t\t","protected":false},"excerpt":{"rendered":"<p>Educa\u00e7\u00e3o Profissional e Tecnologia Servi\u00e7o Nacional de Aprendizagem Industrial &nbsp; Escola SENAI Dem\u00f3stenes Travessa &#8211;\u00a0 ESDT &nbsp; \u00c1reas: Constru\u00e7\u00e3o Civil Os cursos oferecidos na \u00e1rea de Educa\u00e7\u00e3o Profissional e Tecnologia s\u00e3o: Almoxarife de Obras Assentador Cer\u00e2mico porcelanato Assistente Administrativo na Constru\u00e7\u00e3o Civil Autocad 2D Auxiliar de Manuten\u00e7\u00e3o Predial Bombeiro Hidr\u00e1ulico Brigada de Inc\u00eandio Desenhista de [&hellip;]<\/p>\n","protected":false},"author":1,"featured_media":0,"parent":0,"menu_order":0,"comment_status":"closed","ping_status":"closed","template":"","meta":{"footnotes":""},"class_list":["post-9254","page","type-page","status-publish","hentry"],"yoast_head":"<!-- This site is optimized with the Yoast SEO plugin v26.8 - https:\/\/yoast.com\/product\/yoast-seo-wordpress\/ -->\n<title>Educa\u00e7\u00e3o Profissional e Tecnologia - SENAI<\/title>\n<meta name=\"robots\" content=\"index, follow, max-snippet:-1, max-image-preview:large, max-video-preview:-1\" \/>\n<link rel=\"canonical\" href=\"https:\/\/fieam.org.br\/senai\/educacao-profissional-e-tecnologia-8\/\" \/>\n<meta property=\"og:locale\" content=\"pt_BR\" \/>\n<meta property=\"og:type\" content=\"article\" \/>\n<meta property=\"og:title\" content=\"Educa\u00e7\u00e3o Profissional e Tecnologia - SENAI\" \/>\n<meta property=\"og:description\" content=\"Educa\u00e7\u00e3o Profissional e Tecnologia Servi\u00e7o Nacional de Aprendizagem Industrial &nbsp; Escola SENAI Dem\u00f3stenes Travessa &#8211;\u00a0 ESDT &nbsp; \u00c1reas: Constru\u00e7\u00e3o Civil Os cursos oferecidos na \u00e1rea de Educa\u00e7\u00e3o Profissional e Tecnologia s\u00e3o: Almoxarife de Obras Assentador Cer\u00e2mico porcelanato Assistente Administrativo na Constru\u00e7\u00e3o Civil Autocad 2D Auxiliar de Manuten\u00e7\u00e3o Predial Bombeiro Hidr\u00e1ulico Brigada de Inc\u00eandio Desenhista de [&hellip;]\" \/>\n<meta property=\"og:url\" content=\"https:\/\/fieam.org.br\/senai\/educacao-profissional-e-tecnologia-8\/\" \/>\n<meta property=\"og:site_name\" content=\"SENAI\" \/>\n<meta property=\"article:modified_time\" content=\"2024-03-07T03:48:14+00:00\" \/>\n<meta property=\"og:image\" content=\"https:\/\/fieam.org.br\/senai\/wp-content\/uploads\/sites\/13\/2024\/02\/setas.png\" \/>\n<meta name=\"twitter:card\" content=\"summary_large_image\" \/>\n<meta name=\"twitter:label1\" content=\"Est. tempo de leitura\" \/>\n\t<meta name=\"twitter:data1\" content=\"1 minuto\" \/>\n<script type=\"application\/ld+json\" class=\"yoast-schema-graph\">{\"@context\":\"https:\/\/schema.org\",\"@graph\":[{\"@type\":\"WebPage\",\"@id\":\"https:\/\/fieam.org.br\/senai\/educacao-profissional-e-tecnologia-8\/\",\"url\":\"https:\/\/fieam.org.br\/senai\/educacao-profissional-e-tecnologia-8\/\",\"name\":\"Educa\u00e7\u00e3o Profissional e Tecnologia - SENAI\",\"isPartOf\":{\"@id\":\"https:\/\/fieam.org.br\/senai\/#website\"},\"primaryImageOfPage\":{\"@id\":\"https:\/\/fieam.org.br\/senai\/educacao-profissional-e-tecnologia-8\/#primaryimage\"},\"image\":{\"@id\":\"https:\/\/fieam.org.br\/senai\/educacao-profissional-e-tecnologia-8\/#primaryimage\"},\"thumbnailUrl\":\"https:\/\/fieam.org.br\/senai\/wp-content\/uploads\/sites\/13\/2024\/02\/setas.png\",\"datePublished\":\"2020-06-01T17:12:26+00:00\",\"dateModified\":\"2024-03-07T03:48:14+00:00\",\"breadcrumb\":{\"@id\":\"https:\/\/fieam.org.br\/senai\/educacao-profissional-e-tecnologia-8\/#breadcrumb\"},\"inLanguage\":\"pt-BR\",\"potentialAction\":[{\"@type\":\"ReadAction\",\"target\":[\"https:\/\/fieam.org.br\/senai\/educacao-profissional-e-tecnologia-8\/\"]}]},{\"@type\":\"ImageObject\",\"inLanguage\":\"pt-BR\",\"@id\":\"https:\/\/fieam.org.br\/senai\/educacao-profissional-e-tecnologia-8\/#primaryimage\",\"url\":\"https:\/\/fieam.org.br\/senai\/wp-content\/uploads\/sites\/13\/2024\/02\/setas.png\",\"contentUrl\":\"https:\/\/fieam.org.br\/senai\/wp-content\/uploads\/sites\/13\/2024\/02\/setas.png\"},{\"@type\":\"BreadcrumbList\",\"@id\":\"https:\/\/fieam.org.br\/senai\/educacao-profissional-e-tecnologia-8\/#breadcrumb\",\"itemListElement\":[{\"@type\":\"ListItem\",\"position\":1,\"name\":\"In\u00edcio\",\"item\":\"https:\/\/fieam.org.br\/senai\/\"},{\"@type\":\"ListItem\",\"position\":2,\"name\":\"Educa\u00e7\u00e3o Profissional e Tecnologia\"}]},{\"@type\":\"WebSite\",\"@id\":\"https:\/\/fieam.org.br\/senai\/#website\",\"url\":\"https:\/\/fieam.org.br\/senai\/\",\"name\":\"SENAI\",\"description\":\"Site Oficial!\",\"publisher\":{\"@id\":\"https:\/\/fieam.org.br\/senai\/#organization\"},\"potentialAction\":[{\"@type\":\"SearchAction\",\"target\":{\"@type\":\"EntryPoint\",\"urlTemplate\":\"https:\/\/fieam.org.br\/senai\/?s={search_term_string}\"},\"query-input\":{\"@type\":\"PropertyValueSpecification\",\"valueRequired\":true,\"valueName\":\"search_term_string\"}}],\"inLanguage\":\"pt-BR\"},{\"@type\":\"Organization\",\"@id\":\"https:\/\/fieam.org.br\/senai\/#organization\",\"name\":\"SENAI\",\"url\":\"https:\/\/fieam.org.br\/senai\/\",\"logo\":{\"@type\":\"ImageObject\",\"inLanguage\":\"pt-BR\",\"@id\":\"https:\/\/fieam.org.br\/senai\/#\/schema\/logo\/image\/\",\"url\":\"https:\/\/fieam.org.br\/senai\/wp-content\/uploads\/sites\/16\/2024\/03\/cropped-fav.png\",\"contentUrl\":\"https:\/\/fieam.org.br\/senai\/wp-content\/uploads\/sites\/16\/2024\/03\/cropped-fav.png\",\"width\":592,\"height\":577,\"caption\":\"SENAI\"},\"image\":{\"@id\":\"https:\/\/fieam.org.br\/senai\/#\/schema\/logo\/image\/\"}}]}<\/script>\n<!-- \/ Yoast SEO plugin. -->","yoast_head_json":{"title":"Educa\u00e7\u00e3o Profissional e Tecnologia - SENAI","robots":{"index":"index","follow":"follow","max-snippet":"max-snippet:-1","max-image-preview":"max-image-preview:large","max-video-preview":"max-video-preview:-1"},"canonical":"https:\/\/fieam.org.br\/senai\/educacao-profissional-e-tecnologia-8\/","og_locale":"pt_BR","og_type":"article","og_title":"Educa\u00e7\u00e3o Profissional e Tecnologia - SENAI","og_description":"Educa\u00e7\u00e3o Profissional e Tecnologia Servi\u00e7o Nacional de Aprendizagem Industrial &nbsp; Escola SENAI Dem\u00f3stenes Travessa &#8211;\u00a0 ESDT &nbsp; \u00c1reas: Constru\u00e7\u00e3o Civil Os cursos oferecidos na \u00e1rea de Educa\u00e7\u00e3o Profissional e Tecnologia s\u00e3o: Almoxarife de Obras Assentador Cer\u00e2mico porcelanato Assistente Administrativo na Constru\u00e7\u00e3o Civil Autocad 2D Auxiliar de Manuten\u00e7\u00e3o Predial Bombeiro Hidr\u00e1ulico Brigada de Inc\u00eandio Desenhista de [&hellip;]","og_url":"https:\/\/fieam.org.br\/senai\/educacao-profissional-e-tecnologia-8\/","og_site_name":"SENAI","article_modified_time":"2024-03-07T03:48:14+00:00","og_image":[{"url":"https:\/\/fieam.org.br\/senai\/wp-content\/uploads\/sites\/13\/2024\/02\/setas.png","type":"","width":"","height":""}],"twitter_card":"summary_large_image","twitter_misc":{"Est. tempo de leitura":"1 minuto"},"schema":{"@context":"https:\/\/schema.org","@graph":[{"@type":"WebPage","@id":"https:\/\/fieam.org.br\/senai\/educacao-profissional-e-tecnologia-8\/","url":"https:\/\/fieam.org.br\/senai\/educacao-profissional-e-tecnologia-8\/","name":"Educa\u00e7\u00e3o Profissional e Tecnologia - SENAI","isPartOf":{"@id":"https:\/\/fieam.org.br\/senai\/#website"},"primaryImageOfPage":{"@id":"https:\/\/fieam.org.br\/senai\/educacao-profissional-e-tecnologia-8\/#primaryimage"},"image":{"@id":"https:\/\/fieam.org.br\/senai\/educacao-profissional-e-tecnologia-8\/#primaryimage"},"thumbnailUrl":"https:\/\/fieam.org.br\/senai\/wp-content\/uploads\/sites\/13\/2024\/02\/setas.png","datePublished":"2020-06-01T17:12:26+00:00","dateModified":"2024-03-07T03:48:14+00:00","breadcrumb":{"@id":"https:\/\/fieam.org.br\/senai\/educacao-profissional-e-tecnologia-8\/#breadcrumb"},"inLanguage":"pt-BR","potentialAction":[{"@type":"ReadAction","target":["https:\/\/fieam.org.br\/senai\/educacao-profissional-e-tecnologia-8\/"]}]},{"@type":"ImageObject","inLanguage":"pt-BR","@id":"https:\/\/fieam.org.br\/senai\/educacao-profissional-e-tecnologia-8\/#primaryimage","url":"https:\/\/fieam.org.br\/senai\/wp-content\/uploads\/sites\/13\/2024\/02\/setas.png","contentUrl":"https:\/\/fieam.org.br\/senai\/wp-content\/uploads\/sites\/13\/2024\/02\/setas.png"},{"@type":"BreadcrumbList","@id":"https:\/\/fieam.org.br\/senai\/educacao-profissional-e-tecnologia-8\/#breadcrumb","itemListElement":[{"@type":"ListItem","position":1,"name":"In\u00edcio","item":"https:\/\/fieam.org.br\/senai\/"},{"@type":"ListItem","position":2,"name":"Educa\u00e7\u00e3o Profissional e Tecnologia"}]},{"@type":"WebSite","@id":"https:\/\/fieam.org.br\/senai\/#website","url":"https:\/\/fieam.org.br\/senai\/","name":"SENAI","description":"Site Oficial!","publisher":{"@id":"https:\/\/fieam.org.br\/senai\/#organization"},"potentialAction":[{"@type":"SearchAction","target":{"@type":"EntryPoint","urlTemplate":"https:\/\/fieam.org.br\/senai\/?s={search_term_string}"},"query-input":{"@type":"PropertyValueSpecification","valueRequired":true,"valueName":"search_term_string"}}],"inLanguage":"pt-BR"},{"@type":"Organization","@id":"https:\/\/fieam.org.br\/senai\/#organization","name":"SENAI","url":"https:\/\/fieam.org.br\/senai\/","logo":{"@type":"ImageObject","inLanguage":"pt-BR","@id":"https:\/\/fieam.org.br\/senai\/#\/schema\/logo\/image\/","url":"https:\/\/fieam.org.br\/senai\/wp-content\/uploads\/sites\/16\/2024\/03\/cropped-fav.png","contentUrl":"https:\/\/fieam.org.br\/senai\/wp-content\/uploads\/sites\/16\/2024\/03\/cropped-fav.png","width":592,"height":577,"caption":"SENAI"},"image":{"@id":"https:\/\/fieam.org.br\/senai\/#\/schema\/logo\/image\/"}}]}},"_links":{"self":[{"href":"https:\/\/fieam.org.br\/senai\/wp-json\/wp\/v2\/pages\/9254","targetHints":{"allow":["GET"]}}],"collection":[{"href":"https:\/\/fieam.org.br\/senai\/wp-json\/wp\/v2\/pages"}],"about":[{"href":"https:\/\/fieam.org.br\/senai\/wp-json\/wp\/v2\/types\/page"}],"author":[{"embeddable":true,"href":"https:\/\/fieam.org.br\/senai\/wp-json\/wp\/v2\/users\/1"}],"replies":[{"embeddable":true,"href":"https:\/\/fieam.org.br\/senai\/wp-json\/wp\/v2\/comments?post=9254"}],"version-history":[{"count":4,"href":"https:\/\/fieam.org.br\/senai\/wp-json\/wp\/v2\/pages\/9254\/revisions"}],"predecessor-version":[{"id":12474,"href":"https:\/\/fieam.org.br\/senai\/wp-json\/wp\/v2\/pages\/9254\/revisions\/12474"}],"wp:attachment":[{"href":"https:\/\/fieam.org.br\/senai\/wp-json\/wp\/v2\/media?parent=9254"}],"curies":[{"name":"wp","href":"https:\/\/api.w.org\/{rel}","templated":true}]}}