{"id":9252,"date":"2023-03-24T10:00:37","date_gmt":"2023-03-24T14:00:37","guid":{"rendered":"http:\/\/www.fieam.org.br\/senai\/?page_id=9252"},"modified":"2024-03-07T03:46:42","modified_gmt":"2024-03-07T03:46:42","slug":"escola-senai-demostenes-travessa-2","status":"publish","type":"page","link":"https:\/\/fieam.org.br\/senai\/escola-senai-demostenes-travessa-2\/","title":{"rendered":"Escola SENAI Dem\u00f3stenes Travessa"},"content":{"rendered":"\t\t<div data-elementor-type=\"wp-page\" data-elementor-id=\"9252\" class=\"elementor elementor-9252\" data-elementor-post-type=\"page\">\n\t\t\t\t\t\t<section class=\"elementor-section elementor-top-section elementor-element elementor-element-ded2422 elementor-section-boxed elementor-section-height-default elementor-section-height-default\" data-id=\"ded2422\" data-element_type=\"section\" data-settings=\"{&quot;background_background&quot;:&quot;classic&quot;,&quot;ekit_has_onepagescroll_dot&quot;:&quot;yes&quot;}\">\n\t\t\t\t\t\t\t<div class=\"elementor-background-overlay\"><\/div>\n\t\t\t\t\t\t\t<div class=\"elementor-container elementor-column-gap-default\">\n\t\t\t\t\t<div class=\"elementor-column elementor-col-100 elementor-top-column elementor-element elementor-element-3917f78\" data-id=\"3917f78\" data-element_type=\"column\">\n\t\t\t<div class=\"elementor-widget-wrap elementor-element-populated\">\n\t\t\t\t\t\t<div class=\"elementor-element elementor-element-d1f6f46 elementor-widget__width-auto elementor-invisible elementor-widget elementor-widget-image\" data-id=\"d1f6f46\" data-element_type=\"widget\" data-settings=\"{&quot;_animation&quot;:&quot;rotateIn&quot;,&quot;_animation_delay&quot;:720,&quot;ekit_we_effect_on&quot;:&quot;none&quot;}\" data-widget_type=\"image.default\">\n\t\t\t\t<div class=\"elementor-widget-container\">\n\t\t\t\t\t\t\t\t\t\t\t\t\t\t\t<img decoding=\"async\" width=\"45\" height=\"38\" src=\"https:\/\/fieam.org.br\/senai\/wp-content\/uploads\/sites\/16\/2024\/02\/setas.png\" class=\"attachment-full size-full wp-image-4668\" alt=\"\" \/>\t\t\t\t\t\t\t\t\t\t\t\t\t\t\t<\/div>\n\t\t\t\t<\/div>\n\t\t\t\t<div class=\"elementor-element elementor-element-253bc39 elementor-invisible elementor-widget elementor-widget-heading\" data-id=\"253bc39\" data-element_type=\"widget\" data-settings=\"{&quot;_animation&quot;:&quot;fadeInDown&quot;,&quot;ekit_we_effect_on&quot;:&quot;none&quot;}\" data-widget_type=\"heading.default\">\n\t\t\t\t<div class=\"elementor-widget-container\">\n\t\t\t\t\t<h2 class=\"elementor-heading-title elementor-size-default\">Escola SENAI Dem\u00f3stenes Travessa<\/h2>\t\t\t\t<\/div>\n\t\t\t\t<\/div>\n\t\t\t\t<div class=\"elementor-element elementor-element-097055f elementor-invisible elementor-widget elementor-widget-heading\" data-id=\"097055f\" data-element_type=\"widget\" data-settings=\"{&quot;_animation&quot;:&quot;fadeInUp&quot;,&quot;ekit_we_effect_on&quot;:&quot;none&quot;}\" data-widget_type=\"heading.default\">\n\t\t\t\t<div class=\"elementor-widget-container\">\n\t\t\t\t\t<div class=\"elementor-heading-title elementor-size-default\">Servi\u00e7o Nacional de Aprendizagem Industrial<\/div>\t\t\t\t<\/div>\n\t\t\t\t<\/div>\n\t\t\t\t\t<\/div>\n\t\t<\/div>\n\t\t\t\t\t<\/div>\n\t\t<\/section>\n\t\t<div class=\"elementor-element elementor-element-7500f17b e-flex e-con-boxed e-con e-parent\" data-id=\"7500f17b\" data-element_type=\"container\" data-settings=\"{&quot;ekit_has_onepagescroll_dot&quot;:&quot;yes&quot;}\">\n\t\t\t\t\t<div class=\"e-con-inner\">\n\t\t\t\t<div class=\"elementor-element elementor-element-4ee44540 elementor-widget elementor-widget-text-editor\" data-id=\"4ee44540\" data-element_type=\"widget\" data-settings=\"{&quot;ekit_we_effect_on&quot;:&quot;none&quot;}\" data-widget_type=\"text-editor.default\">\n\t\t\t\t<div class=\"elementor-widget-container\">\n\t\t\t\t\t\t\t\t\t<h2>\u00a0<\/h2><div class=\"col-md-12 col-xs-12\"><article id=\"post-123\" class=\"post-123 page type-page status-publish hentry\">\u00a0<p>A <strong>Escola SENAI Dem\u00f3stenes Travessa<\/strong> \u00e9 voltada para a cadeia produtiva da Constru\u00e7\u00e3o Civil do Amazonas.<\/p><p>\u00a0<\/p><p><strong>Mais Informa\u00e7\u00f5es:<\/strong><br \/>Av. Rodrigo Ot\u00e1vio, 2394 _ Distrito Industrial<br \/>Fone: (92) 3182-9925<br \/>WhatsApp: (92) 3182-9925<br \/>E-mail:\u00a0<strong><a href=\"http:\/\/www.fieam.org.br\/senai\/educacao-profissional-e-tecnologia-5\/contactcenter@fieam.org.br\">contactcenter<\/a><a href=\"http:\/\/www.fieam.org.br\/senai\/educacao-profissional-e-tecnologia-5\/contactcenter@fieam.org.br\">@fieam.org.br<\/a><\/strong><\/p><p>\u00a0<\/p><p>A programa\u00e7\u00e3o atual encontra-se dispon\u00edvel no site:<\/p><p><a href=\"http:\/\/www.fieam.org.br\/senai\/cursos-do-senai\/\">http:\/\/www.fieam.org.br\/senai\/cursos-do-senai\/<\/a><\/p><\/article><\/div>\t\t\t\t\t\t\t\t<\/div>\n\t\t\t\t<\/div>\n\t\t\t\t\t<\/div>\n\t\t\t\t<\/div>\n\t\t\t\t<\/div>\n\t\t","protected":false},"excerpt":{"rendered":"<p>Escola SENAI Dem\u00f3stenes Travessa Servi\u00e7o Nacional de Aprendizagem Industrial \u00a0 \u00a0 A Escola SENAI Dem\u00f3stenes Travessa \u00e9 voltada para a cadeia produtiva da Constru\u00e7\u00e3o Civil do Amazonas. \u00a0 Mais Informa\u00e7\u00f5es:Av. Rodrigo Ot\u00e1vio, 2394 _ Distrito IndustrialFone: (92) 3182-9925WhatsApp: (92) 3182-9925E-mail:\u00a0contactcenter@fieam.org.br \u00a0 A programa\u00e7\u00e3o atual encontra-se dispon\u00edvel no site: http:\/\/www.fieam.org.br\/senai\/cursos-do-senai\/<\/p>\n","protected":false},"author":1,"featured_media":0,"parent":0,"menu_order":0,"comment_status":"closed","ping_status":"closed","template":"","meta":{"footnotes":""},"class_list":["post-9252","page","type-page","status-publish","hentry"],"yoast_head":"<!-- This site is optimized with the Yoast SEO plugin v26.8 - https:\/\/yoast.com\/product\/yoast-seo-wordpress\/ -->\n<title>Escola SENAI Dem\u00f3stenes Travessa - SENAI<\/title>\n<meta name=\"robots\" content=\"index, follow, max-snippet:-1, max-image-preview:large, max-video-preview:-1\" \/>\n<link rel=\"canonical\" href=\"https:\/\/fieam.org.br\/senai\/escola-senai-demostenes-travessa-2\/\" \/>\n<meta property=\"og:locale\" content=\"pt_BR\" \/>\n<meta property=\"og:type\" content=\"article\" \/>\n<meta property=\"og:title\" content=\"Escola SENAI Dem\u00f3stenes Travessa - SENAI\" \/>\n<meta property=\"og:description\" content=\"Escola SENAI Dem\u00f3stenes Travessa Servi\u00e7o Nacional de Aprendizagem Industrial \u00a0 \u00a0 A Escola SENAI Dem\u00f3stenes Travessa \u00e9 voltada para a cadeia produtiva da Constru\u00e7\u00e3o Civil do Amazonas. \u00a0 Mais Informa\u00e7\u00f5es:Av. Rodrigo Ot\u00e1vio, 2394 _ Distrito IndustrialFone: (92) 3182-9925WhatsApp: (92) 3182-9925E-mail:\u00a0contactcenter@fieam.org.br \u00a0 A programa\u00e7\u00e3o atual encontra-se dispon\u00edvel no site: http:\/\/www.fieam.org.br\/senai\/cursos-do-senai\/\" \/>\n<meta property=\"og:url\" content=\"https:\/\/fieam.org.br\/senai\/escola-senai-demostenes-travessa-2\/\" \/>\n<meta property=\"og:site_name\" content=\"SENAI\" \/>\n<meta property=\"article:modified_time\" content=\"2024-03-07T03:46:42+00:00\" \/>\n<meta property=\"og:image\" content=\"https:\/\/fieam.org.br\/senai\/wp-content\/uploads\/sites\/13\/2024\/02\/setas.png\" \/>\n<meta name=\"twitter:card\" content=\"summary_large_image\" \/>\n<script type=\"application\/ld+json\" class=\"yoast-schema-graph\">{\"@context\":\"https:\/\/schema.org\",\"@graph\":[{\"@type\":\"WebPage\",\"@id\":\"https:\/\/fieam.org.br\/senai\/escola-senai-demostenes-travessa-2\/\",\"url\":\"https:\/\/fieam.org.br\/senai\/escola-senai-demostenes-travessa-2\/\",\"name\":\"Escola SENAI Dem\u00f3stenes Travessa - SENAI\",\"isPartOf\":{\"@id\":\"https:\/\/fieam.org.br\/senai\/#website\"},\"primaryImageOfPage\":{\"@id\":\"https:\/\/fieam.org.br\/senai\/escola-senai-demostenes-travessa-2\/#primaryimage\"},\"image\":{\"@id\":\"https:\/\/fieam.org.br\/senai\/escola-senai-demostenes-travessa-2\/#primaryimage\"},\"thumbnailUrl\":\"https:\/\/fieam.org.br\/senai\/wp-content\/uploads\/sites\/13\/2024\/02\/setas.png\",\"datePublished\":\"2023-03-24T14:00:37+00:00\",\"dateModified\":\"2024-03-07T03:46:42+00:00\",\"breadcrumb\":{\"@id\":\"https:\/\/fieam.org.br\/senai\/escola-senai-demostenes-travessa-2\/#breadcrumb\"},\"inLanguage\":\"pt-BR\",\"potentialAction\":[{\"@type\":\"ReadAction\",\"target\":[\"https:\/\/fieam.org.br\/senai\/escola-senai-demostenes-travessa-2\/\"]}]},{\"@type\":\"ImageObject\",\"inLanguage\":\"pt-BR\",\"@id\":\"https:\/\/fieam.org.br\/senai\/escola-senai-demostenes-travessa-2\/#primaryimage\",\"url\":\"https:\/\/fieam.org.br\/senai\/wp-content\/uploads\/sites\/13\/2024\/02\/setas.png\",\"contentUrl\":\"https:\/\/fieam.org.br\/senai\/wp-content\/uploads\/sites\/13\/2024\/02\/setas.png\"},{\"@type\":\"BreadcrumbList\",\"@id\":\"https:\/\/fieam.org.br\/senai\/escola-senai-demostenes-travessa-2\/#breadcrumb\",\"itemListElement\":[{\"@type\":\"ListItem\",\"position\":1,\"name\":\"In\u00edcio\",\"item\":\"https:\/\/fieam.org.br\/senai\/\"},{\"@type\":\"ListItem\",\"position\":2,\"name\":\"Escola SENAI Dem\u00f3stenes Travessa\"}]},{\"@type\":\"WebSite\",\"@id\":\"https:\/\/fieam.org.br\/senai\/#website\",\"url\":\"https:\/\/fieam.org.br\/senai\/\",\"name\":\"SENAI\",\"description\":\"Site Oficial!\",\"publisher\":{\"@id\":\"https:\/\/fieam.org.br\/senai\/#organization\"},\"potentialAction\":[{\"@type\":\"SearchAction\",\"target\":{\"@type\":\"EntryPoint\",\"urlTemplate\":\"https:\/\/fieam.org.br\/senai\/?s={search_term_string}\"},\"query-input\":{\"@type\":\"PropertyValueSpecification\",\"valueRequired\":true,\"valueName\":\"search_term_string\"}}],\"inLanguage\":\"pt-BR\"},{\"@type\":\"Organization\",\"@id\":\"https:\/\/fieam.org.br\/senai\/#organization\",\"name\":\"SENAI\",\"url\":\"https:\/\/fieam.org.br\/senai\/\",\"logo\":{\"@type\":\"ImageObject\",\"inLanguage\":\"pt-BR\",\"@id\":\"https:\/\/fieam.org.br\/senai\/#\/schema\/logo\/image\/\",\"url\":\"https:\/\/fieam.org.br\/senai\/wp-content\/uploads\/sites\/16\/2024\/03\/cropped-fav.png\",\"contentUrl\":\"https:\/\/fieam.org.br\/senai\/wp-content\/uploads\/sites\/16\/2024\/03\/cropped-fav.png\",\"width\":592,\"height\":577,\"caption\":\"SENAI\"},\"image\":{\"@id\":\"https:\/\/fieam.org.br\/senai\/#\/schema\/logo\/image\/\"}}]}<\/script>\n<!-- \/ Yoast SEO plugin. -->","yoast_head_json":{"title":"Escola SENAI Dem\u00f3stenes Travessa - SENAI","robots":{"index":"index","follow":"follow","max-snippet":"max-snippet:-1","max-image-preview":"max-image-preview:large","max-video-preview":"max-video-preview:-1"},"canonical":"https:\/\/fieam.org.br\/senai\/escola-senai-demostenes-travessa-2\/","og_locale":"pt_BR","og_type":"article","og_title":"Escola SENAI Dem\u00f3stenes Travessa - SENAI","og_description":"Escola SENAI Dem\u00f3stenes Travessa Servi\u00e7o Nacional de Aprendizagem Industrial \u00a0 \u00a0 A Escola SENAI Dem\u00f3stenes Travessa \u00e9 voltada para a cadeia produtiva da Constru\u00e7\u00e3o Civil do Amazonas. \u00a0 Mais Informa\u00e7\u00f5es:Av. Rodrigo Ot\u00e1vio, 2394 _ Distrito IndustrialFone: (92) 3182-9925WhatsApp: (92) 3182-9925E-mail:\u00a0contactcenter@fieam.org.br \u00a0 A programa\u00e7\u00e3o atual encontra-se dispon\u00edvel no site: http:\/\/www.fieam.org.br\/senai\/cursos-do-senai\/","og_url":"https:\/\/fieam.org.br\/senai\/escola-senai-demostenes-travessa-2\/","og_site_name":"SENAI","article_modified_time":"2024-03-07T03:46:42+00:00","og_image":[{"url":"https:\/\/fieam.org.br\/senai\/wp-content\/uploads\/sites\/13\/2024\/02\/setas.png","type":"","width":"","height":""}],"twitter_card":"summary_large_image","schema":{"@context":"https:\/\/schema.org","@graph":[{"@type":"WebPage","@id":"https:\/\/fieam.org.br\/senai\/escola-senai-demostenes-travessa-2\/","url":"https:\/\/fieam.org.br\/senai\/escola-senai-demostenes-travessa-2\/","name":"Escola SENAI Dem\u00f3stenes Travessa - SENAI","isPartOf":{"@id":"https:\/\/fieam.org.br\/senai\/#website"},"primaryImageOfPage":{"@id":"https:\/\/fieam.org.br\/senai\/escola-senai-demostenes-travessa-2\/#primaryimage"},"image":{"@id":"https:\/\/fieam.org.br\/senai\/escola-senai-demostenes-travessa-2\/#primaryimage"},"thumbnailUrl":"https:\/\/fieam.org.br\/senai\/wp-content\/uploads\/sites\/13\/2024\/02\/setas.png","datePublished":"2023-03-24T14:00:37+00:00","dateModified":"2024-03-07T03:46:42+00:00","breadcrumb":{"@id":"https:\/\/fieam.org.br\/senai\/escola-senai-demostenes-travessa-2\/#breadcrumb"},"inLanguage":"pt-BR","potentialAction":[{"@type":"ReadAction","target":["https:\/\/fieam.org.br\/senai\/escola-senai-demostenes-travessa-2\/"]}]},{"@type":"ImageObject","inLanguage":"pt-BR","@id":"https:\/\/fieam.org.br\/senai\/escola-senai-demostenes-travessa-2\/#primaryimage","url":"https:\/\/fieam.org.br\/senai\/wp-content\/uploads\/sites\/13\/2024\/02\/setas.png","contentUrl":"https:\/\/fieam.org.br\/senai\/wp-content\/uploads\/sites\/13\/2024\/02\/setas.png"},{"@type":"BreadcrumbList","@id":"https:\/\/fieam.org.br\/senai\/escola-senai-demostenes-travessa-2\/#breadcrumb","itemListElement":[{"@type":"ListItem","position":1,"name":"In\u00edcio","item":"https:\/\/fieam.org.br\/senai\/"},{"@type":"ListItem","position":2,"name":"Escola SENAI Dem\u00f3stenes Travessa"}]},{"@type":"WebSite","@id":"https:\/\/fieam.org.br\/senai\/#website","url":"https:\/\/fieam.org.br\/senai\/","name":"SENAI","description":"Site Oficial!","publisher":{"@id":"https:\/\/fieam.org.br\/senai\/#organization"},"potentialAction":[{"@type":"SearchAction","target":{"@type":"EntryPoint","urlTemplate":"https:\/\/fieam.org.br\/senai\/?s={search_term_string}"},"query-input":{"@type":"PropertyValueSpecification","valueRequired":true,"valueName":"search_term_string"}}],"inLanguage":"pt-BR"},{"@type":"Organization","@id":"https:\/\/fieam.org.br\/senai\/#organization","name":"SENAI","url":"https:\/\/fieam.org.br\/senai\/","logo":{"@type":"ImageObject","inLanguage":"pt-BR","@id":"https:\/\/fieam.org.br\/senai\/#\/schema\/logo\/image\/","url":"https:\/\/fieam.org.br\/senai\/wp-content\/uploads\/sites\/16\/2024\/03\/cropped-fav.png","contentUrl":"https:\/\/fieam.org.br\/senai\/wp-content\/uploads\/sites\/16\/2024\/03\/cropped-fav.png","width":592,"height":577,"caption":"SENAI"},"image":{"@id":"https:\/\/fieam.org.br\/senai\/#\/schema\/logo\/image\/"}}]}},"_links":{"self":[{"href":"https:\/\/fieam.org.br\/senai\/wp-json\/wp\/v2\/pages\/9252","targetHints":{"allow":["GET"]}}],"collection":[{"href":"https:\/\/fieam.org.br\/senai\/wp-json\/wp\/v2\/pages"}],"about":[{"href":"https:\/\/fieam.org.br\/senai\/wp-json\/wp\/v2\/types\/page"}],"author":[{"embeddable":true,"href":"https:\/\/fieam.org.br\/senai\/wp-json\/wp\/v2\/users\/1"}],"replies":[{"embeddable":true,"href":"https:\/\/fieam.org.br\/senai\/wp-json\/wp\/v2\/comments?post=9252"}],"version-history":[{"count":3,"href":"https:\/\/fieam.org.br\/senai\/wp-json\/wp\/v2\/pages\/9252\/revisions"}],"predecessor-version":[{"id":12470,"href":"https:\/\/fieam.org.br\/senai\/wp-json\/wp\/v2\/pages\/9252\/revisions\/12470"}],"wp:attachment":[{"href":"https:\/\/fieam.org.br\/senai\/wp-json\/wp\/v2\/media?parent=9252"}],"curies":[{"name":"wp","href":"https:\/\/api.w.org\/{rel}","templated":true}]}}