{"id":9242,"date":"2023-03-24T10:00:45","date_gmt":"2023-03-24T14:00:45","guid":{"rendered":"http:\/\/www.fieam.org.br\/senai\/?page_id=9242"},"modified":"2024-03-07T03:41:09","modified_gmt":"2024-03-07T03:41:09","slug":"escola-senai-antonio-simoes-3","status":"publish","type":"page","link":"https:\/\/fieam.org.br\/senai\/escola-senai-antonio-simoes-3\/","title":{"rendered":"Escola SENAI Ant\u00f4nio Sim\u00f5es"},"content":{"rendered":"\t\t<div data-elementor-type=\"wp-page\" data-elementor-id=\"9242\" class=\"elementor elementor-9242\" data-elementor-post-type=\"page\">\n\t\t\t\t\t\t<section class=\"elementor-section elementor-top-section elementor-element elementor-element-029fe6c elementor-section-boxed elementor-section-height-default elementor-section-height-default\" data-id=\"029fe6c\" data-element_type=\"section\" data-settings=\"{&quot;background_background&quot;:&quot;classic&quot;,&quot;ekit_has_onepagescroll_dot&quot;:&quot;yes&quot;}\">\n\t\t\t\t\t\t\t<div class=\"elementor-background-overlay\"><\/div>\n\t\t\t\t\t\t\t<div class=\"elementor-container elementor-column-gap-default\">\n\t\t\t\t\t<div class=\"elementor-column elementor-col-100 elementor-top-column elementor-element elementor-element-bf51335\" data-id=\"bf51335\" data-element_type=\"column\">\n\t\t\t<div class=\"elementor-widget-wrap elementor-element-populated\">\n\t\t\t\t\t\t<div class=\"elementor-element elementor-element-d2e092d elementor-widget__width-auto elementor-invisible elementor-widget elementor-widget-image\" data-id=\"d2e092d\" data-element_type=\"widget\" data-settings=\"{&quot;_animation&quot;:&quot;rotateIn&quot;,&quot;_animation_delay&quot;:720,&quot;ekit_we_effect_on&quot;:&quot;none&quot;}\" data-widget_type=\"image.default\">\n\t\t\t\t<div class=\"elementor-widget-container\">\n\t\t\t\t\t\t\t\t\t\t\t\t\t\t\t<img decoding=\"async\" width=\"45\" height=\"38\" src=\"https:\/\/fieam.org.br\/senai\/wp-content\/uploads\/sites\/16\/2024\/02\/setas.png\" class=\"attachment-full size-full wp-image-4668\" alt=\"\" \/>\t\t\t\t\t\t\t\t\t\t\t\t\t\t\t<\/div>\n\t\t\t\t<\/div>\n\t\t\t\t<div class=\"elementor-element elementor-element-f8a22b2 elementor-invisible elementor-widget elementor-widget-heading\" data-id=\"f8a22b2\" data-element_type=\"widget\" data-settings=\"{&quot;_animation&quot;:&quot;fadeInDown&quot;,&quot;ekit_we_effect_on&quot;:&quot;none&quot;}\" data-widget_type=\"heading.default\">\n\t\t\t\t<div class=\"elementor-widget-container\">\n\t\t\t\t\t<h2 class=\"elementor-heading-title elementor-size-default\">Escola SENAI Ant\u00f4nio Sim\u00f5es<\/h2>\t\t\t\t<\/div>\n\t\t\t\t<\/div>\n\t\t\t\t<div class=\"elementor-element elementor-element-6ac4768 elementor-invisible elementor-widget elementor-widget-heading\" data-id=\"6ac4768\" data-element_type=\"widget\" data-settings=\"{&quot;_animation&quot;:&quot;fadeInUp&quot;,&quot;ekit_we_effect_on&quot;:&quot;none&quot;}\" data-widget_type=\"heading.default\">\n\t\t\t\t<div class=\"elementor-widget-container\">\n\t\t\t\t\t<div class=\"elementor-heading-title elementor-size-default\">Servi\u00e7o Nacional de Aprendizagem Industrial<\/div>\t\t\t\t<\/div>\n\t\t\t\t<\/div>\n\t\t\t\t\t<\/div>\n\t\t<\/div>\n\t\t\t\t\t<\/div>\n\t\t<\/section>\n\t\t<div class=\"elementor-element elementor-element-6570b593 e-flex e-con-boxed e-con e-parent\" data-id=\"6570b593\" data-element_type=\"container\" data-settings=\"{&quot;ekit_has_onepagescroll_dot&quot;:&quot;yes&quot;}\">\n\t\t\t\t\t<div class=\"e-con-inner\">\n\t\t\t\t<div class=\"elementor-element elementor-element-6bd6a323 elementor-widget elementor-widget-text-editor\" data-id=\"6bd6a323\" data-element_type=\"widget\" data-settings=\"{&quot;ekit_we_effect_on&quot;:&quot;none&quot;}\" data-widget_type=\"text-editor.default\">\n\t\t\t\t<div class=\"elementor-widget-container\">\n\t\t\t\t\t\t\t\t\t&nbsp;\n\n<a href=\"https:\/\/marketingmassivo.com.br\/senai\/wp-content\/uploads\/sites\/13\/2022\/12\/SENAI-oferece-curso-tecnico-ha-65-anos.jpg\"><img fetchpriority=\"high\" decoding=\"async\" class=\"wp-image-11457 alignleft\" src=\"http:\/\/www.fieam.org.br\/senai\/wp-content\/uploads\/sites\/3\/2022\/12\/SENAI-oferece-curso-tecnico-ha-65-anos-1024x682.jpg\" alt=\"\" width=\"510\" height=\"340\" srcset=\"https:\/\/fieam.org.br\/senai\/wp-content\/uploads\/sites\/16\/2022\/12\/SENAI-oferece-curso-tecnico-ha-65-anos-1024x682.jpg 1024w, https:\/\/fieam.org.br\/senai\/wp-content\/uploads\/sites\/16\/2022\/12\/SENAI-oferece-curso-tecnico-ha-65-anos-300x200.jpg 300w, https:\/\/fieam.org.br\/senai\/wp-content\/uploads\/sites\/16\/2022\/12\/SENAI-oferece-curso-tecnico-ha-65-anos-768x511.jpg 768w, https:\/\/fieam.org.br\/senai\/wp-content\/uploads\/sites\/16\/2022\/12\/SENAI-oferece-curso-tecnico-ha-65-anos.jpg 1500w\" sizes=\"(max-width: 510px) 100vw, 510px\" \/><\/a>\n\n&nbsp;\n\n&nbsp;\n\n&nbsp;\n\n&nbsp;\n\n&nbsp;\n\n&nbsp;\n\n&nbsp;\n\n&nbsp;\n\n&nbsp;\n\n&nbsp;\n\n&nbsp;\n\n&nbsp;\n\n&nbsp;\n\n<strong>\u00c1reas:<\/strong> Eletroeletr\u00f4nica, Automa\u00e7\u00e3o, Tecnologia da Informa\u00e7\u00e3o, Refrigera\u00e7\u00e3o e Climatiza\u00e7\u00e3o, Qualidade e Seguran\u00e7a Industrial, Gest\u00e3o, Metrologia, Meio Ambiente e Telecomunica\u00e7\u00f5es.\n\n&nbsp;\n\n<strong>Mais Informa\u00e7\u00f5es:<\/strong>\nAv. Rodrigo Ot\u00e1vio, 2394 _ Distrito Industrial\nFone: (92) 3182-9925\nWhatsApp: (92) 3182-9925\nE-mail:\u00a0<strong><a href=\"http:\/\/www.fieam.org.br\/senai\/educacao-profissional-e-tecnologia-5\/contactcenter@fieam.org.br\">contactcenter<\/a><a href=\"http:\/\/www.fieam.org.br\/senai\/educacao-profissional-e-tecnologia-5\/contactcenter@fieam.org.br\">@fieam.org.br<\/a><\/strong>\n\n&nbsp;\n\nA programa\u00e7\u00e3o atual encontra-se dispon\u00edvel no site:\n\n<a href=\"http:\/\/www.fieam.org.br\/senai\/cursos-do-senai\/\">http:\/\/www.fieam.org.br\/senai\/cursos-do-senai\/<\/a>\t\t\t\t\t\t\t\t<\/div>\n\t\t\t\t<\/div>\n\t\t\t\t\t<\/div>\n\t\t\t\t<\/div>\n\t\t\t\t<\/div>\n\t\t","protected":false},"excerpt":{"rendered":"<p>Escola SENAI Ant\u00f4nio Sim\u00f5es Servi\u00e7o Nacional de Aprendizagem Industrial &nbsp; &nbsp; &nbsp; &nbsp; &nbsp; &nbsp; &nbsp; &nbsp; &nbsp; &nbsp; &nbsp; &nbsp; &nbsp; &nbsp; \u00c1reas: Eletroeletr\u00f4nica, Automa\u00e7\u00e3o, Tecnologia da Informa\u00e7\u00e3o, Refrigera\u00e7\u00e3o e Climatiza\u00e7\u00e3o, Qualidade e Seguran\u00e7a Industrial, Gest\u00e3o, Metrologia, Meio Ambiente e Telecomunica\u00e7\u00f5es. &nbsp; Mais Informa\u00e7\u00f5es: Av. Rodrigo Ot\u00e1vio, 2394 _ Distrito Industrial Fone: (92) 3182-9925 [&hellip;]<\/p>\n","protected":false},"author":1,"featured_media":0,"parent":0,"menu_order":0,"comment_status":"closed","ping_status":"closed","template":"","meta":{"footnotes":""},"class_list":["post-9242","page","type-page","status-publish","hentry"],"yoast_head":"<!-- This site is optimized with the Yoast SEO plugin v26.8 - https:\/\/yoast.com\/product\/yoast-seo-wordpress\/ -->\n<title>Escola SENAI Ant\u00f4nio Sim\u00f5es - SENAI<\/title>\n<meta name=\"robots\" content=\"index, follow, max-snippet:-1, max-image-preview:large, max-video-preview:-1\" \/>\n<link rel=\"canonical\" href=\"https:\/\/fieam.org.br\/senai\/escola-senai-antonio-simoes-3\/\" \/>\n<meta property=\"og:locale\" content=\"pt_BR\" \/>\n<meta property=\"og:type\" content=\"article\" \/>\n<meta property=\"og:title\" content=\"Escola SENAI Ant\u00f4nio Sim\u00f5es - SENAI\" \/>\n<meta property=\"og:description\" content=\"Escola SENAI Ant\u00f4nio Sim\u00f5es Servi\u00e7o Nacional de Aprendizagem Industrial &nbsp; &nbsp; &nbsp; &nbsp; &nbsp; &nbsp; &nbsp; &nbsp; &nbsp; &nbsp; &nbsp; &nbsp; &nbsp; &nbsp; \u00c1reas: Eletroeletr\u00f4nica, Automa\u00e7\u00e3o, Tecnologia da Informa\u00e7\u00e3o, Refrigera\u00e7\u00e3o e Climatiza\u00e7\u00e3o, Qualidade e Seguran\u00e7a Industrial, Gest\u00e3o, Metrologia, Meio Ambiente e Telecomunica\u00e7\u00f5es. &nbsp; Mais Informa\u00e7\u00f5es: Av. Rodrigo Ot\u00e1vio, 2394 _ Distrito Industrial Fone: (92) 3182-9925 [&hellip;]\" \/>\n<meta property=\"og:url\" content=\"https:\/\/fieam.org.br\/senai\/escola-senai-antonio-simoes-3\/\" \/>\n<meta property=\"og:site_name\" content=\"SENAI\" \/>\n<meta property=\"article:modified_time\" content=\"2024-03-07T03:41:09+00:00\" \/>\n<meta property=\"og:image\" content=\"https:\/\/fieam.org.br\/senai\/wp-content\/uploads\/sites\/13\/2024\/02\/setas.png\" \/>\n<meta name=\"twitter:card\" content=\"summary_large_image\" \/>\n<script type=\"application\/ld+json\" class=\"yoast-schema-graph\">{\"@context\":\"https:\/\/schema.org\",\"@graph\":[{\"@type\":\"WebPage\",\"@id\":\"https:\/\/fieam.org.br\/senai\/escola-senai-antonio-simoes-3\/\",\"url\":\"https:\/\/fieam.org.br\/senai\/escola-senai-antonio-simoes-3\/\",\"name\":\"Escola SENAI Ant\u00f4nio Sim\u00f5es - SENAI\",\"isPartOf\":{\"@id\":\"https:\/\/fieam.org.br\/senai\/#website\"},\"primaryImageOfPage\":{\"@id\":\"https:\/\/fieam.org.br\/senai\/escola-senai-antonio-simoes-3\/#primaryimage\"},\"image\":{\"@id\":\"https:\/\/fieam.org.br\/senai\/escola-senai-antonio-simoes-3\/#primaryimage\"},\"thumbnailUrl\":\"https:\/\/fieam.org.br\/senai\/wp-content\/uploads\/sites\/13\/2024\/02\/setas.png\",\"datePublished\":\"2023-03-24T14:00:45+00:00\",\"dateModified\":\"2024-03-07T03:41:09+00:00\",\"breadcrumb\":{\"@id\":\"https:\/\/fieam.org.br\/senai\/escola-senai-antonio-simoes-3\/#breadcrumb\"},\"inLanguage\":\"pt-BR\",\"potentialAction\":[{\"@type\":\"ReadAction\",\"target\":[\"https:\/\/fieam.org.br\/senai\/escola-senai-antonio-simoes-3\/\"]}]},{\"@type\":\"ImageObject\",\"inLanguage\":\"pt-BR\",\"@id\":\"https:\/\/fieam.org.br\/senai\/escola-senai-antonio-simoes-3\/#primaryimage\",\"url\":\"https:\/\/fieam.org.br\/senai\/wp-content\/uploads\/sites\/13\/2024\/02\/setas.png\",\"contentUrl\":\"https:\/\/fieam.org.br\/senai\/wp-content\/uploads\/sites\/13\/2024\/02\/setas.png\"},{\"@type\":\"BreadcrumbList\",\"@id\":\"https:\/\/fieam.org.br\/senai\/escola-senai-antonio-simoes-3\/#breadcrumb\",\"itemListElement\":[{\"@type\":\"ListItem\",\"position\":1,\"name\":\"In\u00edcio\",\"item\":\"https:\/\/fieam.org.br\/senai\/\"},{\"@type\":\"ListItem\",\"position\":2,\"name\":\"Escola SENAI Ant\u00f4nio Sim\u00f5es\"}]},{\"@type\":\"WebSite\",\"@id\":\"https:\/\/fieam.org.br\/senai\/#website\",\"url\":\"https:\/\/fieam.org.br\/senai\/\",\"name\":\"SENAI\",\"description\":\"Site Oficial!\",\"publisher\":{\"@id\":\"https:\/\/fieam.org.br\/senai\/#organization\"},\"potentialAction\":[{\"@type\":\"SearchAction\",\"target\":{\"@type\":\"EntryPoint\",\"urlTemplate\":\"https:\/\/fieam.org.br\/senai\/?s={search_term_string}\"},\"query-input\":{\"@type\":\"PropertyValueSpecification\",\"valueRequired\":true,\"valueName\":\"search_term_string\"}}],\"inLanguage\":\"pt-BR\"},{\"@type\":\"Organization\",\"@id\":\"https:\/\/fieam.org.br\/senai\/#organization\",\"name\":\"SENAI\",\"url\":\"https:\/\/fieam.org.br\/senai\/\",\"logo\":{\"@type\":\"ImageObject\",\"inLanguage\":\"pt-BR\",\"@id\":\"https:\/\/fieam.org.br\/senai\/#\/schema\/logo\/image\/\",\"url\":\"https:\/\/fieam.org.br\/senai\/wp-content\/uploads\/sites\/16\/2024\/03\/cropped-fav.png\",\"contentUrl\":\"https:\/\/fieam.org.br\/senai\/wp-content\/uploads\/sites\/16\/2024\/03\/cropped-fav.png\",\"width\":592,\"height\":577,\"caption\":\"SENAI\"},\"image\":{\"@id\":\"https:\/\/fieam.org.br\/senai\/#\/schema\/logo\/image\/\"}}]}<\/script>\n<!-- \/ Yoast SEO plugin. -->","yoast_head_json":{"title":"Escola SENAI Ant\u00f4nio Sim\u00f5es - SENAI","robots":{"index":"index","follow":"follow","max-snippet":"max-snippet:-1","max-image-preview":"max-image-preview:large","max-video-preview":"max-video-preview:-1"},"canonical":"https:\/\/fieam.org.br\/senai\/escola-senai-antonio-simoes-3\/","og_locale":"pt_BR","og_type":"article","og_title":"Escola SENAI Ant\u00f4nio Sim\u00f5es - SENAI","og_description":"Escola SENAI Ant\u00f4nio Sim\u00f5es Servi\u00e7o Nacional de Aprendizagem Industrial &nbsp; &nbsp; &nbsp; &nbsp; &nbsp; &nbsp; &nbsp; &nbsp; &nbsp; &nbsp; &nbsp; &nbsp; &nbsp; &nbsp; \u00c1reas: Eletroeletr\u00f4nica, Automa\u00e7\u00e3o, Tecnologia da Informa\u00e7\u00e3o, Refrigera\u00e7\u00e3o e Climatiza\u00e7\u00e3o, Qualidade e Seguran\u00e7a Industrial, Gest\u00e3o, Metrologia, Meio Ambiente e Telecomunica\u00e7\u00f5es. &nbsp; Mais Informa\u00e7\u00f5es: Av. Rodrigo Ot\u00e1vio, 2394 _ Distrito Industrial Fone: (92) 3182-9925 [&hellip;]","og_url":"https:\/\/fieam.org.br\/senai\/escola-senai-antonio-simoes-3\/","og_site_name":"SENAI","article_modified_time":"2024-03-07T03:41:09+00:00","og_image":[{"url":"https:\/\/fieam.org.br\/senai\/wp-content\/uploads\/sites\/13\/2024\/02\/setas.png","type":"","width":"","height":""}],"twitter_card":"summary_large_image","schema":{"@context":"https:\/\/schema.org","@graph":[{"@type":"WebPage","@id":"https:\/\/fieam.org.br\/senai\/escola-senai-antonio-simoes-3\/","url":"https:\/\/fieam.org.br\/senai\/escola-senai-antonio-simoes-3\/","name":"Escola SENAI Ant\u00f4nio Sim\u00f5es - SENAI","isPartOf":{"@id":"https:\/\/fieam.org.br\/senai\/#website"},"primaryImageOfPage":{"@id":"https:\/\/fieam.org.br\/senai\/escola-senai-antonio-simoes-3\/#primaryimage"},"image":{"@id":"https:\/\/fieam.org.br\/senai\/escola-senai-antonio-simoes-3\/#primaryimage"},"thumbnailUrl":"https:\/\/fieam.org.br\/senai\/wp-content\/uploads\/sites\/13\/2024\/02\/setas.png","datePublished":"2023-03-24T14:00:45+00:00","dateModified":"2024-03-07T03:41:09+00:00","breadcrumb":{"@id":"https:\/\/fieam.org.br\/senai\/escola-senai-antonio-simoes-3\/#breadcrumb"},"inLanguage":"pt-BR","potentialAction":[{"@type":"ReadAction","target":["https:\/\/fieam.org.br\/senai\/escola-senai-antonio-simoes-3\/"]}]},{"@type":"ImageObject","inLanguage":"pt-BR","@id":"https:\/\/fieam.org.br\/senai\/escola-senai-antonio-simoes-3\/#primaryimage","url":"https:\/\/fieam.org.br\/senai\/wp-content\/uploads\/sites\/13\/2024\/02\/setas.png","contentUrl":"https:\/\/fieam.org.br\/senai\/wp-content\/uploads\/sites\/13\/2024\/02\/setas.png"},{"@type":"BreadcrumbList","@id":"https:\/\/fieam.org.br\/senai\/escola-senai-antonio-simoes-3\/#breadcrumb","itemListElement":[{"@type":"ListItem","position":1,"name":"In\u00edcio","item":"https:\/\/fieam.org.br\/senai\/"},{"@type":"ListItem","position":2,"name":"Escola SENAI Ant\u00f4nio Sim\u00f5es"}]},{"@type":"WebSite","@id":"https:\/\/fieam.org.br\/senai\/#website","url":"https:\/\/fieam.org.br\/senai\/","name":"SENAI","description":"Site Oficial!","publisher":{"@id":"https:\/\/fieam.org.br\/senai\/#organization"},"potentialAction":[{"@type":"SearchAction","target":{"@type":"EntryPoint","urlTemplate":"https:\/\/fieam.org.br\/senai\/?s={search_term_string}"},"query-input":{"@type":"PropertyValueSpecification","valueRequired":true,"valueName":"search_term_string"}}],"inLanguage":"pt-BR"},{"@type":"Organization","@id":"https:\/\/fieam.org.br\/senai\/#organization","name":"SENAI","url":"https:\/\/fieam.org.br\/senai\/","logo":{"@type":"ImageObject","inLanguage":"pt-BR","@id":"https:\/\/fieam.org.br\/senai\/#\/schema\/logo\/image\/","url":"https:\/\/fieam.org.br\/senai\/wp-content\/uploads\/sites\/16\/2024\/03\/cropped-fav.png","contentUrl":"https:\/\/fieam.org.br\/senai\/wp-content\/uploads\/sites\/16\/2024\/03\/cropped-fav.png","width":592,"height":577,"caption":"SENAI"},"image":{"@id":"https:\/\/fieam.org.br\/senai\/#\/schema\/logo\/image\/"}}]}},"_links":{"self":[{"href":"https:\/\/fieam.org.br\/senai\/wp-json\/wp\/v2\/pages\/9242","targetHints":{"allow":["GET"]}}],"collection":[{"href":"https:\/\/fieam.org.br\/senai\/wp-json\/wp\/v2\/pages"}],"about":[{"href":"https:\/\/fieam.org.br\/senai\/wp-json\/wp\/v2\/types\/page"}],"author":[{"embeddable":true,"href":"https:\/\/fieam.org.br\/senai\/wp-json\/wp\/v2\/users\/1"}],"replies":[{"embeddable":true,"href":"https:\/\/fieam.org.br\/senai\/wp-json\/wp\/v2\/comments?post=9242"}],"version-history":[{"count":3,"href":"https:\/\/fieam.org.br\/senai\/wp-json\/wp\/v2\/pages\/9242\/revisions"}],"predecessor-version":[{"id":12456,"href":"https:\/\/fieam.org.br\/senai\/wp-json\/wp\/v2\/pages\/9242\/revisions\/12456"}],"wp:attachment":[{"href":"https:\/\/fieam.org.br\/senai\/wp-json\/wp\/v2\/media?parent=9242"}],"curies":[{"name":"wp","href":"https:\/\/api.w.org\/{rel}","templated":true}]}}