{"id":8678,"date":"2019-02-21T15:09:48","date_gmt":"2019-02-21T19:09:48","guid":{"rendered":"http:\/\/www.fieam.org.br\/senai\/?page_id=8678"},"modified":"2019-02-21T15:09:48","modified_gmt":"2019-02-21T19:09:48","slug":"tecnologia-da-informacao-e-comunicacao","status":"publish","type":"page","link":"https:\/\/fieam.org.br\/senai\/tecnologia-da-informacao-e-comunicacao\/","title":{"rendered":"Tecnologia da Informa\u00e7\u00e3o e Comunica\u00e7\u00e3o &#8211; TIC"},"content":{"rendered":"<p><strong>Curso:<\/strong><strong> Tecnologia da Informa\u00e7\u00e3o e Comunica\u00e7\u00e3o &#8211; TIC<\/strong><\/p>\n<p><strong>\u00a0<\/strong><\/p>\n<p><strong>Modalidade:<\/strong> Inicia\u00e7\u00e3o Profissional\u00a0\u00a0\u00a0\u00a0\u00a0\u00a0\u00a0\u00a0\u00a0\u00a0\u00a0\u00a0\u00a0\u00a0\u00a0\u00a0\u00a0\u00a0 <strong>\u00c1rea de atua\u00e7\u00e3o:<\/strong> Tecnologia da Informa\u00e7\u00e3o<\/p>\n<p><strong>\u00a0<\/strong><\/p>\n<p><strong>Carga Hor\u00e1ria do curso:<\/strong> 14 horas. Acesso disponibilizado ao curso por <strong>20 dias <\/strong>(corridos). Para cumprir o curso dentro do tempo estabelecido, recomendam-se em m\u00e9dia 50 minutos de estudo por dia.<\/p>\n<p>&nbsp;<\/p>\n<p><strong>Investimento:<\/strong> Gratuito.<\/p>\n<p>&nbsp;<\/p>\n<p><strong>P\u00fablico Alvo<\/strong><\/p>\n<p>Estudantes e profissionais de diversas \u00e1reas do conhecimento que desejam ampliar seu conhecimento.<\/p>\n<p><strong>Objetivos<\/strong><\/p>\n<p>Compreender quais os processos de TIC s\u00e3o utilizados no cotidiano profissional e qual a sua relev\u00e2ncia na carreira do jovem que ingressa no mercado de trabalho.<\/p>\n<p>&nbsp;<\/p>\n<p><strong>Pr\u00e9-requisitos<\/strong><\/p>\n<p>&nbsp;<\/p>\n<p>A partir de 14 anos, alfabetizado, conhecimento em Inform\u00e1tica B\u00e1sica, disponibilizar de microcomputador com acesso \u00e0 internet, velocidade m\u00ednima 56kbps, navegador Internet Explorer 8 ou Mozilla Firefox, plug-ins Adobe Acrobat Reader, Adobe Flash Player e javascript.<\/p>\n<p>&nbsp;<\/p>\n<p><strong>Desenvolvimento Metodol\u00f3gico<\/strong><\/p>\n<p>&nbsp;<\/p>\n<ul>\n<li>Curso auto-instrucional executado no formato a dist\u00e2ncia, totalmente on-line, em ambiente virtual de aprendizagem &#8211; AVA, com atividades e uma avalia\u00e7\u00e3o.<\/li>\n<li>Nas situa\u00e7\u00f5es de aprendizagem do curso o aluno mobiliza as capacidades para resolu\u00e7\u00e3o de desafios por meio da intera\u00e7\u00e3o com os objetos educacionais, propiciando ao aluno construir o seu pr\u00f3prio conhecimento.<\/li>\n<\/ul>\n<p>&nbsp;<\/p>\n<p><strong>Matriz Curricular do Curso<\/strong><\/p>\n<p>Conceito de Tecnologia da Informa\u00e7\u00e3o e Comunica\u00e7\u00e3o; Ambientes virtuais; Internet; Comunidades virtuais; Administra\u00e7\u00e3o e economia digital; Processos industriais auxiliados por computador; Hardware, software e comunica\u00e7\u00e3o; O contexto da tecnologia da informa\u00e7\u00e3o e comunica\u00e7\u00e3o; Perfil dos profissionais; Oportunidades do mercado de trabalho; Trajet\u00f3rias formativas e agencias formadoras; Demandas e tend\u00eancias das TICs; Seguran\u00e7a digital: v\u00edrus, senha e backup.<\/p>\n<p><strong>Crit\u00e9rios de Avalia\u00e7\u00e3o<\/strong><\/p>\n<ul>\n<li>A avalia\u00e7\u00e3o do aprendizado ser\u00e1 realizada atrav\u00e9s de uma avalia\u00e7\u00e3o on-line no ambiente EAD, onde a m\u00e9dia final ser\u00e1 composta somente da nota da avalia\u00e7\u00e3o final.<\/li>\n<li>A avalia\u00e7\u00e3o do aprendizado \u00e9 somativa realizada no final do curso no ambiente virtual de aprendizagem.<\/li>\n<li>Para se tornar apto ao recebimento do certificado on-line, o aluno dever\u00e1 ter aproveitamento m\u00ednimo de 60% na avalia\u00e7\u00e3o final.<\/li>\n<\/ul>\n<p>&nbsp;<\/p>\n<p><strong>Acesso ao Ambiente Virtual de Aprendizagem \u2013 AVA<\/strong><\/p>\n<p>Acesse o tutorial com o passo a passo para acesso ao curso,\u00a0<a href=\"http:\/\/www.fieam.org.br\/senai\/wp-content\/uploads\/sites\/3\/2018\/12\/Tutorial-Inscri%C3%A7%C3%A3o-Competencias-Transversais.pdf\">clique aqui<\/a>.<\/p>\n<p>&nbsp;<\/p>\n<p><strong>Mais Informa\u00e7\u00f5es:<\/strong><\/p>\n<p>Envie e-mail para \u00a0<a href=\"mailto:corem.senai@am.senai.br\">corem.senai@am.senai.br<\/a><\/p>\n","protected":false},"excerpt":{"rendered":"<p>Curso: Tecnologia da Informa\u00e7\u00e3o e Comunica\u00e7\u00e3o &#8211; TIC \u00a0 Modalidade: Inicia\u00e7\u00e3o Profissional\u00a0\u00a0\u00a0\u00a0\u00a0\u00a0\u00a0\u00a0\u00a0\u00a0\u00a0\u00a0\u00a0\u00a0\u00a0\u00a0\u00a0\u00a0 \u00c1rea de atua\u00e7\u00e3o: Tecnologia da Informa\u00e7\u00e3o \u00a0 Carga Hor\u00e1ria do curso: 14 horas. Acesso disponibilizado ao curso por 20 dias (corridos). Para cumprir o curso dentro do tempo estabelecido, recomendam-se em m\u00e9dia 50 minutos de estudo por dia. &nbsp; Investimento: Gratuito. &nbsp; P\u00fablico [&hellip;]<\/p>\n","protected":false},"author":1,"featured_media":0,"parent":0,"menu_order":0,"comment_status":"closed","ping_status":"closed","template":"","meta":{"footnotes":""},"class_list":["post-8678","page","type-page","status-publish","hentry"],"yoast_head":"<!-- This site is optimized with the Yoast SEO plugin v26.8 - https:\/\/yoast.com\/product\/yoast-seo-wordpress\/ -->\n<title>Tecnologia da Informa\u00e7\u00e3o e Comunica\u00e7\u00e3o - TIC - SENAI<\/title>\n<meta name=\"robots\" content=\"index, follow, max-snippet:-1, max-image-preview:large, max-video-preview:-1\" \/>\n<link rel=\"canonical\" href=\"https:\/\/fieam.org.br\/senai\/tecnologia-da-informacao-e-comunicacao\/\" \/>\n<meta property=\"og:locale\" content=\"pt_BR\" \/>\n<meta property=\"og:type\" content=\"article\" \/>\n<meta property=\"og:title\" content=\"Tecnologia da Informa\u00e7\u00e3o e Comunica\u00e7\u00e3o - TIC - SENAI\" \/>\n<meta property=\"og:description\" content=\"Curso: Tecnologia da Informa\u00e7\u00e3o e Comunica\u00e7\u00e3o &#8211; TIC \u00a0 Modalidade: Inicia\u00e7\u00e3o Profissional\u00a0\u00a0\u00a0\u00a0\u00a0\u00a0\u00a0\u00a0\u00a0\u00a0\u00a0\u00a0\u00a0\u00a0\u00a0\u00a0\u00a0\u00a0 \u00c1rea de atua\u00e7\u00e3o: Tecnologia da Informa\u00e7\u00e3o \u00a0 Carga Hor\u00e1ria do curso: 14 horas. Acesso disponibilizado ao curso por 20 dias (corridos). Para cumprir o curso dentro do tempo estabelecido, recomendam-se em m\u00e9dia 50 minutos de estudo por dia. &nbsp; Investimento: Gratuito. &nbsp; P\u00fablico [&hellip;]\" \/>\n<meta property=\"og:url\" content=\"https:\/\/fieam.org.br\/senai\/tecnologia-da-informacao-e-comunicacao\/\" \/>\n<meta property=\"og:site_name\" content=\"SENAI\" \/>\n<meta name=\"twitter:card\" content=\"summary_large_image\" \/>\n<meta name=\"twitter:label1\" content=\"Est. tempo de leitura\" \/>\n\t<meta name=\"twitter:data1\" content=\"2 minutos\" \/>\n<script type=\"application\/ld+json\" class=\"yoast-schema-graph\">{\"@context\":\"https:\/\/schema.org\",\"@graph\":[{\"@type\":\"WebPage\",\"@id\":\"https:\/\/fieam.org.br\/senai\/tecnologia-da-informacao-e-comunicacao\/\",\"url\":\"https:\/\/fieam.org.br\/senai\/tecnologia-da-informacao-e-comunicacao\/\",\"name\":\"Tecnologia da Informa\u00e7\u00e3o e Comunica\u00e7\u00e3o - TIC - SENAI\",\"isPartOf\":{\"@id\":\"https:\/\/fieam.org.br\/senai\/#website\"},\"datePublished\":\"2019-02-21T19:09:48+00:00\",\"breadcrumb\":{\"@id\":\"https:\/\/fieam.org.br\/senai\/tecnologia-da-informacao-e-comunicacao\/#breadcrumb\"},\"inLanguage\":\"pt-BR\",\"potentialAction\":[{\"@type\":\"ReadAction\",\"target\":[\"https:\/\/fieam.org.br\/senai\/tecnologia-da-informacao-e-comunicacao\/\"]}]},{\"@type\":\"BreadcrumbList\",\"@id\":\"https:\/\/fieam.org.br\/senai\/tecnologia-da-informacao-e-comunicacao\/#breadcrumb\",\"itemListElement\":[{\"@type\":\"ListItem\",\"position\":1,\"name\":\"In\u00edcio\",\"item\":\"https:\/\/fieam.org.br\/senai\/\"},{\"@type\":\"ListItem\",\"position\":2,\"name\":\"Tecnologia da Informa\u00e7\u00e3o e Comunica\u00e7\u00e3o &#8211; TIC\"}]},{\"@type\":\"WebSite\",\"@id\":\"https:\/\/fieam.org.br\/senai\/#website\",\"url\":\"https:\/\/fieam.org.br\/senai\/\",\"name\":\"SENAI\",\"description\":\"Site Oficial!\",\"publisher\":{\"@id\":\"https:\/\/fieam.org.br\/senai\/#organization\"},\"potentialAction\":[{\"@type\":\"SearchAction\",\"target\":{\"@type\":\"EntryPoint\",\"urlTemplate\":\"https:\/\/fieam.org.br\/senai\/?s={search_term_string}\"},\"query-input\":{\"@type\":\"PropertyValueSpecification\",\"valueRequired\":true,\"valueName\":\"search_term_string\"}}],\"inLanguage\":\"pt-BR\"},{\"@type\":\"Organization\",\"@id\":\"https:\/\/fieam.org.br\/senai\/#organization\",\"name\":\"SENAI\",\"url\":\"https:\/\/fieam.org.br\/senai\/\",\"logo\":{\"@type\":\"ImageObject\",\"inLanguage\":\"pt-BR\",\"@id\":\"https:\/\/fieam.org.br\/senai\/#\/schema\/logo\/image\/\",\"url\":\"https:\/\/fieam.org.br\/senai\/wp-content\/uploads\/sites\/16\/2024\/03\/cropped-fav.png\",\"contentUrl\":\"https:\/\/fieam.org.br\/senai\/wp-content\/uploads\/sites\/16\/2024\/03\/cropped-fav.png\",\"width\":592,\"height\":577,\"caption\":\"SENAI\"},\"image\":{\"@id\":\"https:\/\/fieam.org.br\/senai\/#\/schema\/logo\/image\/\"}}]}<\/script>\n<!-- \/ Yoast SEO plugin. -->","yoast_head_json":{"title":"Tecnologia da Informa\u00e7\u00e3o e Comunica\u00e7\u00e3o - TIC - SENAI","robots":{"index":"index","follow":"follow","max-snippet":"max-snippet:-1","max-image-preview":"max-image-preview:large","max-video-preview":"max-video-preview:-1"},"canonical":"https:\/\/fieam.org.br\/senai\/tecnologia-da-informacao-e-comunicacao\/","og_locale":"pt_BR","og_type":"article","og_title":"Tecnologia da Informa\u00e7\u00e3o e Comunica\u00e7\u00e3o - TIC - SENAI","og_description":"Curso: Tecnologia da Informa\u00e7\u00e3o e Comunica\u00e7\u00e3o &#8211; TIC \u00a0 Modalidade: Inicia\u00e7\u00e3o Profissional\u00a0\u00a0\u00a0\u00a0\u00a0\u00a0\u00a0\u00a0\u00a0\u00a0\u00a0\u00a0\u00a0\u00a0\u00a0\u00a0\u00a0\u00a0 \u00c1rea de atua\u00e7\u00e3o: Tecnologia da Informa\u00e7\u00e3o \u00a0 Carga Hor\u00e1ria do curso: 14 horas. Acesso disponibilizado ao curso por 20 dias (corridos). Para cumprir o curso dentro do tempo estabelecido, recomendam-se em m\u00e9dia 50 minutos de estudo por dia. &nbsp; Investimento: Gratuito. &nbsp; P\u00fablico [&hellip;]","og_url":"https:\/\/fieam.org.br\/senai\/tecnologia-da-informacao-e-comunicacao\/","og_site_name":"SENAI","twitter_card":"summary_large_image","twitter_misc":{"Est. tempo de leitura":"2 minutos"},"schema":{"@context":"https:\/\/schema.org","@graph":[{"@type":"WebPage","@id":"https:\/\/fieam.org.br\/senai\/tecnologia-da-informacao-e-comunicacao\/","url":"https:\/\/fieam.org.br\/senai\/tecnologia-da-informacao-e-comunicacao\/","name":"Tecnologia da Informa\u00e7\u00e3o e Comunica\u00e7\u00e3o - TIC - SENAI","isPartOf":{"@id":"https:\/\/fieam.org.br\/senai\/#website"},"datePublished":"2019-02-21T19:09:48+00:00","breadcrumb":{"@id":"https:\/\/fieam.org.br\/senai\/tecnologia-da-informacao-e-comunicacao\/#breadcrumb"},"inLanguage":"pt-BR","potentialAction":[{"@type":"ReadAction","target":["https:\/\/fieam.org.br\/senai\/tecnologia-da-informacao-e-comunicacao\/"]}]},{"@type":"BreadcrumbList","@id":"https:\/\/fieam.org.br\/senai\/tecnologia-da-informacao-e-comunicacao\/#breadcrumb","itemListElement":[{"@type":"ListItem","position":1,"name":"In\u00edcio","item":"https:\/\/fieam.org.br\/senai\/"},{"@type":"ListItem","position":2,"name":"Tecnologia da Informa\u00e7\u00e3o e Comunica\u00e7\u00e3o &#8211; TIC"}]},{"@type":"WebSite","@id":"https:\/\/fieam.org.br\/senai\/#website","url":"https:\/\/fieam.org.br\/senai\/","name":"SENAI","description":"Site Oficial!","publisher":{"@id":"https:\/\/fieam.org.br\/senai\/#organization"},"potentialAction":[{"@type":"SearchAction","target":{"@type":"EntryPoint","urlTemplate":"https:\/\/fieam.org.br\/senai\/?s={search_term_string}"},"query-input":{"@type":"PropertyValueSpecification","valueRequired":true,"valueName":"search_term_string"}}],"inLanguage":"pt-BR"},{"@type":"Organization","@id":"https:\/\/fieam.org.br\/senai\/#organization","name":"SENAI","url":"https:\/\/fieam.org.br\/senai\/","logo":{"@type":"ImageObject","inLanguage":"pt-BR","@id":"https:\/\/fieam.org.br\/senai\/#\/schema\/logo\/image\/","url":"https:\/\/fieam.org.br\/senai\/wp-content\/uploads\/sites\/16\/2024\/03\/cropped-fav.png","contentUrl":"https:\/\/fieam.org.br\/senai\/wp-content\/uploads\/sites\/16\/2024\/03\/cropped-fav.png","width":592,"height":577,"caption":"SENAI"},"image":{"@id":"https:\/\/fieam.org.br\/senai\/#\/schema\/logo\/image\/"}}]}},"_links":{"self":[{"href":"https:\/\/fieam.org.br\/senai\/wp-json\/wp\/v2\/pages\/8678","targetHints":{"allow":["GET"]}}],"collection":[{"href":"https:\/\/fieam.org.br\/senai\/wp-json\/wp\/v2\/pages"}],"about":[{"href":"https:\/\/fieam.org.br\/senai\/wp-json\/wp\/v2\/types\/page"}],"author":[{"embeddable":true,"href":"https:\/\/fieam.org.br\/senai\/wp-json\/wp\/v2\/users\/1"}],"replies":[{"embeddable":true,"href":"https:\/\/fieam.org.br\/senai\/wp-json\/wp\/v2\/comments?post=8678"}],"version-history":[{"count":0,"href":"https:\/\/fieam.org.br\/senai\/wp-json\/wp\/v2\/pages\/8678\/revisions"}],"wp:attachment":[{"href":"https:\/\/fieam.org.br\/senai\/wp-json\/wp\/v2\/media?parent=8678"}],"curies":[{"name":"wp","href":"https:\/\/api.w.org\/{rel}","templated":true}]}}