{"id":8007,"date":"2018-05-17T09:38:40","date_gmt":"2018-05-17T13:38:40","guid":{"rendered":"http:\/\/www.fieam.org.br\/senai\/?page_id=8007"},"modified":"2018-05-17T09:38:40","modified_gmt":"2018-05-17T13:38:40","slug":"instalador-hidraulico","status":"publish","type":"page","link":"https:\/\/fieam.org.br\/senai\/instalador-hidraulico\/","title":{"rendered":"Instalador Hidr\u00e1ulico"},"content":{"rendered":"<table width=\"100%\">\n<tbody>\n<tr>\n<td colspan=\"2\" width=\"707\"><strong>Instalador Hidr\u00e1ulico<\/strong><\/td>\n<\/tr>\n<tr>\n<td width=\"145\"><strong>Unidade Polo do SENAI<\/strong><\/td>\n<td><strong>Escola SENAI\u00a0 Dem\u00f3stenes Travessa<\/strong><\/td>\n<\/tr>\n<tr>\n<td width=\"145\"><strong>Per\u00edodo de Inscri\u00e7\u00e3o<\/strong><\/td>\n<td>02\/07 a 03\/09\/2018 \u2013 <a href=\"http:\/\/www.fieam.org.br\/2015\/senai\/formulario-de-inscricao\/\">Clique aqui para efetuar sua pr\u00e9-inscri\u00e7\u00e3o<\/a><\/p>\n<h3><strong>Ap\u00f3s sua pr\u00e9-inscri\u00e7\u00e3o procure\u00a0a escola deste curso para\u00a0efetivar sua matr\u00edcula.<\/strong><\/h3>\n<p><strong>Escola SENAI\u00a0 Dem\u00f3stenes Travessa<\/strong><\/p>\n<p>Av. Rodrigo Ot\u00e1vio, 510 \u2013 Distrito Industrial<\/p>\n<p>Fone: (92) 3614-5900 \/ 5901<\/p>\n<p>E-mail:\u00a0<a href=\"mailto:corem.eswl@am.senai.br\">corem.esdt@am.senai.br<\/a><\/td>\n<\/tr>\n<tr>\n<td width=\"145\"><strong>Efetiva\u00e7\u00e3o da Matricula<\/strong><\/td>\n<td>&nbsp;<\/p>\n<p>02\/07 a 04\/09\/2018<\/p>\n<p>&nbsp;<\/p>\n<p>&nbsp;<\/td>\n<\/tr>\n<tr>\n<td width=\"145\"><strong>Per\u00edodo do curso<\/strong><\/td>\n<td>10\/09 a 14\/11\/2018<\/p>\n<p><strong>\u00a0<\/strong><\/p>\n<p><strong>Dia 10\/09\/2018 \u2013 Aula Inaugural Presencial<\/strong><\/td>\n<\/tr>\n<tr>\n<td width=\"145\"><strong>Quantidade de vagas<\/strong><\/td>\n<td>50<\/td>\n<\/tr>\n<tr>\n<td width=\"145\">Carga Hor\u00e1ria Total<\/td>\n<td>160h<\/td>\n<\/tr>\n<tr>\n<td>Carga Hor\u00e1ria a Dist\u00e2ncia<\/td>\n<td>128h<\/td>\n<\/tr>\n<tr>\n<td>Carga Hor\u00e1ria Presencial<\/td>\n<td>32h de aulas presenciais.<\/p>\n<p>(02 Turmas)\u00a0 &#8211; <strong>Turno Noturno: 18h00 \u00e0s 22h00h<\/strong><\/td>\n<\/tr>\n<tr>\n<td>Investimento<\/td>\n<td><strong>Gratuidade Regional<\/strong><\/td>\n<\/tr>\n<tr>\n<td>Modalidade<\/td>\n<td>Qualifica\u00e7\u00e3o Profissional<\/td>\n<\/tr>\n<tr>\n<td>\u00c1rea Tecnol\u00f3gica<\/td>\n<td>Constru\u00e7\u00e3o Civil<\/td>\n<\/tr>\n<tr>\n<td>Eixo Tecnol\u00f3gico<\/td>\n<td>Infraestrutura<\/td>\n<\/tr>\n<tr>\n<td>Objetivo Geral<\/td>\n<td>Qualificar profissionais para atender a demanda da ind\u00fastria na \u00e1rea de instala\u00e7\u00f5es hidr\u00e1ulicas, na modalidade de ensino \u00e0 dist\u00e2ncia, com a finalidade de ampliar a oferta de profissionais qualificados contribuindo para o desenvolvimento t\u00e9cnico, econ\u00f4mico e social da ind\u00fastria e do Estado.<\/td>\n<\/tr>\n<tr>\n<td>Requisitos de Acesso<\/td>\n<td>\u00b7\u00a0\u00a0\u00a0\u00a0\u00a0\u00a0\u00a0\u00a0 Escolaridade: Ter conclu\u00eddo o Ensino Fundamental I;<\/p>\n<p>\u00b7\u00a0\u00a0\u00a0\u00a0\u00a0\u00a0\u00a0\u00a0 Ter conhecimento b\u00e1sico de inform\u00e1tica e Internet.<\/p>\n<p>\u00b7\u00a0\u00a0\u00a0\u00a0\u00a0\u00a0\u00a0\u00a0 Ter sido classificado\/aprovado no processo seletivo, se aplic\u00e1vel, obedecendo ao limite de vagas dispon\u00edveis;<\/p>\n<p>\u00b7\u00a0\u00a0\u00a0\u00a0\u00a0\u00a0\u00a0\u00a0 <strong>Ter disponibilidade para participar dos encontros presenciais, aulas pr\u00e1ticas em laborat\u00f3rio ou visitas t\u00e9cnicas;<\/strong><\/p>\n<p>\u00b7\u00a0\u00a0\u00a0\u00a0\u00a0\u00a0\u00a0\u00a0 Gozar de perfeita sa\u00fade mental e f\u00edsica, tendo em vista que a natureza e a complexidade das atividades inerentes \u00e0 carreira do Instalador Hidr\u00e1ulico exigem tais condi\u00e7\u00f5es;<\/p>\n<p>\u00b7\u00a0\u00a0\u00a0\u00a0\u00a0\u00a0\u00a0\u00a0 Ter acesso \u00e0 Internet;<\/p>\n<p>\u00b7\u00a0\u00a0\u00a0\u00a0\u00a0\u00a0\u00a0\u00a0 Ter e-mail v\u00e1lido para intera\u00e7\u00e3o durante o curso.<\/td>\n<\/tr>\n<tr>\n<td>Documentos para Matr\u00edcula<\/td>\n<td>O candidato dever\u00e1 efetuar sua matr\u00edcula na Unidade Operacional do curso no qual se candidatou. No ato de matr\u00edcula, dever\u00e1 apresentar os seguintes documentos:<\/p>\n<ul>\n<li>RG<\/li>\n<li>CPF ou Declara\u00e7\u00e3o da Receita Federal<\/li>\n<li>Comprovante de resid\u00eancia (caso n\u00e3o esteja em nome do candidato ou de seus pais, o titular do documento deve emitir uma autodeclara\u00e7\u00e3o).<\/li>\n<li>Comprovante de escolaridade: hist\u00f3rico escolar do Ensino Fundamental Completo.<\/li>\n<\/ul>\n<\/td>\n<\/tr>\n<tr>\n<td colspan=\"2\"><strong>Configura\u00e7\u00e3o m\u00ednima de computador<\/strong><\/td>\n<\/tr>\n<tr>\n<td><strong>Processador<\/strong><\/td>\n<td>Processador Dual Core 2ghz ou superior<\/td>\n<\/tr>\n<tr>\n<td><strong>Mem\u00f3ria<\/strong><\/td>\n<td>1 GB de Mem\u00f3ria RAM ou mais<\/td>\n<\/tr>\n<tr>\n<td><strong>V\u00eddeo<\/strong><\/td>\n<td>Placa de V\u00eddeo on board de 128MB ou superior<\/td>\n<\/tr>\n<tr>\n<td><strong>Som<\/strong><\/td>\n<td>Placa de Som on board ou offboard e alto-falantes<\/td>\n<\/tr>\n<tr>\n<td rowspan=\"2\"><strong>Internet<\/strong><\/td>\n<td>Conex\u00e3o Banda Larga de 300 kbps (por computador)<\/td>\n<\/tr>\n<tr>\n<td>Placa de Rede 10 Mbps Ethernet ou superior<\/td>\n<\/tr>\n<tr>\n<td rowspan=\"3\"><strong>Sistema Operacional<br \/>\n(aluno deve possuir uma das alternativas)<\/strong><\/td>\n<td>Windows XP ou posterior<\/td>\n<\/tr>\n<tr>\n<td>Linux Ubuntu 6+ ou outras distribui\u00e7\u00f5es com<br \/>\nsuporte aos Browsers homologados<br \/>\nAndroid 4.0 ou superior;<\/td>\n<\/tr>\n<tr>\n<td>IOS n\u00e3o \u00e9 compat\u00edvel por causa dos recursos multim\u00eddia desenvolvidos em formato Flash.<\/td>\n<\/tr>\n<tr>\n<td rowspan=\"3\"><strong>Navegadores<br \/>\n(aluno deve possuir uma das alternativas)<\/strong><\/td>\n<td>Mozilla Firefox 18 ou posterior<\/td>\n<\/tr>\n<tr>\n<td>Google Chrome 20 ou posterior<\/td>\n<\/tr>\n<tr>\n<td>Internet Explorer 9 ou posterior<\/td>\n<\/tr>\n<tr>\n<td><strong>Plugins e Softwares<\/strong><\/td>\n<td>Plugin Flash Player 11 ou posterior<br \/>\n(http:\/\/get.adobe.com\/br\/flashplayer)<\/td>\n<\/tr>\n<\/tbody>\n<\/table>\n<p><a href=\"http:\/\/www.fieam.org.br\/2015\/senai\/formulario-de-inscricao\/\">Clique aqui para efetuar sua pr\u00e9-inscri\u00e7\u00e3o<\/a><\/p>\n<p><strong>Escola SENAI\u00a0 Dem\u00f3stenes Travessa<\/strong><\/p>\n<p>\u00c1rea: Constru\u00e7\u00e3o Civil<\/p>\n<p>Av. Rodrigo Ot\u00e1vio, 510 \u2013 Distrito Industrial<\/p>\n<p>Fone: (0xx92) 3614-5900 \/ 5901<\/p>\n<p>E-mail: <a href=\"mailto:corem.eswl@am.senai.br\">corem.esdt@am.senai.br<\/a><\/p>\n<p>Envie suas d\u00favidas, criticas e\/ou sugest\u00f5es para <a href=\"mailto:ead@am.senai.br\">ead@am.senai.br<\/a>.<\/p>\n<p>Hor\u00e1rio de Funcionamento das 7:30h \u00e0s 11:30h e 13:30h \u00e0s 17:30h de segunda a sexta-feira.<\/p>\n<p>&nbsp;<\/p>\n<p>&nbsp;<\/p>\n","protected":false},"excerpt":{"rendered":"<p>Instalador Hidr\u00e1ulico Unidade Polo do SENAI Escola SENAI\u00a0 Dem\u00f3stenes Travessa Per\u00edodo de Inscri\u00e7\u00e3o 02\/07 a 03\/09\/2018 \u2013 Clique aqui para efetuar sua pr\u00e9-inscri\u00e7\u00e3o Ap\u00f3s sua pr\u00e9-inscri\u00e7\u00e3o procure\u00a0a escola deste curso para\u00a0efetivar sua matr\u00edcula. Escola SENAI\u00a0 Dem\u00f3stenes Travessa Av. Rodrigo Ot\u00e1vio, 510 \u2013 Distrito Industrial Fone: (92) 3614-5900 \/ 5901 E-mail:\u00a0corem.esdt@am.senai.br Efetiva\u00e7\u00e3o da Matricula &nbsp; 02\/07 [&hellip;]<\/p>\n","protected":false},"author":1,"featured_media":0,"parent":0,"menu_order":0,"comment_status":"closed","ping_status":"closed","template":"","meta":{"footnotes":""},"class_list":["post-8007","page","type-page","status-publish","hentry"],"yoast_head":"<!-- This site is optimized with the Yoast SEO plugin v26.8 - https:\/\/yoast.com\/product\/yoast-seo-wordpress\/ -->\n<title>Instalador Hidr\u00e1ulico - SENAI<\/title>\n<meta name=\"robots\" content=\"index, follow, max-snippet:-1, max-image-preview:large, max-video-preview:-1\" \/>\n<link rel=\"canonical\" href=\"https:\/\/fieam.org.br\/senai\/instalador-hidraulico\/\" \/>\n<meta property=\"og:locale\" content=\"pt_BR\" \/>\n<meta property=\"og:type\" content=\"article\" \/>\n<meta property=\"og:title\" content=\"Instalador Hidr\u00e1ulico - SENAI\" \/>\n<meta property=\"og:description\" content=\"Instalador Hidr\u00e1ulico Unidade Polo do SENAI Escola SENAI\u00a0 Dem\u00f3stenes Travessa Per\u00edodo de Inscri\u00e7\u00e3o 02\/07 a 03\/09\/2018 \u2013 Clique aqui para efetuar sua pr\u00e9-inscri\u00e7\u00e3o Ap\u00f3s sua pr\u00e9-inscri\u00e7\u00e3o procure\u00a0a escola deste curso para\u00a0efetivar sua matr\u00edcula. Escola SENAI\u00a0 Dem\u00f3stenes Travessa Av. Rodrigo Ot\u00e1vio, 510 \u2013 Distrito Industrial Fone: (92) 3614-5900 \/ 5901 E-mail:\u00a0corem.esdt@am.senai.br Efetiva\u00e7\u00e3o da Matricula &nbsp; 02\/07 [&hellip;]\" \/>\n<meta property=\"og:url\" content=\"https:\/\/fieam.org.br\/senai\/instalador-hidraulico\/\" \/>\n<meta property=\"og:site_name\" content=\"SENAI\" \/>\n<meta name=\"twitter:card\" content=\"summary_large_image\" \/>\n<meta name=\"twitter:label1\" content=\"Est. tempo de leitura\" \/>\n\t<meta name=\"twitter:data1\" content=\"3 minutos\" \/>\n<script type=\"application\/ld+json\" class=\"yoast-schema-graph\">{\"@context\":\"https:\/\/schema.org\",\"@graph\":[{\"@type\":\"WebPage\",\"@id\":\"https:\/\/fieam.org.br\/senai\/instalador-hidraulico\/\",\"url\":\"https:\/\/fieam.org.br\/senai\/instalador-hidraulico\/\",\"name\":\"Instalador Hidr\u00e1ulico - SENAI\",\"isPartOf\":{\"@id\":\"https:\/\/fieam.org.br\/senai\/#website\"},\"datePublished\":\"2018-05-17T13:38:40+00:00\",\"breadcrumb\":{\"@id\":\"https:\/\/fieam.org.br\/senai\/instalador-hidraulico\/#breadcrumb\"},\"inLanguage\":\"pt-BR\",\"potentialAction\":[{\"@type\":\"ReadAction\",\"target\":[\"https:\/\/fieam.org.br\/senai\/instalador-hidraulico\/\"]}]},{\"@type\":\"BreadcrumbList\",\"@id\":\"https:\/\/fieam.org.br\/senai\/instalador-hidraulico\/#breadcrumb\",\"itemListElement\":[{\"@type\":\"ListItem\",\"position\":1,\"name\":\"In\u00edcio\",\"item\":\"https:\/\/fieam.org.br\/senai\/\"},{\"@type\":\"ListItem\",\"position\":2,\"name\":\"Instalador Hidr\u00e1ulico\"}]},{\"@type\":\"WebSite\",\"@id\":\"https:\/\/fieam.org.br\/senai\/#website\",\"url\":\"https:\/\/fieam.org.br\/senai\/\",\"name\":\"SENAI\",\"description\":\"Site Oficial!\",\"publisher\":{\"@id\":\"https:\/\/fieam.org.br\/senai\/#organization\"},\"potentialAction\":[{\"@type\":\"SearchAction\",\"target\":{\"@type\":\"EntryPoint\",\"urlTemplate\":\"https:\/\/fieam.org.br\/senai\/?s={search_term_string}\"},\"query-input\":{\"@type\":\"PropertyValueSpecification\",\"valueRequired\":true,\"valueName\":\"search_term_string\"}}],\"inLanguage\":\"pt-BR\"},{\"@type\":\"Organization\",\"@id\":\"https:\/\/fieam.org.br\/senai\/#organization\",\"name\":\"SENAI\",\"url\":\"https:\/\/fieam.org.br\/senai\/\",\"logo\":{\"@type\":\"ImageObject\",\"inLanguage\":\"pt-BR\",\"@id\":\"https:\/\/fieam.org.br\/senai\/#\/schema\/logo\/image\/\",\"url\":\"https:\/\/fieam.org.br\/senai\/wp-content\/uploads\/sites\/16\/2024\/03\/cropped-fav.png\",\"contentUrl\":\"https:\/\/fieam.org.br\/senai\/wp-content\/uploads\/sites\/16\/2024\/03\/cropped-fav.png\",\"width\":592,\"height\":577,\"caption\":\"SENAI\"},\"image\":{\"@id\":\"https:\/\/fieam.org.br\/senai\/#\/schema\/logo\/image\/\"}}]}<\/script>\n<!-- \/ Yoast SEO plugin. -->","yoast_head_json":{"title":"Instalador Hidr\u00e1ulico - SENAI","robots":{"index":"index","follow":"follow","max-snippet":"max-snippet:-1","max-image-preview":"max-image-preview:large","max-video-preview":"max-video-preview:-1"},"canonical":"https:\/\/fieam.org.br\/senai\/instalador-hidraulico\/","og_locale":"pt_BR","og_type":"article","og_title":"Instalador Hidr\u00e1ulico - SENAI","og_description":"Instalador Hidr\u00e1ulico Unidade Polo do SENAI Escola SENAI\u00a0 Dem\u00f3stenes Travessa Per\u00edodo de Inscri\u00e7\u00e3o 02\/07 a 03\/09\/2018 \u2013 Clique aqui para efetuar sua pr\u00e9-inscri\u00e7\u00e3o Ap\u00f3s sua pr\u00e9-inscri\u00e7\u00e3o procure\u00a0a escola deste curso para\u00a0efetivar sua matr\u00edcula. Escola SENAI\u00a0 Dem\u00f3stenes Travessa Av. Rodrigo Ot\u00e1vio, 510 \u2013 Distrito Industrial Fone: (92) 3614-5900 \/ 5901 E-mail:\u00a0corem.esdt@am.senai.br Efetiva\u00e7\u00e3o da Matricula &nbsp; 02\/07 [&hellip;]","og_url":"https:\/\/fieam.org.br\/senai\/instalador-hidraulico\/","og_site_name":"SENAI","twitter_card":"summary_large_image","twitter_misc":{"Est. tempo de leitura":"3 minutos"},"schema":{"@context":"https:\/\/schema.org","@graph":[{"@type":"WebPage","@id":"https:\/\/fieam.org.br\/senai\/instalador-hidraulico\/","url":"https:\/\/fieam.org.br\/senai\/instalador-hidraulico\/","name":"Instalador Hidr\u00e1ulico - SENAI","isPartOf":{"@id":"https:\/\/fieam.org.br\/senai\/#website"},"datePublished":"2018-05-17T13:38:40+00:00","breadcrumb":{"@id":"https:\/\/fieam.org.br\/senai\/instalador-hidraulico\/#breadcrumb"},"inLanguage":"pt-BR","potentialAction":[{"@type":"ReadAction","target":["https:\/\/fieam.org.br\/senai\/instalador-hidraulico\/"]}]},{"@type":"BreadcrumbList","@id":"https:\/\/fieam.org.br\/senai\/instalador-hidraulico\/#breadcrumb","itemListElement":[{"@type":"ListItem","position":1,"name":"In\u00edcio","item":"https:\/\/fieam.org.br\/senai\/"},{"@type":"ListItem","position":2,"name":"Instalador Hidr\u00e1ulico"}]},{"@type":"WebSite","@id":"https:\/\/fieam.org.br\/senai\/#website","url":"https:\/\/fieam.org.br\/senai\/","name":"SENAI","description":"Site Oficial!","publisher":{"@id":"https:\/\/fieam.org.br\/senai\/#organization"},"potentialAction":[{"@type":"SearchAction","target":{"@type":"EntryPoint","urlTemplate":"https:\/\/fieam.org.br\/senai\/?s={search_term_string}"},"query-input":{"@type":"PropertyValueSpecification","valueRequired":true,"valueName":"search_term_string"}}],"inLanguage":"pt-BR"},{"@type":"Organization","@id":"https:\/\/fieam.org.br\/senai\/#organization","name":"SENAI","url":"https:\/\/fieam.org.br\/senai\/","logo":{"@type":"ImageObject","inLanguage":"pt-BR","@id":"https:\/\/fieam.org.br\/senai\/#\/schema\/logo\/image\/","url":"https:\/\/fieam.org.br\/senai\/wp-content\/uploads\/sites\/16\/2024\/03\/cropped-fav.png","contentUrl":"https:\/\/fieam.org.br\/senai\/wp-content\/uploads\/sites\/16\/2024\/03\/cropped-fav.png","width":592,"height":577,"caption":"SENAI"},"image":{"@id":"https:\/\/fieam.org.br\/senai\/#\/schema\/logo\/image\/"}}]}},"_links":{"self":[{"href":"https:\/\/fieam.org.br\/senai\/wp-json\/wp\/v2\/pages\/8007","targetHints":{"allow":["GET"]}}],"collection":[{"href":"https:\/\/fieam.org.br\/senai\/wp-json\/wp\/v2\/pages"}],"about":[{"href":"https:\/\/fieam.org.br\/senai\/wp-json\/wp\/v2\/types\/page"}],"author":[{"embeddable":true,"href":"https:\/\/fieam.org.br\/senai\/wp-json\/wp\/v2\/users\/1"}],"replies":[{"embeddable":true,"href":"https:\/\/fieam.org.br\/senai\/wp-json\/wp\/v2\/comments?post=8007"}],"version-history":[{"count":0,"href":"https:\/\/fieam.org.br\/senai\/wp-json\/wp\/v2\/pages\/8007\/revisions"}],"wp:attachment":[{"href":"https:\/\/fieam.org.br\/senai\/wp-json\/wp\/v2\/media?parent=8007"}],"curies":[{"name":"wp","href":"https:\/\/api.w.org\/{rel}","templated":true}]}}