{"id":6559,"date":"2016-08-01T11:55:30","date_gmt":"2016-08-01T15:55:30","guid":{"rendered":"http:\/\/www.fieam.org.br\/2015\/senai\/?page_id=6559"},"modified":"2016-08-01T11:55:30","modified_gmt":"2016-08-01T15:55:30","slug":"mecanico-de-manutencao-em-freios-suspensao-e-direcao-automotiva","status":"publish","type":"page","link":"https:\/\/fieam.org.br\/senai\/mecanico-de-manutencao-em-freios-suspensao-e-direcao-automotiva\/","title":{"rendered":"Mec\u00e2nico de Manuten\u00e7\u00e3o em Freios, Suspens\u00e3o e Dire\u00e7\u00e3o Automotiva."},"content":{"rendered":"<table width=\"121%\">\n<tbody>\n<tr>\n<td width=\"213\"><strong>Unidade Polo do SENAI<\/strong><\/td>\n<td width=\"649\"><strong>Escola SENAI\u00a0 Waldemiro Lustoza<\/strong><\/td>\n<\/tr>\n<tr>\n<td width=\"213\"><strong>Per\u00edodo de inscri\u00e7\u00e3o no site<\/strong><\/td>\n<td width=\"649\"><strong>15\/05 a 06\/07\/201<\/strong><strong>8<\/strong><\/p>\n<p><a href=\"http:\/\/www.fieam.org.br\/2015\/senai\/formulario-de-inscricao\/\"><strong>Clique aqui para efetuar sua pr\u00e9-inscri\u00e7\u00e3o<\/strong><\/a><\/p>\n<h3><strong>Ap\u00f3s sua pr\u00e9-inscri\u00e7\u00e3o procure\u00a0a escola deste curso para\u00a0efetivar sua matr\u00edcula.<\/strong><\/h3>\n<p><strong>Escola SENAI\u00a0 Waldemiro Lustoza<\/strong><\/p>\n<p>Av. Carvalho Leal, 555 \u2013 Cachoeirinha &#8211; Fone: (92) 3133-6400 \/ 6401 \/ 6402 \/6403 \/ 6421 &#8211; E-mail: <a href=\"mailto:corem.eswl@am.senai.br\">corem.eswl@am.senai.br<\/a><\/td>\n<\/tr>\n<tr>\n<td width=\"213\"><strong>Per\u00edodo da efetiva\u00e7\u00e3o da Matr\u00edcula<\/strong><\/td>\n<td width=\"649\"><strong>\u00a0<\/strong><\/p>\n<p><strong>15\/05\u00a0a 06\/07\/201<\/strong><strong>8\u00a0<\/strong><\/p>\n<p>&nbsp;<\/td>\n<\/tr>\n<tr>\n<td width=\"213\"><strong>Per\u00edodo do curso<\/strong><\/td>\n<td width=\"649\"><strong>09\/07\/2018 a 30\/09\/201<\/strong><strong>8<\/strong><\/p>\n<p>&nbsp;<\/p>\n<p><strong>Dia 09\/07\/18<\/strong><strong> &#8211; Aula Inaugural presencial &#8211; Das 18h00 \u00e0s 22h00h.<\/strong><\/td>\n<\/tr>\n<tr>\n<td width=\"213\"><strong>Quantidade de vagas <\/strong><\/td>\n<td width=\"649\">50<\/td>\n<\/tr>\n<tr>\n<td width=\"213\"><strong>Carga Hor\u00e1ria Total<\/strong><\/td>\n<td width=\"649\">320h<\/td>\n<\/tr>\n<tr>\n<td width=\"213\"><strong>Carga Hor\u00e1ria a Dist\u00e2ncia<\/strong><\/td>\n<td width=\"649\">256h<\/td>\n<\/tr>\n<tr>\n<td width=\"213\"><strong>Carga Hor\u00e1ria Presencial<\/strong><\/td>\n<td width=\"649\">64h de aulas presenciais &#8211; Das 18h00 \u00e0s 22h00h<\/td>\n<\/tr>\n<tr>\n<td width=\"213\"><strong>Investimento<\/strong><\/td>\n<td width=\"649\"><strong>Gratuidade Regional<\/strong><\/td>\n<\/tr>\n<tr>\n<td width=\"213\"><strong>Modalidade<\/strong><\/td>\n<td width=\"649\">Qualifica\u00e7\u00e3o Profissional<\/td>\n<\/tr>\n<tr>\n<td width=\"213\"><strong>\u00c1rea Tecnol\u00f3gica<\/strong><\/td>\n<td width=\"649\">Automotiva<\/td>\n<\/tr>\n<tr>\n<td width=\"213\"><strong>Compet\u00eancia Geral<\/strong><\/td>\n<td width=\"649\">Realizar manuten\u00e7\u00e3o dos sistemas de freios, de suspens\u00e3o, de dire\u00e7\u00e3o, bem como atividades de apoio operacional, seguindo normas e procedimentos t\u00e9cnicos, de qualidade, seguran\u00e7a e meio ambiente.<\/td>\n<\/tr>\n<tr>\n<td width=\"213\"><strong>Objetivo Geral<\/strong><\/td>\n<td width=\"649\">O curso mec\u00e2nico de manuten\u00e7\u00e3o em freios, suspens\u00e3o e dire\u00e7\u00e3o automotiva visa permitir o desenvolvimento dos fundamentos t\u00e9cnicos e cient\u00edficos espec\u00edficos, das capacidades t\u00e9cnicas, sociais, organizativas e metodol\u00f3gicas, para melhor sustenta\u00e7\u00e3o das compet\u00eancias do perfil profissional.<\/td>\n<\/tr>\n<tr>\n<td width=\"213\"><strong>\u00a0<\/strong><\/td>\n<td width=\"649\"><\/td>\n<\/tr>\n<tr>\n<td width=\"213\"><strong>Requisitos de Acesso<\/strong><\/td>\n<td width=\"649\">\n<ul>\n<li>Escolaridade: Ter conclu\u00eddo 5\u00aa s\u00e9rie do Ensino Fundamental;<\/li>\n<li>Te conhecimento b\u00e1sico de inform\u00e1tica e Internet;<\/li>\n<li>Ter sido classificado\/aprovado no processo seletivo, se aplic\u00e1vel, obedecendo ao limite de vagas dispon\u00edveis;<\/li>\n<li><strong>Ter disponibilidade para participar dos encontros presenciais, aulas pr\u00e1ticas em laborat\u00f3rio ou visitas t\u00e9cnicas<\/strong>;<\/li>\n<li>Ter acesso \u00e0 Internet.<\/li>\n<li>Ter e-mail ativo para intera\u00e7\u00e3o durante o curso;<\/li>\n<\/ul>\n<\/td>\n<\/tr>\n<tr>\n<td width=\"213\"><strong>Documentos para Matr\u00edcula<\/strong><\/td>\n<td width=\"649\">O candidato dever\u00e1 efetuar sua matr\u00edcula na Unidade Operacional do curso no qual se candidatou.<\/p>\n<p>No ato de matr\u00edcula, o candidato dever\u00e1 apresentar os seguintes documentos:<\/p>\n<ul>\n<li>1 foto 3&#215;4<\/li>\n<li>RG<\/li>\n<li>CPF ou Declara\u00e7\u00e3o da Receita Federal<\/li>\n<li>Comprovante de resid\u00eancia (caso n\u00e3o esteja em nome do candidato ou de seus pais, o titular do documento deve emitir uma autodeclara\u00e7\u00e3o).<\/li>\n<li>Comprovante de escolaridade: hist\u00f3rico escolar do Ensino Fundamental II Incompleto\u00a0ou declara\u00e7\u00e3o de frequ\u00eancia escolar para quem est\u00e1 cursando o Ensino M\u00e9dio.<\/li>\n<\/ul>\n<\/td>\n<\/tr>\n<tr>\n<td width=\"213\"><strong>\u00a0 <\/strong><\/td>\n<td width=\"649\">\u00a0<strong>Configura\u00e7\u00e3o m\u00ednima de computador <\/strong><\/td>\n<\/tr>\n<tr>\n<td width=\"213\"><strong>Processador<\/strong><\/td>\n<td width=\"649\">Processador Dual Core 2ghz ou superior<\/td>\n<\/tr>\n<tr>\n<td width=\"213\"><strong>Mem\u00f3ria<\/strong><\/td>\n<td width=\"649\">1 GB de Mem\u00f3ria RAM ou mais<\/td>\n<\/tr>\n<tr>\n<td width=\"213\"><strong>V\u00eddeo<\/strong><\/td>\n<td width=\"649\">Placa de V\u00eddeo on board de 128MB ou superior<\/td>\n<\/tr>\n<tr>\n<td width=\"213\"><strong>Som<\/strong><\/td>\n<td width=\"649\">Placa de Som on board ou offboard e alto-falantes<\/td>\n<\/tr>\n<tr>\n<td width=\"213\"><strong>Internet<\/strong><\/td>\n<td width=\"649\">Conex\u00e3o Banda Larga de 300 kbps (por computador)<\/td>\n<\/tr>\n<tr>\n<td width=\"213\"><strong>\u00a0<\/strong><\/td>\n<td width=\"649\">Placa de Rede 10 Mbps Ethernet ou superior<\/td>\n<\/tr>\n<tr>\n<td width=\"213\"><strong>Sistema Operacional<br \/>\n(aluno deve possuir uma das alternativas)<\/strong><\/td>\n<td width=\"649\">Windows XP ou posterior<\/td>\n<\/tr>\n<tr>\n<td width=\"213\"><strong>\u00a0<\/strong><\/td>\n<td width=\"649\">Linux Ubuntu 6+ ou outras distribui\u00e7\u00f5es com<br \/>\nsuporte aos Browsers homologados<br \/>\nAndroid 4.0 ou superior;<\/td>\n<\/tr>\n<tr>\n<td width=\"213\"><strong>\u00a0<\/strong><\/td>\n<td width=\"649\">IOS n\u00e3o \u00e9 compat\u00edvel por causa dos recursos multim\u00eddia desenvolvidos em formato Flash.<\/td>\n<\/tr>\n<tr>\n<td width=\"213\"><strong>Navegadores<br \/>\n(aluno deve possuir uma das alternativas)<\/strong><\/td>\n<td width=\"649\">Mozilla Firefox 18 ou posterior<\/td>\n<\/tr>\n<tr>\n<td width=\"213\"><strong>\u00a0<\/strong><\/td>\n<td width=\"649\">Google Chrome 20 ou posterior<\/td>\n<\/tr>\n<tr>\n<td width=\"213\"><strong>\u00a0<\/strong><\/td>\n<td width=\"649\">Internet Explorer 9 ou posterior<\/td>\n<\/tr>\n<tr>\n<td width=\"213\"><strong>Plugins e Softwares<\/strong><\/td>\n<td width=\"649\">Plugin Flash Player 11 ou posterior<br \/>\n(http:\/\/get.adobe.com\/br\/flashplayer)<\/td>\n<\/tr>\n<tr>\n<td width=\"213\"><strong>\u00a0<\/strong><\/td>\n<td width=\"649\">Java SE 1.6.45 ou superior (<a href=\"http:\/\/java.com\">http:\/\/java.com<\/a>)<\/td>\n<\/tr>\n<tr>\n<td width=\"213\"><strong>Acess\u00f3rios para intera\u00e7\u00e3o em Webconfer\u00eancia<\/strong><\/td>\n<td width=\"649\">Webcam e conjunto de microfone e fone de ouvido (headset).<\/p>\n<p>&nbsp;<\/td>\n<\/tr>\n<\/tbody>\n<\/table>\n<p>&nbsp;<\/p>\n<table width=\"100%\">\n<tbody>\n<tr>\n<td colspan=\"3\" width=\"707\"><strong>Organiza\u00e7\u00e3o Curricular<\/strong><\/td>\n<\/tr>\n<tr>\n<td width=\"200\"><strong>M\u00f3dulos<\/strong><\/td>\n<td><strong>Unidades Curriculares<\/strong><\/td>\n<td width=\"100\"><strong>Carga Hor\u00e1ria<\/strong><\/td>\n<\/tr>\n<tr>\n<td rowspan=\"2\"><strong>M\u00f3dulo B\u00e1sico<\/strong><\/td>\n<td>Organiza\u00e7\u00e3o do Ambiente de Trabalho<\/td>\n<td>30h<\/td>\n<\/tr>\n<tr>\n<td>\u00a0Fundamentos de Tecnologia Automotiva<\/td>\n<td>30h<\/td>\n<\/tr>\n<tr>\n<td><strong>M\u00f3dulo Introdut\u00f3rio I<\/strong><\/td>\n<td>Sistemas Mec\u00e2nicos Automotivos<\/td>\n<td>80h<\/td>\n<\/tr>\n<tr>\n<td rowspan=\"3\"><strong>M\u00f3dulo Espec\u00edfico I<\/strong><\/td>\n<td>Sistemas de Freios<\/td>\n<td>60h<\/td>\n<\/tr>\n<tr>\n<td>Sistemas de Suspens\u00e3o<\/td>\n<td>60h<\/td>\n<\/tr>\n<tr>\n<td>Sistemas de Dire\u00e7\u00e3o<\/td>\n<td>60h<\/td>\n<\/tr>\n<tr>\n<td colspan=\"2\"><strong>Carga Hor\u00e1ria Total<\/strong><\/td>\n<td>320h<\/td>\n<\/tr>\n<\/tbody>\n<\/table>\n<p><a href=\"http:\/\/www.fieam.org.br\/2015\/senai\/formulario-de-inscricao\/\"><strong>Clique aqui para efetuar sua pr\u00e9-inscri\u00e7\u00e3o<\/strong><\/a><\/p>\n<p><strong>Informa\u00e7\u00f5es:<\/strong><\/p>\n<p><strong>Escola SENAI\u00a0 Waldemiro Lustoza<\/strong><\/p>\n<p><strong>\u00c1reas:<\/strong> Metalmec\u00e2nica, Automotiva, Soldagem e Pl\u00e1stico.<\/p>\n<p>Av. Carvalho Leal, 555 \u2013 Cachoeirinha &#8211; Fone: (92) 3133-6400 \/ 6401 \/ 6402 6403\/6421<\/p>\n<p>E-mail: <a href=\"mailto:corem.eswl@am.senai.br\">corem.eswl@am.senai.br<\/a><\/p>\n<p>Envie suas d\u00favidas, criticas e\/ou sugest\u00f5es para <a href=\"mailto:ead@am.senai.br\">ead@am.senai.br<\/a>.<\/p>\n<p>Hor\u00e1rio de Funcionamento das 07h30min \u00e0s 11h30min e 13h30min \u00e0s 17h30min de segunda a sexta-feira.<\/p>\n","protected":false},"excerpt":{"rendered":"<p>Unidade Polo do SENAI Escola SENAI\u00a0 Waldemiro Lustoza Per\u00edodo de inscri\u00e7\u00e3o no site 15\/05 a 06\/07\/2018 Clique aqui para efetuar sua pr\u00e9-inscri\u00e7\u00e3o Ap\u00f3s sua pr\u00e9-inscri\u00e7\u00e3o procure\u00a0a escola deste curso para\u00a0efetivar sua matr\u00edcula. Escola SENAI\u00a0 Waldemiro Lustoza Av. Carvalho Leal, 555 \u2013 Cachoeirinha &#8211; Fone: (92) 3133-6400 \/ 6401 \/ 6402 \/6403 \/ 6421 &#8211; E-mail: [&hellip;]<\/p>\n","protected":false},"author":1,"featured_media":0,"parent":0,"menu_order":0,"comment_status":"closed","ping_status":"closed","template":"","meta":{"footnotes":""},"class_list":["post-6559","page","type-page","status-publish","hentry"],"yoast_head":"<!-- This site is optimized with the Yoast SEO plugin v26.8 - https:\/\/yoast.com\/product\/yoast-seo-wordpress\/ -->\n<title>Mec\u00e2nico de Manuten\u00e7\u00e3o em Freios, Suspens\u00e3o e Dire\u00e7\u00e3o Automotiva. - SENAI<\/title>\n<meta name=\"robots\" content=\"index, follow, max-snippet:-1, max-image-preview:large, max-video-preview:-1\" \/>\n<link rel=\"canonical\" href=\"https:\/\/fieam.org.br\/senai\/mecanico-de-manutencao-em-freios-suspensao-e-direcao-automotiva\/\" \/>\n<meta property=\"og:locale\" content=\"pt_BR\" \/>\n<meta property=\"og:type\" content=\"article\" \/>\n<meta property=\"og:title\" content=\"Mec\u00e2nico de Manuten\u00e7\u00e3o em Freios, Suspens\u00e3o e Dire\u00e7\u00e3o Automotiva. - SENAI\" \/>\n<meta property=\"og:description\" content=\"Unidade Polo do SENAI Escola SENAI\u00a0 Waldemiro Lustoza Per\u00edodo de inscri\u00e7\u00e3o no site 15\/05 a 06\/07\/2018 Clique aqui para efetuar sua pr\u00e9-inscri\u00e7\u00e3o Ap\u00f3s sua pr\u00e9-inscri\u00e7\u00e3o procure\u00a0a escola deste curso para\u00a0efetivar sua matr\u00edcula. Escola SENAI\u00a0 Waldemiro Lustoza Av. Carvalho Leal, 555 \u2013 Cachoeirinha &#8211; Fone: (92) 3133-6400 \/ 6401 \/ 6402 \/6403 \/ 6421 &#8211; E-mail: [&hellip;]\" \/>\n<meta property=\"og:url\" content=\"https:\/\/fieam.org.br\/senai\/mecanico-de-manutencao-em-freios-suspensao-e-direcao-automotiva\/\" \/>\n<meta property=\"og:site_name\" content=\"SENAI\" \/>\n<meta name=\"twitter:card\" content=\"summary_large_image\" \/>\n<meta name=\"twitter:label1\" content=\"Est. tempo de leitura\" \/>\n\t<meta name=\"twitter:data1\" content=\"3 minutos\" \/>\n<script type=\"application\/ld+json\" class=\"yoast-schema-graph\">{\"@context\":\"https:\/\/schema.org\",\"@graph\":[{\"@type\":\"WebPage\",\"@id\":\"https:\/\/fieam.org.br\/senai\/mecanico-de-manutencao-em-freios-suspensao-e-direcao-automotiva\/\",\"url\":\"https:\/\/fieam.org.br\/senai\/mecanico-de-manutencao-em-freios-suspensao-e-direcao-automotiva\/\",\"name\":\"Mec\u00e2nico de Manuten\u00e7\u00e3o em Freios, Suspens\u00e3o e Dire\u00e7\u00e3o Automotiva. - SENAI\",\"isPartOf\":{\"@id\":\"https:\/\/fieam.org.br\/senai\/#website\"},\"datePublished\":\"2016-08-01T15:55:30+00:00\",\"breadcrumb\":{\"@id\":\"https:\/\/fieam.org.br\/senai\/mecanico-de-manutencao-em-freios-suspensao-e-direcao-automotiva\/#breadcrumb\"},\"inLanguage\":\"pt-BR\",\"potentialAction\":[{\"@type\":\"ReadAction\",\"target\":[\"https:\/\/fieam.org.br\/senai\/mecanico-de-manutencao-em-freios-suspensao-e-direcao-automotiva\/\"]}]},{\"@type\":\"BreadcrumbList\",\"@id\":\"https:\/\/fieam.org.br\/senai\/mecanico-de-manutencao-em-freios-suspensao-e-direcao-automotiva\/#breadcrumb\",\"itemListElement\":[{\"@type\":\"ListItem\",\"position\":1,\"name\":\"In\u00edcio\",\"item\":\"https:\/\/fieam.org.br\/senai\/\"},{\"@type\":\"ListItem\",\"position\":2,\"name\":\"Mec\u00e2nico de Manuten\u00e7\u00e3o em Freios, Suspens\u00e3o e Dire\u00e7\u00e3o Automotiva.\"}]},{\"@type\":\"WebSite\",\"@id\":\"https:\/\/fieam.org.br\/senai\/#website\",\"url\":\"https:\/\/fieam.org.br\/senai\/\",\"name\":\"SENAI\",\"description\":\"Site Oficial!\",\"publisher\":{\"@id\":\"https:\/\/fieam.org.br\/senai\/#organization\"},\"potentialAction\":[{\"@type\":\"SearchAction\",\"target\":{\"@type\":\"EntryPoint\",\"urlTemplate\":\"https:\/\/fieam.org.br\/senai\/?s={search_term_string}\"},\"query-input\":{\"@type\":\"PropertyValueSpecification\",\"valueRequired\":true,\"valueName\":\"search_term_string\"}}],\"inLanguage\":\"pt-BR\"},{\"@type\":\"Organization\",\"@id\":\"https:\/\/fieam.org.br\/senai\/#organization\",\"name\":\"SENAI\",\"url\":\"https:\/\/fieam.org.br\/senai\/\",\"logo\":{\"@type\":\"ImageObject\",\"inLanguage\":\"pt-BR\",\"@id\":\"https:\/\/fieam.org.br\/senai\/#\/schema\/logo\/image\/\",\"url\":\"https:\/\/fieam.org.br\/senai\/wp-content\/uploads\/sites\/16\/2024\/03\/cropped-fav.png\",\"contentUrl\":\"https:\/\/fieam.org.br\/senai\/wp-content\/uploads\/sites\/16\/2024\/03\/cropped-fav.png\",\"width\":592,\"height\":577,\"caption\":\"SENAI\"},\"image\":{\"@id\":\"https:\/\/fieam.org.br\/senai\/#\/schema\/logo\/image\/\"}}]}<\/script>\n<!-- \/ Yoast SEO plugin. -->","yoast_head_json":{"title":"Mec\u00e2nico de Manuten\u00e7\u00e3o em Freios, Suspens\u00e3o e Dire\u00e7\u00e3o Automotiva. - SENAI","robots":{"index":"index","follow":"follow","max-snippet":"max-snippet:-1","max-image-preview":"max-image-preview:large","max-video-preview":"max-video-preview:-1"},"canonical":"https:\/\/fieam.org.br\/senai\/mecanico-de-manutencao-em-freios-suspensao-e-direcao-automotiva\/","og_locale":"pt_BR","og_type":"article","og_title":"Mec\u00e2nico de Manuten\u00e7\u00e3o em Freios, Suspens\u00e3o e Dire\u00e7\u00e3o Automotiva. - SENAI","og_description":"Unidade Polo do SENAI Escola SENAI\u00a0 Waldemiro Lustoza Per\u00edodo de inscri\u00e7\u00e3o no site 15\/05 a 06\/07\/2018 Clique aqui para efetuar sua pr\u00e9-inscri\u00e7\u00e3o Ap\u00f3s sua pr\u00e9-inscri\u00e7\u00e3o procure\u00a0a escola deste curso para\u00a0efetivar sua matr\u00edcula. Escola SENAI\u00a0 Waldemiro Lustoza Av. Carvalho Leal, 555 \u2013 Cachoeirinha &#8211; Fone: (92) 3133-6400 \/ 6401 \/ 6402 \/6403 \/ 6421 &#8211; E-mail: [&hellip;]","og_url":"https:\/\/fieam.org.br\/senai\/mecanico-de-manutencao-em-freios-suspensao-e-direcao-automotiva\/","og_site_name":"SENAI","twitter_card":"summary_large_image","twitter_misc":{"Est. tempo de leitura":"3 minutos"},"schema":{"@context":"https:\/\/schema.org","@graph":[{"@type":"WebPage","@id":"https:\/\/fieam.org.br\/senai\/mecanico-de-manutencao-em-freios-suspensao-e-direcao-automotiva\/","url":"https:\/\/fieam.org.br\/senai\/mecanico-de-manutencao-em-freios-suspensao-e-direcao-automotiva\/","name":"Mec\u00e2nico de Manuten\u00e7\u00e3o em Freios, Suspens\u00e3o e Dire\u00e7\u00e3o Automotiva. - SENAI","isPartOf":{"@id":"https:\/\/fieam.org.br\/senai\/#website"},"datePublished":"2016-08-01T15:55:30+00:00","breadcrumb":{"@id":"https:\/\/fieam.org.br\/senai\/mecanico-de-manutencao-em-freios-suspensao-e-direcao-automotiva\/#breadcrumb"},"inLanguage":"pt-BR","potentialAction":[{"@type":"ReadAction","target":["https:\/\/fieam.org.br\/senai\/mecanico-de-manutencao-em-freios-suspensao-e-direcao-automotiva\/"]}]},{"@type":"BreadcrumbList","@id":"https:\/\/fieam.org.br\/senai\/mecanico-de-manutencao-em-freios-suspensao-e-direcao-automotiva\/#breadcrumb","itemListElement":[{"@type":"ListItem","position":1,"name":"In\u00edcio","item":"https:\/\/fieam.org.br\/senai\/"},{"@type":"ListItem","position":2,"name":"Mec\u00e2nico de Manuten\u00e7\u00e3o em Freios, Suspens\u00e3o e Dire\u00e7\u00e3o Automotiva."}]},{"@type":"WebSite","@id":"https:\/\/fieam.org.br\/senai\/#website","url":"https:\/\/fieam.org.br\/senai\/","name":"SENAI","description":"Site Oficial!","publisher":{"@id":"https:\/\/fieam.org.br\/senai\/#organization"},"potentialAction":[{"@type":"SearchAction","target":{"@type":"EntryPoint","urlTemplate":"https:\/\/fieam.org.br\/senai\/?s={search_term_string}"},"query-input":{"@type":"PropertyValueSpecification","valueRequired":true,"valueName":"search_term_string"}}],"inLanguage":"pt-BR"},{"@type":"Organization","@id":"https:\/\/fieam.org.br\/senai\/#organization","name":"SENAI","url":"https:\/\/fieam.org.br\/senai\/","logo":{"@type":"ImageObject","inLanguage":"pt-BR","@id":"https:\/\/fieam.org.br\/senai\/#\/schema\/logo\/image\/","url":"https:\/\/fieam.org.br\/senai\/wp-content\/uploads\/sites\/16\/2024\/03\/cropped-fav.png","contentUrl":"https:\/\/fieam.org.br\/senai\/wp-content\/uploads\/sites\/16\/2024\/03\/cropped-fav.png","width":592,"height":577,"caption":"SENAI"},"image":{"@id":"https:\/\/fieam.org.br\/senai\/#\/schema\/logo\/image\/"}}]}},"_links":{"self":[{"href":"https:\/\/fieam.org.br\/senai\/wp-json\/wp\/v2\/pages\/6559","targetHints":{"allow":["GET"]}}],"collection":[{"href":"https:\/\/fieam.org.br\/senai\/wp-json\/wp\/v2\/pages"}],"about":[{"href":"https:\/\/fieam.org.br\/senai\/wp-json\/wp\/v2\/types\/page"}],"author":[{"embeddable":true,"href":"https:\/\/fieam.org.br\/senai\/wp-json\/wp\/v2\/users\/1"}],"replies":[{"embeddable":true,"href":"https:\/\/fieam.org.br\/senai\/wp-json\/wp\/v2\/comments?post=6559"}],"version-history":[{"count":0,"href":"https:\/\/fieam.org.br\/senai\/wp-json\/wp\/v2\/pages\/6559\/revisions"}],"wp:attachment":[{"href":"https:\/\/fieam.org.br\/senai\/wp-json\/wp\/v2\/media?parent=6559"}],"curies":[{"name":"wp","href":"https:\/\/api.w.org\/{rel}","templated":true}]}}