{"id":3049,"date":"2013-10-15T15:27:30","date_gmt":"2013-10-15T15:27:30","guid":{"rendered":"http:\/\/www.fieam.org.br\/site\/senai\/?page_id=3049"},"modified":"2013-10-15T15:27:30","modified_gmt":"2013-10-15T15:27:30","slug":"senai-ead-tecnico-em-automacao-industrial","status":"publish","type":"page","link":"https:\/\/fieam.org.br\/senai\/senai-ead-tecnico-em-automacao-industrial\/","title":{"rendered":"PR\u00c9-INSCRI\u00c7\u00c3O SENAI &#8211; EAD"},"content":{"rendered":"<p>&nbsp;<\/p>\n<p><span style=\"font-size: large\"><strong>T\u00e9cnico\u00a0em\u00a0Automa\u00e7\u00e3o\u00a0Industrial<\/strong><\/span><\/p>\n<p>&nbsp;<\/p>\n<p><strong>Itiner\u00e1rio formativo:<\/strong><\/p>\n<p>\u2022 M\u00f3dulo B\u00e1sico 340h \u2013 Fundamentos da Comunica\u00e7\u00e3o, Fundamentos da Eletrot\u00e9cnica e Fundamentos da Mec\u00e2nica;<\/p>\n<p>\u2022 M\u00f3dulo Introdut\u00f3rio 340h \u2013 Acionamento de Dispositivos Atuadores e Processamento de Sinais;<\/p>\n<p>\u2022 M\u00f3dulo Espec\u00edfico I &#8211; 340h \u2013 Gest\u00e3o da Manuten\u00e7\u00e3o, Implementa\u00e7\u00e3o de Equipamentos e Dispositivos, Instrumenta\u00e7\u00e3o e Controle, Manuten\u00e7\u00e3o de Equipamentos e Dispositivos;<\/p>\n<p>\u2022 M\u00f3dulo Espec\u00edfico II &#8211; 340h \u2013 Desenvolvimento de Sistemas de Controle, Sistemas L\u00f3gicos Program\u00e1veis, T\u00e9cnicas de Controle;<\/p>\n<p>\u2022 Est\u00e1gio\/Trabalho de Conclus\u00e3o de Curso (TCC) \u2013 272h.<\/p>\n<p><strong>Descri\u00e7\u00e3o:<\/strong> Habilitar profissionais para atuar na \u00e1rea de Automa\u00e7\u00e3o Industrial com as compet\u00eancias necess\u00e1rias para atuar no desenvolvimento de sistemas de controle e automa\u00e7\u00e3o, implementar e manter equipamentos e dispositivos, respeitando procedimentos e normas t\u00e9cnicas, de qualidade, de sa\u00fade e seguran\u00e7a e de meio ambiente, primando pelos preceitos da \u00e9tica pessoal e profissional.<\/p>\n<p><strong>Carga hor\u00e1ria do curso:<\/strong> A carga hor\u00e1ria presencial deste curso \u00e9 de 20%. Dessa forma, 1.306 horas s\u00e3o realizadas a dist\u00e2ncia e 326 horas s\u00e3o realizadas presencialmente na Unidade Polo da oferta do curso, em laborat\u00f3rios, salas de aula. Por fim, o aluno ter\u00e1 272 horas dedicadas ao Est\u00e1gio e ou TCC, totalizando carga hor\u00e1ria de 1.632 horas.<\/p>\n<p><strong>Investimento:<\/strong> 18 parcelas de R$ 257,00 &#8211; Formas de pagamento: Boleto e cart\u00e3o.<\/p>\n<p><strong>Pr\u00e9-requisitos:<\/strong><\/p>\n<p>\u2022 Ter idade m\u00ednima de 16 anos, ensino m\u00e9dio completo (oferta subsequente) ;<\/p>\n<p>\u2022 Ter sido classificado\/aprovado no processo seletivo, se aplic\u00e1vel, obedecendo ao limite de vagas dispon\u00edveis;<\/p>\n<p>\u2022 Ter disponibilidade para participar dos encontros presenciais, aulas pr\u00e1ticas em laborat\u00f3rio ou visitas t\u00e9cnicas;<\/p>\n<p>\u2022 Ter acesso ao computador com configura\u00e7\u00f5es m\u00ednimas: Processador Dual Core 2GHz, 2 GB mem\u00f3ria RAM, placa m\u00e3e com 128 MB, placa gr\u00e1fica aceleradora de v\u00eddeo off ou on board de 128 MB, placa de som e alto-falantes:<\/p>\n<p>Sistema Operacional Windows XP e MAC OS 10.5.2(Leopard), Internet banda larga de 300kbps(por computador), placa de rede 10 Mbps. Navegadores: Internet Explorer 9, Mozila Firefox 18, Google Crome 20, Safari 3.1. Plug-ins\/<\/p>\n<p>Softwares: Adobe Acrobat Reader e Adobe Flash Player 11, Java SE 1.6.45 e Unity Web Player atualizado;<\/p>\n<p>\u2022 Comprometimento com a din\u00e2mica de Educa\u00e7\u00e3o a Dist\u00e2ncia, com o prop\u00f3sito de desenvolver os Fundamentos T\u00e9cnicos e Cient\u00edficos espec\u00edficos, das capacidades t\u00e9cnicas, sociais, organizativas e metodol\u00f3gicas, para melhor sustenta\u00e7\u00e3o das compet\u00eancias do perfil profissional.<\/p>\n<p><strong>Modalidade:<\/strong> Habilita\u00e7\u00e3o Profissional (Curso T\u00e9cnico)<\/p>\n<p><strong>\u00c1rea de atua\u00e7\u00e3o:<\/strong> Automa\u00e7\u00e3o<\/p>\n<p><strong>Vagas:<\/strong> 50<\/p>\n<p><span style=\"color: #0000ff\"><strong>\u00a0Pr\u00e9 &#8211; inscri\u00e7\u00f5es encerradas.<\/strong><\/span><\/p>\n<p>[contact-form-7 id=&#8221;3146&#8243; title=&#8221;SENAI EAD&#8221;]<\/p>\n<p><strong>Informa\u00e7\u00f5es:<\/strong><\/p>\n<p>Coordena\u00e7\u00e3o de Rela\u00e7\u00f5es com o Mercado da Unidade Polo: Escola SENAI Ant\u00f4nio Sim\u00f5es &#8211; AM<\/p>\n<p>Telefone: (92) 3182 \u2013 9963\/9969<\/p>\n<p>E-mail: corem.esas@am.senai.br<\/p>\n<p>Coordena\u00e7\u00e3o do N\u00facleo de Educa\u00e7\u00e3o a Dist\u00e2ncia<\/p>\n<p>Telefone: (92) 3182 \u2013 9971\/9956<\/p>\n<p>E-mail: ead@am.senai.br<\/p>\n","protected":false},"excerpt":{"rendered":"<p>&nbsp; T\u00e9cnico\u00a0em\u00a0Automa\u00e7\u00e3o\u00a0Industrial &nbsp; Itiner\u00e1rio formativo: \u2022 M\u00f3dulo B\u00e1sico 340h \u2013 Fundamentos da Comunica\u00e7\u00e3o, Fundamentos da Eletrot\u00e9cnica e Fundamentos da Mec\u00e2nica; \u2022 M\u00f3dulo Introdut\u00f3rio 340h \u2013 Acionamento de Dispositivos Atuadores e Processamento de Sinais; \u2022 M\u00f3dulo Espec\u00edfico I &#8211; 340h \u2013 Gest\u00e3o da Manuten\u00e7\u00e3o, Implementa\u00e7\u00e3o de Equipamentos e Dispositivos, Instrumenta\u00e7\u00e3o e Controle, Manuten\u00e7\u00e3o de Equipamentos e [&hellip;]<\/p>\n","protected":false},"author":1,"featured_media":0,"parent":0,"menu_order":0,"comment_status":"open","ping_status":"open","template":"","meta":{"footnotes":""},"class_list":["post-3049","page","type-page","status-publish","hentry"],"yoast_head":"<!-- This site is optimized with the Yoast SEO plugin v26.8 - https:\/\/yoast.com\/product\/yoast-seo-wordpress\/ -->\n<title>PR\u00c9-INSCRI\u00c7\u00c3O SENAI - EAD - SENAI<\/title>\n<meta name=\"robots\" content=\"index, follow, max-snippet:-1, max-image-preview:large, max-video-preview:-1\" \/>\n<link rel=\"canonical\" href=\"https:\/\/fieam.org.br\/senai\/senai-ead-tecnico-em-automacao-industrial\/\" \/>\n<meta property=\"og:locale\" content=\"pt_BR\" \/>\n<meta property=\"og:type\" content=\"article\" \/>\n<meta property=\"og:title\" content=\"PR\u00c9-INSCRI\u00c7\u00c3O SENAI - EAD - SENAI\" \/>\n<meta property=\"og:description\" content=\"&nbsp; T\u00e9cnico\u00a0em\u00a0Automa\u00e7\u00e3o\u00a0Industrial &nbsp; Itiner\u00e1rio formativo: \u2022 M\u00f3dulo B\u00e1sico 340h \u2013 Fundamentos da Comunica\u00e7\u00e3o, Fundamentos da Eletrot\u00e9cnica e Fundamentos da Mec\u00e2nica; \u2022 M\u00f3dulo Introdut\u00f3rio 340h \u2013 Acionamento de Dispositivos Atuadores e Processamento de Sinais; \u2022 M\u00f3dulo Espec\u00edfico I &#8211; 340h \u2013 Gest\u00e3o da Manuten\u00e7\u00e3o, Implementa\u00e7\u00e3o de Equipamentos e Dispositivos, Instrumenta\u00e7\u00e3o e Controle, Manuten\u00e7\u00e3o de Equipamentos e [&hellip;]\" \/>\n<meta property=\"og:url\" content=\"https:\/\/fieam.org.br\/senai\/senai-ead-tecnico-em-automacao-industrial\/\" \/>\n<meta property=\"og:site_name\" content=\"SENAI\" \/>\n<meta name=\"twitter:card\" content=\"summary_large_image\" \/>\n<meta name=\"twitter:label1\" content=\"Est. tempo de leitura\" \/>\n\t<meta name=\"twitter:data1\" content=\"2 minutos\" \/>\n<script type=\"application\/ld+json\" class=\"yoast-schema-graph\">{\"@context\":\"https:\/\/schema.org\",\"@graph\":[{\"@type\":\"WebPage\",\"@id\":\"https:\/\/fieam.org.br\/senai\/senai-ead-tecnico-em-automacao-industrial\/\",\"url\":\"https:\/\/fieam.org.br\/senai\/senai-ead-tecnico-em-automacao-industrial\/\",\"name\":\"PR\u00c9-INSCRI\u00c7\u00c3O SENAI - EAD - SENAI\",\"isPartOf\":{\"@id\":\"https:\/\/fieam.org.br\/senai\/#website\"},\"datePublished\":\"2013-10-15T15:27:30+00:00\",\"breadcrumb\":{\"@id\":\"https:\/\/fieam.org.br\/senai\/senai-ead-tecnico-em-automacao-industrial\/#breadcrumb\"},\"inLanguage\":\"pt-BR\",\"potentialAction\":[{\"@type\":\"ReadAction\",\"target\":[\"https:\/\/fieam.org.br\/senai\/senai-ead-tecnico-em-automacao-industrial\/\"]}]},{\"@type\":\"BreadcrumbList\",\"@id\":\"https:\/\/fieam.org.br\/senai\/senai-ead-tecnico-em-automacao-industrial\/#breadcrumb\",\"itemListElement\":[{\"@type\":\"ListItem\",\"position\":1,\"name\":\"In\u00edcio\",\"item\":\"https:\/\/fieam.org.br\/senai\/\"},{\"@type\":\"ListItem\",\"position\":2,\"name\":\"PR\u00c9-INSCRI\u00c7\u00c3O SENAI &#8211; EAD\"}]},{\"@type\":\"WebSite\",\"@id\":\"https:\/\/fieam.org.br\/senai\/#website\",\"url\":\"https:\/\/fieam.org.br\/senai\/\",\"name\":\"SENAI\",\"description\":\"Site Oficial!\",\"publisher\":{\"@id\":\"https:\/\/fieam.org.br\/senai\/#organization\"},\"potentialAction\":[{\"@type\":\"SearchAction\",\"target\":{\"@type\":\"EntryPoint\",\"urlTemplate\":\"https:\/\/fieam.org.br\/senai\/?s={search_term_string}\"},\"query-input\":{\"@type\":\"PropertyValueSpecification\",\"valueRequired\":true,\"valueName\":\"search_term_string\"}}],\"inLanguage\":\"pt-BR\"},{\"@type\":\"Organization\",\"@id\":\"https:\/\/fieam.org.br\/senai\/#organization\",\"name\":\"SENAI\",\"url\":\"https:\/\/fieam.org.br\/senai\/\",\"logo\":{\"@type\":\"ImageObject\",\"inLanguage\":\"pt-BR\",\"@id\":\"https:\/\/fieam.org.br\/senai\/#\/schema\/logo\/image\/\",\"url\":\"https:\/\/fieam.org.br\/senai\/wp-content\/uploads\/sites\/16\/2024\/03\/cropped-fav.png\",\"contentUrl\":\"https:\/\/fieam.org.br\/senai\/wp-content\/uploads\/sites\/16\/2024\/03\/cropped-fav.png\",\"width\":592,\"height\":577,\"caption\":\"SENAI\"},\"image\":{\"@id\":\"https:\/\/fieam.org.br\/senai\/#\/schema\/logo\/image\/\"}}]}<\/script>\n<!-- \/ Yoast SEO plugin. -->","yoast_head_json":{"title":"PR\u00c9-INSCRI\u00c7\u00c3O SENAI - EAD - SENAI","robots":{"index":"index","follow":"follow","max-snippet":"max-snippet:-1","max-image-preview":"max-image-preview:large","max-video-preview":"max-video-preview:-1"},"canonical":"https:\/\/fieam.org.br\/senai\/senai-ead-tecnico-em-automacao-industrial\/","og_locale":"pt_BR","og_type":"article","og_title":"PR\u00c9-INSCRI\u00c7\u00c3O SENAI - EAD - SENAI","og_description":"&nbsp; T\u00e9cnico\u00a0em\u00a0Automa\u00e7\u00e3o\u00a0Industrial &nbsp; Itiner\u00e1rio formativo: \u2022 M\u00f3dulo B\u00e1sico 340h \u2013 Fundamentos da Comunica\u00e7\u00e3o, Fundamentos da Eletrot\u00e9cnica e Fundamentos da Mec\u00e2nica; \u2022 M\u00f3dulo Introdut\u00f3rio 340h \u2013 Acionamento de Dispositivos Atuadores e Processamento de Sinais; \u2022 M\u00f3dulo Espec\u00edfico I &#8211; 340h \u2013 Gest\u00e3o da Manuten\u00e7\u00e3o, Implementa\u00e7\u00e3o de Equipamentos e Dispositivos, Instrumenta\u00e7\u00e3o e Controle, Manuten\u00e7\u00e3o de Equipamentos e [&hellip;]","og_url":"https:\/\/fieam.org.br\/senai\/senai-ead-tecnico-em-automacao-industrial\/","og_site_name":"SENAI","twitter_card":"summary_large_image","twitter_misc":{"Est. tempo de leitura":"2 minutos"},"schema":{"@context":"https:\/\/schema.org","@graph":[{"@type":"WebPage","@id":"https:\/\/fieam.org.br\/senai\/senai-ead-tecnico-em-automacao-industrial\/","url":"https:\/\/fieam.org.br\/senai\/senai-ead-tecnico-em-automacao-industrial\/","name":"PR\u00c9-INSCRI\u00c7\u00c3O SENAI - EAD - SENAI","isPartOf":{"@id":"https:\/\/fieam.org.br\/senai\/#website"},"datePublished":"2013-10-15T15:27:30+00:00","breadcrumb":{"@id":"https:\/\/fieam.org.br\/senai\/senai-ead-tecnico-em-automacao-industrial\/#breadcrumb"},"inLanguage":"pt-BR","potentialAction":[{"@type":"ReadAction","target":["https:\/\/fieam.org.br\/senai\/senai-ead-tecnico-em-automacao-industrial\/"]}]},{"@type":"BreadcrumbList","@id":"https:\/\/fieam.org.br\/senai\/senai-ead-tecnico-em-automacao-industrial\/#breadcrumb","itemListElement":[{"@type":"ListItem","position":1,"name":"In\u00edcio","item":"https:\/\/fieam.org.br\/senai\/"},{"@type":"ListItem","position":2,"name":"PR\u00c9-INSCRI\u00c7\u00c3O SENAI &#8211; EAD"}]},{"@type":"WebSite","@id":"https:\/\/fieam.org.br\/senai\/#website","url":"https:\/\/fieam.org.br\/senai\/","name":"SENAI","description":"Site Oficial!","publisher":{"@id":"https:\/\/fieam.org.br\/senai\/#organization"},"potentialAction":[{"@type":"SearchAction","target":{"@type":"EntryPoint","urlTemplate":"https:\/\/fieam.org.br\/senai\/?s={search_term_string}"},"query-input":{"@type":"PropertyValueSpecification","valueRequired":true,"valueName":"search_term_string"}}],"inLanguage":"pt-BR"},{"@type":"Organization","@id":"https:\/\/fieam.org.br\/senai\/#organization","name":"SENAI","url":"https:\/\/fieam.org.br\/senai\/","logo":{"@type":"ImageObject","inLanguage":"pt-BR","@id":"https:\/\/fieam.org.br\/senai\/#\/schema\/logo\/image\/","url":"https:\/\/fieam.org.br\/senai\/wp-content\/uploads\/sites\/16\/2024\/03\/cropped-fav.png","contentUrl":"https:\/\/fieam.org.br\/senai\/wp-content\/uploads\/sites\/16\/2024\/03\/cropped-fav.png","width":592,"height":577,"caption":"SENAI"},"image":{"@id":"https:\/\/fieam.org.br\/senai\/#\/schema\/logo\/image\/"}}]}},"_links":{"self":[{"href":"https:\/\/fieam.org.br\/senai\/wp-json\/wp\/v2\/pages\/3049","targetHints":{"allow":["GET"]}}],"collection":[{"href":"https:\/\/fieam.org.br\/senai\/wp-json\/wp\/v2\/pages"}],"about":[{"href":"https:\/\/fieam.org.br\/senai\/wp-json\/wp\/v2\/types\/page"}],"author":[{"embeddable":true,"href":"https:\/\/fieam.org.br\/senai\/wp-json\/wp\/v2\/users\/1"}],"replies":[{"embeddable":true,"href":"https:\/\/fieam.org.br\/senai\/wp-json\/wp\/v2\/comments?post=3049"}],"version-history":[{"count":0,"href":"https:\/\/fieam.org.br\/senai\/wp-json\/wp\/v2\/pages\/3049\/revisions"}],"wp:attachment":[{"href":"https:\/\/fieam.org.br\/senai\/wp-json\/wp\/v2\/media?parent=3049"}],"curies":[{"name":"wp","href":"https:\/\/api.w.org\/{rel}","templated":true}]}}