{"id":14410,"date":"2025-12-10T18:05:53","date_gmt":"2025-12-10T18:05:53","guid":{"rendered":"https:\/\/fieam.org.br\/senai\/?page_id=14410"},"modified":"2026-04-29T20:07:44","modified_gmt":"2026-04-29T20:07:44","slug":"chamada-publica-no02-2026","status":"publish","type":"page","link":"https:\/\/fieam.org.br\/senai\/chamada-publica-no02-2026\/","title":{"rendered":"Chamada P\u00fablica n\u00ba02\/2026"},"content":{"rendered":"\t\t<div data-elementor-type=\"wp-page\" data-elementor-id=\"14410\" class=\"elementor elementor-14410\" data-elementor-post-type=\"page\">\n\t\t\t\t\t\t<section class=\"elementor-section elementor-top-section elementor-element elementor-element-d2105f9 elementor-section-boxed elementor-section-height-default elementor-section-height-default\" data-id=\"d2105f9\" data-element_type=\"section\" data-settings=\"{&quot;background_background&quot;:&quot;classic&quot;,&quot;ekit_has_onepagescroll_dot&quot;:&quot;yes&quot;}\">\n\t\t\t\t\t\t\t<div class=\"elementor-background-overlay\"><\/div>\n\t\t\t\t\t\t\t<div class=\"elementor-container elementor-column-gap-default\">\n\t\t\t\t\t<div class=\"elementor-column elementor-col-100 elementor-top-column elementor-element elementor-element-fb1d94c\" data-id=\"fb1d94c\" data-element_type=\"column\">\n\t\t\t<div class=\"elementor-widget-wrap elementor-element-populated\">\n\t\t\t\t\t\t<div class=\"elementor-element elementor-element-b0e1f13 elementor-widget__width-auto elementor-invisible elementor-widget elementor-widget-image\" data-id=\"b0e1f13\" data-element_type=\"widget\" data-settings=\"{&quot;_animation&quot;:&quot;rotateIn&quot;,&quot;_animation_delay&quot;:&quot;720&quot;,&quot;ekit_we_effect_on&quot;:&quot;none&quot;}\" data-widget_type=\"image.default\">\n\t\t\t\t<div class=\"elementor-widget-container\">\n\t\t\t\t\t\t\t\t\t\t\t\t\t\t\t<img decoding=\"async\" width=\"45\" height=\"38\" src=\"https:\/\/fieam.org.br\/senai\/wp-content\/uploads\/sites\/16\/2024\/03\/setas.png\" class=\"attachment-full size-full wp-image-12445\" alt=\"\" \/>\t\t\t\t\t\t\t\t\t\t\t\t\t\t\t<\/div>\n\t\t\t\t<\/div>\n\t\t\t\t<div class=\"elementor-element elementor-element-0b111c8 elementor-invisible elementor-widget elementor-widget-heading\" data-id=\"0b111c8\" data-element_type=\"widget\" data-settings=\"{&quot;_animation&quot;:&quot;fadeInDown&quot;,&quot;ekit_we_effect_on&quot;:&quot;none&quot;}\" data-widget_type=\"heading.default\">\n\t\t\t\t<div class=\"elementor-widget-container\">\n\t\t\t\t\t<h2 class=\"elementor-heading-title elementor-size-default\">Chamada P\u00fablica n\u00ba 02\/2026\n\n<\/h2>\t\t\t\t<\/div>\n\t\t\t\t<\/div>\n\t\t\t\t<div class=\"elementor-element elementor-element-7e92738 elementor-invisible elementor-widget elementor-widget-heading\" data-id=\"7e92738\" data-element_type=\"widget\" data-settings=\"{&quot;_animation&quot;:&quot;fadeInUp&quot;,&quot;ekit_we_effect_on&quot;:&quot;none&quot;}\" data-widget_type=\"heading.default\">\n\t\t\t\t<div class=\"elementor-widget-container\">\n\t\t\t\t\t<div class=\"elementor-heading-title elementor-size-default\">Servi\u00e7o Nacional de Aprendizagem Industrial (SENAI)<\/div>\t\t\t\t<\/div>\n\t\t\t\t<\/div>\n\t\t\t\t\t<\/div>\n\t\t<\/div>\n\t\t\t\t\t<\/div>\n\t\t<\/section>\n\t\t<div class=\"elementor-element elementor-element-a4d1c3f e-grid e-con-boxed e-con e-parent\" data-id=\"a4d1c3f\" data-element_type=\"container\" data-settings=\"{&quot;ekit_has_onepagescroll_dot&quot;:&quot;yes&quot;}\">\n\t\t\t\t\t<div class=\"e-con-inner\">\n\t\t\t\t<div class=\"elementor-element elementor-element-42557fe elementor-widget elementor-widget-image\" data-id=\"42557fe\" data-element_type=\"widget\" data-settings=\"{&quot;ekit_we_effect_on&quot;:&quot;none&quot;}\" data-widget_type=\"image.default\">\n\t\t\t\t<div class=\"elementor-widget-container\">\n\t\t\t\t\t\t\t\t\t\t\t\t\t\t\t<img fetchpriority=\"high\" decoding=\"async\" width=\"1280\" height=\"600\" src=\"https:\/\/fieam.org.br\/senai\/wp-content\/uploads\/sites\/16\/2026\/04\/Aproados-MAIO1400-x-600-px-1.png\" class=\"attachment-full size-full wp-image-14835\" alt=\"\" srcset=\"https:\/\/fieam.org.br\/senai\/wp-content\/uploads\/sites\/16\/2026\/04\/Aproados-MAIO1400-x-600-px-1.png 1280w, https:\/\/fieam.org.br\/senai\/wp-content\/uploads\/sites\/16\/2026\/04\/Aproados-MAIO1400-x-600-px-1-300x141.png 300w, https:\/\/fieam.org.br\/senai\/wp-content\/uploads\/sites\/16\/2026\/04\/Aproados-MAIO1400-x-600-px-1-1024x480.png 1024w, https:\/\/fieam.org.br\/senai\/wp-content\/uploads\/sites\/16\/2026\/04\/Aproados-MAIO1400-x-600-px-1-768x360.png 768w\" sizes=\"(max-width: 1280px) 100vw, 1280px\" \/>\t\t\t\t\t\t\t\t\t\t\t\t\t\t\t<\/div>\n\t\t\t\t<\/div>\n\t\t\t\t\t<\/div>\n\t\t\t\t<\/div>\n\t\t<div class=\"elementor-element elementor-element-db90680 e-flex e-con-boxed e-con e-parent\" data-id=\"db90680\" data-element_type=\"container\" data-settings=\"{&quot;ekit_has_onepagescroll_dot&quot;:&quot;yes&quot;}\">\n\t\t\t\t\t<div class=\"e-con-inner\">\n\t\t\t\t<div class=\"elementor-element elementor-element-522aa45 elementor-widget elementor-widget-toggle\" data-id=\"522aa45\" data-element_type=\"widget\" data-settings=\"{&quot;ekit_we_effect_on&quot;:&quot;none&quot;}\" data-widget_type=\"toggle.default\">\n\t\t\t\t<div class=\"elementor-widget-container\">\n\t\t\t\t\t\t\t<div class=\"elementor-toggle\">\n\t\t\t\t\t\t\t<div class=\"elementor-toggle-item\">\n\t\t\t\t\t<div id=\"elementor-tab-title-8611\" class=\"elementor-tab-title\" data-tab=\"1\" role=\"button\" aria-controls=\"elementor-tab-content-8611\" aria-expanded=\"false\">\n\t\t\t\t\t\t\t\t\t\t\t\t<span class=\"elementor-toggle-icon elementor-toggle-icon-left\" aria-hidden=\"true\">\n\t\t\t\t\t\t\t\t\t\t\t\t\t\t\t<span class=\"elementor-toggle-icon-closed\"><svg class=\"e-font-icon-svg e-fas-caret-right\" viewBox=\"0 0 192 512\" xmlns=\"http:\/\/www.w3.org\/2000\/svg\"><path d=\"M0 384.662V127.338c0-17.818 21.543-26.741 34.142-14.142l128.662 128.662c7.81 7.81 7.81 20.474 0 28.284L34.142 398.804C21.543 411.404 0 402.48 0 384.662z\"><\/path><\/svg><\/span>\n\t\t\t\t\t\t\t\t<span class=\"elementor-toggle-icon-opened\"><svg class=\"elementor-toggle-icon-opened e-font-icon-svg e-fas-caret-up\" viewBox=\"0 0 320 512\" xmlns=\"http:\/\/www.w3.org\/2000\/svg\"><path d=\"M288.662 352H31.338c-17.818 0-26.741-21.543-14.142-34.142l128.662-128.662c7.81-7.81 20.474-7.81 28.284 0l128.662 128.662c12.6 12.599 3.676 34.142-14.142 34.142z\"><\/path><\/svg><\/span>\n\t\t\t\t\t\t\t\t\t\t\t\t\t<\/span>\n\t\t\t\t\t\t\t\t\t\t\t\t<a class=\"elementor-toggle-title\" tabindex=\"0\">Chamada P\u00fablica n\u00ba 02\/2026<\/a>\n\t\t\t\t\t<\/div>\n\n\t\t\t\t\t<div id=\"elementor-tab-content-8611\" class=\"elementor-tab-content elementor-clearfix\" data-tab=\"1\" role=\"region\" aria-labelledby=\"elementor-tab-title-8611\"><p><a href=\"https:\/\/fieam.org.br\/senai\/wp-content\/uploads\/sites\/16\/2026\/04\/Chamada-Publica-GEP-02-2026-Cursos-Gratuitos-SENAI-Manaus-1.pdf\">Chamada P\u00fablica n\u00ba 02\/2026 &#8211; Clique aqui.<\/a><\/p><p><a href=\"https:\/\/fieam.org.br\/senai\/wp-content\/uploads\/sites\/16\/2026\/04\/Programacao-Gratuidade-SENAI-AM-2-2026-1.pdf\">Programa\u00e7\u00e3o de Cursos &#8211; Clique aqui.<\/a><\/p><\/div>\n\t\t\t\t<\/div>\n\t\t\t\t\t\t\t<div class=\"elementor-toggle-item\">\n\t\t\t\t\t<div id=\"elementor-tab-title-8612\" class=\"elementor-tab-title\" data-tab=\"2\" role=\"button\" aria-controls=\"elementor-tab-content-8612\" aria-expanded=\"false\">\n\t\t\t\t\t\t\t\t\t\t\t\t<span class=\"elementor-toggle-icon elementor-toggle-icon-left\" aria-hidden=\"true\">\n\t\t\t\t\t\t\t\t\t\t\t\t\t\t\t<span class=\"elementor-toggle-icon-closed\"><svg class=\"e-font-icon-svg e-fas-caret-right\" viewBox=\"0 0 192 512\" xmlns=\"http:\/\/www.w3.org\/2000\/svg\"><path d=\"M0 384.662V127.338c0-17.818 21.543-26.741 34.142-14.142l128.662 128.662c7.81 7.81 7.81 20.474 0 28.284L34.142 398.804C21.543 411.404 0 402.48 0 384.662z\"><\/path><\/svg><\/span>\n\t\t\t\t\t\t\t\t<span class=\"elementor-toggle-icon-opened\"><svg class=\"elementor-toggle-icon-opened e-font-icon-svg e-fas-caret-up\" viewBox=\"0 0 320 512\" xmlns=\"http:\/\/www.w3.org\/2000\/svg\"><path d=\"M288.662 352H31.338c-17.818 0-26.741-21.543-14.142-34.142l128.662-128.662c7.81-7.81 20.474-7.81 28.284 0l128.662 128.662c12.6 12.599 3.676 34.142-14.142 34.142z\"><\/path><\/svg><\/span>\n\t\t\t\t\t\t\t\t\t\t\t\t\t<\/span>\n\t\t\t\t\t\t\t\t\t\t\t\t<a class=\"elementor-toggle-title\" tabindex=\"0\">ESAMC - Chamada P\u00fablica da Gratuidade - 2026<\/a>\n\t\t\t\t\t<\/div>\n\n\t\t\t\t\t<div id=\"elementor-tab-content-8612\" class=\"elementor-tab-content elementor-clearfix\" data-tab=\"2\" role=\"region\" aria-labelledby=\"elementor-tab-title-8612\"><p><a href=\"https:\/\/drive.google.com\/drive\/folders\/1SmQ_xfDUrDf2NFsYOlfYkDSMhaux4_0O?usp=drive_link\">Lista dos aprovados de fevereiro. Clique aqui!\u00a0<\/a><\/p><p><a href=\"https:\/\/drive.google.com\/drive\/folders\/1kEwv_oem1xIUm1Xx1EC7VbZBw1yKtxYy?usp=drive_link\">Lista dos aprovados de mar\u00e7o. Clique aqui!\u00a0\u00a0<\/a><\/p><p><a href=\"https:\/\/drive.google.com\/drive\/folders\/1vNx_1btr7WO13igNSFLgTZwlIJhv_GIz?usp=drive_link\">Lista dos aprovados de abril. Clique aqui!\u00a0\u00a0<\/a><\/p><p><a href=\"https:\/\/drive.google.com\/drive\/folders\/1TGhboG8Okv0NiOU5qZ4EjADAytA1_gjj?usp=drive_link\">Lista dos aprovados de maio. Clique aqui!\u00a0\u00a0<\/a><\/p><\/div>\n\t\t\t\t<\/div>\n\t\t\t\t\t\t\t<div class=\"elementor-toggle-item\">\n\t\t\t\t\t<div id=\"elementor-tab-title-8613\" class=\"elementor-tab-title\" data-tab=\"3\" role=\"button\" aria-controls=\"elementor-tab-content-8613\" aria-expanded=\"false\">\n\t\t\t\t\t\t\t\t\t\t\t\t<span class=\"elementor-toggle-icon elementor-toggle-icon-left\" aria-hidden=\"true\">\n\t\t\t\t\t\t\t\t\t\t\t\t\t\t\t<span class=\"elementor-toggle-icon-closed\"><svg class=\"e-font-icon-svg e-fas-caret-right\" viewBox=\"0 0 192 512\" xmlns=\"http:\/\/www.w3.org\/2000\/svg\"><path d=\"M0 384.662V127.338c0-17.818 21.543-26.741 34.142-14.142l128.662 128.662c7.81 7.81 7.81 20.474 0 28.284L34.142 398.804C21.543 411.404 0 402.48 0 384.662z\"><\/path><\/svg><\/span>\n\t\t\t\t\t\t\t\t<span class=\"elementor-toggle-icon-opened\"><svg class=\"elementor-toggle-icon-opened e-font-icon-svg e-fas-caret-up\" viewBox=\"0 0 320 512\" xmlns=\"http:\/\/www.w3.org\/2000\/svg\"><path d=\"M288.662 352H31.338c-17.818 0-26.741-21.543-14.142-34.142l128.662-128.662c7.81-7.81 20.474-7.81 28.284 0l128.662 128.662c12.6 12.599 3.676 34.142-14.142 34.142z\"><\/path><\/svg><\/span>\n\t\t\t\t\t\t\t\t\t\t\t\t\t<\/span>\n\t\t\t\t\t\t\t\t\t\t\t\t<a class=\"elementor-toggle-title\" tabindex=\"0\">ESAS - Chamada P\u00fablica da Gratuidade - 2026<\/a>\n\t\t\t\t\t<\/div>\n\n\t\t\t\t\t<div id=\"elementor-tab-content-8613\" class=\"elementor-tab-content elementor-clearfix\" data-tab=\"3\" role=\"region\" aria-labelledby=\"elementor-tab-title-8613\"><p><a href=\"https:\/\/drive.google.com\/drive\/folders\/1lz_0JeaLydzde5MjGgLjAoL7JrByoPkE?usp=drive_link\">Lista dos aprovados de fevereiro. Clique aqui!\u00a0<\/a><\/p><p><a href=\"https:\/\/drive.google.com\/drive\/folders\/1IPqbOqMRGnhf4NJsbCblF1iGS-j5GXEI?usp=drive_link\">Lista dos aprovados de mar\u00e7o. Clique aqui!\u00a0<\/a><\/p><p><a href=\"https:\/\/drive.google.com\/drive\/folders\/1_c4ieU-Ds0ZoK0iCTG8K2g1AdtSr2voL?usp=drive_link\">Lista dos aprovados de abril. Clique aqui!<\/a><\/p><p><a href=\"https:\/\/drive.google.com\/drive\/folders\/1tQe-ibGEMLZk6wjQSBa6NDdk-IlN7QbW?usp=drive_link\">Lista dos aprovados de maio. Clique aqui!\u00a0\u00a0<\/a><\/p><\/div>\n\t\t\t\t<\/div>\n\t\t\t\t\t\t\t<div class=\"elementor-toggle-item\">\n\t\t\t\t\t<div id=\"elementor-tab-title-8614\" class=\"elementor-tab-title\" data-tab=\"4\" role=\"button\" aria-controls=\"elementor-tab-content-8614\" aria-expanded=\"false\">\n\t\t\t\t\t\t\t\t\t\t\t\t<span class=\"elementor-toggle-icon elementor-toggle-icon-left\" aria-hidden=\"true\">\n\t\t\t\t\t\t\t\t\t\t\t\t\t\t\t<span class=\"elementor-toggle-icon-closed\"><svg class=\"e-font-icon-svg e-fas-caret-right\" viewBox=\"0 0 192 512\" xmlns=\"http:\/\/www.w3.org\/2000\/svg\"><path d=\"M0 384.662V127.338c0-17.818 21.543-26.741 34.142-14.142l128.662 128.662c7.81 7.81 7.81 20.474 0 28.284L34.142 398.804C21.543 411.404 0 402.48 0 384.662z\"><\/path><\/svg><\/span>\n\t\t\t\t\t\t\t\t<span class=\"elementor-toggle-icon-opened\"><svg class=\"elementor-toggle-icon-opened e-font-icon-svg e-fas-caret-up\" viewBox=\"0 0 320 512\" xmlns=\"http:\/\/www.w3.org\/2000\/svg\"><path d=\"M288.662 352H31.338c-17.818 0-26.741-21.543-14.142-34.142l128.662-128.662c7.81-7.81 20.474-7.81 28.284 0l128.662 128.662c12.6 12.599 3.676 34.142-14.142 34.142z\"><\/path><\/svg><\/span>\n\t\t\t\t\t\t\t\t\t\t\t\t\t<\/span>\n\t\t\t\t\t\t\t\t\t\t\t\t<a class=\"elementor-toggle-title\" tabindex=\"0\">ESDT - Chamada P\u00fablica da Gratuidade - 2026<\/a>\n\t\t\t\t\t<\/div>\n\n\t\t\t\t\t<div id=\"elementor-tab-content-8614\" class=\"elementor-tab-content elementor-clearfix\" data-tab=\"4\" role=\"region\" aria-labelledby=\"elementor-tab-title-8614\"><p><a href=\"https:\/\/drive.google.com\/drive\/folders\/1jLTIQ8N_9s-DH3n0v1a7pMJmN3Lqe4_v?usp=drive_link\">Lista dos aprovados de janeiro. Clique aqui!<\/a><\/p><p><a href=\"https:\/\/drive.google.com\/drive\/folders\/1DLn0cpCggC5D90HpQkpdc_HDN0KzPniN?usp=drive_link\">Lista dos aprovados de fevereiro. Clique aqui!\u00a0<\/a><\/p><p><a href=\"https:\/\/drive.google.com\/drive\/folders\/1Eb42U6Z55SZ8oD_Wa5lHpyKDRz1Uxu_8?usp=drive_link\">Lista dos aprovados de mar\u00e7o. Clique aqui!\u00a0<\/a><\/p><p><a href=\"https:\/\/drive.google.com\/drive\/folders\/1jUiaNqaumlWVbnds9KTbiagAt00nGeI-\">Lista dos aprovados de abril. Clique aqui!\u00a0<\/a><\/p><p><a href=\"https:\/\/drive.google.com\/drive\/folders\/17Lg2J2tuBMdDdgtpEz6up9PvlvIsv7Fg?usp=drive_link\">Lista dos aprovados de maio. Clique aqui!\u00a0\u00a0<\/a><\/p><\/div>\n\t\t\t\t<\/div>\n\t\t\t\t\t\t\t<div class=\"elementor-toggle-item\">\n\t\t\t\t\t<div id=\"elementor-tab-title-8615\" class=\"elementor-tab-title\" data-tab=\"5\" role=\"button\" aria-controls=\"elementor-tab-content-8615\" aria-expanded=\"false\">\n\t\t\t\t\t\t\t\t\t\t\t\t<span class=\"elementor-toggle-icon elementor-toggle-icon-left\" aria-hidden=\"true\">\n\t\t\t\t\t\t\t\t\t\t\t\t\t\t\t<span class=\"elementor-toggle-icon-closed\"><svg class=\"e-font-icon-svg e-fas-caret-right\" viewBox=\"0 0 192 512\" xmlns=\"http:\/\/www.w3.org\/2000\/svg\"><path d=\"M0 384.662V127.338c0-17.818 21.543-26.741 34.142-14.142l128.662 128.662c7.81 7.81 7.81 20.474 0 28.284L34.142 398.804C21.543 411.404 0 402.48 0 384.662z\"><\/path><\/svg><\/span>\n\t\t\t\t\t\t\t\t<span class=\"elementor-toggle-icon-opened\"><svg class=\"elementor-toggle-icon-opened e-font-icon-svg e-fas-caret-up\" viewBox=\"0 0 320 512\" xmlns=\"http:\/\/www.w3.org\/2000\/svg\"><path d=\"M288.662 352H31.338c-17.818 0-26.741-21.543-14.142-34.142l128.662-128.662c7.81-7.81 20.474-7.81 28.284 0l128.662 128.662c12.6 12.599 3.676 34.142-14.142 34.142z\"><\/path><\/svg><\/span>\n\t\t\t\t\t\t\t\t\t\t\t\t\t<\/span>\n\t\t\t\t\t\t\t\t\t\t\t\t<a class=\"elementor-toggle-title\" tabindex=\"0\">ESWL - Chamada P\u00fablica da Gratuidade - 2026<\/a>\n\t\t\t\t\t<\/div>\n\n\t\t\t\t\t<div id=\"elementor-tab-content-8615\" class=\"elementor-tab-content elementor-clearfix\" data-tab=\"5\" role=\"region\" aria-labelledby=\"elementor-tab-title-8615\"><p><a href=\"https:\/\/drive.google.com\/drive\/folders\/1pNgJD9-vBQkyXCNnO0o9hhYLjUvvDLhA?usp=drive_link\">Lista dos aprovados de janeiro. Clique aqui!\u00a0<\/a><\/p><p><a href=\"https:\/\/drive.google.com\/drive\/folders\/1KrFoG_kW4hC00WFBtTB5QFDtmL13NYyV?usp=drive_link\">Lista dos aprovados de fevereiro. Clique aqui!\u00a0<\/a><\/p><p><a href=\"https:\/\/drive.google.com\/drive\/folders\/1mhKChDsOW1o5uT6YYmiiNxgY15t-lBDM?usp=drive_link\">Lista dos aprovados de mar\u00e7o. Clique aqui!\u00a0<\/a><\/p><p><a href=\"https:\/\/drive.google.com\/drive\/folders\/1ezqpyORnPHSUI1GYXE_z3Ayqso8PKATE?usp=drive_link\">Lista dos aprovados de abril. Clique aqui!\u00a0<\/a><\/p><p><a href=\"https:\/\/drive.google.com\/drive\/folders\/1FveM3Yl2WjGRNcamqAKvtS2jN8_jRisJ?usp=drive_link\">Lista dos aprovados de maio. Clique aqui!\u00a0\u00a0<\/a><\/p><\/div>\n\t\t\t\t<\/div>\n\t\t\t\t\t\t\t\t<\/div>\n\t\t\t\t\t\t<\/div>\n\t\t\t\t<\/div>\n\t\t\t\t\t<\/div>\n\t\t\t\t<\/div>\n\t\t\t\t<\/div>\n\t\t","protected":false},"excerpt":{"rendered":"<p>Chamada P\u00fablica n\u00ba 02\/2026 Servi\u00e7o Nacional de Aprendizagem Industrial (SENAI) Chamada P\u00fablica n\u00ba 02\/2026 Chamada P\u00fablica n\u00ba 02\/2026 &#8211; Clique aqui. Programa\u00e7\u00e3o de Cursos &#8211; Clique aqui. ESAMC &#8211; Chamada P\u00fablica da Gratuidade &#8211; 2026 Lista dos aprovados de fevereiro. Clique aqui!\u00a0 Lista dos aprovados de mar\u00e7o. Clique aqui!\u00a0\u00a0 Lista dos aprovados de abril. Clique [&hellip;]<\/p>\n","protected":false},"author":11,"featured_media":0,"parent":0,"menu_order":0,"comment_status":"closed","ping_status":"closed","template":"","meta":{"footnotes":""},"class_list":["post-14410","page","type-page","status-publish","hentry"],"yoast_head":"<!-- This site is optimized with the Yoast SEO plugin v26.8 - https:\/\/yoast.com\/product\/yoast-seo-wordpress\/ -->\n<title>Chamada P\u00fablica n\u00ba02\/2026 - SENAI<\/title>\n<meta name=\"robots\" content=\"index, follow, max-snippet:-1, max-image-preview:large, max-video-preview:-1\" \/>\n<link rel=\"canonical\" href=\"https:\/\/fieam.org.br\/senai\/chamada-publica-no02-2026\/\" \/>\n<meta property=\"og:locale\" content=\"pt_BR\" \/>\n<meta property=\"og:type\" content=\"article\" \/>\n<meta property=\"og:title\" content=\"Chamada P\u00fablica n\u00ba02\/2026 - SENAI\" \/>\n<meta property=\"og:description\" content=\"Chamada P\u00fablica n\u00ba 02\/2026 Servi\u00e7o Nacional de Aprendizagem Industrial (SENAI) Chamada P\u00fablica n\u00ba 02\/2026 Chamada P\u00fablica n\u00ba 02\/2026 &#8211; Clique aqui. Programa\u00e7\u00e3o de Cursos &#8211; Clique aqui. ESAMC &#8211; Chamada P\u00fablica da Gratuidade &#8211; 2026 Lista dos aprovados de fevereiro. Clique aqui!\u00a0 Lista dos aprovados de mar\u00e7o. Clique aqui!\u00a0\u00a0 Lista dos aprovados de abril. Clique [&hellip;]\" \/>\n<meta property=\"og:url\" content=\"https:\/\/fieam.org.br\/senai\/chamada-publica-no02-2026\/\" \/>\n<meta property=\"og:site_name\" content=\"SENAI\" \/>\n<meta property=\"article:modified_time\" content=\"2026-04-29T20:07:44+00:00\" \/>\n<meta property=\"og:image\" content=\"https:\/\/fieam.org.br\/senai\/wp-content\/uploads\/sites\/16\/2024\/03\/setas.png\" \/>\n\t<meta property=\"og:image:width\" content=\"45\" \/>\n\t<meta property=\"og:image:height\" content=\"38\" \/>\n\t<meta property=\"og:image:type\" content=\"image\/png\" \/>\n<meta name=\"twitter:card\" content=\"summary_large_image\" \/>\n<meta name=\"twitter:label1\" content=\"Est. tempo de leitura\" \/>\n\t<meta name=\"twitter:data1\" content=\"2 minutos\" \/>\n<script type=\"application\/ld+json\" class=\"yoast-schema-graph\">{\"@context\":\"https:\/\/schema.org\",\"@graph\":[{\"@type\":\"WebPage\",\"@id\":\"https:\/\/fieam.org.br\/senai\/chamada-publica-no02-2026\/\",\"url\":\"https:\/\/fieam.org.br\/senai\/chamada-publica-no02-2026\/\",\"name\":\"Chamada P\u00fablica n\u00ba02\/2026 - SENAI\",\"isPartOf\":{\"@id\":\"https:\/\/fieam.org.br\/senai\/#website\"},\"primaryImageOfPage\":{\"@id\":\"https:\/\/fieam.org.br\/senai\/chamada-publica-no02-2026\/#primaryimage\"},\"image\":{\"@id\":\"https:\/\/fieam.org.br\/senai\/chamada-publica-no02-2026\/#primaryimage\"},\"thumbnailUrl\":\"https:\/\/fieam.org.br\/senai\/wp-content\/uploads\/sites\/16\/2024\/03\/setas.png\",\"datePublished\":\"2025-12-10T18:05:53+00:00\",\"dateModified\":\"2026-04-29T20:07:44+00:00\",\"breadcrumb\":{\"@id\":\"https:\/\/fieam.org.br\/senai\/chamada-publica-no02-2026\/#breadcrumb\"},\"inLanguage\":\"pt-BR\",\"potentialAction\":[{\"@type\":\"ReadAction\",\"target\":[\"https:\/\/fieam.org.br\/senai\/chamada-publica-no02-2026\/\"]}]},{\"@type\":\"ImageObject\",\"inLanguage\":\"pt-BR\",\"@id\":\"https:\/\/fieam.org.br\/senai\/chamada-publica-no02-2026\/#primaryimage\",\"url\":\"https:\/\/fieam.org.br\/senai\/wp-content\/uploads\/sites\/16\/2024\/03\/setas.png\",\"contentUrl\":\"https:\/\/fieam.org.br\/senai\/wp-content\/uploads\/sites\/16\/2024\/03\/setas.png\",\"width\":45,\"height\":38},{\"@type\":\"BreadcrumbList\",\"@id\":\"https:\/\/fieam.org.br\/senai\/chamada-publica-no02-2026\/#breadcrumb\",\"itemListElement\":[{\"@type\":\"ListItem\",\"position\":1,\"name\":\"In\u00edcio\",\"item\":\"https:\/\/fieam.org.br\/senai\/\"},{\"@type\":\"ListItem\",\"position\":2,\"name\":\"Chamada P\u00fablica n\u00ba02\/2026\"}]},{\"@type\":\"WebSite\",\"@id\":\"https:\/\/fieam.org.br\/senai\/#website\",\"url\":\"https:\/\/fieam.org.br\/senai\/\",\"name\":\"SENAI\",\"description\":\"Site Oficial!\",\"publisher\":{\"@id\":\"https:\/\/fieam.org.br\/senai\/#organization\"},\"potentialAction\":[{\"@type\":\"SearchAction\",\"target\":{\"@type\":\"EntryPoint\",\"urlTemplate\":\"https:\/\/fieam.org.br\/senai\/?s={search_term_string}\"},\"query-input\":{\"@type\":\"PropertyValueSpecification\",\"valueRequired\":true,\"valueName\":\"search_term_string\"}}],\"inLanguage\":\"pt-BR\"},{\"@type\":\"Organization\",\"@id\":\"https:\/\/fieam.org.br\/senai\/#organization\",\"name\":\"SENAI\",\"url\":\"https:\/\/fieam.org.br\/senai\/\",\"logo\":{\"@type\":\"ImageObject\",\"inLanguage\":\"pt-BR\",\"@id\":\"https:\/\/fieam.org.br\/senai\/#\/schema\/logo\/image\/\",\"url\":\"https:\/\/fieam.org.br\/senai\/wp-content\/uploads\/sites\/16\/2024\/03\/cropped-fav.png\",\"contentUrl\":\"https:\/\/fieam.org.br\/senai\/wp-content\/uploads\/sites\/16\/2024\/03\/cropped-fav.png\",\"width\":592,\"height\":577,\"caption\":\"SENAI\"},\"image\":{\"@id\":\"https:\/\/fieam.org.br\/senai\/#\/schema\/logo\/image\/\"}}]}<\/script>\n<!-- \/ Yoast SEO plugin. -->","yoast_head_json":{"title":"Chamada P\u00fablica n\u00ba02\/2026 - SENAI","robots":{"index":"index","follow":"follow","max-snippet":"max-snippet:-1","max-image-preview":"max-image-preview:large","max-video-preview":"max-video-preview:-1"},"canonical":"https:\/\/fieam.org.br\/senai\/chamada-publica-no02-2026\/","og_locale":"pt_BR","og_type":"article","og_title":"Chamada P\u00fablica n\u00ba02\/2026 - SENAI","og_description":"Chamada P\u00fablica n\u00ba 02\/2026 Servi\u00e7o Nacional de Aprendizagem Industrial (SENAI) Chamada P\u00fablica n\u00ba 02\/2026 Chamada P\u00fablica n\u00ba 02\/2026 &#8211; Clique aqui. Programa\u00e7\u00e3o de Cursos &#8211; Clique aqui. ESAMC &#8211; Chamada P\u00fablica da Gratuidade &#8211; 2026 Lista dos aprovados de fevereiro. Clique aqui!\u00a0 Lista dos aprovados de mar\u00e7o. Clique aqui!\u00a0\u00a0 Lista dos aprovados de abril. Clique [&hellip;]","og_url":"https:\/\/fieam.org.br\/senai\/chamada-publica-no02-2026\/","og_site_name":"SENAI","article_modified_time":"2026-04-29T20:07:44+00:00","og_image":[{"width":45,"height":38,"url":"https:\/\/fieam.org.br\/senai\/wp-content\/uploads\/sites\/16\/2024\/03\/setas.png","type":"image\/png"}],"twitter_card":"summary_large_image","twitter_misc":{"Est. tempo de leitura":"2 minutos"},"schema":{"@context":"https:\/\/schema.org","@graph":[{"@type":"WebPage","@id":"https:\/\/fieam.org.br\/senai\/chamada-publica-no02-2026\/","url":"https:\/\/fieam.org.br\/senai\/chamada-publica-no02-2026\/","name":"Chamada P\u00fablica n\u00ba02\/2026 - SENAI","isPartOf":{"@id":"https:\/\/fieam.org.br\/senai\/#website"},"primaryImageOfPage":{"@id":"https:\/\/fieam.org.br\/senai\/chamada-publica-no02-2026\/#primaryimage"},"image":{"@id":"https:\/\/fieam.org.br\/senai\/chamada-publica-no02-2026\/#primaryimage"},"thumbnailUrl":"https:\/\/fieam.org.br\/senai\/wp-content\/uploads\/sites\/16\/2024\/03\/setas.png","datePublished":"2025-12-10T18:05:53+00:00","dateModified":"2026-04-29T20:07:44+00:00","breadcrumb":{"@id":"https:\/\/fieam.org.br\/senai\/chamada-publica-no02-2026\/#breadcrumb"},"inLanguage":"pt-BR","potentialAction":[{"@type":"ReadAction","target":["https:\/\/fieam.org.br\/senai\/chamada-publica-no02-2026\/"]}]},{"@type":"ImageObject","inLanguage":"pt-BR","@id":"https:\/\/fieam.org.br\/senai\/chamada-publica-no02-2026\/#primaryimage","url":"https:\/\/fieam.org.br\/senai\/wp-content\/uploads\/sites\/16\/2024\/03\/setas.png","contentUrl":"https:\/\/fieam.org.br\/senai\/wp-content\/uploads\/sites\/16\/2024\/03\/setas.png","width":45,"height":38},{"@type":"BreadcrumbList","@id":"https:\/\/fieam.org.br\/senai\/chamada-publica-no02-2026\/#breadcrumb","itemListElement":[{"@type":"ListItem","position":1,"name":"In\u00edcio","item":"https:\/\/fieam.org.br\/senai\/"},{"@type":"ListItem","position":2,"name":"Chamada P\u00fablica n\u00ba02\/2026"}]},{"@type":"WebSite","@id":"https:\/\/fieam.org.br\/senai\/#website","url":"https:\/\/fieam.org.br\/senai\/","name":"SENAI","description":"Site Oficial!","publisher":{"@id":"https:\/\/fieam.org.br\/senai\/#organization"},"potentialAction":[{"@type":"SearchAction","target":{"@type":"EntryPoint","urlTemplate":"https:\/\/fieam.org.br\/senai\/?s={search_term_string}"},"query-input":{"@type":"PropertyValueSpecification","valueRequired":true,"valueName":"search_term_string"}}],"inLanguage":"pt-BR"},{"@type":"Organization","@id":"https:\/\/fieam.org.br\/senai\/#organization","name":"SENAI","url":"https:\/\/fieam.org.br\/senai\/","logo":{"@type":"ImageObject","inLanguage":"pt-BR","@id":"https:\/\/fieam.org.br\/senai\/#\/schema\/logo\/image\/","url":"https:\/\/fieam.org.br\/senai\/wp-content\/uploads\/sites\/16\/2024\/03\/cropped-fav.png","contentUrl":"https:\/\/fieam.org.br\/senai\/wp-content\/uploads\/sites\/16\/2024\/03\/cropped-fav.png","width":592,"height":577,"caption":"SENAI"},"image":{"@id":"https:\/\/fieam.org.br\/senai\/#\/schema\/logo\/image\/"}}]}},"_links":{"self":[{"href":"https:\/\/fieam.org.br\/senai\/wp-json\/wp\/v2\/pages\/14410","targetHints":{"allow":["GET"]}}],"collection":[{"href":"https:\/\/fieam.org.br\/senai\/wp-json\/wp\/v2\/pages"}],"about":[{"href":"https:\/\/fieam.org.br\/senai\/wp-json\/wp\/v2\/types\/page"}],"author":[{"embeddable":true,"href":"https:\/\/fieam.org.br\/senai\/wp-json\/wp\/v2\/users\/11"}],"replies":[{"embeddable":true,"href":"https:\/\/fieam.org.br\/senai\/wp-json\/wp\/v2\/comments?post=14410"}],"version-history":[{"count":125,"href":"https:\/\/fieam.org.br\/senai\/wp-json\/wp\/v2\/pages\/14410\/revisions"}],"predecessor-version":[{"id":14863,"href":"https:\/\/fieam.org.br\/senai\/wp-json\/wp\/v2\/pages\/14410\/revisions\/14863"}],"wp:attachment":[{"href":"https:\/\/fieam.org.br\/senai\/wp-json\/wp\/v2\/media?parent=14410"}],"curies":[{"name":"wp","href":"https:\/\/api.w.org\/{rel}","templated":true}]}}