{"id":14300,"date":"2025-11-19T17:59:44","date_gmt":"2025-11-19T17:59:44","guid":{"rendered":"https:\/\/fieam.org.br\/senai\/?page_id=14300"},"modified":"2025-12-02T14:59:03","modified_gmt":"2025-12-02T14:59:03","slug":"chamada-publica-projeto-seja-pro","status":"publish","type":"page","link":"https:\/\/fieam.org.br\/senai\/chamada-publica-projeto-seja-pro\/","title":{"rendered":"Chamada P\u00fablica &#8211; Projeto SEJA PRO"},"content":{"rendered":"\t\t<div data-elementor-type=\"wp-page\" data-elementor-id=\"14300\" class=\"elementor elementor-14300\" data-elementor-post-type=\"page\">\n\t\t\t\t\t\t<section class=\"elementor-section elementor-top-section elementor-element elementor-element-d2105f9 elementor-section-boxed elementor-section-height-default elementor-section-height-default\" data-id=\"d2105f9\" data-element_type=\"section\" data-settings=\"{&quot;background_background&quot;:&quot;classic&quot;,&quot;ekit_has_onepagescroll_dot&quot;:&quot;yes&quot;}\">\n\t\t\t\t\t\t\t<div class=\"elementor-background-overlay\"><\/div>\n\t\t\t\t\t\t\t<div class=\"elementor-container elementor-column-gap-default\">\n\t\t\t\t\t<div class=\"elementor-column elementor-col-100 elementor-top-column elementor-element elementor-element-fb1d94c\" data-id=\"fb1d94c\" data-element_type=\"column\">\n\t\t\t<div class=\"elementor-widget-wrap elementor-element-populated\">\n\t\t\t\t\t\t<div class=\"elementor-element elementor-element-b0e1f13 elementor-widget__width-auto elementor-invisible elementor-widget elementor-widget-image\" data-id=\"b0e1f13\" data-element_type=\"widget\" data-settings=\"{&quot;_animation&quot;:&quot;rotateIn&quot;,&quot;_animation_delay&quot;:&quot;720&quot;,&quot;ekit_we_effect_on&quot;:&quot;none&quot;}\" data-widget_type=\"image.default\">\n\t\t\t\t<div class=\"elementor-widget-container\">\n\t\t\t\t\t\t\t\t\t\t\t\t\t\t\t<img decoding=\"async\" width=\"45\" height=\"38\" src=\"https:\/\/fieam.org.br\/senai\/wp-content\/uploads\/sites\/16\/2024\/03\/setas.png\" class=\"attachment-full size-full wp-image-12445\" alt=\"\" \/>\t\t\t\t\t\t\t\t\t\t\t\t\t\t\t<\/div>\n\t\t\t\t<\/div>\n\t\t\t\t<div class=\"elementor-element elementor-element-0b111c8 elementor-invisible elementor-widget elementor-widget-heading\" data-id=\"0b111c8\" data-element_type=\"widget\" data-settings=\"{&quot;_animation&quot;:&quot;fadeInDown&quot;,&quot;ekit_we_effect_on&quot;:&quot;none&quot;}\" data-widget_type=\"heading.default\">\n\t\t\t\t<div class=\"elementor-widget-container\">\n\t\t\t\t\t<h2 class=\"elementor-heading-title elementor-size-default\">Chamada P\u00fablica<\/h2>\t\t\t\t<\/div>\n\t\t\t\t<\/div>\n\t\t\t\t<div class=\"elementor-element elementor-element-7e92738 elementor-invisible elementor-widget elementor-widget-heading\" data-id=\"7e92738\" data-element_type=\"widget\" data-settings=\"{&quot;_animation&quot;:&quot;fadeInUp&quot;,&quot;ekit_we_effect_on&quot;:&quot;none&quot;}\" data-widget_type=\"heading.default\">\n\t\t\t\t<div class=\"elementor-widget-container\">\n\t\t\t\t\t<div class=\"elementor-heading-title elementor-size-default\">Projeto SEJA Pro + Trabalho e Emprego<\/div>\t\t\t\t<\/div>\n\t\t\t\t<\/div>\n\t\t\t\t\t<\/div>\n\t\t<\/div>\n\t\t\t\t\t<\/div>\n\t\t<\/section>\n\t\t<div class=\"elementor-element elementor-element-a4d1c3f e-grid e-con-boxed e-con e-parent\" data-id=\"a4d1c3f\" data-element_type=\"container\" data-settings=\"{&quot;ekit_has_onepagescroll_dot&quot;:&quot;yes&quot;}\">\n\t\t\t\t\t<div class=\"e-con-inner\">\n\t\t\t\t<div class=\"elementor-element elementor-element-42557fe elementor-widget elementor-widget-image\" data-id=\"42557fe\" data-element_type=\"widget\" data-settings=\"{&quot;ekit_we_effect_on&quot;:&quot;none&quot;}\" data-widget_type=\"image.default\">\n\t\t\t\t<div class=\"elementor-widget-container\">\n\t\t\t\t\t\t\t\t\t\t\t\t\t\t\t<img fetchpriority=\"high\" decoding=\"async\" width=\"1280\" height=\"600\" src=\"https:\/\/fieam.org.br\/senai\/wp-content\/uploads\/sites\/16\/2025\/12\/BANNER-SITE-SEJA-PRO-SESI.png\" class=\"attachment-full size-full wp-image-14389\" alt=\"\" srcset=\"https:\/\/fieam.org.br\/senai\/wp-content\/uploads\/sites\/16\/2025\/12\/BANNER-SITE-SEJA-PRO-SESI.png 1280w, https:\/\/fieam.org.br\/senai\/wp-content\/uploads\/sites\/16\/2025\/12\/BANNER-SITE-SEJA-PRO-SESI-300x141.png 300w, https:\/\/fieam.org.br\/senai\/wp-content\/uploads\/sites\/16\/2025\/12\/BANNER-SITE-SEJA-PRO-SESI-1024x480.png 1024w, https:\/\/fieam.org.br\/senai\/wp-content\/uploads\/sites\/16\/2025\/12\/BANNER-SITE-SEJA-PRO-SESI-768x360.png 768w\" sizes=\"(max-width: 1280px) 100vw, 1280px\" \/>\t\t\t\t\t\t\t\t\t\t\t\t\t\t\t<\/div>\n\t\t\t\t<\/div>\n\t\t\t\t\t<\/div>\n\t\t\t\t<\/div>\n\t\t<div class=\"elementor-element elementor-element-db90680 e-flex e-con-boxed e-con e-parent\" data-id=\"db90680\" data-element_type=\"container\" data-settings=\"{&quot;ekit_has_onepagescroll_dot&quot;:&quot;yes&quot;}\">\n\t\t\t\t\t<div class=\"e-con-inner\">\n\t\t\t\t<div class=\"elementor-element elementor-element-522aa45 elementor-widget elementor-widget-toggle\" data-id=\"522aa45\" data-element_type=\"widget\" data-settings=\"{&quot;ekit_we_effect_on&quot;:&quot;none&quot;}\" data-widget_type=\"toggle.default\">\n\t\t\t\t<div class=\"elementor-widget-container\">\n\t\t\t\t\t\t\t<div class=\"elementor-toggle\">\n\t\t\t\t\t\t\t<div class=\"elementor-toggle-item\">\n\t\t\t\t\t<div id=\"elementor-tab-title-8611\" class=\"elementor-tab-title\" data-tab=\"1\" role=\"button\" aria-controls=\"elementor-tab-content-8611\" aria-expanded=\"false\">\n\t\t\t\t\t\t\t\t\t\t\t\t<span class=\"elementor-toggle-icon elementor-toggle-icon-left\" aria-hidden=\"true\">\n\t\t\t\t\t\t\t\t\t\t\t\t\t\t\t<span class=\"elementor-toggle-icon-closed\"><svg class=\"e-font-icon-svg e-fas-caret-right\" viewBox=\"0 0 192 512\" xmlns=\"http:\/\/www.w3.org\/2000\/svg\"><path d=\"M0 384.662V127.338c0-17.818 21.543-26.741 34.142-14.142l128.662 128.662c7.81 7.81 7.81 20.474 0 28.284L34.142 398.804C21.543 411.404 0 402.48 0 384.662z\"><\/path><\/svg><\/span>\n\t\t\t\t\t\t\t\t<span class=\"elementor-toggle-icon-opened\"><svg class=\"elementor-toggle-icon-opened e-font-icon-svg e-fas-caret-up\" viewBox=\"0 0 320 512\" xmlns=\"http:\/\/www.w3.org\/2000\/svg\"><path d=\"M288.662 352H31.338c-17.818 0-26.741-21.543-14.142-34.142l128.662-128.662c7.81-7.81 20.474-7.81 28.284 0l128.662 128.662c12.6 12.599 3.676 34.142-14.142 34.142z\"><\/path><\/svg><\/span>\n\t\t\t\t\t\t\t\t\t\t\t\t\t<\/span>\n\t\t\t\t\t\t\t\t\t\t\t\t<a class=\"elementor-toggle-title\" tabindex=\"0\">Chamada P\u00fablica n\u00ba 01\/2025 - Projeto SEJA PRO + Trabalho e Emprego<\/a>\n\t\t\t\t\t<\/div>\n\n\t\t\t\t\t<div id=\"elementor-tab-content-8611\" class=\"elementor-tab-content elementor-clearfix\" data-tab=\"1\" role=\"region\" aria-labelledby=\"elementor-tab-title-8611\"><p><a href=\"https:\/\/fieam.org.br\/senai\/wp-content\/uploads\/sites\/16\/2025\/11\/Chamada-Publica-Projeto-SEJA-PRO-Trabalho-e-Emprego-2025-3.pdf\"><span style=\"color: #000000\">Acesse aqui.<\/span><\/a><\/p><p><a href=\"https:\/\/fieam.org.br\/senai\/wp-content\/uploads\/sites\/16\/2025\/11\/ANEXO-CHAMADA-PUBLICA-01-2025-PROJETO-SEJA-PRO.pdf\">Anexo da Chamada P\u00fablica n\u00ba 01\/2025 &#8211; Projeto SEJA PRO + Trabalho e Emprego. Clique aqui.\u00a0<\/a><\/p><p><a href=\"https:\/\/forms.office.com\/pages\/responsepage.aspx?id=oLUjJjtsMEeabHCinUaXjrc8fpLEkFlNn896QT7dvPxUQUczTDVFR0ZDR0FQQjFPMjJINzE2SzYzTy4u&amp;route=shorturl\">Inscreva-se aqui.\u00a0<\/a><\/p><p><a href=\"https:\/\/fieam.org.br\/senai\/wp-content\/uploads\/sites\/16\/2025\/12\/LISTA-APROVADOS-EJA-PRO.pdf\">Lista dos aprovados. Clique aqui.<\/a><\/p><\/div>\n\t\t\t\t<\/div>\n\t\t\t\t\t\t\t\t<\/div>\n\t\t\t\t\t\t<\/div>\n\t\t\t\t<\/div>\n\t\t\t\t\t<\/div>\n\t\t\t\t<\/div>\n\t\t\t\t<\/div>\n\t\t","protected":false},"excerpt":{"rendered":"<p>Chamada P\u00fablica Projeto SEJA Pro + Trabalho e Emprego Chamada P\u00fablica n\u00ba 01\/2025 &#8211; Projeto SEJA PRO + Trabalho e Emprego Acesse aqui. Anexo da Chamada P\u00fablica n\u00ba 01\/2025 &#8211; Projeto SEJA PRO + Trabalho e Emprego. Clique aqui.\u00a0 Inscreva-se aqui.\u00a0 Lista dos aprovados. Clique aqui.<\/p>\n","protected":false},"author":11,"featured_media":0,"parent":0,"menu_order":0,"comment_status":"closed","ping_status":"closed","template":"","meta":{"footnotes":""},"class_list":["post-14300","page","type-page","status-publish","hentry"],"yoast_head":"<!-- This site is optimized with the Yoast SEO plugin v26.8 - https:\/\/yoast.com\/product\/yoast-seo-wordpress\/ -->\n<title>Chamada P\u00fablica - Projeto SEJA PRO - SENAI<\/title>\n<meta name=\"robots\" content=\"index, follow, max-snippet:-1, max-image-preview:large, max-video-preview:-1\" \/>\n<link rel=\"canonical\" href=\"https:\/\/fieam.org.br\/senai\/chamada-publica-projeto-seja-pro\/\" \/>\n<meta property=\"og:locale\" content=\"pt_BR\" \/>\n<meta property=\"og:type\" content=\"article\" \/>\n<meta property=\"og:title\" content=\"Chamada P\u00fablica - Projeto SEJA PRO - SENAI\" \/>\n<meta property=\"og:description\" content=\"Chamada P\u00fablica Projeto SEJA Pro + Trabalho e Emprego Chamada P\u00fablica n\u00ba 01\/2025 &#8211; Projeto SEJA PRO + Trabalho e Emprego Acesse aqui. Anexo da Chamada P\u00fablica n\u00ba 01\/2025 &#8211; Projeto SEJA PRO + Trabalho e Emprego. Clique aqui.\u00a0 Inscreva-se aqui.\u00a0 Lista dos aprovados. Clique aqui.\" \/>\n<meta property=\"og:url\" content=\"https:\/\/fieam.org.br\/senai\/chamada-publica-projeto-seja-pro\/\" \/>\n<meta property=\"og:site_name\" content=\"SENAI\" \/>\n<meta property=\"article:modified_time\" content=\"2025-12-02T14:59:03+00:00\" \/>\n<meta property=\"og:image\" content=\"https:\/\/fieam.org.br\/senai\/wp-content\/uploads\/sites\/16\/2024\/03\/setas.png\" \/>\n\t<meta property=\"og:image:width\" content=\"45\" \/>\n\t<meta property=\"og:image:height\" content=\"38\" \/>\n\t<meta property=\"og:image:type\" content=\"image\/png\" \/>\n<meta name=\"twitter:card\" content=\"summary_large_image\" \/>\n<script type=\"application\/ld+json\" class=\"yoast-schema-graph\">{\"@context\":\"https:\/\/schema.org\",\"@graph\":[{\"@type\":\"WebPage\",\"@id\":\"https:\/\/fieam.org.br\/senai\/chamada-publica-projeto-seja-pro\/\",\"url\":\"https:\/\/fieam.org.br\/senai\/chamada-publica-projeto-seja-pro\/\",\"name\":\"Chamada P\u00fablica - Projeto SEJA PRO - SENAI\",\"isPartOf\":{\"@id\":\"https:\/\/fieam.org.br\/senai\/#website\"},\"primaryImageOfPage\":{\"@id\":\"https:\/\/fieam.org.br\/senai\/chamada-publica-projeto-seja-pro\/#primaryimage\"},\"image\":{\"@id\":\"https:\/\/fieam.org.br\/senai\/chamada-publica-projeto-seja-pro\/#primaryimage\"},\"thumbnailUrl\":\"https:\/\/fieam.org.br\/senai\/wp-content\/uploads\/sites\/16\/2024\/03\/setas.png\",\"datePublished\":\"2025-11-19T17:59:44+00:00\",\"dateModified\":\"2025-12-02T14:59:03+00:00\",\"breadcrumb\":{\"@id\":\"https:\/\/fieam.org.br\/senai\/chamada-publica-projeto-seja-pro\/#breadcrumb\"},\"inLanguage\":\"pt-BR\",\"potentialAction\":[{\"@type\":\"ReadAction\",\"target\":[\"https:\/\/fieam.org.br\/senai\/chamada-publica-projeto-seja-pro\/\"]}]},{\"@type\":\"ImageObject\",\"inLanguage\":\"pt-BR\",\"@id\":\"https:\/\/fieam.org.br\/senai\/chamada-publica-projeto-seja-pro\/#primaryimage\",\"url\":\"https:\/\/fieam.org.br\/senai\/wp-content\/uploads\/sites\/16\/2024\/03\/setas.png\",\"contentUrl\":\"https:\/\/fieam.org.br\/senai\/wp-content\/uploads\/sites\/16\/2024\/03\/setas.png\",\"width\":45,\"height\":38},{\"@type\":\"BreadcrumbList\",\"@id\":\"https:\/\/fieam.org.br\/senai\/chamada-publica-projeto-seja-pro\/#breadcrumb\",\"itemListElement\":[{\"@type\":\"ListItem\",\"position\":1,\"name\":\"In\u00edcio\",\"item\":\"https:\/\/fieam.org.br\/senai\/\"},{\"@type\":\"ListItem\",\"position\":2,\"name\":\"Chamada P\u00fablica &#8211; Projeto SEJA PRO\"}]},{\"@type\":\"WebSite\",\"@id\":\"https:\/\/fieam.org.br\/senai\/#website\",\"url\":\"https:\/\/fieam.org.br\/senai\/\",\"name\":\"SENAI\",\"description\":\"Site Oficial!\",\"publisher\":{\"@id\":\"https:\/\/fieam.org.br\/senai\/#organization\"},\"potentialAction\":[{\"@type\":\"SearchAction\",\"target\":{\"@type\":\"EntryPoint\",\"urlTemplate\":\"https:\/\/fieam.org.br\/senai\/?s={search_term_string}\"},\"query-input\":{\"@type\":\"PropertyValueSpecification\",\"valueRequired\":true,\"valueName\":\"search_term_string\"}}],\"inLanguage\":\"pt-BR\"},{\"@type\":\"Organization\",\"@id\":\"https:\/\/fieam.org.br\/senai\/#organization\",\"name\":\"SENAI\",\"url\":\"https:\/\/fieam.org.br\/senai\/\",\"logo\":{\"@type\":\"ImageObject\",\"inLanguage\":\"pt-BR\",\"@id\":\"https:\/\/fieam.org.br\/senai\/#\/schema\/logo\/image\/\",\"url\":\"https:\/\/fieam.org.br\/senai\/wp-content\/uploads\/sites\/16\/2024\/03\/cropped-fav.png\",\"contentUrl\":\"https:\/\/fieam.org.br\/senai\/wp-content\/uploads\/sites\/16\/2024\/03\/cropped-fav.png\",\"width\":592,\"height\":577,\"caption\":\"SENAI\"},\"image\":{\"@id\":\"https:\/\/fieam.org.br\/senai\/#\/schema\/logo\/image\/\"}}]}<\/script>\n<!-- \/ Yoast SEO plugin. -->","yoast_head_json":{"title":"Chamada P\u00fablica - Projeto SEJA PRO - SENAI","robots":{"index":"index","follow":"follow","max-snippet":"max-snippet:-1","max-image-preview":"max-image-preview:large","max-video-preview":"max-video-preview:-1"},"canonical":"https:\/\/fieam.org.br\/senai\/chamada-publica-projeto-seja-pro\/","og_locale":"pt_BR","og_type":"article","og_title":"Chamada P\u00fablica - Projeto SEJA PRO - SENAI","og_description":"Chamada P\u00fablica Projeto SEJA Pro + Trabalho e Emprego Chamada P\u00fablica n\u00ba 01\/2025 &#8211; Projeto SEJA PRO + Trabalho e Emprego Acesse aqui. Anexo da Chamada P\u00fablica n\u00ba 01\/2025 &#8211; Projeto SEJA PRO + Trabalho e Emprego. Clique aqui.\u00a0 Inscreva-se aqui.\u00a0 Lista dos aprovados. Clique aqui.","og_url":"https:\/\/fieam.org.br\/senai\/chamada-publica-projeto-seja-pro\/","og_site_name":"SENAI","article_modified_time":"2025-12-02T14:59:03+00:00","og_image":[{"width":45,"height":38,"url":"https:\/\/fieam.org.br\/senai\/wp-content\/uploads\/sites\/16\/2024\/03\/setas.png","type":"image\/png"}],"twitter_card":"summary_large_image","schema":{"@context":"https:\/\/schema.org","@graph":[{"@type":"WebPage","@id":"https:\/\/fieam.org.br\/senai\/chamada-publica-projeto-seja-pro\/","url":"https:\/\/fieam.org.br\/senai\/chamada-publica-projeto-seja-pro\/","name":"Chamada P\u00fablica - Projeto SEJA PRO - SENAI","isPartOf":{"@id":"https:\/\/fieam.org.br\/senai\/#website"},"primaryImageOfPage":{"@id":"https:\/\/fieam.org.br\/senai\/chamada-publica-projeto-seja-pro\/#primaryimage"},"image":{"@id":"https:\/\/fieam.org.br\/senai\/chamada-publica-projeto-seja-pro\/#primaryimage"},"thumbnailUrl":"https:\/\/fieam.org.br\/senai\/wp-content\/uploads\/sites\/16\/2024\/03\/setas.png","datePublished":"2025-11-19T17:59:44+00:00","dateModified":"2025-12-02T14:59:03+00:00","breadcrumb":{"@id":"https:\/\/fieam.org.br\/senai\/chamada-publica-projeto-seja-pro\/#breadcrumb"},"inLanguage":"pt-BR","potentialAction":[{"@type":"ReadAction","target":["https:\/\/fieam.org.br\/senai\/chamada-publica-projeto-seja-pro\/"]}]},{"@type":"ImageObject","inLanguage":"pt-BR","@id":"https:\/\/fieam.org.br\/senai\/chamada-publica-projeto-seja-pro\/#primaryimage","url":"https:\/\/fieam.org.br\/senai\/wp-content\/uploads\/sites\/16\/2024\/03\/setas.png","contentUrl":"https:\/\/fieam.org.br\/senai\/wp-content\/uploads\/sites\/16\/2024\/03\/setas.png","width":45,"height":38},{"@type":"BreadcrumbList","@id":"https:\/\/fieam.org.br\/senai\/chamada-publica-projeto-seja-pro\/#breadcrumb","itemListElement":[{"@type":"ListItem","position":1,"name":"In\u00edcio","item":"https:\/\/fieam.org.br\/senai\/"},{"@type":"ListItem","position":2,"name":"Chamada P\u00fablica &#8211; Projeto SEJA PRO"}]},{"@type":"WebSite","@id":"https:\/\/fieam.org.br\/senai\/#website","url":"https:\/\/fieam.org.br\/senai\/","name":"SENAI","description":"Site Oficial!","publisher":{"@id":"https:\/\/fieam.org.br\/senai\/#organization"},"potentialAction":[{"@type":"SearchAction","target":{"@type":"EntryPoint","urlTemplate":"https:\/\/fieam.org.br\/senai\/?s={search_term_string}"},"query-input":{"@type":"PropertyValueSpecification","valueRequired":true,"valueName":"search_term_string"}}],"inLanguage":"pt-BR"},{"@type":"Organization","@id":"https:\/\/fieam.org.br\/senai\/#organization","name":"SENAI","url":"https:\/\/fieam.org.br\/senai\/","logo":{"@type":"ImageObject","inLanguage":"pt-BR","@id":"https:\/\/fieam.org.br\/senai\/#\/schema\/logo\/image\/","url":"https:\/\/fieam.org.br\/senai\/wp-content\/uploads\/sites\/16\/2024\/03\/cropped-fav.png","contentUrl":"https:\/\/fieam.org.br\/senai\/wp-content\/uploads\/sites\/16\/2024\/03\/cropped-fav.png","width":592,"height":577,"caption":"SENAI"},"image":{"@id":"https:\/\/fieam.org.br\/senai\/#\/schema\/logo\/image\/"}}]}},"_links":{"self":[{"href":"https:\/\/fieam.org.br\/senai\/wp-json\/wp\/v2\/pages\/14300","targetHints":{"allow":["GET"]}}],"collection":[{"href":"https:\/\/fieam.org.br\/senai\/wp-json\/wp\/v2\/pages"}],"about":[{"href":"https:\/\/fieam.org.br\/senai\/wp-json\/wp\/v2\/types\/page"}],"author":[{"embeddable":true,"href":"https:\/\/fieam.org.br\/senai\/wp-json\/wp\/v2\/users\/11"}],"replies":[{"embeddable":true,"href":"https:\/\/fieam.org.br\/senai\/wp-json\/wp\/v2\/comments?post=14300"}],"version-history":[{"count":10,"href":"https:\/\/fieam.org.br\/senai\/wp-json\/wp\/v2\/pages\/14300\/revisions"}],"predecessor-version":[{"id":14392,"href":"https:\/\/fieam.org.br\/senai\/wp-json\/wp\/v2\/pages\/14300\/revisions\/14392"}],"wp:attachment":[{"href":"https:\/\/fieam.org.br\/senai\/wp-json\/wp\/v2\/media?parent=14300"}],"curies":[{"name":"wp","href":"https:\/\/api.w.org\/{rel}","templated":true}]}}