{"id":12234,"date":"2015-01-26T20:39:26","date_gmt":"2015-01-26T20:39:26","guid":{"rendered":"http:\/\/www.fieam.org.br\/site\/senai\/?page_id=4662"},"modified":"2024-12-05T19:56:20","modified_gmt":"2024-12-05T19:56:20","slug":"instituto-senai-de-inovacao-microeletronica-isi","status":"publish","type":"page","link":"https:\/\/fieam.org.br\/senai\/instituto-senai-de-inovacao-microeletronica-isi\/","title":{"rendered":"Instituto Senai de Inova\u00e7\u00e3o microeletronica isi"},"content":{"rendered":"\t\t<div data-elementor-type=\"wp-page\" data-elementor-id=\"12234\" class=\"elementor elementor-12234\" data-elementor-post-type=\"page\">\n\t\t\t\t\t\t<section class=\"elementor-section elementor-top-section elementor-element elementor-element-98cbbe5 elementor-section-boxed elementor-section-height-default elementor-section-height-default\" data-id=\"98cbbe5\" data-element_type=\"section\" data-settings=\"{&quot;background_background&quot;:&quot;classic&quot;,&quot;ekit_has_onepagescroll_dot&quot;:&quot;yes&quot;}\">\n\t\t\t\t\t\t\t<div class=\"elementor-background-overlay\"><\/div>\n\t\t\t\t\t\t\t<div class=\"elementor-container elementor-column-gap-default\">\n\t\t\t\t\t<div class=\"elementor-column elementor-col-100 elementor-top-column elementor-element elementor-element-fa09099\" data-id=\"fa09099\" data-element_type=\"column\">\n\t\t\t<div class=\"elementor-widget-wrap elementor-element-populated\">\n\t\t\t\t\t\t<div class=\"elementor-element elementor-element-7d6e603 elementor-widget__width-auto elementor-invisible elementor-widget elementor-widget-image\" data-id=\"7d6e603\" data-element_type=\"widget\" data-settings=\"{&quot;_animation&quot;:&quot;rotateIn&quot;,&quot;_animation_delay&quot;:720,&quot;ekit_we_effect_on&quot;:&quot;none&quot;}\" data-widget_type=\"image.default\">\n\t\t\t\t<div class=\"elementor-widget-container\">\n\t\t\t\t\t\t\t\t\t\t\t\t\t\t\t<img decoding=\"async\" width=\"45\" height=\"38\" src=\"https:\/\/fieam.org.br\/senai\/wp-content\/uploads\/sites\/16\/2024\/02\/setas.png\" class=\"attachment-full size-full wp-image-4668\" alt=\"\" \/>\t\t\t\t\t\t\t\t\t\t\t\t\t\t\t<\/div>\n\t\t\t\t<\/div>\n\t\t\t\t<div class=\"elementor-element elementor-element-ca251e9 elementor-invisible elementor-widget elementor-widget-heading\" data-id=\"ca251e9\" data-element_type=\"widget\" data-settings=\"{&quot;_animation&quot;:&quot;fadeInDown&quot;,&quot;ekit_we_effect_on&quot;:&quot;none&quot;}\" data-widget_type=\"heading.default\">\n\t\t\t\t<div class=\"elementor-widget-container\">\n\t\t\t\t\t<h2 class=\"elementor-heading-title elementor-size-default\">Instituto Senai de Inova\u00e7\u00e3o Microeletronica Isi<\/h2>\t\t\t\t<\/div>\n\t\t\t\t<\/div>\n\t\t\t\t<div class=\"elementor-element elementor-element-83ee186 elementor-invisible elementor-widget elementor-widget-heading\" data-id=\"83ee186\" data-element_type=\"widget\" data-settings=\"{&quot;_animation&quot;:&quot;fadeInUp&quot;,&quot;ekit_we_effect_on&quot;:&quot;none&quot;}\" data-widget_type=\"heading.default\">\n\t\t\t\t<div class=\"elementor-widget-container\">\n\t\t\t\t\t<div class=\"elementor-heading-title elementor-size-default\">Servi\u00e7o Nacional de Aprendizagem Industrial<\/div>\t\t\t\t<\/div>\n\t\t\t\t<\/div>\n\t\t\t\t\t<\/div>\n\t\t<\/div>\n\t\t\t\t\t<\/div>\n\t\t<\/section>\n\t\t<div class=\"elementor-element elementor-element-5c88e0c7 e-flex e-con-boxed e-con e-parent\" data-id=\"5c88e0c7\" data-element_type=\"container\" data-settings=\"{&quot;ekit_has_onepagescroll_dot&quot;:&quot;yes&quot;}\">\n\t\t\t\t\t<div class=\"e-con-inner\">\n\t\t\t\t<div class=\"elementor-element elementor-element-31262aa6 elementor-widget elementor-widget-text-editor\" data-id=\"31262aa6\" data-element_type=\"widget\" data-settings=\"{&quot;ekit_we_effect_on&quot;:&quot;none&quot;}\" data-widget_type=\"text-editor.default\">\n\t\t\t\t<div class=\"elementor-widget-container\">\n\t\t\t\t\t\t\t\t\t<p>\u00a0<\/p><h1>\u00a0<\/h1><h1>\u00a0<\/h1><h1><a href=\"https:\/\/marketingmassivo.com.br\/senai\/wp-content\/uploads\/sites\/13\/2015\/01\/circuito1.jpg\"><img fetchpriority=\"high\" decoding=\"async\" class=\"wp-image-8257 alignright\" src=\"https:\/\/marketingmassivo.com.br\/senai\/wp-content\/uploads\/sites\/13\/2015\/01\/circuito1.jpg\" alt=\"\" width=\"383\" height=\"275\" srcset=\"https:\/\/fieam.org.br\/senai\/wp-content\/uploads\/sites\/16\/2015\/01\/circuito1.jpg 448w, https:\/\/fieam.org.br\/senai\/wp-content\/uploads\/sites\/16\/2015\/01\/circuito1-300x216.jpg 300w\" sizes=\"(max-width: 383px) 100vw, 383px\" \/><\/a><\/h1><h4 style=\"text-align: left;\"><strong>INSTITUTO SENAI DE INOVA\u00c7\u00c3O EM MICROELETR\u00d4NICA<\/strong><br \/>Av. Rodrigo Ot\u00e1vio, 2394 \u2013 Distrito Industrial<br \/>Fone: (92) 3182-9922 \/ 3182-9951<br \/>WhatsApp: (92) 98461-3777<br \/>E-mail: isi@am.senai.br<\/h4><h4 style=\"text-align: left;\">Acesse o site:<br \/><a href=\"https:\/\/institutosenai.am.senai.br\">https:\/\/institutosenai.am.senai.br<\/a><\/h4><p>O SENAI Amazonas \u00e9 um dos departamentos regionais do <a href=\"http:\/\/www.portaldaindustria.com.br\/senai\/\">Servi\u00e7o Nacional de Aprendizagem Industrial (SENAI)<\/a> que v\u00e3o implantar o <a href=\"http:\/\/www.portaldaindustria.com.br\/senai\/canais\/inovacao-e-tecnologia\/institutos-senai-de-inovacao\/\">Instituto SENAI de Inova\u00e7\u00e3o<\/a>. Ao todo, ser\u00e3o 25 institutos em 12 estados brasileiros.<\/p><p>O programa da <a href=\"http:\/\/www.portaldaindustria.com.br\/cni\/\">Confedera\u00e7\u00e3o Nacional da Ind\u00fastria<\/a> para os Institutos de Inova\u00e7\u00e3o prev\u00ea que a \u00e1rea de Microeletr\u00f4nica \u00e9 exclusiva do SENAI Amazonas, com abrang\u00eancia nacional. Sua implanta\u00e7\u00e3o se dar\u00e1 por meio de financiamento do BNDES, executando em pesquisa, sob a demanda da ind\u00fastria, em parceria com outros Institutos SENAI de Inova\u00e7\u00e3o.<\/p><p>O modelo de neg\u00f3cio do Instituto SENAI de Inova\u00e7\u00e3o em Microeletr\u00f4nica atuar\u00e1 no apoio ao desenvolvimento de startups at\u00e9 grandes empresas. As atividades de P&amp;D&amp;I se dar\u00e3o por meio de laborat\u00f3rios, que ser\u00e3o orientados a introduzir produtos de base tecnol\u00f3gica com sofistica\u00e7\u00e3o e novas funcionalidades.<\/p><p>A atua\u00e7\u00e3o do Instituto SENAI de Inova\u00e7\u00e3o em Microeletr\u00f4nica abrange aspectos da eletr\u00f4nica e biotecnologia, formando um novo pilar de desenvolvimento para o Amazonas. Os trabalhos em coopera\u00e7\u00e3o entre o Instituto e outras Institui\u00e7\u00f5es do Amazonas, como INPA, UFAM, IFAM e Universidade do Estado do Amazonas (UEA), s\u00e3o prioridades que visam o desenvolvimento integrado e a busca por solu\u00e7\u00f5es para o polo microeletr\u00f4nico.<\/p><p>A expectativa do SENAI Amazonas \u00e9 de que os primeiros projetos para a ind\u00fastria amazonense na linha de automa\u00e7\u00e3o sejam apresentados em breve, com base em estudos na \u00e1rea de microeletr\u00f4nica, an\u00e1lise de caracteriza\u00e7\u00e3o e processos de semicondutores, como tamb\u00e9m desenvolvimento de linhas de servi\u00e7os de otimiza\u00e7\u00e3o e monitoramento de processos industriais.<\/p><div style=\"text-align: center; margin-bottom: 20px;\"><a style=\"background-color: blue; padding: 5px; color: white;\" href=\"\/senai\/laboratorios\">LABORAT\u00d3RIOS<\/a><\/div><p><img decoding=\"async\" class=\"size-large wp-image-8295 aligncenter\" src=\"http:\/\/www.fieam.org.br\/senai\/wp-content\/uploads\/sites\/3\/2015\/01\/120-Equipe-DCM-nos-Jogos-Estaduais-SESI-2012-1024x532.jpg\" alt=\"\" width=\"1024\" height=\"532\" srcset=\"https:\/\/fieam.org.br\/senai\/wp-content\/uploads\/sites\/16\/2015\/01\/120-Equipe-DCM-nos-Jogos-Estaduais-SESI-2012-1024x532.jpg 1024w, https:\/\/fieam.org.br\/senai\/wp-content\/uploads\/sites\/16\/2015\/01\/120-Equipe-DCM-nos-Jogos-Estaduais-SESI-2012-300x156.jpg 300w, https:\/\/fieam.org.br\/senai\/wp-content\/uploads\/sites\/16\/2015\/01\/120-Equipe-DCM-nos-Jogos-Estaduais-SESI-2012-768x399.jpg 768w, https:\/\/fieam.org.br\/senai\/wp-content\/uploads\/sites\/16\/2015\/01\/120-Equipe-DCM-nos-Jogos-Estaduais-SESI-2012.jpg 1040w\" sizes=\"(max-width: 1024px) 100vw, 1024px\" \/><\/p><p>\u00a0<\/p><h2><a href=\"https:\/\/marketingmassivo.com.br\/senai\/wp-content\/uploads\/sites\/13\/2015\/01\/tabela1.jpg\"><img loading=\"lazy\" decoding=\"async\" class=\" wp-image-8273 aligncenter\" src=\"https:\/\/marketingmassivo.com.br\/senai\/wp-content\/uploads\/sites\/13\/2015\/01\/tabela1.jpg\" alt=\"\" width=\"725\" height=\"508\" srcset=\"https:\/\/fieam.org.br\/senai\/wp-content\/uploads\/sites\/16\/2015\/01\/tabela1.jpg 632w, https:\/\/fieam.org.br\/senai\/wp-content\/uploads\/sites\/16\/2015\/01\/tabela1-300x210.jpg 300w\" sizes=\"(max-width: 725px) 100vw, 725px\" \/><\/a><\/h2><h2>\u00a0<\/h2><p><a href=\"https:\/\/marketingmassivo.com.br\/senai\/wp-content\/uploads\/sites\/13\/2015\/01\/grafico2.jpg\"><img loading=\"lazy\" decoding=\"async\" class=\"size-full wp-image-8277 aligncenter\" src=\"https:\/\/marketingmassivo.com.br\/senai\/wp-content\/uploads\/sites\/13\/2015\/01\/grafico2.jpg\" alt=\"\" width=\"693\" height=\"489\" srcset=\"https:\/\/fieam.org.br\/senai\/wp-content\/uploads\/sites\/16\/2015\/01\/grafico2.jpg 693w, https:\/\/fieam.org.br\/senai\/wp-content\/uploads\/sites\/16\/2015\/01\/grafico2-300x212.jpg 300w\" sizes=\"(max-width: 693px) 100vw, 693px\" \/><\/a><\/p><p><a href=\"https:\/\/marketingmassivo.com.br\/senai\/wp-content\/uploads\/sites\/13\/2015\/01\/grafico3.jpg\"><img loading=\"lazy\" decoding=\"async\" class=\" wp-image-8279 aligncenter\" src=\"https:\/\/marketingmassivo.com.br\/senai\/wp-content\/uploads\/sites\/13\/2015\/01\/grafico3.jpg\" alt=\"\" width=\"692\" height=\"467\" srcset=\"https:\/\/fieam.org.br\/senai\/wp-content\/uploads\/sites\/16\/2015\/01\/grafico3.jpg 721w, https:\/\/fieam.org.br\/senai\/wp-content\/uploads\/sites\/16\/2015\/01\/grafico3-300x202.jpg 300w\" sizes=\"(max-width: 692px) 100vw, 692px\" \/><\/a><\/p><p><a href=\"https:\/\/marketingmassivo.com.br\/senai\/wp-content\/uploads\/sites\/13\/2015\/01\/grafico4.jpg\"><img loading=\"lazy\" decoding=\"async\" class=\" wp-image-8281 aligncenter\" src=\"https:\/\/marketingmassivo.com.br\/senai\/wp-content\/uploads\/sites\/13\/2015\/01\/grafico4.jpg\" alt=\"\" width=\"697\" height=\"576\" srcset=\"https:\/\/fieam.org.br\/senai\/wp-content\/uploads\/sites\/16\/2015\/01\/grafico4.jpg 679w, https:\/\/fieam.org.br\/senai\/wp-content\/uploads\/sites\/16\/2015\/01\/grafico4-300x248.jpg 300w\" sizes=\"(max-width: 697px) 100vw, 697px\" \/><\/a><\/p><p><a href=\"http:\/\/www.fieam.org.br\/senai\/wp-content\/uploads\/sites\/3\/2015\/01\/cabe\u00e7a7.jpg\"><img loading=\"lazy\" decoding=\"async\" class=\" wp-image-8283 alignleft\" src=\"http:\/\/www.fieam.org.br\/senai\/wp-content\/uploads\/sites\/3\/2015\/01\/cabe\u00e7a7.jpg\" alt=\"\" width=\"1055\" height=\"99\" \/><\/a><\/p><ul><li><h4>EMPREENDEDOR E INVESTIDOR <a href=\"https:\/\/marketingmassivo.com.br\/senai\/wp-content\/uploads\/sites\/13\/2015\/01\/foto2.jpg\"><img loading=\"lazy\" decoding=\"async\" class=\"alignright wp-image-8284\" src=\"https:\/\/marketingmassivo.com.br\/senai\/wp-content\/uploads\/sites\/13\/2015\/01\/foto2.jpg\" alt=\"\" width=\"502\" height=\"335\" srcset=\"https:\/\/fieam.org.br\/senai\/wp-content\/uploads\/sites\/16\/2015\/01\/foto2.jpg 640w, https:\/\/fieam.org.br\/senai\/wp-content\/uploads\/sites\/16\/2015\/01\/foto2-300x200.jpg 300w\" sizes=\"(max-width: 502px) 100vw, 502px\" \/><\/a>&#8211; Portf\u00f3lio de Projetos<\/h4><\/li><li><h4>ICT PARCERIAS \u2013 COMPET\u00caNCIAS<\/h4><h4>Humana &#8211; Doutores de n\u00edvel internacional<\/h4><h4>Estrutural &#8211; Equipamentos de Processo Industrial<\/h4><h4>Relacional &#8211; Forte intera\u00e7\u00e3o com empresas e gera\u00e7\u00e3o de recursos<\/h4><\/li><li><h4>GRANDES EMPRESAS &#8211; Manufatura avan\u00e7ada<\/h4><\/li><li><h4>PME &#8211; Projetos de baixo custo \u2013 Produtividade<\/h4><\/li><li><h4>STARTUP &#8211; Impacto Tecnol\u00f3gico &#8211; Prot\u00f3tipo<\/h4><\/li><\/ul><h2>\u00a0<\/h2><h3>AVALIA\u00c7\u00c3O<\/h3><h3>Implanta\u00e7\u00e3o do Conceito Ind\u00fastria 4.0 para o Resultado das Empresas<\/h3><ul><li><h5>EMPRESA MEI sendo I + A<\/h5><p>Vai economizar at\u00e9 10% do faturamento por ano com Ind\u00fastria 4.0, a partir do desenvolvimento de dispositivos inovadores e testados em<br \/>prot\u00f3tipos para incorporar digitaliza\u00e7\u00e3o e internet das coisas ao processo produtivo ou a um servi\u00e7o.<\/p><\/li><li><h5>EMPRESA PME sendo I + A<\/h5><p>Vai economizar at\u00e9 5% do faturamento por ano com a Ind\u00fastria 4.0, a partir da incorpora\u00e7\u00e3o de tecnologias, como automa\u00e7\u00e3o de movimentos repetitivos, nanotecnologia, digitaliza\u00e7\u00e3o e internet das coisas ao processo produtivo.<\/p><\/li><li><h5>EMPRESA Grande Porte sendo I + A<\/h5><p>Seria poss\u00edvel atingir uma redu\u00e7\u00e3o de custos com reparos, com ganhos de efici\u00eancia produtiva e em consumo de energia. Outro benef\u00edcio da Ind\u00fastria 4.0 \u00e9 a produ\u00e7\u00e3o com menores impactos ambientais.<\/p><\/li><\/ul><p><a href=\"https:\/\/marketingmassivo.com.br\/senai\/wp-content\/uploads\/sites\/13\/2015\/01\/tabela2.jpg\"><img loading=\"lazy\" decoding=\"async\" class=\"size-full wp-image-8287 aligncenter\" src=\"https:\/\/marketingmassivo.com.br\/senai\/wp-content\/uploads\/sites\/13\/2015\/01\/tabela2.jpg\" alt=\"\" width=\"631\" height=\"439\" srcset=\"https:\/\/fieam.org.br\/senai\/wp-content\/uploads\/sites\/16\/2015\/01\/tabela2.jpg 631w, https:\/\/fieam.org.br\/senai\/wp-content\/uploads\/sites\/16\/2015\/01\/tabela2-300x209.jpg 300w\" sizes=\"(max-width: 631px) 100vw, 631px\" \/><\/a><\/p><h4 style=\"text-align: center;\">INSTITUTO SENAI DE INOVA\u00c7\u00c3O EM MICROELETR\u00d4NICA<br \/>Av. Rodrigo Ot\u00e1vio, 2394 &#8211; Distrito Industrial<br \/>Fone: (92) 3182-9922 \/ 3182-9951<br \/>WhatsApp: (92) 98461-3777<br \/><a href=\"https:\/\/institutosenai.am.senai.br\/\">https:\/\/institutosenai.am.senai.br\/<\/a><br \/>E-mail: <a href=\"isi@am.senai.br\">isi@am.senai.br<\/a><\/h4>\t\t\t\t\t\t\t\t<\/div>\n\t\t\t\t<\/div>\n\t\t\t\t\t<\/div>\n\t\t\t\t<\/div>\n\t\t\t\t<\/div>\n\t\t","protected":false},"excerpt":{"rendered":"<p>Instituto Senai de Inova\u00e7\u00e3o Microeletronica Isi Servi\u00e7o Nacional de Aprendizagem Industrial \u00a0 \u00a0 \u00a0 INSTITUTO SENAI DE INOVA\u00c7\u00c3O EM MICROELETR\u00d4NICAAv. Rodrigo Ot\u00e1vio, 2394 \u2013 Distrito IndustrialFone: (92) 3182-9922 \/ 3182-9951WhatsApp: (92) 98461-3777E-mail: isi@am.senai.br Acesse o site:https:\/\/institutosenai.am.senai.br O SENAI Amazonas \u00e9 um dos departamentos regionais do Servi\u00e7o Nacional de Aprendizagem Industrial (SENAI) que v\u00e3o implantar o [&hellip;]<\/p>\n","protected":false},"author":1,"featured_media":0,"parent":0,"menu_order":0,"comment_status":"open","ping_status":"open","template":"","meta":{"footnotes":""},"class_list":["post-12234","page","type-page","status-publish","hentry"],"yoast_head":"<!-- This site is optimized with the Yoast SEO plugin v26.8 - https:\/\/yoast.com\/product\/yoast-seo-wordpress\/ -->\n<title>Instituto Senai de Inova\u00e7\u00e3o microeletronica isi - SENAI<\/title>\n<meta name=\"robots\" content=\"index, follow, max-snippet:-1, max-image-preview:large, max-video-preview:-1\" \/>\n<link rel=\"canonical\" href=\"https:\/\/fieam.org.br\/senai\/instituto-senai-de-inovacao-microeletronica-isi\/\" \/>\n<meta property=\"og:locale\" content=\"pt_BR\" \/>\n<meta property=\"og:type\" content=\"article\" \/>\n<meta property=\"og:title\" content=\"Instituto Senai de Inova\u00e7\u00e3o microeletronica isi - SENAI\" \/>\n<meta property=\"og:description\" content=\"Instituto Senai de Inova\u00e7\u00e3o Microeletronica Isi Servi\u00e7o Nacional de Aprendizagem Industrial \u00a0 \u00a0 \u00a0 INSTITUTO SENAI DE INOVA\u00c7\u00c3O EM MICROELETR\u00d4NICAAv. Rodrigo Ot\u00e1vio, 2394 \u2013 Distrito IndustrialFone: (92) 3182-9922 \/ 3182-9951WhatsApp: (92) 98461-3777E-mail: isi@am.senai.br Acesse o site:https:\/\/institutosenai.am.senai.br O SENAI Amazonas \u00e9 um dos departamentos regionais do Servi\u00e7o Nacional de Aprendizagem Industrial (SENAI) que v\u00e3o implantar o [&hellip;]\" \/>\n<meta property=\"og:url\" content=\"https:\/\/fieam.org.br\/senai\/instituto-senai-de-inovacao-microeletronica-isi\/\" \/>\n<meta property=\"og:site_name\" content=\"SENAI\" \/>\n<meta property=\"article:modified_time\" content=\"2024-12-05T19:56:20+00:00\" \/>\n<meta property=\"og:image\" content=\"https:\/\/fieam.org.br\/senai\/wp-content\/uploads\/sites\/16\/2024\/02\/setas.png\" \/>\n\t<meta property=\"og:image:width\" content=\"45\" \/>\n\t<meta property=\"og:image:height\" content=\"38\" \/>\n\t<meta property=\"og:image:type\" content=\"image\/png\" \/>\n<meta name=\"twitter:card\" content=\"summary_large_image\" \/>\n<meta name=\"twitter:label1\" content=\"Est. tempo de leitura\" \/>\n\t<meta name=\"twitter:data1\" content=\"3 minutos\" \/>\n<script type=\"application\/ld+json\" class=\"yoast-schema-graph\">{\"@context\":\"https:\/\/schema.org\",\"@graph\":[{\"@type\":\"WebPage\",\"@id\":\"https:\/\/fieam.org.br\/senai\/instituto-senai-de-inovacao-microeletronica-isi\/\",\"url\":\"https:\/\/fieam.org.br\/senai\/instituto-senai-de-inovacao-microeletronica-isi\/\",\"name\":\"Instituto Senai de Inova\u00e7\u00e3o microeletronica isi - SENAI\",\"isPartOf\":{\"@id\":\"https:\/\/fieam.org.br\/senai\/#website\"},\"primaryImageOfPage\":{\"@id\":\"https:\/\/fieam.org.br\/senai\/instituto-senai-de-inovacao-microeletronica-isi\/#primaryimage\"},\"image\":{\"@id\":\"https:\/\/fieam.org.br\/senai\/instituto-senai-de-inovacao-microeletronica-isi\/#primaryimage\"},\"thumbnailUrl\":\"https:\/\/fieam.org.br\/senai\/wp-content\/uploads\/sites\/16\/2024\/02\/setas.png\",\"datePublished\":\"2015-01-26T20:39:26+00:00\",\"dateModified\":\"2024-12-05T19:56:20+00:00\",\"breadcrumb\":{\"@id\":\"https:\/\/fieam.org.br\/senai\/instituto-senai-de-inovacao-microeletronica-isi\/#breadcrumb\"},\"inLanguage\":\"pt-BR\",\"potentialAction\":[{\"@type\":\"ReadAction\",\"target\":[\"https:\/\/fieam.org.br\/senai\/instituto-senai-de-inovacao-microeletronica-isi\/\"]}]},{\"@type\":\"ImageObject\",\"inLanguage\":\"pt-BR\",\"@id\":\"https:\/\/fieam.org.br\/senai\/instituto-senai-de-inovacao-microeletronica-isi\/#primaryimage\",\"url\":\"https:\/\/fieam.org.br\/senai\/wp-content\/uploads\/sites\/16\/2024\/02\/setas.png\",\"contentUrl\":\"https:\/\/fieam.org.br\/senai\/wp-content\/uploads\/sites\/16\/2024\/02\/setas.png\",\"width\":45,\"height\":38},{\"@type\":\"BreadcrumbList\",\"@id\":\"https:\/\/fieam.org.br\/senai\/instituto-senai-de-inovacao-microeletronica-isi\/#breadcrumb\",\"itemListElement\":[{\"@type\":\"ListItem\",\"position\":1,\"name\":\"In\u00edcio\",\"item\":\"https:\/\/fieam.org.br\/senai\/\"},{\"@type\":\"ListItem\",\"position\":2,\"name\":\"Instituto Senai de Inova\u00e7\u00e3o microeletronica isi\"}]},{\"@type\":\"WebSite\",\"@id\":\"https:\/\/fieam.org.br\/senai\/#website\",\"url\":\"https:\/\/fieam.org.br\/senai\/\",\"name\":\"SENAI\",\"description\":\"Site Oficial!\",\"publisher\":{\"@id\":\"https:\/\/fieam.org.br\/senai\/#organization\"},\"potentialAction\":[{\"@type\":\"SearchAction\",\"target\":{\"@type\":\"EntryPoint\",\"urlTemplate\":\"https:\/\/fieam.org.br\/senai\/?s={search_term_string}\"},\"query-input\":{\"@type\":\"PropertyValueSpecification\",\"valueRequired\":true,\"valueName\":\"search_term_string\"}}],\"inLanguage\":\"pt-BR\"},{\"@type\":\"Organization\",\"@id\":\"https:\/\/fieam.org.br\/senai\/#organization\",\"name\":\"SENAI\",\"url\":\"https:\/\/fieam.org.br\/senai\/\",\"logo\":{\"@type\":\"ImageObject\",\"inLanguage\":\"pt-BR\",\"@id\":\"https:\/\/fieam.org.br\/senai\/#\/schema\/logo\/image\/\",\"url\":\"https:\/\/fieam.org.br\/senai\/wp-content\/uploads\/sites\/16\/2024\/03\/cropped-fav.png\",\"contentUrl\":\"https:\/\/fieam.org.br\/senai\/wp-content\/uploads\/sites\/16\/2024\/03\/cropped-fav.png\",\"width\":592,\"height\":577,\"caption\":\"SENAI\"},\"image\":{\"@id\":\"https:\/\/fieam.org.br\/senai\/#\/schema\/logo\/image\/\"}}]}<\/script>\n<!-- \/ Yoast SEO plugin. -->","yoast_head_json":{"title":"Instituto Senai de Inova\u00e7\u00e3o microeletronica isi - SENAI","robots":{"index":"index","follow":"follow","max-snippet":"max-snippet:-1","max-image-preview":"max-image-preview:large","max-video-preview":"max-video-preview:-1"},"canonical":"https:\/\/fieam.org.br\/senai\/instituto-senai-de-inovacao-microeletronica-isi\/","og_locale":"pt_BR","og_type":"article","og_title":"Instituto Senai de Inova\u00e7\u00e3o microeletronica isi - SENAI","og_description":"Instituto Senai de Inova\u00e7\u00e3o Microeletronica Isi Servi\u00e7o Nacional de Aprendizagem Industrial \u00a0 \u00a0 \u00a0 INSTITUTO SENAI DE INOVA\u00c7\u00c3O EM MICROELETR\u00d4NICAAv. Rodrigo Ot\u00e1vio, 2394 \u2013 Distrito IndustrialFone: (92) 3182-9922 \/ 3182-9951WhatsApp: (92) 98461-3777E-mail: isi@am.senai.br Acesse o site:https:\/\/institutosenai.am.senai.br O SENAI Amazonas \u00e9 um dos departamentos regionais do Servi\u00e7o Nacional de Aprendizagem Industrial (SENAI) que v\u00e3o implantar o [&hellip;]","og_url":"https:\/\/fieam.org.br\/senai\/instituto-senai-de-inovacao-microeletronica-isi\/","og_site_name":"SENAI","article_modified_time":"2024-12-05T19:56:20+00:00","og_image":[{"width":45,"height":38,"url":"https:\/\/fieam.org.br\/senai\/wp-content\/uploads\/sites\/16\/2024\/02\/setas.png","type":"image\/png"}],"twitter_card":"summary_large_image","twitter_misc":{"Est. tempo de leitura":"3 minutos"},"schema":{"@context":"https:\/\/schema.org","@graph":[{"@type":"WebPage","@id":"https:\/\/fieam.org.br\/senai\/instituto-senai-de-inovacao-microeletronica-isi\/","url":"https:\/\/fieam.org.br\/senai\/instituto-senai-de-inovacao-microeletronica-isi\/","name":"Instituto Senai de Inova\u00e7\u00e3o microeletronica isi - SENAI","isPartOf":{"@id":"https:\/\/fieam.org.br\/senai\/#website"},"primaryImageOfPage":{"@id":"https:\/\/fieam.org.br\/senai\/instituto-senai-de-inovacao-microeletronica-isi\/#primaryimage"},"image":{"@id":"https:\/\/fieam.org.br\/senai\/instituto-senai-de-inovacao-microeletronica-isi\/#primaryimage"},"thumbnailUrl":"https:\/\/fieam.org.br\/senai\/wp-content\/uploads\/sites\/16\/2024\/02\/setas.png","datePublished":"2015-01-26T20:39:26+00:00","dateModified":"2024-12-05T19:56:20+00:00","breadcrumb":{"@id":"https:\/\/fieam.org.br\/senai\/instituto-senai-de-inovacao-microeletronica-isi\/#breadcrumb"},"inLanguage":"pt-BR","potentialAction":[{"@type":"ReadAction","target":["https:\/\/fieam.org.br\/senai\/instituto-senai-de-inovacao-microeletronica-isi\/"]}]},{"@type":"ImageObject","inLanguage":"pt-BR","@id":"https:\/\/fieam.org.br\/senai\/instituto-senai-de-inovacao-microeletronica-isi\/#primaryimage","url":"https:\/\/fieam.org.br\/senai\/wp-content\/uploads\/sites\/16\/2024\/02\/setas.png","contentUrl":"https:\/\/fieam.org.br\/senai\/wp-content\/uploads\/sites\/16\/2024\/02\/setas.png","width":45,"height":38},{"@type":"BreadcrumbList","@id":"https:\/\/fieam.org.br\/senai\/instituto-senai-de-inovacao-microeletronica-isi\/#breadcrumb","itemListElement":[{"@type":"ListItem","position":1,"name":"In\u00edcio","item":"https:\/\/fieam.org.br\/senai\/"},{"@type":"ListItem","position":2,"name":"Instituto Senai de Inova\u00e7\u00e3o microeletronica isi"}]},{"@type":"WebSite","@id":"https:\/\/fieam.org.br\/senai\/#website","url":"https:\/\/fieam.org.br\/senai\/","name":"SENAI","description":"Site Oficial!","publisher":{"@id":"https:\/\/fieam.org.br\/senai\/#organization"},"potentialAction":[{"@type":"SearchAction","target":{"@type":"EntryPoint","urlTemplate":"https:\/\/fieam.org.br\/senai\/?s={search_term_string}"},"query-input":{"@type":"PropertyValueSpecification","valueRequired":true,"valueName":"search_term_string"}}],"inLanguage":"pt-BR"},{"@type":"Organization","@id":"https:\/\/fieam.org.br\/senai\/#organization","name":"SENAI","url":"https:\/\/fieam.org.br\/senai\/","logo":{"@type":"ImageObject","inLanguage":"pt-BR","@id":"https:\/\/fieam.org.br\/senai\/#\/schema\/logo\/image\/","url":"https:\/\/fieam.org.br\/senai\/wp-content\/uploads\/sites\/16\/2024\/03\/cropped-fav.png","contentUrl":"https:\/\/fieam.org.br\/senai\/wp-content\/uploads\/sites\/16\/2024\/03\/cropped-fav.png","width":592,"height":577,"caption":"SENAI"},"image":{"@id":"https:\/\/fieam.org.br\/senai\/#\/schema\/logo\/image\/"}}]}},"_links":{"self":[{"href":"https:\/\/fieam.org.br\/senai\/wp-json\/wp\/v2\/pages\/12234","targetHints":{"allow":["GET"]}}],"collection":[{"href":"https:\/\/fieam.org.br\/senai\/wp-json\/wp\/v2\/pages"}],"about":[{"href":"https:\/\/fieam.org.br\/senai\/wp-json\/wp\/v2\/types\/page"}],"author":[{"embeddable":true,"href":"https:\/\/fieam.org.br\/senai\/wp-json\/wp\/v2\/users\/1"}],"replies":[{"embeddable":true,"href":"https:\/\/fieam.org.br\/senai\/wp-json\/wp\/v2\/comments?post=12234"}],"version-history":[{"count":16,"href":"https:\/\/fieam.org.br\/senai\/wp-json\/wp\/v2\/pages\/12234\/revisions"}],"predecessor-version":[{"id":13420,"href":"https:\/\/fieam.org.br\/senai\/wp-json\/wp\/v2\/pages\/12234\/revisions\/13420"}],"wp:attachment":[{"href":"https:\/\/fieam.org.br\/senai\/wp-json\/wp\/v2\/media?parent=12234"}],"curies":[{"name":"wp","href":"https:\/\/api.w.org\/{rel}","templated":true}]}}