{"id":12233,"date":"2015-01-16T12:53:56","date_gmt":"2015-01-16T12:53:56","guid":{"rendered":"http:\/\/www.fieam.org.br\/site\/senai\/?page_id=4614"},"modified":"2024-03-07T04:20:57","modified_gmt":"2024-03-07T04:20:57","slug":"servicos-tecnologicos-e-de-inovacao-4","status":"publish","type":"page","link":"https:\/\/fieam.org.br\/senai\/servicos-tecnologicos-e-de-inovacao-4\/","title":{"rendered":"Servi\u00e7os Tecnol\u00f3gicos e de Inova\u00e7\u00e3o"},"content":{"rendered":"\t\t<div data-elementor-type=\"wp-page\" data-elementor-id=\"12233\" class=\"elementor elementor-12233\" data-elementor-post-type=\"page\">\n\t\t\t\t\t\t<section class=\"elementor-section elementor-top-section elementor-element elementor-element-37a183b elementor-section-boxed elementor-section-height-default elementor-section-height-default\" data-id=\"37a183b\" data-element_type=\"section\" data-settings=\"{&quot;background_background&quot;:&quot;classic&quot;,&quot;ekit_has_onepagescroll_dot&quot;:&quot;yes&quot;}\">\n\t\t\t\t\t\t\t<div class=\"elementor-background-overlay\"><\/div>\n\t\t\t\t\t\t\t<div class=\"elementor-container elementor-column-gap-default\">\n\t\t\t\t\t<div class=\"elementor-column elementor-col-100 elementor-top-column elementor-element elementor-element-5405a48\" data-id=\"5405a48\" data-element_type=\"column\">\n\t\t\t<div class=\"elementor-widget-wrap elementor-element-populated\">\n\t\t\t\t\t\t<div class=\"elementor-element elementor-element-756a542 elementor-widget__width-auto elementor-invisible elementor-widget elementor-widget-image\" data-id=\"756a542\" data-element_type=\"widget\" data-settings=\"{&quot;_animation&quot;:&quot;rotateIn&quot;,&quot;_animation_delay&quot;:720,&quot;ekit_we_effect_on&quot;:&quot;none&quot;}\" data-widget_type=\"image.default\">\n\t\t\t\t<div class=\"elementor-widget-container\">\n\t\t\t\t\t\t\t\t\t\t\t\t\t\t\t<img decoding=\"async\" width=\"45\" height=\"38\" src=\"https:\/\/fieam.org.br\/senai\/wp-content\/uploads\/sites\/16\/2024\/02\/setas.png\" class=\"attachment-full size-full wp-image-4668\" alt=\"\" \/>\t\t\t\t\t\t\t\t\t\t\t\t\t\t\t<\/div>\n\t\t\t\t<\/div>\n\t\t\t\t<div class=\"elementor-element elementor-element-83a95d4 elementor-invisible elementor-widget elementor-widget-heading\" data-id=\"83a95d4\" data-element_type=\"widget\" data-settings=\"{&quot;_animation&quot;:&quot;fadeInDown&quot;,&quot;ekit_we_effect_on&quot;:&quot;none&quot;}\" data-widget_type=\"heading.default\">\n\t\t\t\t<div class=\"elementor-widget-container\">\n\t\t\t\t\t<h2 class=\"elementor-heading-title elementor-size-default\">Servi\u00e7os Tecnol\u00f3gicos e de Inova\u00e7\u00e3o<\/h2>\t\t\t\t<\/div>\n\t\t\t\t<\/div>\n\t\t\t\t<div class=\"elementor-element elementor-element-d52aec4 elementor-invisible elementor-widget elementor-widget-heading\" data-id=\"d52aec4\" data-element_type=\"widget\" data-settings=\"{&quot;_animation&quot;:&quot;fadeInUp&quot;,&quot;ekit_we_effect_on&quot;:&quot;none&quot;}\" data-widget_type=\"heading.default\">\n\t\t\t\t<div class=\"elementor-widget-container\">\n\t\t\t\t\t<div class=\"elementor-heading-title elementor-size-default\">Servi\u00e7o Nacional de Aprendizagem Industrial<\/div>\t\t\t\t<\/div>\n\t\t\t\t<\/div>\n\t\t\t\t\t<\/div>\n\t\t<\/div>\n\t\t\t\t\t<\/div>\n\t\t<\/section>\n\t\t<div class=\"elementor-element elementor-element-1f829c6 e-flex e-con-boxed e-con e-parent\" data-id=\"1f829c6\" data-element_type=\"container\" data-settings=\"{&quot;ekit_has_onepagescroll_dot&quot;:&quot;yes&quot;}\">\n\t\t\t\t\t<div class=\"e-con-inner\">\n\t\t\t\t<div class=\"elementor-element elementor-element-4d30998e elementor-widget elementor-widget-text-editor\" data-id=\"4d30998e\" data-element_type=\"widget\" data-settings=\"{&quot;ekit_we_effect_on&quot;:&quot;none&quot;}\" data-widget_type=\"text-editor.default\">\n\t\t\t\t<div class=\"elementor-widget-container\">\n\t\t\t\t\t\t\t\t\t<ul>\n \t<li><strong>Escola SENAI\u00a0 Dem\u00f3stenes Travessa<\/strong>\n\u00c1rea: Constru\u00e7\u00e3o Civil<\/li>\n<\/ul>\n&nbsp;\n<ul>\n \t<li>Assessoria e Consultoria em Processo Cer\u00e2mico e Concreto<\/li>\n \t<li>Controle Tecnol\u00f3gico de Concreto<\/li>\n \t<li>Ensaio de ac\u00fastica ru\u00eddo a\u00e9reo de fachada.nbr 15575<\/li>\n \t<li>Ensaio de ac\u00fastica ru\u00eddo a\u00e9reo entre paredes.nbr 15575<\/li>\n \t<li>Ensaio de ac\u00fastica ru\u00eddo a\u00e9reo entre pisos.nbr 15575<\/li>\n \t<li>Ensaio de ac\u00fastica ru\u00eddo de entorno nbr 15575<\/li>\n \t<li>Ensaio de ac\u00fastica ru\u00eddo de impactos entre pisos.nbr 15575<\/li>\n \t<li>Ensaio de esfor\u00e7o est\u00e1tico horizontal em guarda corpos uso\u00a0 coletivo<\/li>\n \t<li>Ensaio de esfor\u00e7o est\u00e1tico horizontal em guarda corpos uso privativo.nbr 14718<\/li>\n \t<li>Ensaio de esfor\u00e7o est\u00e1tico vertical em guarda corpos uso coletivo.nbr 14718<\/li>\n \t<li>Ensaio de esfor\u00e7o est\u00e1tico vertical em guarda corpos uso privativo.nbr 14718<\/li>\n \t<li>Ensaio de expans\u00e3o por umidade em placas cer\u00e2micas \u2013 epu.nbr 13818<\/li>\n \t<li>Ensaio de resist\u00eancia a impactos em guarda-corpos. Nbr 14718<\/li>\n \t<li>Ensaios de Blocos Cer\u00e2micos e Concreto<\/li>\n \t<li>Ensaios de chapas e perfis de gesso acartonado \u2013 drywall nbr 14715-2<\/li>\n \t<li>Ensaios de Telhas Cer\u00e2micas e Concreto<\/li>\n \t<li>Esclerometria \u2013 ensaios com 16 impactos.nbr 7584<\/li>\n \t<li>Resist\u00eancia de ader\u00eancia \u00e0 tra\u00e7\u00e3o de argamassa por arrancamento.nbr 13528<\/li>\n<\/ul>\n&nbsp;\n\n<strong>Mais Informa\u00e7\u00f5es:<\/strong>\nAv. Rodrigo Ot\u00e1vio, 2394 _ Distrito Industrial\nFone: (92) 3182-9925\nWhatsApp: (92) 3182-9925\nE-mail:\u00a0<strong><a href=\"mailto:mercado@fieam.org.br\">mercado@fieam.org.br<\/a><\/strong>\n\nA programa\u00e7\u00e3o atual encontra-se dispon\u00edvel no site:\n\n<a href=\"http:\/\/www.fieam.org.br\/senai\/cursos-do-senai\/\">http:\/\/www.fieam.org.br\/senai\/cursos-do-senai\/<\/a>\t\t\t\t\t\t\t\t<\/div>\n\t\t\t\t<\/div>\n\t\t\t\t\t<\/div>\n\t\t\t\t<\/div>\n\t\t\t\t<\/div>\n\t\t","protected":false},"excerpt":{"rendered":"<p>Servi\u00e7os Tecnol\u00f3gicos e de Inova\u00e7\u00e3o Servi\u00e7o Nacional de Aprendizagem Industrial Escola SENAI\u00a0 Dem\u00f3stenes Travessa \u00c1rea: Constru\u00e7\u00e3o Civil &nbsp; Assessoria e Consultoria em Processo Cer\u00e2mico e Concreto Controle Tecnol\u00f3gico de Concreto Ensaio de ac\u00fastica ru\u00eddo a\u00e9reo de fachada.nbr 15575 Ensaio de ac\u00fastica ru\u00eddo a\u00e9reo entre paredes.nbr 15575 Ensaio de ac\u00fastica ru\u00eddo a\u00e9reo entre pisos.nbr 15575 Ensaio [&hellip;]<\/p>\n","protected":false},"author":1,"featured_media":0,"parent":0,"menu_order":0,"comment_status":"closed","ping_status":"open","template":"","meta":{"footnotes":""},"class_list":["post-12233","page","type-page","status-publish","hentry"],"yoast_head":"<!-- This site is optimized with the Yoast SEO plugin v26.8 - https:\/\/yoast.com\/product\/yoast-seo-wordpress\/ -->\n<title>Servi\u00e7os Tecnol\u00f3gicos e de Inova\u00e7\u00e3o - SENAI<\/title>\n<meta name=\"robots\" content=\"index, follow, max-snippet:-1, max-image-preview:large, max-video-preview:-1\" \/>\n<link rel=\"canonical\" href=\"https:\/\/fieam.org.br\/senai\/servicos-tecnologicos-e-de-inovacao-4\/\" \/>\n<meta property=\"og:locale\" content=\"pt_BR\" \/>\n<meta property=\"og:type\" content=\"article\" \/>\n<meta property=\"og:title\" content=\"Servi\u00e7os Tecnol\u00f3gicos e de Inova\u00e7\u00e3o - SENAI\" \/>\n<meta property=\"og:description\" content=\"Servi\u00e7os Tecnol\u00f3gicos e de Inova\u00e7\u00e3o Servi\u00e7o Nacional de Aprendizagem Industrial Escola SENAI\u00a0 Dem\u00f3stenes Travessa \u00c1rea: Constru\u00e7\u00e3o Civil &nbsp; Assessoria e Consultoria em Processo Cer\u00e2mico e Concreto Controle Tecnol\u00f3gico de Concreto Ensaio de ac\u00fastica ru\u00eddo a\u00e9reo de fachada.nbr 15575 Ensaio de ac\u00fastica ru\u00eddo a\u00e9reo entre paredes.nbr 15575 Ensaio de ac\u00fastica ru\u00eddo a\u00e9reo entre pisos.nbr 15575 Ensaio [&hellip;]\" \/>\n<meta property=\"og:url\" content=\"https:\/\/fieam.org.br\/senai\/servicos-tecnologicos-e-de-inovacao-4\/\" \/>\n<meta property=\"og:site_name\" content=\"SENAI\" \/>\n<meta property=\"article:modified_time\" content=\"2024-03-07T04:20:57+00:00\" \/>\n<meta property=\"og:image\" content=\"https:\/\/fieam.org.br\/senai\/wp-content\/uploads\/sites\/13\/2024\/02\/setas.png\" \/>\n<meta name=\"twitter:card\" content=\"summary_large_image\" \/>\n<meta name=\"twitter:label1\" content=\"Est. tempo de leitura\" \/>\n\t<meta name=\"twitter:data1\" content=\"1 minuto\" \/>\n<script type=\"application\/ld+json\" class=\"yoast-schema-graph\">{\"@context\":\"https:\/\/schema.org\",\"@graph\":[{\"@type\":\"WebPage\",\"@id\":\"https:\/\/fieam.org.br\/senai\/servicos-tecnologicos-e-de-inovacao-4\/\",\"url\":\"https:\/\/fieam.org.br\/senai\/servicos-tecnologicos-e-de-inovacao-4\/\",\"name\":\"Servi\u00e7os Tecnol\u00f3gicos e de Inova\u00e7\u00e3o - SENAI\",\"isPartOf\":{\"@id\":\"https:\/\/fieam.org.br\/senai\/#website\"},\"primaryImageOfPage\":{\"@id\":\"https:\/\/fieam.org.br\/senai\/servicos-tecnologicos-e-de-inovacao-4\/#primaryimage\"},\"image\":{\"@id\":\"https:\/\/fieam.org.br\/senai\/servicos-tecnologicos-e-de-inovacao-4\/#primaryimage\"},\"thumbnailUrl\":\"https:\/\/fieam.org.br\/senai\/wp-content\/uploads\/sites\/13\/2024\/02\/setas.png\",\"datePublished\":\"2015-01-16T12:53:56+00:00\",\"dateModified\":\"2024-03-07T04:20:57+00:00\",\"breadcrumb\":{\"@id\":\"https:\/\/fieam.org.br\/senai\/servicos-tecnologicos-e-de-inovacao-4\/#breadcrumb\"},\"inLanguage\":\"pt-BR\",\"potentialAction\":[{\"@type\":\"ReadAction\",\"target\":[\"https:\/\/fieam.org.br\/senai\/servicos-tecnologicos-e-de-inovacao-4\/\"]}]},{\"@type\":\"ImageObject\",\"inLanguage\":\"pt-BR\",\"@id\":\"https:\/\/fieam.org.br\/senai\/servicos-tecnologicos-e-de-inovacao-4\/#primaryimage\",\"url\":\"https:\/\/fieam.org.br\/senai\/wp-content\/uploads\/sites\/13\/2024\/02\/setas.png\",\"contentUrl\":\"https:\/\/fieam.org.br\/senai\/wp-content\/uploads\/sites\/13\/2024\/02\/setas.png\"},{\"@type\":\"BreadcrumbList\",\"@id\":\"https:\/\/fieam.org.br\/senai\/servicos-tecnologicos-e-de-inovacao-4\/#breadcrumb\",\"itemListElement\":[{\"@type\":\"ListItem\",\"position\":1,\"name\":\"In\u00edcio\",\"item\":\"https:\/\/fieam.org.br\/senai\/\"},{\"@type\":\"ListItem\",\"position\":2,\"name\":\"Servi\u00e7os Tecnol\u00f3gicos e de Inova\u00e7\u00e3o\"}]},{\"@type\":\"WebSite\",\"@id\":\"https:\/\/fieam.org.br\/senai\/#website\",\"url\":\"https:\/\/fieam.org.br\/senai\/\",\"name\":\"SENAI\",\"description\":\"Site Oficial!\",\"publisher\":{\"@id\":\"https:\/\/fieam.org.br\/senai\/#organization\"},\"potentialAction\":[{\"@type\":\"SearchAction\",\"target\":{\"@type\":\"EntryPoint\",\"urlTemplate\":\"https:\/\/fieam.org.br\/senai\/?s={search_term_string}\"},\"query-input\":{\"@type\":\"PropertyValueSpecification\",\"valueRequired\":true,\"valueName\":\"search_term_string\"}}],\"inLanguage\":\"pt-BR\"},{\"@type\":\"Organization\",\"@id\":\"https:\/\/fieam.org.br\/senai\/#organization\",\"name\":\"SENAI\",\"url\":\"https:\/\/fieam.org.br\/senai\/\",\"logo\":{\"@type\":\"ImageObject\",\"inLanguage\":\"pt-BR\",\"@id\":\"https:\/\/fieam.org.br\/senai\/#\/schema\/logo\/image\/\",\"url\":\"https:\/\/fieam.org.br\/senai\/wp-content\/uploads\/sites\/16\/2024\/03\/cropped-fav.png\",\"contentUrl\":\"https:\/\/fieam.org.br\/senai\/wp-content\/uploads\/sites\/16\/2024\/03\/cropped-fav.png\",\"width\":592,\"height\":577,\"caption\":\"SENAI\"},\"image\":{\"@id\":\"https:\/\/fieam.org.br\/senai\/#\/schema\/logo\/image\/\"}}]}<\/script>\n<!-- \/ Yoast SEO plugin. -->","yoast_head_json":{"title":"Servi\u00e7os Tecnol\u00f3gicos e de Inova\u00e7\u00e3o - SENAI","robots":{"index":"index","follow":"follow","max-snippet":"max-snippet:-1","max-image-preview":"max-image-preview:large","max-video-preview":"max-video-preview:-1"},"canonical":"https:\/\/fieam.org.br\/senai\/servicos-tecnologicos-e-de-inovacao-4\/","og_locale":"pt_BR","og_type":"article","og_title":"Servi\u00e7os Tecnol\u00f3gicos e de Inova\u00e7\u00e3o - SENAI","og_description":"Servi\u00e7os Tecnol\u00f3gicos e de Inova\u00e7\u00e3o Servi\u00e7o Nacional de Aprendizagem Industrial Escola SENAI\u00a0 Dem\u00f3stenes Travessa \u00c1rea: Constru\u00e7\u00e3o Civil &nbsp; Assessoria e Consultoria em Processo Cer\u00e2mico e Concreto Controle Tecnol\u00f3gico de Concreto Ensaio de ac\u00fastica ru\u00eddo a\u00e9reo de fachada.nbr 15575 Ensaio de ac\u00fastica ru\u00eddo a\u00e9reo entre paredes.nbr 15575 Ensaio de ac\u00fastica ru\u00eddo a\u00e9reo entre pisos.nbr 15575 Ensaio [&hellip;]","og_url":"https:\/\/fieam.org.br\/senai\/servicos-tecnologicos-e-de-inovacao-4\/","og_site_name":"SENAI","article_modified_time":"2024-03-07T04:20:57+00:00","og_image":[{"url":"https:\/\/fieam.org.br\/senai\/wp-content\/uploads\/sites\/13\/2024\/02\/setas.png","type":"","width":"","height":""}],"twitter_card":"summary_large_image","twitter_misc":{"Est. tempo de leitura":"1 minuto"},"schema":{"@context":"https:\/\/schema.org","@graph":[{"@type":"WebPage","@id":"https:\/\/fieam.org.br\/senai\/servicos-tecnologicos-e-de-inovacao-4\/","url":"https:\/\/fieam.org.br\/senai\/servicos-tecnologicos-e-de-inovacao-4\/","name":"Servi\u00e7os Tecnol\u00f3gicos e de Inova\u00e7\u00e3o - SENAI","isPartOf":{"@id":"https:\/\/fieam.org.br\/senai\/#website"},"primaryImageOfPage":{"@id":"https:\/\/fieam.org.br\/senai\/servicos-tecnologicos-e-de-inovacao-4\/#primaryimage"},"image":{"@id":"https:\/\/fieam.org.br\/senai\/servicos-tecnologicos-e-de-inovacao-4\/#primaryimage"},"thumbnailUrl":"https:\/\/fieam.org.br\/senai\/wp-content\/uploads\/sites\/13\/2024\/02\/setas.png","datePublished":"2015-01-16T12:53:56+00:00","dateModified":"2024-03-07T04:20:57+00:00","breadcrumb":{"@id":"https:\/\/fieam.org.br\/senai\/servicos-tecnologicos-e-de-inovacao-4\/#breadcrumb"},"inLanguage":"pt-BR","potentialAction":[{"@type":"ReadAction","target":["https:\/\/fieam.org.br\/senai\/servicos-tecnologicos-e-de-inovacao-4\/"]}]},{"@type":"ImageObject","inLanguage":"pt-BR","@id":"https:\/\/fieam.org.br\/senai\/servicos-tecnologicos-e-de-inovacao-4\/#primaryimage","url":"https:\/\/fieam.org.br\/senai\/wp-content\/uploads\/sites\/13\/2024\/02\/setas.png","contentUrl":"https:\/\/fieam.org.br\/senai\/wp-content\/uploads\/sites\/13\/2024\/02\/setas.png"},{"@type":"BreadcrumbList","@id":"https:\/\/fieam.org.br\/senai\/servicos-tecnologicos-e-de-inovacao-4\/#breadcrumb","itemListElement":[{"@type":"ListItem","position":1,"name":"In\u00edcio","item":"https:\/\/fieam.org.br\/senai\/"},{"@type":"ListItem","position":2,"name":"Servi\u00e7os Tecnol\u00f3gicos e de Inova\u00e7\u00e3o"}]},{"@type":"WebSite","@id":"https:\/\/fieam.org.br\/senai\/#website","url":"https:\/\/fieam.org.br\/senai\/","name":"SENAI","description":"Site Oficial!","publisher":{"@id":"https:\/\/fieam.org.br\/senai\/#organization"},"potentialAction":[{"@type":"SearchAction","target":{"@type":"EntryPoint","urlTemplate":"https:\/\/fieam.org.br\/senai\/?s={search_term_string}"},"query-input":{"@type":"PropertyValueSpecification","valueRequired":true,"valueName":"search_term_string"}}],"inLanguage":"pt-BR"},{"@type":"Organization","@id":"https:\/\/fieam.org.br\/senai\/#organization","name":"SENAI","url":"https:\/\/fieam.org.br\/senai\/","logo":{"@type":"ImageObject","inLanguage":"pt-BR","@id":"https:\/\/fieam.org.br\/senai\/#\/schema\/logo\/image\/","url":"https:\/\/fieam.org.br\/senai\/wp-content\/uploads\/sites\/16\/2024\/03\/cropped-fav.png","contentUrl":"https:\/\/fieam.org.br\/senai\/wp-content\/uploads\/sites\/16\/2024\/03\/cropped-fav.png","width":592,"height":577,"caption":"SENAI"},"image":{"@id":"https:\/\/fieam.org.br\/senai\/#\/schema\/logo\/image\/"}}]}},"_links":{"self":[{"href":"https:\/\/fieam.org.br\/senai\/wp-json\/wp\/v2\/pages\/12233","targetHints":{"allow":["GET"]}}],"collection":[{"href":"https:\/\/fieam.org.br\/senai\/wp-json\/wp\/v2\/pages"}],"about":[{"href":"https:\/\/fieam.org.br\/senai\/wp-json\/wp\/v2\/types\/page"}],"author":[{"embeddable":true,"href":"https:\/\/fieam.org.br\/senai\/wp-json\/wp\/v2\/users\/1"}],"replies":[{"embeddable":true,"href":"https:\/\/fieam.org.br\/senai\/wp-json\/wp\/v2\/comments?post=12233"}],"version-history":[{"count":4,"href":"https:\/\/fieam.org.br\/senai\/wp-json\/wp\/v2\/pages\/12233\/revisions"}],"predecessor-version":[{"id":12535,"href":"https:\/\/fieam.org.br\/senai\/wp-json\/wp\/v2\/pages\/12233\/revisions\/12535"}],"wp:attachment":[{"href":"https:\/\/fieam.org.br\/senai\/wp-json\/wp\/v2\/media?parent=12233"}],"curies":[{"name":"wp","href":"https:\/\/api.w.org\/{rel}","templated":true}]}}