{"id":12232,"date":"2015-01-16T12:51:52","date_gmt":"2015-01-16T12:51:52","guid":{"rendered":"http:\/\/www.fieam.org.br\/site\/senai\/?page_id=4612"},"modified":"2015-01-16T12:51:52","modified_gmt":"2015-01-16T12:51:52","slug":"educacao-profissional-e-tecnologia-4","status":"publish","type":"page","link":"https:\/\/fieam.org.br\/senai\/educacao-profissional-e-tecnologia-4\/","title":{"rendered":"Educa\u00e7\u00e3o Profissional e Tecnologia"},"content":{"rendered":"<p><b>Os cursos na \u00e1rea de Educa\u00e7\u00e3o Profissional e Tecnologia s\u00e3o:<\/b><\/p>\n<table width=\"471\">\n<tbody>\n<tr>\n<td>Almoxarife de Obras<\/td>\n<\/tr>\n<tr>\n<td>Armador de Ferragens<\/td>\n<\/tr>\n<tr>\n<td>Assentador Cer\u00e2mico<\/td>\n<\/tr>\n<tr>\n<td>Assistente Administrativo na Constru\u00e7\u00e3o Civil<\/td>\n<\/tr>\n<tr>\n<td>Autocad 2D<\/td>\n<\/tr>\n<tr>\n<td>Cadista para Constru\u00e7\u00e3o Civil<\/td>\n<\/tr>\n<tr>\n<td>Carpiteiro de Obras<\/td>\n<\/tr>\n<tr>\n<td>Desenhista de Constru\u00e7\u00e3o Civil<\/td>\n<\/tr>\n<tr>\n<td>Desenhista de M\u00f3veis &#8211; PROMOB<\/td>\n<\/tr>\n<tr>\n<td>Eletricidade Aplicada a Constru\u00e7\u00e3o Civil<\/td>\n<\/tr>\n<tr>\n<td>Eletricista Instalador Predial de baixa tens\u00e3o<\/td>\n<\/tr>\n<tr>\n<td>Eletricista Instalador Residencial<\/td>\n<\/tr>\n<tr>\n<td>Instalador de Sistemas Eletr\u00f4nico de Seguran\u00e7a<\/td>\n<\/tr>\n<tr>\n<td>Instalador Hidr\u00e1ulico Predial<\/td>\n<\/tr>\n<tr>\n<td>Instalador Hidr\u00e1ulico Residencial<\/td>\n<\/tr>\n<tr>\n<td>Leitura e Interpreta\u00e7\u00e3o de Desenho da Constru\u00e7\u00e3o Civil<\/td>\n<\/tr>\n<tr>\n<td>Mantenedor de Edifica\u00e7\u00f5es<\/td>\n<\/tr>\n<tr>\n<td>Marceneiro de M\u00f3veis Planos<\/td>\n<\/tr>\n<tr>\n<td>Matem\u00e1tica Aplicada a Constru\u00e7\u00e3o Civil<\/td>\n<\/tr>\n<tr>\n<td>Mestre de Obras<\/td>\n<\/tr>\n<tr>\n<td>Montador de Andaimes &#8211; EaD<\/td>\n<\/tr>\n<tr>\n<td>Montador de Andaimes<\/td>\n<\/tr>\n<tr>\n<td>Montador de Estruturas em Concreto Armado Pr\u00e9- Fabricado<\/td>\n<\/tr>\n<tr>\n<td>Montador de M\u00f3veis<\/td>\n<\/tr>\n<tr>\n<td>Montador de Sistema de Constru\u00e7\u00e3o a Seco\u00a0\u00a0&#8211; EaD<\/td>\n<\/tr>\n<tr>\n<td>Operador de M\u00e1quina de Marcenaria<\/td>\n<\/tr>\n<tr>\n<td>Or\u00e7amento de Obras<\/td>\n<\/tr>\n<tr>\n<td>Pedreiro de Alvenaria<\/td>\n<\/tr>\n<tr>\n<td>Pedreiro de Edifica\u00e7\u00f5es<\/td>\n<\/tr>\n<tr>\n<td>Pedreiro de Revestimento em Argamassa<\/td>\n<\/tr>\n<tr>\n<td>Pintor de Obras<\/td>\n<\/tr>\n<tr>\n<td>Pintor Industrial<\/td>\n<\/tr>\n<tr>\n<td>Revit<\/td>\n<\/tr>\n<tr>\n<td>Sistema de Prote\u00e7\u00e3o contra Descarga Atmosferica<\/td>\n<\/tr>\n<tr>\n<td>T\u00e9cnicas para Instala\u00e7\u00e3o de Forro PVC<\/td>\n<\/tr>\n<tr>\n<td>T\u00e9cnico em Edifica\u00e7\u00f5es<\/td>\n<\/tr>\n<tr>\n<td>Tecnologia da Constru\u00e7\u00e3o a Seco (Gesso acartonado)<\/td>\n<\/tr>\n<\/tbody>\n<\/table>\n<p>&nbsp;<\/p>\n<p><strong>Escola SENAI\u00a0 Dem\u00f3stenes Travessa<\/strong><br \/>\n\u00c1rea: Constru\u00e7\u00e3o Civil.<br \/>\nAv. Rodrigo Ot\u00e1vio, 510 \u2013 Distrito Industrial<br \/>\nFone: (0xx92) 3614-5900 \/ 5901<br \/>\nE-mail: <a href=\"mailto:corem.esdt@am.senai.br\">corem.esdt@am.senai.br<\/a><\/p>\n","protected":false},"excerpt":{"rendered":"<p>Os cursos na \u00e1rea de Educa\u00e7\u00e3o Profissional e Tecnologia s\u00e3o: Almoxarife de Obras Armador de Ferragens Assentador Cer\u00e2mico Assistente Administrativo na Constru\u00e7\u00e3o Civil Autocad 2D Cadista para Constru\u00e7\u00e3o Civil Carpiteiro de Obras Desenhista de Constru\u00e7\u00e3o Civil Desenhista de M\u00f3veis &#8211; PROMOB Eletricidade Aplicada a Constru\u00e7\u00e3o Civil Eletricista Instalador Predial de baixa tens\u00e3o Eletricista Instalador Residencial [&hellip;]<\/p>\n","protected":false},"author":1,"featured_media":0,"parent":0,"menu_order":0,"comment_status":"open","ping_status":"open","template":"","meta":{"footnotes":""},"class_list":["post-12232","page","type-page","status-publish","hentry"],"yoast_head":"<!-- This site is optimized with the Yoast SEO plugin v26.8 - https:\/\/yoast.com\/product\/yoast-seo-wordpress\/ -->\n<title>Educa\u00e7\u00e3o Profissional e Tecnologia - SENAI<\/title>\n<meta name=\"robots\" content=\"index, follow, max-snippet:-1, max-image-preview:large, max-video-preview:-1\" \/>\n<link rel=\"canonical\" href=\"https:\/\/fieam.org.br\/senai\/educacao-profissional-e-tecnologia-4\/\" \/>\n<meta property=\"og:locale\" content=\"pt_BR\" \/>\n<meta property=\"og:type\" content=\"article\" \/>\n<meta property=\"og:title\" content=\"Educa\u00e7\u00e3o Profissional e Tecnologia - SENAI\" \/>\n<meta property=\"og:description\" content=\"Os cursos na \u00e1rea de Educa\u00e7\u00e3o Profissional e Tecnologia s\u00e3o: Almoxarife de Obras Armador de Ferragens Assentador Cer\u00e2mico Assistente Administrativo na Constru\u00e7\u00e3o Civil Autocad 2D Cadista para Constru\u00e7\u00e3o Civil Carpiteiro de Obras Desenhista de Constru\u00e7\u00e3o Civil Desenhista de M\u00f3veis &#8211; PROMOB Eletricidade Aplicada a Constru\u00e7\u00e3o Civil Eletricista Instalador Predial de baixa tens\u00e3o Eletricista Instalador Residencial [&hellip;]\" \/>\n<meta property=\"og:url\" content=\"https:\/\/fieam.org.br\/senai\/educacao-profissional-e-tecnologia-4\/\" \/>\n<meta property=\"og:site_name\" content=\"SENAI\" \/>\n<meta name=\"twitter:card\" content=\"summary_large_image\" \/>\n<meta name=\"twitter:label1\" content=\"Est. tempo de leitura\" \/>\n\t<meta name=\"twitter:data1\" content=\"1 minuto\" \/>\n<script type=\"application\/ld+json\" class=\"yoast-schema-graph\">{\"@context\":\"https:\/\/schema.org\",\"@graph\":[{\"@type\":\"WebPage\",\"@id\":\"https:\/\/fieam.org.br\/senai\/educacao-profissional-e-tecnologia-4\/\",\"url\":\"https:\/\/fieam.org.br\/senai\/educacao-profissional-e-tecnologia-4\/\",\"name\":\"Educa\u00e7\u00e3o Profissional e Tecnologia - SENAI\",\"isPartOf\":{\"@id\":\"https:\/\/fieam.org.br\/senai\/#website\"},\"datePublished\":\"2015-01-16T12:51:52+00:00\",\"breadcrumb\":{\"@id\":\"https:\/\/fieam.org.br\/senai\/educacao-profissional-e-tecnologia-4\/#breadcrumb\"},\"inLanguage\":\"pt-BR\",\"potentialAction\":[{\"@type\":\"ReadAction\",\"target\":[\"https:\/\/fieam.org.br\/senai\/educacao-profissional-e-tecnologia-4\/\"]}]},{\"@type\":\"BreadcrumbList\",\"@id\":\"https:\/\/fieam.org.br\/senai\/educacao-profissional-e-tecnologia-4\/#breadcrumb\",\"itemListElement\":[{\"@type\":\"ListItem\",\"position\":1,\"name\":\"In\u00edcio\",\"item\":\"https:\/\/fieam.org.br\/senai\/\"},{\"@type\":\"ListItem\",\"position\":2,\"name\":\"Educa\u00e7\u00e3o Profissional e Tecnologia\"}]},{\"@type\":\"WebSite\",\"@id\":\"https:\/\/fieam.org.br\/senai\/#website\",\"url\":\"https:\/\/fieam.org.br\/senai\/\",\"name\":\"SENAI\",\"description\":\"Site Oficial!\",\"publisher\":{\"@id\":\"https:\/\/fieam.org.br\/senai\/#organization\"},\"potentialAction\":[{\"@type\":\"SearchAction\",\"target\":{\"@type\":\"EntryPoint\",\"urlTemplate\":\"https:\/\/fieam.org.br\/senai\/?s={search_term_string}\"},\"query-input\":{\"@type\":\"PropertyValueSpecification\",\"valueRequired\":true,\"valueName\":\"search_term_string\"}}],\"inLanguage\":\"pt-BR\"},{\"@type\":\"Organization\",\"@id\":\"https:\/\/fieam.org.br\/senai\/#organization\",\"name\":\"SENAI\",\"url\":\"https:\/\/fieam.org.br\/senai\/\",\"logo\":{\"@type\":\"ImageObject\",\"inLanguage\":\"pt-BR\",\"@id\":\"https:\/\/fieam.org.br\/senai\/#\/schema\/logo\/image\/\",\"url\":\"https:\/\/fieam.org.br\/senai\/wp-content\/uploads\/sites\/16\/2024\/03\/cropped-fav.png\",\"contentUrl\":\"https:\/\/fieam.org.br\/senai\/wp-content\/uploads\/sites\/16\/2024\/03\/cropped-fav.png\",\"width\":592,\"height\":577,\"caption\":\"SENAI\"},\"image\":{\"@id\":\"https:\/\/fieam.org.br\/senai\/#\/schema\/logo\/image\/\"}}]}<\/script>\n<!-- \/ Yoast SEO plugin. -->","yoast_head_json":{"title":"Educa\u00e7\u00e3o Profissional e Tecnologia - SENAI","robots":{"index":"index","follow":"follow","max-snippet":"max-snippet:-1","max-image-preview":"max-image-preview:large","max-video-preview":"max-video-preview:-1"},"canonical":"https:\/\/fieam.org.br\/senai\/educacao-profissional-e-tecnologia-4\/","og_locale":"pt_BR","og_type":"article","og_title":"Educa\u00e7\u00e3o Profissional e Tecnologia - SENAI","og_description":"Os cursos na \u00e1rea de Educa\u00e7\u00e3o Profissional e Tecnologia s\u00e3o: Almoxarife de Obras Armador de Ferragens Assentador Cer\u00e2mico Assistente Administrativo na Constru\u00e7\u00e3o Civil Autocad 2D Cadista para Constru\u00e7\u00e3o Civil Carpiteiro de Obras Desenhista de Constru\u00e7\u00e3o Civil Desenhista de M\u00f3veis &#8211; PROMOB Eletricidade Aplicada a Constru\u00e7\u00e3o Civil Eletricista Instalador Predial de baixa tens\u00e3o Eletricista Instalador Residencial [&hellip;]","og_url":"https:\/\/fieam.org.br\/senai\/educacao-profissional-e-tecnologia-4\/","og_site_name":"SENAI","twitter_card":"summary_large_image","twitter_misc":{"Est. tempo de leitura":"1 minuto"},"schema":{"@context":"https:\/\/schema.org","@graph":[{"@type":"WebPage","@id":"https:\/\/fieam.org.br\/senai\/educacao-profissional-e-tecnologia-4\/","url":"https:\/\/fieam.org.br\/senai\/educacao-profissional-e-tecnologia-4\/","name":"Educa\u00e7\u00e3o Profissional e Tecnologia - SENAI","isPartOf":{"@id":"https:\/\/fieam.org.br\/senai\/#website"},"datePublished":"2015-01-16T12:51:52+00:00","breadcrumb":{"@id":"https:\/\/fieam.org.br\/senai\/educacao-profissional-e-tecnologia-4\/#breadcrumb"},"inLanguage":"pt-BR","potentialAction":[{"@type":"ReadAction","target":["https:\/\/fieam.org.br\/senai\/educacao-profissional-e-tecnologia-4\/"]}]},{"@type":"BreadcrumbList","@id":"https:\/\/fieam.org.br\/senai\/educacao-profissional-e-tecnologia-4\/#breadcrumb","itemListElement":[{"@type":"ListItem","position":1,"name":"In\u00edcio","item":"https:\/\/fieam.org.br\/senai\/"},{"@type":"ListItem","position":2,"name":"Educa\u00e7\u00e3o Profissional e Tecnologia"}]},{"@type":"WebSite","@id":"https:\/\/fieam.org.br\/senai\/#website","url":"https:\/\/fieam.org.br\/senai\/","name":"SENAI","description":"Site Oficial!","publisher":{"@id":"https:\/\/fieam.org.br\/senai\/#organization"},"potentialAction":[{"@type":"SearchAction","target":{"@type":"EntryPoint","urlTemplate":"https:\/\/fieam.org.br\/senai\/?s={search_term_string}"},"query-input":{"@type":"PropertyValueSpecification","valueRequired":true,"valueName":"search_term_string"}}],"inLanguage":"pt-BR"},{"@type":"Organization","@id":"https:\/\/fieam.org.br\/senai\/#organization","name":"SENAI","url":"https:\/\/fieam.org.br\/senai\/","logo":{"@type":"ImageObject","inLanguage":"pt-BR","@id":"https:\/\/fieam.org.br\/senai\/#\/schema\/logo\/image\/","url":"https:\/\/fieam.org.br\/senai\/wp-content\/uploads\/sites\/16\/2024\/03\/cropped-fav.png","contentUrl":"https:\/\/fieam.org.br\/senai\/wp-content\/uploads\/sites\/16\/2024\/03\/cropped-fav.png","width":592,"height":577,"caption":"SENAI"},"image":{"@id":"https:\/\/fieam.org.br\/senai\/#\/schema\/logo\/image\/"}}]}},"_links":{"self":[{"href":"https:\/\/fieam.org.br\/senai\/wp-json\/wp\/v2\/pages\/12232","targetHints":{"allow":["GET"]}}],"collection":[{"href":"https:\/\/fieam.org.br\/senai\/wp-json\/wp\/v2\/pages"}],"about":[{"href":"https:\/\/fieam.org.br\/senai\/wp-json\/wp\/v2\/types\/page"}],"author":[{"embeddable":true,"href":"https:\/\/fieam.org.br\/senai\/wp-json\/wp\/v2\/users\/1"}],"replies":[{"embeddable":true,"href":"https:\/\/fieam.org.br\/senai\/wp-json\/wp\/v2\/comments?post=12232"}],"version-history":[{"count":0,"href":"https:\/\/fieam.org.br\/senai\/wp-json\/wp\/v2\/pages\/12232\/revisions"}],"wp:attachment":[{"href":"https:\/\/fieam.org.br\/senai\/wp-json\/wp\/v2\/media?parent=12232"}],"curies":[{"name":"wp","href":"https:\/\/api.w.org\/{rel}","templated":true}]}}