{"id":12225,"date":"2013-10-07T19:23:53","date_gmt":"2013-10-07T19:23:53","guid":{"rendered":"http:\/\/www.fieam.org.br\/site\/senai\/?page_id=3001"},"modified":"2026-04-28T14:13:48","modified_gmt":"2026-04-28T14:13:48","slug":"senai-ead","status":"publish","type":"page","link":"https:\/\/fieam.org.br\/senai\/senai-ead\/","title":{"rendered":"SENAI EAD"},"content":{"rendered":"<p><meta http-equiv=\"refresh\" content=\"0; url=https:\/\/www.futuro.digital\"><\/p>\n<style>\/*! elementor - v3.19.0 - 28-02-2024 *\/<br \/>.elementor-widget-image{text-align:center}.elementor-widget-image a{display:inline-block}.elementor-widget-image a img[src$=\".svg\"]{width:48px}.elementor-widget-image img{vertical-align:middle;display:inline-block}<\/style>\n<p><img decoding=\"async\" src=\"https:\/\/fieam.org.br\/senai\/wp-content\/uploads\/sites\/13\/2024\/02\/setas.png\" alt=\"\" width=\"45\" height=\"38\" \/><\/p>\n<style>\/*! elementor - v3.19.0 - 28-02-2024 *\/<br \/>.elementor-heading-title{padding:0;margin:0;line-height:1}.elementor-widget-heading .elementor-heading-title[class*=elementor-size-]>a{color:inherit;font-size:inherit;line-height:inherit}.elementor-widget-heading .elementor-heading-title.elementor-size-small{font-size:15px}.elementor-widget-heading .elementor-heading-title.elementor-size-medium{font-size:19px}.elementor-widget-heading .elementor-heading-title.elementor-size-large{font-size:29px}.elementor-widget-heading .elementor-heading-title.elementor-size-xl{font-size:39px}.elementor-widget-heading .elementor-heading-title.elementor-size-xxl{font-size:59px}<\/style>\n<h2>EAD<\/h2>\n<p>Servi\u00e7o Nacional de Aprendizagem Industrial<br \/>\n<img fetchpriority=\"high\" decoding=\"async\" src=\"https:\/\/fieam.org.br\/senai\/wp-content\/uploads\/sites\/13\/2024\/03\/flyer-ead-senai-722x1024-1.jpeg\" sizes=\"(max-width: 722px) 100vw, 722px\" srcset=\"https:\/\/fieam.org.br\/senai\/wp-content\/uploads\/sites\/13\/2024\/03\/flyer-ead-senai-722x1024-1.jpeg 722w, https:\/\/fieam.org.br\/senai\/wp-content\/uploads\/sites\/13\/2024\/03\/flyer-ead-senai-722x1024-1-212x300.jpeg 212w\" alt=\"\" width=\"722\" height=\"1024\" \/><\/p>\n<p><strong>Coordena\u00e7\u00e3o do N\u00facleo de Educa\u00e7\u00e3o a Dist\u00e2ncia<\/strong><\/p>\n<p>E-mail: <a href=\"ead@am.senai.br\">ead@am.senai.br<\/a> e <a href=\"faleconosco@fieam.org.br\">faleconosco@fieam.org.br<\/a><\/p>\n<p>Central de Matr\u00edculas: Telefone: (92) 3182 \u2013 9975\/9976\/9977<\/p>\n<p>[unitegallery senaiead]<\/p>\n","protected":false},"excerpt":{"rendered":"<p>EAD Servi\u00e7o Nacional de Aprendizagem Industrial Coordena\u00e7\u00e3o do N\u00facleo de Educa\u00e7\u00e3o a Dist\u00e2ncia E-mail: ead@am.senai.br e faleconosco@fieam.org.br Central de Matr\u00edculas: Telefone: (92) 3182 \u2013 9975\/9976\/9977 [unitegallery senaiead]<\/p>\n","protected":false},"author":1,"featured_media":0,"parent":0,"menu_order":0,"comment_status":"closed","ping_status":"open","template":"","meta":{"footnotes":""},"class_list":["post-12225","page","type-page","status-publish","hentry"],"yoast_head":"<!-- This site is optimized with the Yoast SEO plugin v26.8 - https:\/\/yoast.com\/product\/yoast-seo-wordpress\/ -->\n<title>SENAI EAD - SENAI<\/title>\n<meta name=\"robots\" content=\"index, follow, max-snippet:-1, max-image-preview:large, max-video-preview:-1\" \/>\n<link rel=\"canonical\" href=\"https:\/\/fieam.org.br\/senai\/senai-ead\/\" \/>\n<meta property=\"og:locale\" content=\"pt_BR\" \/>\n<meta property=\"og:type\" content=\"article\" \/>\n<meta property=\"og:title\" content=\"SENAI EAD - SENAI\" \/>\n<meta property=\"og:description\" content=\"EAD Servi\u00e7o Nacional de Aprendizagem Industrial Coordena\u00e7\u00e3o do N\u00facleo de Educa\u00e7\u00e3o a Dist\u00e2ncia E-mail: ead@am.senai.br e faleconosco@fieam.org.br Central de Matr\u00edculas: Telefone: (92) 3182 \u2013 9975\/9976\/9977 [unitegallery senaiead]\" \/>\n<meta property=\"og:url\" content=\"https:\/\/fieam.org.br\/senai\/senai-ead\/\" \/>\n<meta property=\"og:site_name\" content=\"SENAI\" \/>\n<meta property=\"article:modified_time\" content=\"2026-04-28T14:13:48+00:00\" \/>\n<meta property=\"og:image\" content=\"https:\/\/fieam.org.br\/senai\/wp-content\/uploads\/sites\/13\/2024\/02\/setas.png\" \/>\n<meta name=\"twitter:card\" content=\"summary_large_image\" \/>\n<meta name=\"twitter:label1\" content=\"Est. tempo de leitura\" \/>\n\t<meta name=\"twitter:data1\" content=\"1 minuto\" \/>\n<script type=\"application\/ld+json\" class=\"yoast-schema-graph\">{\"@context\":\"https:\/\/schema.org\",\"@graph\":[{\"@type\":\"WebPage\",\"@id\":\"https:\/\/fieam.org.br\/senai\/senai-ead\/\",\"url\":\"https:\/\/fieam.org.br\/senai\/senai-ead\/\",\"name\":\"SENAI EAD - SENAI\",\"isPartOf\":{\"@id\":\"https:\/\/fieam.org.br\/senai\/#website\"},\"primaryImageOfPage\":{\"@id\":\"https:\/\/fieam.org.br\/senai\/senai-ead\/#primaryimage\"},\"image\":{\"@id\":\"https:\/\/fieam.org.br\/senai\/senai-ead\/#primaryimage\"},\"thumbnailUrl\":\"https:\/\/fieam.org.br\/senai\/wp-content\/uploads\/sites\/13\/2024\/02\/setas.png\",\"datePublished\":\"2013-10-07T19:23:53+00:00\",\"dateModified\":\"2026-04-28T14:13:48+00:00\",\"breadcrumb\":{\"@id\":\"https:\/\/fieam.org.br\/senai\/senai-ead\/#breadcrumb\"},\"inLanguage\":\"pt-BR\",\"potentialAction\":[{\"@type\":\"ReadAction\",\"target\":[\"https:\/\/fieam.org.br\/senai\/senai-ead\/\"]}]},{\"@type\":\"ImageObject\",\"inLanguage\":\"pt-BR\",\"@id\":\"https:\/\/fieam.org.br\/senai\/senai-ead\/#primaryimage\",\"url\":\"https:\/\/fieam.org.br\/senai\/wp-content\/uploads\/sites\/13\/2024\/02\/setas.png\",\"contentUrl\":\"https:\/\/fieam.org.br\/senai\/wp-content\/uploads\/sites\/13\/2024\/02\/setas.png\"},{\"@type\":\"BreadcrumbList\",\"@id\":\"https:\/\/fieam.org.br\/senai\/senai-ead\/#breadcrumb\",\"itemListElement\":[{\"@type\":\"ListItem\",\"position\":1,\"name\":\"In\u00edcio\",\"item\":\"https:\/\/fieam.org.br\/senai\/\"},{\"@type\":\"ListItem\",\"position\":2,\"name\":\"SENAI EAD\"}]},{\"@type\":\"WebSite\",\"@id\":\"https:\/\/fieam.org.br\/senai\/#website\",\"url\":\"https:\/\/fieam.org.br\/senai\/\",\"name\":\"SENAI\",\"description\":\"Site Oficial!\",\"publisher\":{\"@id\":\"https:\/\/fieam.org.br\/senai\/#organization\"},\"potentialAction\":[{\"@type\":\"SearchAction\",\"target\":{\"@type\":\"EntryPoint\",\"urlTemplate\":\"https:\/\/fieam.org.br\/senai\/?s={search_term_string}\"},\"query-input\":{\"@type\":\"PropertyValueSpecification\",\"valueRequired\":true,\"valueName\":\"search_term_string\"}}],\"inLanguage\":\"pt-BR\"},{\"@type\":\"Organization\",\"@id\":\"https:\/\/fieam.org.br\/senai\/#organization\",\"name\":\"SENAI\",\"url\":\"https:\/\/fieam.org.br\/senai\/\",\"logo\":{\"@type\":\"ImageObject\",\"inLanguage\":\"pt-BR\",\"@id\":\"https:\/\/fieam.org.br\/senai\/#\/schema\/logo\/image\/\",\"url\":\"https:\/\/fieam.org.br\/senai\/wp-content\/uploads\/sites\/16\/2024\/03\/cropped-fav.png\",\"contentUrl\":\"https:\/\/fieam.org.br\/senai\/wp-content\/uploads\/sites\/16\/2024\/03\/cropped-fav.png\",\"width\":592,\"height\":577,\"caption\":\"SENAI\"},\"image\":{\"@id\":\"https:\/\/fieam.org.br\/senai\/#\/schema\/logo\/image\/\"}}]}<\/script>\n<!-- \/ Yoast SEO plugin. -->","yoast_head_json":{"title":"SENAI EAD - SENAI","robots":{"index":"index","follow":"follow","max-snippet":"max-snippet:-1","max-image-preview":"max-image-preview:large","max-video-preview":"max-video-preview:-1"},"canonical":"https:\/\/fieam.org.br\/senai\/senai-ead\/","og_locale":"pt_BR","og_type":"article","og_title":"SENAI EAD - SENAI","og_description":"EAD Servi\u00e7o Nacional de Aprendizagem Industrial Coordena\u00e7\u00e3o do N\u00facleo de Educa\u00e7\u00e3o a Dist\u00e2ncia E-mail: ead@am.senai.br e faleconosco@fieam.org.br Central de Matr\u00edculas: Telefone: (92) 3182 \u2013 9975\/9976\/9977 [unitegallery senaiead]","og_url":"https:\/\/fieam.org.br\/senai\/senai-ead\/","og_site_name":"SENAI","article_modified_time":"2026-04-28T14:13:48+00:00","og_image":[{"url":"https:\/\/fieam.org.br\/senai\/wp-content\/uploads\/sites\/13\/2024\/02\/setas.png","type":"","width":"","height":""}],"twitter_card":"summary_large_image","twitter_misc":{"Est. tempo de leitura":"1 minuto"},"schema":{"@context":"https:\/\/schema.org","@graph":[{"@type":"WebPage","@id":"https:\/\/fieam.org.br\/senai\/senai-ead\/","url":"https:\/\/fieam.org.br\/senai\/senai-ead\/","name":"SENAI EAD - SENAI","isPartOf":{"@id":"https:\/\/fieam.org.br\/senai\/#website"},"primaryImageOfPage":{"@id":"https:\/\/fieam.org.br\/senai\/senai-ead\/#primaryimage"},"image":{"@id":"https:\/\/fieam.org.br\/senai\/senai-ead\/#primaryimage"},"thumbnailUrl":"https:\/\/fieam.org.br\/senai\/wp-content\/uploads\/sites\/13\/2024\/02\/setas.png","datePublished":"2013-10-07T19:23:53+00:00","dateModified":"2026-04-28T14:13:48+00:00","breadcrumb":{"@id":"https:\/\/fieam.org.br\/senai\/senai-ead\/#breadcrumb"},"inLanguage":"pt-BR","potentialAction":[{"@type":"ReadAction","target":["https:\/\/fieam.org.br\/senai\/senai-ead\/"]}]},{"@type":"ImageObject","inLanguage":"pt-BR","@id":"https:\/\/fieam.org.br\/senai\/senai-ead\/#primaryimage","url":"https:\/\/fieam.org.br\/senai\/wp-content\/uploads\/sites\/13\/2024\/02\/setas.png","contentUrl":"https:\/\/fieam.org.br\/senai\/wp-content\/uploads\/sites\/13\/2024\/02\/setas.png"},{"@type":"BreadcrumbList","@id":"https:\/\/fieam.org.br\/senai\/senai-ead\/#breadcrumb","itemListElement":[{"@type":"ListItem","position":1,"name":"In\u00edcio","item":"https:\/\/fieam.org.br\/senai\/"},{"@type":"ListItem","position":2,"name":"SENAI EAD"}]},{"@type":"WebSite","@id":"https:\/\/fieam.org.br\/senai\/#website","url":"https:\/\/fieam.org.br\/senai\/","name":"SENAI","description":"Site Oficial!","publisher":{"@id":"https:\/\/fieam.org.br\/senai\/#organization"},"potentialAction":[{"@type":"SearchAction","target":{"@type":"EntryPoint","urlTemplate":"https:\/\/fieam.org.br\/senai\/?s={search_term_string}"},"query-input":{"@type":"PropertyValueSpecification","valueRequired":true,"valueName":"search_term_string"}}],"inLanguage":"pt-BR"},{"@type":"Organization","@id":"https:\/\/fieam.org.br\/senai\/#organization","name":"SENAI","url":"https:\/\/fieam.org.br\/senai\/","logo":{"@type":"ImageObject","inLanguage":"pt-BR","@id":"https:\/\/fieam.org.br\/senai\/#\/schema\/logo\/image\/","url":"https:\/\/fieam.org.br\/senai\/wp-content\/uploads\/sites\/16\/2024\/03\/cropped-fav.png","contentUrl":"https:\/\/fieam.org.br\/senai\/wp-content\/uploads\/sites\/16\/2024\/03\/cropped-fav.png","width":592,"height":577,"caption":"SENAI"},"image":{"@id":"https:\/\/fieam.org.br\/senai\/#\/schema\/logo\/image\/"}}]}},"_links":{"self":[{"href":"https:\/\/fieam.org.br\/senai\/wp-json\/wp\/v2\/pages\/12225","targetHints":{"allow":["GET"]}}],"collection":[{"href":"https:\/\/fieam.org.br\/senai\/wp-json\/wp\/v2\/pages"}],"about":[{"href":"https:\/\/fieam.org.br\/senai\/wp-json\/wp\/v2\/types\/page"}],"author":[{"embeddable":true,"href":"https:\/\/fieam.org.br\/senai\/wp-json\/wp\/v2\/users\/1"}],"replies":[{"embeddable":true,"href":"https:\/\/fieam.org.br\/senai\/wp-json\/wp\/v2\/comments?post=12225"}],"version-history":[{"count":15,"href":"https:\/\/fieam.org.br\/senai\/wp-json\/wp\/v2\/pages\/12225\/revisions"}],"predecessor-version":[{"id":14829,"href":"https:\/\/fieam.org.br\/senai\/wp-json\/wp\/v2\/pages\/12225\/revisions\/14829"}],"wp:attachment":[{"href":"https:\/\/fieam.org.br\/senai\/wp-json\/wp\/v2\/media?parent=12225"}],"curies":[{"name":"wp","href":"https:\/\/api.w.org\/{rel}","templated":true}]}}