{"id":12213,"date":"2010-11-13T08:31:01","date_gmt":"2010-11-13T08:31:01","guid":{"rendered":"http:\/\/www.fieam.org.br\/site\/senai\/"},"modified":"2010-11-13T08:31:01","modified_gmt":"2010-11-13T08:31:01","slug":"escola-senai-demostenes-travessa-aperfeicoamento","status":"publish","type":"page","link":"https:\/\/fieam.org.br\/senai\/escola-senai-demostenes-travessa-aperfeicoamento\/","title":{"rendered":"Escola SENAI Dem\u00f3stenes Travessa &#8211; Aperfei\u00e7oamento"},"content":{"rendered":"<p><b>Assentador Cer\u00e2mico (40h) \u2013<\/b> Prepara profissionais no desenvolvimento de trabalhos, ponto de refer\u00eancia e execu\u00e7\u00e3o de revestimentos em parede, pavimentos, muros e outras partes de edifica\u00e7\u00f5es, polimento e lustra\u00e7\u00e3o de revestimentos.<\/p>\n<p><b>&#8211; Pr\u00e9-requisitos:<\/b> A partir do 6\u00ba ano do Ensino Fundamental e o curso de Pedreiro ou ser profissional da \u00e1rea.<\/p>\n<p>&nbsp;<\/p>\n<p><b>AutoCAD (50h) \u2013<\/b> Prepara os profissionais na representa\u00e7\u00e3o graficamente de projetos de constru\u00e7\u00e3o de edifica\u00e7\u00f5es por meio de t\u00e9cnicas, processos, normas e procedimentos, de acordo com os padr\u00f5es de qualidade exigidos.<\/p>\n<p><b>&#8211; Pr\u00e9-requisitos:<\/b> A partir do 8\u00ba ano do Ensino Fundamental e curso de Inform\u00e1tica B\u00e1sica.<\/p>\n<p>&nbsp;<\/p>\n<p><b>Montador de Alvenaria em Bloco Estrutural (42h) \u2013<\/b> Prepara os profissionais na realiza\u00e7\u00e3o de processos construtivos em alvenaria estrutural com seguran\u00e7a, qualidade e economia, de acordo com as especifica\u00e7\u00f5es, normas e os prazos estabelecidos em projeto.<\/p>\n<p><b>&#8211; Pr\u00e9-requisitos:<\/b> A partir do 6\u00ba ano do Ensino Fundamental e o curso de Pedreiro ou ser profissional da \u00e1rea.<\/p>\n<p>&nbsp;<\/p>\n<p><b>NR 35 \u2013 Trabalho em Altura (16h) \u2013<\/b> Prepara os profissionais com compet\u00eancias relativas ao desempenho das fun\u00e7\u00f5es de altura superiores a dois metros, de acordo com as normas t\u00e9cnicas de sa\u00fade e seguran\u00e7a do trabalho, baseado na portaria SIT n\u00ba 313 de 23 de mar\u00e7o de 2012.<\/p>\n<p><b>&#8211; Pr\u00e9-requisitos:<\/b> A partir do 6\u00ba ano do Ensino Fundamental e o curso de Pedreiro ou ser profissional da \u00e1rea e apresenta\u00e7\u00e3o do Atestado de Sa\u00fade Ocupacional (ASO).<\/p>\n<p>&nbsp;<\/p>\n<p><b>REVIT (50h) \u2013<\/b> Prepara os profissionais no \u00e2mbito dos conhecimentos t\u00e9cnicos e pr\u00e1ticos para atuar no mercado de trabalho por meio de desenhos orientados pelo computador (REVIT <i>Architecture<\/i>).<\/p>\n<p><b>&#8211; Pr\u00e9-requisitos:<\/b> A partir do 8\u00ba ano do Ensino Fundamental e o curso de AutoCAD.<\/p>\n<p>&nbsp;<\/p>\n<p><b>Tecnologia da Constru\u00e7\u00e3o a Seco \u2013 Gesso Acartonado (60h) \u2013<\/b> Prepara os profissionais na fabrica\u00e7\u00e3o de placas e pe\u00e7as, revestimento e rebaixamento de tetos com placas de gesso, decora\u00e7\u00e3o e montagens de paredes divis\u00f3rias com blocos e pain\u00e9is de gesso.<\/p>\n<p><b>&#8211; Pr\u00e9-requisitos:<\/b> A partir do 6\u00ba ano do Ensino Fundamental e o curso de Metrologia Aplicada \u00e0 Constru\u00e7\u00e3o Civil.<\/p>\n<p>&nbsp;<\/p>\n<p><b>Observa\u00e7\u00e3o:<\/b> Exceto para o curso AutoCAD e REVIT, os participantes dos demais cursos devem ter a partir de 18 anos.<\/p>\n","protected":false},"excerpt":{"rendered":"<p>Assentador Cer\u00e2mico (40h) \u2013 Prepara profissionais no desenvolvimento de trabalhos, ponto de refer\u00eancia e execu\u00e7\u00e3o de revestimentos em parede, pavimentos, muros e outras partes de edifica\u00e7\u00f5es, polimento e lustra\u00e7\u00e3o de revestimentos. &#8211; Pr\u00e9-requisitos: A partir do 6\u00ba ano do Ensino Fundamental e o curso de Pedreiro ou ser profissional da \u00e1rea. &nbsp; AutoCAD (50h) \u2013 [&hellip;]<\/p>\n","protected":false},"author":1,"featured_media":0,"parent":0,"menu_order":0,"comment_status":"closed","ping_status":"closed","template":"","meta":{"footnotes":""},"class_list":["post-12213","page","type-page","status-publish","hentry"],"yoast_head":"<!-- This site is optimized with the Yoast SEO plugin v26.8 - https:\/\/yoast.com\/product\/yoast-seo-wordpress\/ -->\n<title>Escola SENAI Dem\u00f3stenes Travessa - Aperfei\u00e7oamento - SENAI<\/title>\n<meta name=\"robots\" content=\"index, follow, max-snippet:-1, max-image-preview:large, max-video-preview:-1\" \/>\n<link rel=\"canonical\" href=\"https:\/\/fieam.org.br\/senai\/escola-senai-demostenes-travessa-aperfeicoamento\/\" \/>\n<meta property=\"og:locale\" content=\"pt_BR\" \/>\n<meta property=\"og:type\" content=\"article\" \/>\n<meta property=\"og:title\" content=\"Escola SENAI Dem\u00f3stenes Travessa - Aperfei\u00e7oamento - SENAI\" \/>\n<meta property=\"og:description\" content=\"Assentador Cer\u00e2mico (40h) \u2013 Prepara profissionais no desenvolvimento de trabalhos, ponto de refer\u00eancia e execu\u00e7\u00e3o de revestimentos em parede, pavimentos, muros e outras partes de edifica\u00e7\u00f5es, polimento e lustra\u00e7\u00e3o de revestimentos. &#8211; Pr\u00e9-requisitos: A partir do 6\u00ba ano do Ensino Fundamental e o curso de Pedreiro ou ser profissional da \u00e1rea. &nbsp; AutoCAD (50h) \u2013 [&hellip;]\" \/>\n<meta property=\"og:url\" content=\"https:\/\/fieam.org.br\/senai\/escola-senai-demostenes-travessa-aperfeicoamento\/\" \/>\n<meta property=\"og:site_name\" content=\"SENAI\" \/>\n<meta name=\"twitter:card\" content=\"summary_large_image\" \/>\n<meta name=\"twitter:label1\" content=\"Est. tempo de leitura\" \/>\n\t<meta name=\"twitter:data1\" content=\"2 minutos\" \/>\n<script type=\"application\/ld+json\" class=\"yoast-schema-graph\">{\"@context\":\"https:\/\/schema.org\",\"@graph\":[{\"@type\":\"WebPage\",\"@id\":\"https:\/\/fieam.org.br\/senai\/escola-senai-demostenes-travessa-aperfeicoamento\/\",\"url\":\"https:\/\/fieam.org.br\/senai\/escola-senai-demostenes-travessa-aperfeicoamento\/\",\"name\":\"Escola SENAI Dem\u00f3stenes Travessa - Aperfei\u00e7oamento - SENAI\",\"isPartOf\":{\"@id\":\"https:\/\/fieam.org.br\/senai\/#website\"},\"datePublished\":\"2010-11-13T08:31:01+00:00\",\"breadcrumb\":{\"@id\":\"https:\/\/fieam.org.br\/senai\/escola-senai-demostenes-travessa-aperfeicoamento\/#breadcrumb\"},\"inLanguage\":\"pt-BR\",\"potentialAction\":[{\"@type\":\"ReadAction\",\"target\":[\"https:\/\/fieam.org.br\/senai\/escola-senai-demostenes-travessa-aperfeicoamento\/\"]}]},{\"@type\":\"BreadcrumbList\",\"@id\":\"https:\/\/fieam.org.br\/senai\/escola-senai-demostenes-travessa-aperfeicoamento\/#breadcrumb\",\"itemListElement\":[{\"@type\":\"ListItem\",\"position\":1,\"name\":\"In\u00edcio\",\"item\":\"https:\/\/fieam.org.br\/senai\/\"},{\"@type\":\"ListItem\",\"position\":2,\"name\":\"Escola SENAI Dem\u00f3stenes Travessa &#8211; Aperfei\u00e7oamento\"}]},{\"@type\":\"WebSite\",\"@id\":\"https:\/\/fieam.org.br\/senai\/#website\",\"url\":\"https:\/\/fieam.org.br\/senai\/\",\"name\":\"SENAI\",\"description\":\"Site Oficial!\",\"publisher\":{\"@id\":\"https:\/\/fieam.org.br\/senai\/#organization\"},\"potentialAction\":[{\"@type\":\"SearchAction\",\"target\":{\"@type\":\"EntryPoint\",\"urlTemplate\":\"https:\/\/fieam.org.br\/senai\/?s={search_term_string}\"},\"query-input\":{\"@type\":\"PropertyValueSpecification\",\"valueRequired\":true,\"valueName\":\"search_term_string\"}}],\"inLanguage\":\"pt-BR\"},{\"@type\":\"Organization\",\"@id\":\"https:\/\/fieam.org.br\/senai\/#organization\",\"name\":\"SENAI\",\"url\":\"https:\/\/fieam.org.br\/senai\/\",\"logo\":{\"@type\":\"ImageObject\",\"inLanguage\":\"pt-BR\",\"@id\":\"https:\/\/fieam.org.br\/senai\/#\/schema\/logo\/image\/\",\"url\":\"https:\/\/fieam.org.br\/senai\/wp-content\/uploads\/sites\/16\/2024\/03\/cropped-fav.png\",\"contentUrl\":\"https:\/\/fieam.org.br\/senai\/wp-content\/uploads\/sites\/16\/2024\/03\/cropped-fav.png\",\"width\":592,\"height\":577,\"caption\":\"SENAI\"},\"image\":{\"@id\":\"https:\/\/fieam.org.br\/senai\/#\/schema\/logo\/image\/\"}}]}<\/script>\n<!-- \/ Yoast SEO plugin. -->","yoast_head_json":{"title":"Escola SENAI Dem\u00f3stenes Travessa - Aperfei\u00e7oamento - SENAI","robots":{"index":"index","follow":"follow","max-snippet":"max-snippet:-1","max-image-preview":"max-image-preview:large","max-video-preview":"max-video-preview:-1"},"canonical":"https:\/\/fieam.org.br\/senai\/escola-senai-demostenes-travessa-aperfeicoamento\/","og_locale":"pt_BR","og_type":"article","og_title":"Escola SENAI Dem\u00f3stenes Travessa - Aperfei\u00e7oamento - SENAI","og_description":"Assentador Cer\u00e2mico (40h) \u2013 Prepara profissionais no desenvolvimento de trabalhos, ponto de refer\u00eancia e execu\u00e7\u00e3o de revestimentos em parede, pavimentos, muros e outras partes de edifica\u00e7\u00f5es, polimento e lustra\u00e7\u00e3o de revestimentos. &#8211; Pr\u00e9-requisitos: A partir do 6\u00ba ano do Ensino Fundamental e o curso de Pedreiro ou ser profissional da \u00e1rea. &nbsp; AutoCAD (50h) \u2013 [&hellip;]","og_url":"https:\/\/fieam.org.br\/senai\/escola-senai-demostenes-travessa-aperfeicoamento\/","og_site_name":"SENAI","twitter_card":"summary_large_image","twitter_misc":{"Est. tempo de leitura":"2 minutos"},"schema":{"@context":"https:\/\/schema.org","@graph":[{"@type":"WebPage","@id":"https:\/\/fieam.org.br\/senai\/escola-senai-demostenes-travessa-aperfeicoamento\/","url":"https:\/\/fieam.org.br\/senai\/escola-senai-demostenes-travessa-aperfeicoamento\/","name":"Escola SENAI Dem\u00f3stenes Travessa - Aperfei\u00e7oamento - SENAI","isPartOf":{"@id":"https:\/\/fieam.org.br\/senai\/#website"},"datePublished":"2010-11-13T08:31:01+00:00","breadcrumb":{"@id":"https:\/\/fieam.org.br\/senai\/escola-senai-demostenes-travessa-aperfeicoamento\/#breadcrumb"},"inLanguage":"pt-BR","potentialAction":[{"@type":"ReadAction","target":["https:\/\/fieam.org.br\/senai\/escola-senai-demostenes-travessa-aperfeicoamento\/"]}]},{"@type":"BreadcrumbList","@id":"https:\/\/fieam.org.br\/senai\/escola-senai-demostenes-travessa-aperfeicoamento\/#breadcrumb","itemListElement":[{"@type":"ListItem","position":1,"name":"In\u00edcio","item":"https:\/\/fieam.org.br\/senai\/"},{"@type":"ListItem","position":2,"name":"Escola SENAI Dem\u00f3stenes Travessa &#8211; Aperfei\u00e7oamento"}]},{"@type":"WebSite","@id":"https:\/\/fieam.org.br\/senai\/#website","url":"https:\/\/fieam.org.br\/senai\/","name":"SENAI","description":"Site Oficial!","publisher":{"@id":"https:\/\/fieam.org.br\/senai\/#organization"},"potentialAction":[{"@type":"SearchAction","target":{"@type":"EntryPoint","urlTemplate":"https:\/\/fieam.org.br\/senai\/?s={search_term_string}"},"query-input":{"@type":"PropertyValueSpecification","valueRequired":true,"valueName":"search_term_string"}}],"inLanguage":"pt-BR"},{"@type":"Organization","@id":"https:\/\/fieam.org.br\/senai\/#organization","name":"SENAI","url":"https:\/\/fieam.org.br\/senai\/","logo":{"@type":"ImageObject","inLanguage":"pt-BR","@id":"https:\/\/fieam.org.br\/senai\/#\/schema\/logo\/image\/","url":"https:\/\/fieam.org.br\/senai\/wp-content\/uploads\/sites\/16\/2024\/03\/cropped-fav.png","contentUrl":"https:\/\/fieam.org.br\/senai\/wp-content\/uploads\/sites\/16\/2024\/03\/cropped-fav.png","width":592,"height":577,"caption":"SENAI"},"image":{"@id":"https:\/\/fieam.org.br\/senai\/#\/schema\/logo\/image\/"}}]}},"_links":{"self":[{"href":"https:\/\/fieam.org.br\/senai\/wp-json\/wp\/v2\/pages\/12213","targetHints":{"allow":["GET"]}}],"collection":[{"href":"https:\/\/fieam.org.br\/senai\/wp-json\/wp\/v2\/pages"}],"about":[{"href":"https:\/\/fieam.org.br\/senai\/wp-json\/wp\/v2\/types\/page"}],"author":[{"embeddable":true,"href":"https:\/\/fieam.org.br\/senai\/wp-json\/wp\/v2\/users\/1"}],"replies":[{"embeddable":true,"href":"https:\/\/fieam.org.br\/senai\/wp-json\/wp\/v2\/comments?post=12213"}],"version-history":[{"count":0,"href":"https:\/\/fieam.org.br\/senai\/wp-json\/wp\/v2\/pages\/12213\/revisions"}],"wp:attachment":[{"href":"https:\/\/fieam.org.br\/senai\/wp-json\/wp\/v2\/media?parent=12213"}],"curies":[{"name":"wp","href":"https:\/\/api.w.org\/{rel}","templated":true}]}}