{"id":12212,"date":"2010-11-13T08:30:27","date_gmt":"2010-11-13T08:30:27","guid":{"rendered":"http:\/\/www.fieam.org.br\/site\/senai\/"},"modified":"2010-11-13T08:30:27","modified_gmt":"2010-11-13T08:30:27","slug":"escola-senai-demostenes-travessa-qualificacao","status":"publish","type":"page","link":"https:\/\/fieam.org.br\/senai\/escola-senai-demostenes-travessa-qualificacao\/","title":{"rendered":"Escola SENAI Dem\u00f3stenes Travessa"},"content":{"rendered":"<p>\u00c1reas: Constru\u00e7\u00e3o Civil \u00e9 voltada para a cadeia produtiva da Constru\u00e7\u00e3o Civil do Amazonas.<a href=\"https:\/\/marketingmassivo.com.br\/senai\/wp-content\/uploads\/sites\/13\/2022\/05\/panthermedia_B31256097-300x200-1.jpg\"><img fetchpriority=\"high\" decoding=\"async\" class=\"size-full wp-image-10288 alignright\" src=\"https:\/\/marketingmassivo.com.br\/senai\/wp-content\/uploads\/sites\/13\/2022\/05\/panthermedia_B31256097-300x200-1.jpg\" alt=\"\" width=\"300\" height=\"200\" \/><\/a><\/p>\n<p>&nbsp;<\/p>\n<p><strong>Os cursos oferecidos na \u00e1rea de Educa\u00e7\u00e3o Profissional e Tecnologia s\u00e3o:<br \/>\n<\/strong><\/p>\n<div class=\"col-md-12 col-xs-12\" style=\"text-align: left\">\n<article id=\"post-9254\" class=\"post-9254 page type-page status-publish hentry\">\n<ul>\n<li>Almoxarife de Obras<\/li>\n<li>Assentador Cer\u00e2mico porcelanato<\/li>\n<li>Assistente Administrativo na Constru\u00e7\u00e3o Civil<\/li>\n<li>Autocad 2D<\/li>\n<li>Auxiliar de Manuten\u00e7\u00e3o Predial<\/li>\n<li>Bombeiro Hidr\u00e1ulico<\/li>\n<li>Brigada de Inc\u00eandio<\/li>\n<li>Desenhista de Constru\u00e7\u00e3o Civil<\/li>\n<li>Desenhista de M\u00f3veis \u2013 PROMOB<\/li>\n<li>Design de M\u00f3veis e Ambientes<\/li>\n<li>Design de Produtos<\/li>\n<li>Eletricidade Aplicada a Constru\u00e7\u00e3o Civil<\/li>\n<li>Eletricista Instalador Predial de Baixa Tens\u00e3o<\/li>\n<li>Eletricista Instalador Residencial<\/li>\n<li>Eletricista Instalador Residencial \u2013 EAD<\/li>\n<li>Instalador de Sistemas Eletr\u00f4nico de Seguran\u00e7a<\/li>\n<li>Instalador Hidr\u00e1ulico \u2013 EAD<\/li>\n<li>Manuten\u00e7\u00e3o Predial<\/li>\n<li>Marceneiro de M\u00f3veis sob Medida \u2013 COZINHA<\/li>\n<li>Marceneiro de M\u00f3veis sob Medida \u2013 DORMIT\u00d3RIOS<\/li>\n<li>Montador de Andaimes \u2013 EAD<\/li>\n<li>Montador de M\u00f3veis<\/li>\n<li>Montador de Sistemas de Constru\u00e7\u00e3o a Seco<\/li>\n<li>Montador de Sistemas de Constru\u00e7\u00e3o a Seco \u2013 EAD<\/li>\n<li>NR 18 Condi\u00e7\u00f5es e Meio Ambiente de Trabalho na Ind\u00fastria da Constru\u00e7\u00e3o<\/li>\n<li>NR 35 Trabalho em altura<\/li>\n<li>Operador de M\u00e1quina de Marcenaria<\/li>\n<li>Or\u00e7amento de Obras<\/li>\n<li>Projetista de Sistemas de Combate a Inc\u00eandio<\/li>\n<li>Revit<\/li>\n<\/ul>\n<p>&nbsp;<\/p>\n<p>A programa\u00e7\u00e3o atual encontra-se dispon\u00edvel no site:\u00a0\u00a0<a href=\"http:\/\/www.fieam.org.br\/senai\/2022\/05\/11\/cursos-do-senai\/\">http:\/\/www.fieam.org.br\/senai\/2022\/05\/11\/cursos-do-senai\/<\/a><\/p>\n<p>&nbsp;<\/p>\n<p><strong>Mais informa\u00e7\u00f5es:<br \/>\n<\/strong>Av. Rodrigo Ot\u00e1vio, 2394 \u2013 Distrito Industrial<br \/>\nFone: (92) 3182-9975<br \/>\nWhatsApp: (92) 3182-9925<br \/>\nE-mail:\u00a0<strong><a href=\"http:\/\/www.fieam.org.br\/senai\/escola-senai-antonio-simoes-3\/contactcenter@fieam.org.br\">contactcenter@fieam.org.br<\/a><\/strong><\/p>\n<p>&nbsp;<\/p>\n<\/article>\n<\/div>\n","protected":false},"excerpt":{"rendered":"<p>\u00c1reas: Constru\u00e7\u00e3o Civil \u00e9 voltada para a cadeia produtiva da Constru\u00e7\u00e3o Civil do Amazonas. &nbsp; Os cursos oferecidos na \u00e1rea de Educa\u00e7\u00e3o Profissional e Tecnologia s\u00e3o: Almoxarife de Obras Assentador Cer\u00e2mico porcelanato Assistente Administrativo na Constru\u00e7\u00e3o Civil Autocad 2D Auxiliar de Manuten\u00e7\u00e3o Predial Bombeiro Hidr\u00e1ulico Brigada de Inc\u00eandio Desenhista de Constru\u00e7\u00e3o Civil Desenhista de M\u00f3veis [&hellip;]<\/p>\n","protected":false},"author":1,"featured_media":0,"parent":0,"menu_order":0,"comment_status":"closed","ping_status":"closed","template":"","meta":{"footnotes":""},"class_list":["post-12212","page","type-page","status-publish","hentry"],"yoast_head":"<!-- This site is optimized with the Yoast SEO plugin v26.8 - https:\/\/yoast.com\/product\/yoast-seo-wordpress\/ -->\n<title>Escola SENAI Dem\u00f3stenes Travessa - SENAI<\/title>\n<meta name=\"robots\" content=\"index, follow, max-snippet:-1, max-image-preview:large, max-video-preview:-1\" \/>\n<link rel=\"canonical\" href=\"https:\/\/fieam.org.br\/senai\/escola-senai-demostenes-travessa-qualificacao\/\" \/>\n<meta property=\"og:locale\" content=\"pt_BR\" \/>\n<meta property=\"og:type\" content=\"article\" \/>\n<meta property=\"og:title\" content=\"Escola SENAI Dem\u00f3stenes Travessa - SENAI\" \/>\n<meta property=\"og:description\" content=\"\u00c1reas: Constru\u00e7\u00e3o Civil \u00e9 voltada para a cadeia produtiva da Constru\u00e7\u00e3o Civil do Amazonas. &nbsp; Os cursos oferecidos na \u00e1rea de Educa\u00e7\u00e3o Profissional e Tecnologia s\u00e3o: Almoxarife de Obras Assentador Cer\u00e2mico porcelanato Assistente Administrativo na Constru\u00e7\u00e3o Civil Autocad 2D Auxiliar de Manuten\u00e7\u00e3o Predial Bombeiro Hidr\u00e1ulico Brigada de Inc\u00eandio Desenhista de Constru\u00e7\u00e3o Civil Desenhista de M\u00f3veis [&hellip;]\" \/>\n<meta property=\"og:url\" content=\"https:\/\/fieam.org.br\/senai\/escola-senai-demostenes-travessa-qualificacao\/\" \/>\n<meta property=\"og:site_name\" content=\"SENAI\" \/>\n<meta property=\"og:image\" content=\"https:\/\/fieam.org.br\/senai\/wp-content\/uploads\/sites\/16\/2022\/05\/panthermedia_B31256097-300x200-1.jpg\" \/>\n\t<meta property=\"og:image:width\" content=\"300\" \/>\n\t<meta property=\"og:image:height\" content=\"200\" \/>\n\t<meta property=\"og:image:type\" content=\"image\/jpeg\" \/>\n<meta name=\"twitter:card\" content=\"summary_large_image\" \/>\n<meta name=\"twitter:label1\" content=\"Est. tempo de leitura\" \/>\n\t<meta name=\"twitter:data1\" content=\"1 minuto\" \/>\n<script type=\"application\/ld+json\" class=\"yoast-schema-graph\">{\"@context\":\"https:\/\/schema.org\",\"@graph\":[{\"@type\":\"WebPage\",\"@id\":\"https:\/\/fieam.org.br\/senai\/escola-senai-demostenes-travessa-qualificacao\/\",\"url\":\"https:\/\/fieam.org.br\/senai\/escola-senai-demostenes-travessa-qualificacao\/\",\"name\":\"Escola SENAI Dem\u00f3stenes Travessa - SENAI\",\"isPartOf\":{\"@id\":\"https:\/\/fieam.org.br\/senai\/#website\"},\"primaryImageOfPage\":{\"@id\":\"https:\/\/fieam.org.br\/senai\/escola-senai-demostenes-travessa-qualificacao\/#primaryimage\"},\"image\":{\"@id\":\"https:\/\/fieam.org.br\/senai\/escola-senai-demostenes-travessa-qualificacao\/#primaryimage\"},\"thumbnailUrl\":\"https:\/\/marketingmassivo.com.br\/senai\/wp-content\/uploads\/sites\/13\/2022\/05\/panthermedia_B31256097-300x200-1.jpg\",\"datePublished\":\"2010-11-13T08:30:27+00:00\",\"breadcrumb\":{\"@id\":\"https:\/\/fieam.org.br\/senai\/escola-senai-demostenes-travessa-qualificacao\/#breadcrumb\"},\"inLanguage\":\"pt-BR\",\"potentialAction\":[{\"@type\":\"ReadAction\",\"target\":[\"https:\/\/fieam.org.br\/senai\/escola-senai-demostenes-travessa-qualificacao\/\"]}]},{\"@type\":\"ImageObject\",\"inLanguage\":\"pt-BR\",\"@id\":\"https:\/\/fieam.org.br\/senai\/escola-senai-demostenes-travessa-qualificacao\/#primaryimage\",\"url\":\"https:\/\/marketingmassivo.com.br\/senai\/wp-content\/uploads\/sites\/13\/2022\/05\/panthermedia_B31256097-300x200-1.jpg\",\"contentUrl\":\"https:\/\/marketingmassivo.com.br\/senai\/wp-content\/uploads\/sites\/13\/2022\/05\/panthermedia_B31256097-300x200-1.jpg\"},{\"@type\":\"BreadcrumbList\",\"@id\":\"https:\/\/fieam.org.br\/senai\/escola-senai-demostenes-travessa-qualificacao\/#breadcrumb\",\"itemListElement\":[{\"@type\":\"ListItem\",\"position\":1,\"name\":\"In\u00edcio\",\"item\":\"https:\/\/fieam.org.br\/senai\/\"},{\"@type\":\"ListItem\",\"position\":2,\"name\":\"Escola SENAI Dem\u00f3stenes Travessa\"}]},{\"@type\":\"WebSite\",\"@id\":\"https:\/\/fieam.org.br\/senai\/#website\",\"url\":\"https:\/\/fieam.org.br\/senai\/\",\"name\":\"SENAI\",\"description\":\"Site Oficial!\",\"publisher\":{\"@id\":\"https:\/\/fieam.org.br\/senai\/#organization\"},\"potentialAction\":[{\"@type\":\"SearchAction\",\"target\":{\"@type\":\"EntryPoint\",\"urlTemplate\":\"https:\/\/fieam.org.br\/senai\/?s={search_term_string}\"},\"query-input\":{\"@type\":\"PropertyValueSpecification\",\"valueRequired\":true,\"valueName\":\"search_term_string\"}}],\"inLanguage\":\"pt-BR\"},{\"@type\":\"Organization\",\"@id\":\"https:\/\/fieam.org.br\/senai\/#organization\",\"name\":\"SENAI\",\"url\":\"https:\/\/fieam.org.br\/senai\/\",\"logo\":{\"@type\":\"ImageObject\",\"inLanguage\":\"pt-BR\",\"@id\":\"https:\/\/fieam.org.br\/senai\/#\/schema\/logo\/image\/\",\"url\":\"https:\/\/fieam.org.br\/senai\/wp-content\/uploads\/sites\/16\/2024\/03\/cropped-fav.png\",\"contentUrl\":\"https:\/\/fieam.org.br\/senai\/wp-content\/uploads\/sites\/16\/2024\/03\/cropped-fav.png\",\"width\":592,\"height\":577,\"caption\":\"SENAI\"},\"image\":{\"@id\":\"https:\/\/fieam.org.br\/senai\/#\/schema\/logo\/image\/\"}}]}<\/script>\n<!-- \/ Yoast SEO plugin. -->","yoast_head_json":{"title":"Escola SENAI Dem\u00f3stenes Travessa - SENAI","robots":{"index":"index","follow":"follow","max-snippet":"max-snippet:-1","max-image-preview":"max-image-preview:large","max-video-preview":"max-video-preview:-1"},"canonical":"https:\/\/fieam.org.br\/senai\/escola-senai-demostenes-travessa-qualificacao\/","og_locale":"pt_BR","og_type":"article","og_title":"Escola SENAI Dem\u00f3stenes Travessa - SENAI","og_description":"\u00c1reas: Constru\u00e7\u00e3o Civil \u00e9 voltada para a cadeia produtiva da Constru\u00e7\u00e3o Civil do Amazonas. &nbsp; Os cursos oferecidos na \u00e1rea de Educa\u00e7\u00e3o Profissional e Tecnologia s\u00e3o: Almoxarife de Obras Assentador Cer\u00e2mico porcelanato Assistente Administrativo na Constru\u00e7\u00e3o Civil Autocad 2D Auxiliar de Manuten\u00e7\u00e3o Predial Bombeiro Hidr\u00e1ulico Brigada de Inc\u00eandio Desenhista de Constru\u00e7\u00e3o Civil Desenhista de M\u00f3veis [&hellip;]","og_url":"https:\/\/fieam.org.br\/senai\/escola-senai-demostenes-travessa-qualificacao\/","og_site_name":"SENAI","og_image":[{"width":300,"height":200,"url":"https:\/\/fieam.org.br\/senai\/wp-content\/uploads\/sites\/16\/2022\/05\/panthermedia_B31256097-300x200-1.jpg","type":"image\/jpeg"}],"twitter_card":"summary_large_image","twitter_misc":{"Est. tempo de leitura":"1 minuto"},"schema":{"@context":"https:\/\/schema.org","@graph":[{"@type":"WebPage","@id":"https:\/\/fieam.org.br\/senai\/escola-senai-demostenes-travessa-qualificacao\/","url":"https:\/\/fieam.org.br\/senai\/escola-senai-demostenes-travessa-qualificacao\/","name":"Escola SENAI Dem\u00f3stenes Travessa - SENAI","isPartOf":{"@id":"https:\/\/fieam.org.br\/senai\/#website"},"primaryImageOfPage":{"@id":"https:\/\/fieam.org.br\/senai\/escola-senai-demostenes-travessa-qualificacao\/#primaryimage"},"image":{"@id":"https:\/\/fieam.org.br\/senai\/escola-senai-demostenes-travessa-qualificacao\/#primaryimage"},"thumbnailUrl":"https:\/\/marketingmassivo.com.br\/senai\/wp-content\/uploads\/sites\/13\/2022\/05\/panthermedia_B31256097-300x200-1.jpg","datePublished":"2010-11-13T08:30:27+00:00","breadcrumb":{"@id":"https:\/\/fieam.org.br\/senai\/escola-senai-demostenes-travessa-qualificacao\/#breadcrumb"},"inLanguage":"pt-BR","potentialAction":[{"@type":"ReadAction","target":["https:\/\/fieam.org.br\/senai\/escola-senai-demostenes-travessa-qualificacao\/"]}]},{"@type":"ImageObject","inLanguage":"pt-BR","@id":"https:\/\/fieam.org.br\/senai\/escola-senai-demostenes-travessa-qualificacao\/#primaryimage","url":"https:\/\/marketingmassivo.com.br\/senai\/wp-content\/uploads\/sites\/13\/2022\/05\/panthermedia_B31256097-300x200-1.jpg","contentUrl":"https:\/\/marketingmassivo.com.br\/senai\/wp-content\/uploads\/sites\/13\/2022\/05\/panthermedia_B31256097-300x200-1.jpg"},{"@type":"BreadcrumbList","@id":"https:\/\/fieam.org.br\/senai\/escola-senai-demostenes-travessa-qualificacao\/#breadcrumb","itemListElement":[{"@type":"ListItem","position":1,"name":"In\u00edcio","item":"https:\/\/fieam.org.br\/senai\/"},{"@type":"ListItem","position":2,"name":"Escola SENAI Dem\u00f3stenes Travessa"}]},{"@type":"WebSite","@id":"https:\/\/fieam.org.br\/senai\/#website","url":"https:\/\/fieam.org.br\/senai\/","name":"SENAI","description":"Site Oficial!","publisher":{"@id":"https:\/\/fieam.org.br\/senai\/#organization"},"potentialAction":[{"@type":"SearchAction","target":{"@type":"EntryPoint","urlTemplate":"https:\/\/fieam.org.br\/senai\/?s={search_term_string}"},"query-input":{"@type":"PropertyValueSpecification","valueRequired":true,"valueName":"search_term_string"}}],"inLanguage":"pt-BR"},{"@type":"Organization","@id":"https:\/\/fieam.org.br\/senai\/#organization","name":"SENAI","url":"https:\/\/fieam.org.br\/senai\/","logo":{"@type":"ImageObject","inLanguage":"pt-BR","@id":"https:\/\/fieam.org.br\/senai\/#\/schema\/logo\/image\/","url":"https:\/\/fieam.org.br\/senai\/wp-content\/uploads\/sites\/16\/2024\/03\/cropped-fav.png","contentUrl":"https:\/\/fieam.org.br\/senai\/wp-content\/uploads\/sites\/16\/2024\/03\/cropped-fav.png","width":592,"height":577,"caption":"SENAI"},"image":{"@id":"https:\/\/fieam.org.br\/senai\/#\/schema\/logo\/image\/"}}]}},"_links":{"self":[{"href":"https:\/\/fieam.org.br\/senai\/wp-json\/wp\/v2\/pages\/12212","targetHints":{"allow":["GET"]}}],"collection":[{"href":"https:\/\/fieam.org.br\/senai\/wp-json\/wp\/v2\/pages"}],"about":[{"href":"https:\/\/fieam.org.br\/senai\/wp-json\/wp\/v2\/types\/page"}],"author":[{"embeddable":true,"href":"https:\/\/fieam.org.br\/senai\/wp-json\/wp\/v2\/users\/1"}],"replies":[{"embeddable":true,"href":"https:\/\/fieam.org.br\/senai\/wp-json\/wp\/v2\/comments?post=12212"}],"version-history":[{"count":0,"href":"https:\/\/fieam.org.br\/senai\/wp-json\/wp\/v2\/pages\/12212\/revisions"}],"wp:attachment":[{"href":"https:\/\/fieam.org.br\/senai\/wp-json\/wp\/v2\/media?parent=12212"}],"curies":[{"name":"wp","href":"https:\/\/api.w.org\/{rel}","templated":true}]}}