{"id":12207,"date":"2010-11-13T08:21:39","date_gmt":"2010-11-13T08:21:39","guid":{"rendered":"http:\/\/www.fieam.org.br\/site\/senai\/"},"modified":"2010-11-13T08:21:39","modified_gmt":"2010-11-13T08:21:39","slug":"escola-senai-waldomiro-lustoza-qualificacao","status":"publish","type":"page","link":"https:\/\/fieam.org.br\/senai\/escola-senai-waldomiro-lustoza-qualificacao\/","title":{"rendered":"Escola SENAI Waldemiro Lustoza &#8211; Qualifica\u00e7\u00e3o"},"content":{"rendered":"<p>Eletricista de Autom\u00f3veis;<\/p>\n<p>Mec\u00e2nico de Manuten\u00e7\u00e3o de M\u00e1quinas Industriais;<\/p>\n<p>Mec\u00e2nico de Motocicletas;<\/p>\n<p>Mec\u00e2nico de Autom\u00f3veis;<\/p>\n<p>Mec\u00e2nico de Motores a Diesel;<\/p>\n<p>Mec\u00e2nico de Usinagem;<\/p>\n<p>Operador de Injetora Pl\u00e1stica;<\/p>\n<p>Operador de Log\u00edstica;<\/p>\n<p>Programador da Produ\u00e7\u00e3o;<\/p>\n<p>Programador de Manuten\u00e7\u00e3o;<\/p>\n<p>Soldador;<\/p>\n","protected":false},"excerpt":{"rendered":"<p>Eletricista de Autom\u00f3veis; Mec\u00e2nico de Manuten\u00e7\u00e3o de M\u00e1quinas Industriais; Mec\u00e2nico de Motocicletas; Mec\u00e2nico de Autom\u00f3veis; Mec\u00e2nico de Motores a Diesel; Mec\u00e2nico de Usinagem; Operador de Injetora Pl\u00e1stica; Operador de Log\u00edstica; Programador da Produ\u00e7\u00e3o; Programador de Manuten\u00e7\u00e3o; Soldador;<\/p>\n","protected":false},"author":1,"featured_media":0,"parent":0,"menu_order":0,"comment_status":"closed","ping_status":"closed","template":"","meta":{"footnotes":""},"class_list":["post-12207","page","type-page","status-publish","hentry"],"yoast_head":"<!-- This site is optimized with the Yoast SEO plugin v26.8 - https:\/\/yoast.com\/product\/yoast-seo-wordpress\/ -->\n<title>Escola SENAI Waldemiro Lustoza - Qualifica\u00e7\u00e3o - SENAI<\/title>\n<meta name=\"robots\" content=\"index, follow, max-snippet:-1, max-image-preview:large, max-video-preview:-1\" \/>\n<link rel=\"canonical\" href=\"https:\/\/fieam.org.br\/senai\/escola-senai-waldomiro-lustoza-qualificacao\/\" \/>\n<meta property=\"og:locale\" content=\"pt_BR\" \/>\n<meta property=\"og:type\" content=\"article\" \/>\n<meta property=\"og:title\" content=\"Escola SENAI Waldemiro Lustoza - Qualifica\u00e7\u00e3o - SENAI\" \/>\n<meta property=\"og:description\" content=\"Eletricista de Autom\u00f3veis; Mec\u00e2nico de Manuten\u00e7\u00e3o de M\u00e1quinas Industriais; Mec\u00e2nico de Motocicletas; Mec\u00e2nico de Autom\u00f3veis; Mec\u00e2nico de Motores a Diesel; Mec\u00e2nico de Usinagem; Operador de Injetora Pl\u00e1stica; Operador de Log\u00edstica; Programador da Produ\u00e7\u00e3o; Programador de Manuten\u00e7\u00e3o; Soldador;\" \/>\n<meta property=\"og:url\" content=\"https:\/\/fieam.org.br\/senai\/escola-senai-waldomiro-lustoza-qualificacao\/\" \/>\n<meta property=\"og:site_name\" content=\"SENAI\" \/>\n<meta name=\"twitter:card\" content=\"summary_large_image\" \/>\n<script type=\"application\/ld+json\" class=\"yoast-schema-graph\">{\"@context\":\"https:\/\/schema.org\",\"@graph\":[{\"@type\":\"WebPage\",\"@id\":\"https:\/\/fieam.org.br\/senai\/escola-senai-waldomiro-lustoza-qualificacao\/\",\"url\":\"https:\/\/fieam.org.br\/senai\/escola-senai-waldomiro-lustoza-qualificacao\/\",\"name\":\"Escola SENAI Waldemiro Lustoza - Qualifica\u00e7\u00e3o - SENAI\",\"isPartOf\":{\"@id\":\"https:\/\/fieam.org.br\/senai\/#website\"},\"datePublished\":\"2010-11-13T08:21:39+00:00\",\"breadcrumb\":{\"@id\":\"https:\/\/fieam.org.br\/senai\/escola-senai-waldomiro-lustoza-qualificacao\/#breadcrumb\"},\"inLanguage\":\"pt-BR\",\"potentialAction\":[{\"@type\":\"ReadAction\",\"target\":[\"https:\/\/fieam.org.br\/senai\/escola-senai-waldomiro-lustoza-qualificacao\/\"]}]},{\"@type\":\"BreadcrumbList\",\"@id\":\"https:\/\/fieam.org.br\/senai\/escola-senai-waldomiro-lustoza-qualificacao\/#breadcrumb\",\"itemListElement\":[{\"@type\":\"ListItem\",\"position\":1,\"name\":\"In\u00edcio\",\"item\":\"https:\/\/fieam.org.br\/senai\/\"},{\"@type\":\"ListItem\",\"position\":2,\"name\":\"Escola SENAI Waldemiro Lustoza &#8211; Qualifica\u00e7\u00e3o\"}]},{\"@type\":\"WebSite\",\"@id\":\"https:\/\/fieam.org.br\/senai\/#website\",\"url\":\"https:\/\/fieam.org.br\/senai\/\",\"name\":\"SENAI\",\"description\":\"Site Oficial!\",\"publisher\":{\"@id\":\"https:\/\/fieam.org.br\/senai\/#organization\"},\"potentialAction\":[{\"@type\":\"SearchAction\",\"target\":{\"@type\":\"EntryPoint\",\"urlTemplate\":\"https:\/\/fieam.org.br\/senai\/?s={search_term_string}\"},\"query-input\":{\"@type\":\"PropertyValueSpecification\",\"valueRequired\":true,\"valueName\":\"search_term_string\"}}],\"inLanguage\":\"pt-BR\"},{\"@type\":\"Organization\",\"@id\":\"https:\/\/fieam.org.br\/senai\/#organization\",\"name\":\"SENAI\",\"url\":\"https:\/\/fieam.org.br\/senai\/\",\"logo\":{\"@type\":\"ImageObject\",\"inLanguage\":\"pt-BR\",\"@id\":\"https:\/\/fieam.org.br\/senai\/#\/schema\/logo\/image\/\",\"url\":\"https:\/\/fieam.org.br\/senai\/wp-content\/uploads\/sites\/16\/2024\/03\/cropped-fav.png\",\"contentUrl\":\"https:\/\/fieam.org.br\/senai\/wp-content\/uploads\/sites\/16\/2024\/03\/cropped-fav.png\",\"width\":592,\"height\":577,\"caption\":\"SENAI\"},\"image\":{\"@id\":\"https:\/\/fieam.org.br\/senai\/#\/schema\/logo\/image\/\"}}]}<\/script>\n<!-- \/ Yoast SEO plugin. -->","yoast_head_json":{"title":"Escola SENAI Waldemiro Lustoza - Qualifica\u00e7\u00e3o - SENAI","robots":{"index":"index","follow":"follow","max-snippet":"max-snippet:-1","max-image-preview":"max-image-preview:large","max-video-preview":"max-video-preview:-1"},"canonical":"https:\/\/fieam.org.br\/senai\/escola-senai-waldomiro-lustoza-qualificacao\/","og_locale":"pt_BR","og_type":"article","og_title":"Escola SENAI Waldemiro Lustoza - Qualifica\u00e7\u00e3o - SENAI","og_description":"Eletricista de Autom\u00f3veis; Mec\u00e2nico de Manuten\u00e7\u00e3o de M\u00e1quinas Industriais; Mec\u00e2nico de Motocicletas; Mec\u00e2nico de Autom\u00f3veis; Mec\u00e2nico de Motores a Diesel; Mec\u00e2nico de Usinagem; Operador de Injetora Pl\u00e1stica; Operador de Log\u00edstica; Programador da Produ\u00e7\u00e3o; Programador de Manuten\u00e7\u00e3o; Soldador;","og_url":"https:\/\/fieam.org.br\/senai\/escola-senai-waldomiro-lustoza-qualificacao\/","og_site_name":"SENAI","twitter_card":"summary_large_image","schema":{"@context":"https:\/\/schema.org","@graph":[{"@type":"WebPage","@id":"https:\/\/fieam.org.br\/senai\/escola-senai-waldomiro-lustoza-qualificacao\/","url":"https:\/\/fieam.org.br\/senai\/escola-senai-waldomiro-lustoza-qualificacao\/","name":"Escola SENAI Waldemiro Lustoza - Qualifica\u00e7\u00e3o - SENAI","isPartOf":{"@id":"https:\/\/fieam.org.br\/senai\/#website"},"datePublished":"2010-11-13T08:21:39+00:00","breadcrumb":{"@id":"https:\/\/fieam.org.br\/senai\/escola-senai-waldomiro-lustoza-qualificacao\/#breadcrumb"},"inLanguage":"pt-BR","potentialAction":[{"@type":"ReadAction","target":["https:\/\/fieam.org.br\/senai\/escola-senai-waldomiro-lustoza-qualificacao\/"]}]},{"@type":"BreadcrumbList","@id":"https:\/\/fieam.org.br\/senai\/escola-senai-waldomiro-lustoza-qualificacao\/#breadcrumb","itemListElement":[{"@type":"ListItem","position":1,"name":"In\u00edcio","item":"https:\/\/fieam.org.br\/senai\/"},{"@type":"ListItem","position":2,"name":"Escola SENAI Waldemiro Lustoza &#8211; Qualifica\u00e7\u00e3o"}]},{"@type":"WebSite","@id":"https:\/\/fieam.org.br\/senai\/#website","url":"https:\/\/fieam.org.br\/senai\/","name":"SENAI","description":"Site Oficial!","publisher":{"@id":"https:\/\/fieam.org.br\/senai\/#organization"},"potentialAction":[{"@type":"SearchAction","target":{"@type":"EntryPoint","urlTemplate":"https:\/\/fieam.org.br\/senai\/?s={search_term_string}"},"query-input":{"@type":"PropertyValueSpecification","valueRequired":true,"valueName":"search_term_string"}}],"inLanguage":"pt-BR"},{"@type":"Organization","@id":"https:\/\/fieam.org.br\/senai\/#organization","name":"SENAI","url":"https:\/\/fieam.org.br\/senai\/","logo":{"@type":"ImageObject","inLanguage":"pt-BR","@id":"https:\/\/fieam.org.br\/senai\/#\/schema\/logo\/image\/","url":"https:\/\/fieam.org.br\/senai\/wp-content\/uploads\/sites\/16\/2024\/03\/cropped-fav.png","contentUrl":"https:\/\/fieam.org.br\/senai\/wp-content\/uploads\/sites\/16\/2024\/03\/cropped-fav.png","width":592,"height":577,"caption":"SENAI"},"image":{"@id":"https:\/\/fieam.org.br\/senai\/#\/schema\/logo\/image\/"}}]}},"_links":{"self":[{"href":"https:\/\/fieam.org.br\/senai\/wp-json\/wp\/v2\/pages\/12207","targetHints":{"allow":["GET"]}}],"collection":[{"href":"https:\/\/fieam.org.br\/senai\/wp-json\/wp\/v2\/pages"}],"about":[{"href":"https:\/\/fieam.org.br\/senai\/wp-json\/wp\/v2\/types\/page"}],"author":[{"embeddable":true,"href":"https:\/\/fieam.org.br\/senai\/wp-json\/wp\/v2\/users\/1"}],"replies":[{"embeddable":true,"href":"https:\/\/fieam.org.br\/senai\/wp-json\/wp\/v2\/comments?post=12207"}],"version-history":[{"count":0,"href":"https:\/\/fieam.org.br\/senai\/wp-json\/wp\/v2\/pages\/12207\/revisions"}],"wp:attachment":[{"href":"https:\/\/fieam.org.br\/senai\/wp-json\/wp\/v2\/media?parent=12207"}],"curies":[{"name":"wp","href":"https:\/\/api.w.org\/{rel}","templated":true}]}}