{"id":12192,"date":"2010-11-12T23:13:47","date_gmt":"2010-11-12T23:13:47","guid":{"rendered":"http:\/\/www.fieam.org.br\/site\/senai\/"},"modified":"2010-11-12T23:13:47","modified_gmt":"2010-11-12T23:13:47","slug":"escola-senai-de-acoes-moveis-e-comunitarias-barco-escola-samauma","status":"publish","type":"page","link":"https:\/\/fieam.org.br\/senai\/escola-senai-de-acoes-moveis-e-comunitarias-barco-escola-samauma\/","title":{"rendered":"Escola SENAI de A\u00e7\u00f5es M\u00f3veis e Comunit\u00e1rias-Barco-escola Sama\u00fama"},"content":{"rendered":"<p style=\"text-align: justify\"><a href=\"https:\/\/marketingmassivo.com.br\/senai\/wp-content\/uploads\/sites\/13\/2010\/11\/1.jpg\"><img decoding=\"async\" class=\" wp-image-6085 alignleft\" src=\"https:\/\/marketingmassivo.com.br\/senai\/wp-content\/uploads\/sites\/13\/2010\/11\/1.jpg\" alt=\"1\" width=\"220\" height=\"122\" srcset=\"https:\/\/fieam.org.br\/senai\/wp-content\/uploads\/sites\/16\/2010\/11\/1.jpg 692w, https:\/\/fieam.org.br\/senai\/wp-content\/uploads\/sites\/16\/2010\/11\/1-300x167.jpg 300w\" sizes=\"(max-width: 220px) 100vw, 220px\" \/><\/a>O\u00a0 SENAI\/AM conta com as a\u00e7\u00f5es de inova\u00e7\u00f5es como o barco-escola Sama\u00fama, unidade fluvial pioneira\u00a0 da institui\u00e7\u00e3o.<\/p>\n<p style=\"text-align: justify\">O barco Sama\u00fama foi inaugurado em 1979 e surpreende a popula\u00e7\u00e3o dos Estados do Norte por ser uma embarca\u00e7\u00e3o modernamente equipada, de tr\u00eas conveses, al\u00e9m das salas de aulas tradicionais.<\/p>\n<p style=\"text-align: justify\"><img decoding=\"async\" class=\"alignright wp-image-6086\" src=\"https:\/\/marketingmassivo.com.br\/senai\/wp-content\/uploads\/sites\/13\/2010\/11\/2.jpg\" alt=\"2\" width=\"220\" height=\"112\" srcset=\"https:\/\/fieam.org.br\/senai\/wp-content\/uploads\/sites\/16\/2010\/11\/2.jpg 693w, https:\/\/fieam.org.br\/senai\/wp-content\/uploads\/sites\/16\/2010\/11\/2-300x152.jpg 300w\" sizes=\"(max-width: 220px) 100vw, 220px\" \/>Nesse cen\u00e1rio, o sucesso da unidade fluvial do SENAI-DR\/AM motivou a institui\u00e7\u00e3o a iniciar o projeto de constru\u00e7\u00e3o do Sama\u00fama II que foi inaugurado em fevereiro de 2014, tornando-se realidade para refor\u00e7ar o trabalho desenvolvido.<\/p>\n<p style=\"text-align: justify\">Ao longo de seus 37 anos ele aportou em 64 munic\u00edpios do Amazonas, Acre, Amap\u00e1, Rond\u00f4nia, Roraima e Par\u00e1, formando e certificando mais de 51 mil alunos em diversas \u00e1reas\u00a0 profissionalizantes.<\/p>\n<p style=\"text-align: justify\"><img decoding=\"async\" class=\"alignleft wp-image-6087\" src=\"https:\/\/marketingmassivo.com.br\/senai\/wp-content\/uploads\/sites\/13\/2010\/11\/3.jpg\" alt=\"3\" width=\"220\" height=\"155\" srcset=\"https:\/\/fieam.org.br\/senai\/wp-content\/uploads\/sites\/16\/2010\/11\/3.jpg 692w, https:\/\/fieam.org.br\/senai\/wp-content\/uploads\/sites\/16\/2010\/11\/3-300x212.jpg 300w\" sizes=\"(max-width: 220px) 100vw, 220px\" \/>Em sua infraestrutura de alta tecnologia naval, o Sama\u00fama II conta com tr\u00eas conveses, al\u00e9m do conv\u00e9s de m\u00e1quinas, medindo 7 metros a mais que o Sama\u00fama I, 13 metros de altura, 10 de largura, 42 metros de comprimento e com capacidade de deslocamento de at\u00e9 14 n\u00f3s de velocidade.<\/p>\n<p style=\"text-align: justify\">Possui ainda, 7 oficinas\/laborat\u00f3rios nas \u00e1reas de mec\u00e2nica, mec\u00e2nica industrial, tecnologia da informa\u00e7\u00e3o, energia solar, alimentos e an\u00e1lise de \u00e1gua.<\/p>\n<p style=\"text-align: justify\">Os instrutores do Sama\u00fama II ministram cursos gratuitos embarcados e desembarcados em cinco cidades aportadas por ano, capacitando 3 mil alunos. O barco-escola passa entre dois a tr\u00eas meses em cada lugar, disponibilizando at\u00e9 34 cursos.\u00a0<a href=\"https:\/\/marketingmassivo.com.br\/senai\/wp-content\/uploads\/sites\/13\/2010\/11\/4.jpg\"><img loading=\"lazy\" decoding=\"async\" class=\"alignright wp-image-6091\" src=\"https:\/\/marketingmassivo.com.br\/senai\/wp-content\/uploads\/sites\/13\/2010\/11\/4.jpg\" alt=\"4\" width=\"220\" height=\"132\" srcset=\"https:\/\/fieam.org.br\/senai\/wp-content\/uploads\/sites\/16\/2010\/11\/4.jpg 649w, https:\/\/fieam.org.br\/senai\/wp-content\/uploads\/sites\/16\/2010\/11\/4-300x180.jpg 300w\" sizes=\"(max-width: 220px) 100vw, 220px\" \/><\/a><\/p>\n<p style=\"text-align: justify\">Al\u00e9m dos cursos profissionalizantes, a nova unidade fluvial e sua tripula\u00e7\u00e3o transmitem conceitos de sustentabilidade como o de aproveitamento e tratamento de \u00e1guas pluviais e a utiliza\u00e7\u00e3o na embarca\u00e7\u00e3o e reciclagem de res\u00edduos s\u00f3lidos gerados no exerc\u00edcio do ensino\/aprendizagem e na utiliza\u00e7\u00e3o da energia solar para aquecimento da \u00e1gua e do fornecimento de at\u00e9 20% do consumo do Sama\u00fama II.<\/p>\n<p><a href=\"https:\/\/marketingmassivo.com.br\/senai\/wp-content\/uploads\/sites\/13\/2010\/11\/6.jpg\"><img loading=\"lazy\" decoding=\"async\" class=\"alignleft wp-image-6089\" src=\"https:\/\/marketingmassivo.com.br\/senai\/wp-content\/uploads\/sites\/13\/2010\/11\/6.jpg\" alt=\"6\" width=\"220\" height=\"132\" srcset=\"https:\/\/fieam.org.br\/senai\/wp-content\/uploads\/sites\/16\/2010\/11\/6.jpg 649w, https:\/\/fieam.org.br\/senai\/wp-content\/uploads\/sites\/16\/2010\/11\/6-300x180.jpg 300w\" sizes=\"(max-width: 220px) 100vw, 220px\" \/><\/a>Com os dois barcos-escola, o SENAI Amazonas qualifica em m\u00e9dia 10 mil alunos por ano. Dessa forma, a CNI, FIEAM e SENAI fomentam o conhecimento pela Amaz\u00f4nia, levando a educa\u00e7\u00e3o profissional por todo esse territ\u00f3rio.<\/p>\n<p>Os barcos do SENAI-DR\/AM percorrem cinco munic\u00edpios por ano pela solicita\u00e7\u00e3o das prefeituras interessadas na qualifica\u00e7\u00e3o disseminada pelos nossos instrutores.<\/p>\n<p>A programa\u00e7\u00e3o de 16 cursos \u00e9 ministrada no per\u00edodo de dois meses e meio, tempo que a embarca\u00e7\u00e3o fica ancorada no porto da cidade.<\/p>\n<p><strong>Os cursos s\u00e3o: <\/strong><\/p>\n<ul>\n<li><strong>Educa\u00e7\u00e3o Alimentar (Cozinha Brasil);<\/strong><\/li>\n<li><strong>Higiene e Manipula\u00e7\u00e3o de Alimentos;<\/strong><\/li>\n<li><strong>Qualidade no Atendimento ao Cliente;<\/strong><\/li>\n<li><strong>Operador de Microcomputador;<\/strong><\/li>\n<li><strong>Instalador El\u00e9trico Residencial;<\/strong><\/li>\n<li><strong>Confeiteiro Industrial;<\/strong><\/li>\n<li><strong>Instalador Hidr\u00e1ulico Residencial;<\/strong><\/li>\n<li><strong>Mec\u00e2nico de Motocicletas;<\/strong><\/li>\n<li><strong>Mec\u00e2nico de Motor de Popa;<\/strong><\/li>\n<li><strong>Mec\u00e2nico de Motores Diesel;<\/strong><\/li>\n<li><strong>Modista Costureiro;<\/strong><\/li>\n<li><strong>Padeiro;<\/strong><\/li>\n<li><strong>Pedreiro;<\/strong><\/li>\n<li><strong>Inform\u00e1tica Avan\u00e7ada;<\/strong><\/li>\n<li><strong>Excel Avan\u00e7ado;<\/strong><\/li>\n<li><strong>Reparador de Condicionador de Ar (Janela e Split).<\/strong><\/li>\n<\/ul>\n<p>Para solicitar as atividades desenvolvidas pelos Sama\u00fama I e II, o prefeito deve oficializar o pedido por meio de\u00a0carta ao diretor regional do SENAI e ao gerente da Escola SENAI de A\u00e7\u00f5es M\u00f3veis e Comunit\u00e1rias <strong>&#8211; ESAMC<\/strong>.<\/p>\n<p>&nbsp;<\/p>\n<p>&nbsp;<\/p>\n<p>&nbsp;<\/p>\n<p><strong>Escola SENAI de A\u00e7\u00f5es M\u00f3veis e Comunit\u00e1rias<\/strong><\/p>\n<p>\u00c1reas: Alimenta\u00e7\u00e3o, Confec\u00e7\u00e3o do Vestu\u00e1rio e Seguran\u00e7a na \u00e1rea de Transporte.<\/p>\n<p>Av. Rodrigo Ot\u00e1vio, 2394 _ Distrito Industrial.<\/p>\n<p>Fone: (0xx92) 3182-9937\/ 9947<\/p>\n<p>E-mail: <a href=\"mailto:corem.esamc@am.senai.br\">corem.esamc@am.senai.br<\/a><\/p>\n","protected":false},"excerpt":{"rendered":"<p>O\u00a0 SENAI\/AM conta com as a\u00e7\u00f5es de inova\u00e7\u00f5es como o barco-escola Sama\u00fama, unidade fluvial pioneira\u00a0 da institui\u00e7\u00e3o. O barco Sama\u00fama foi inaugurado em 1979 e surpreende a popula\u00e7\u00e3o dos Estados do Norte por ser uma embarca\u00e7\u00e3o modernamente equipada, de tr\u00eas conveses, al\u00e9m das salas de aulas tradicionais. Nesse cen\u00e1rio, o sucesso da unidade fluvial do [&hellip;]<\/p>\n","protected":false},"author":1,"featured_media":0,"parent":0,"menu_order":0,"comment_status":"closed","ping_status":"closed","template":"","meta":{"footnotes":""},"class_list":["post-12192","page","type-page","status-publish","hentry"],"yoast_head":"<!-- This site is optimized with the Yoast SEO plugin v26.8 - https:\/\/yoast.com\/product\/yoast-seo-wordpress\/ -->\n<title>Escola SENAI de A\u00e7\u00f5es M\u00f3veis e Comunit\u00e1rias-Barco-escola Sama\u00fama - SENAI<\/title>\n<meta name=\"robots\" content=\"index, follow, max-snippet:-1, max-image-preview:large, max-video-preview:-1\" \/>\n<link rel=\"canonical\" href=\"https:\/\/fieam.org.br\/senai\/escola-senai-de-acoes-moveis-e-comunitarias-barco-escola-samauma\/\" \/>\n<meta property=\"og:locale\" content=\"pt_BR\" \/>\n<meta property=\"og:type\" content=\"article\" \/>\n<meta property=\"og:title\" content=\"Escola SENAI de A\u00e7\u00f5es M\u00f3veis e Comunit\u00e1rias-Barco-escola Sama\u00fama - SENAI\" \/>\n<meta property=\"og:description\" content=\"O\u00a0 SENAI\/AM conta com as a\u00e7\u00f5es de inova\u00e7\u00f5es como o barco-escola Sama\u00fama, unidade fluvial pioneira\u00a0 da institui\u00e7\u00e3o. O barco Sama\u00fama foi inaugurado em 1979 e surpreende a popula\u00e7\u00e3o dos Estados do Norte por ser uma embarca\u00e7\u00e3o modernamente equipada, de tr\u00eas conveses, al\u00e9m das salas de aulas tradicionais. Nesse cen\u00e1rio, o sucesso da unidade fluvial do [&hellip;]\" \/>\n<meta property=\"og:url\" content=\"https:\/\/fieam.org.br\/senai\/escola-senai-de-acoes-moveis-e-comunitarias-barco-escola-samauma\/\" \/>\n<meta property=\"og:site_name\" content=\"SENAI\" \/>\n<meta property=\"og:image\" content=\"https:\/\/fieam.org.br\/senai\/wp-content\/uploads\/sites\/16\/2010\/11\/1.jpg\" \/>\n\t<meta property=\"og:image:width\" content=\"692\" \/>\n\t<meta property=\"og:image:height\" content=\"385\" \/>\n\t<meta property=\"og:image:type\" content=\"image\/jpeg\" \/>\n<meta name=\"twitter:card\" content=\"summary_large_image\" \/>\n<meta name=\"twitter:label1\" content=\"Est. tempo de leitura\" \/>\n\t<meta name=\"twitter:data1\" content=\"3 minutos\" \/>\n<script type=\"application\/ld+json\" class=\"yoast-schema-graph\">{\"@context\":\"https:\/\/schema.org\",\"@graph\":[{\"@type\":\"WebPage\",\"@id\":\"https:\/\/fieam.org.br\/senai\/escola-senai-de-acoes-moveis-e-comunitarias-barco-escola-samauma\/\",\"url\":\"https:\/\/fieam.org.br\/senai\/escola-senai-de-acoes-moveis-e-comunitarias-barco-escola-samauma\/\",\"name\":\"Escola SENAI de A\u00e7\u00f5es M\u00f3veis e Comunit\u00e1rias-Barco-escola Sama\u00fama - SENAI\",\"isPartOf\":{\"@id\":\"https:\/\/fieam.org.br\/senai\/#website\"},\"primaryImageOfPage\":{\"@id\":\"https:\/\/fieam.org.br\/senai\/escola-senai-de-acoes-moveis-e-comunitarias-barco-escola-samauma\/#primaryimage\"},\"image\":{\"@id\":\"https:\/\/fieam.org.br\/senai\/escola-senai-de-acoes-moveis-e-comunitarias-barco-escola-samauma\/#primaryimage\"},\"thumbnailUrl\":\"https:\/\/marketingmassivo.com.br\/senai\/wp-content\/uploads\/sites\/13\/2010\/11\/1.jpg\",\"datePublished\":\"2010-11-12T23:13:47+00:00\",\"breadcrumb\":{\"@id\":\"https:\/\/fieam.org.br\/senai\/escola-senai-de-acoes-moveis-e-comunitarias-barco-escola-samauma\/#breadcrumb\"},\"inLanguage\":\"pt-BR\",\"potentialAction\":[{\"@type\":\"ReadAction\",\"target\":[\"https:\/\/fieam.org.br\/senai\/escola-senai-de-acoes-moveis-e-comunitarias-barco-escola-samauma\/\"]}]},{\"@type\":\"ImageObject\",\"inLanguage\":\"pt-BR\",\"@id\":\"https:\/\/fieam.org.br\/senai\/escola-senai-de-acoes-moveis-e-comunitarias-barco-escola-samauma\/#primaryimage\",\"url\":\"https:\/\/marketingmassivo.com.br\/senai\/wp-content\/uploads\/sites\/13\/2010\/11\/1.jpg\",\"contentUrl\":\"https:\/\/marketingmassivo.com.br\/senai\/wp-content\/uploads\/sites\/13\/2010\/11\/1.jpg\"},{\"@type\":\"BreadcrumbList\",\"@id\":\"https:\/\/fieam.org.br\/senai\/escola-senai-de-acoes-moveis-e-comunitarias-barco-escola-samauma\/#breadcrumb\",\"itemListElement\":[{\"@type\":\"ListItem\",\"position\":1,\"name\":\"In\u00edcio\",\"item\":\"https:\/\/fieam.org.br\/senai\/\"},{\"@type\":\"ListItem\",\"position\":2,\"name\":\"Escola SENAI de A\u00e7\u00f5es M\u00f3veis e Comunit\u00e1rias-Barco-escola Sama\u00fama\"}]},{\"@type\":\"WebSite\",\"@id\":\"https:\/\/fieam.org.br\/senai\/#website\",\"url\":\"https:\/\/fieam.org.br\/senai\/\",\"name\":\"SENAI\",\"description\":\"Site Oficial!\",\"publisher\":{\"@id\":\"https:\/\/fieam.org.br\/senai\/#organization\"},\"potentialAction\":[{\"@type\":\"SearchAction\",\"target\":{\"@type\":\"EntryPoint\",\"urlTemplate\":\"https:\/\/fieam.org.br\/senai\/?s={search_term_string}\"},\"query-input\":{\"@type\":\"PropertyValueSpecification\",\"valueRequired\":true,\"valueName\":\"search_term_string\"}}],\"inLanguage\":\"pt-BR\"},{\"@type\":\"Organization\",\"@id\":\"https:\/\/fieam.org.br\/senai\/#organization\",\"name\":\"SENAI\",\"url\":\"https:\/\/fieam.org.br\/senai\/\",\"logo\":{\"@type\":\"ImageObject\",\"inLanguage\":\"pt-BR\",\"@id\":\"https:\/\/fieam.org.br\/senai\/#\/schema\/logo\/image\/\",\"url\":\"https:\/\/fieam.org.br\/senai\/wp-content\/uploads\/sites\/16\/2024\/03\/cropped-fav.png\",\"contentUrl\":\"https:\/\/fieam.org.br\/senai\/wp-content\/uploads\/sites\/16\/2024\/03\/cropped-fav.png\",\"width\":592,\"height\":577,\"caption\":\"SENAI\"},\"image\":{\"@id\":\"https:\/\/fieam.org.br\/senai\/#\/schema\/logo\/image\/\"}}]}<\/script>\n<!-- \/ Yoast SEO plugin. -->","yoast_head_json":{"title":"Escola SENAI de A\u00e7\u00f5es M\u00f3veis e Comunit\u00e1rias-Barco-escola Sama\u00fama - SENAI","robots":{"index":"index","follow":"follow","max-snippet":"max-snippet:-1","max-image-preview":"max-image-preview:large","max-video-preview":"max-video-preview:-1"},"canonical":"https:\/\/fieam.org.br\/senai\/escola-senai-de-acoes-moveis-e-comunitarias-barco-escola-samauma\/","og_locale":"pt_BR","og_type":"article","og_title":"Escola SENAI de A\u00e7\u00f5es M\u00f3veis e Comunit\u00e1rias-Barco-escola Sama\u00fama - SENAI","og_description":"O\u00a0 SENAI\/AM conta com as a\u00e7\u00f5es de inova\u00e7\u00f5es como o barco-escola Sama\u00fama, unidade fluvial pioneira\u00a0 da institui\u00e7\u00e3o. O barco Sama\u00fama foi inaugurado em 1979 e surpreende a popula\u00e7\u00e3o dos Estados do Norte por ser uma embarca\u00e7\u00e3o modernamente equipada, de tr\u00eas conveses, al\u00e9m das salas de aulas tradicionais. Nesse cen\u00e1rio, o sucesso da unidade fluvial do [&hellip;]","og_url":"https:\/\/fieam.org.br\/senai\/escola-senai-de-acoes-moveis-e-comunitarias-barco-escola-samauma\/","og_site_name":"SENAI","og_image":[{"width":692,"height":385,"url":"https:\/\/fieam.org.br\/senai\/wp-content\/uploads\/sites\/16\/2010\/11\/1.jpg","type":"image\/jpeg"}],"twitter_card":"summary_large_image","twitter_misc":{"Est. tempo de leitura":"3 minutos"},"schema":{"@context":"https:\/\/schema.org","@graph":[{"@type":"WebPage","@id":"https:\/\/fieam.org.br\/senai\/escola-senai-de-acoes-moveis-e-comunitarias-barco-escola-samauma\/","url":"https:\/\/fieam.org.br\/senai\/escola-senai-de-acoes-moveis-e-comunitarias-barco-escola-samauma\/","name":"Escola SENAI de A\u00e7\u00f5es M\u00f3veis e Comunit\u00e1rias-Barco-escola Sama\u00fama - SENAI","isPartOf":{"@id":"https:\/\/fieam.org.br\/senai\/#website"},"primaryImageOfPage":{"@id":"https:\/\/fieam.org.br\/senai\/escola-senai-de-acoes-moveis-e-comunitarias-barco-escola-samauma\/#primaryimage"},"image":{"@id":"https:\/\/fieam.org.br\/senai\/escola-senai-de-acoes-moveis-e-comunitarias-barco-escola-samauma\/#primaryimage"},"thumbnailUrl":"https:\/\/marketingmassivo.com.br\/senai\/wp-content\/uploads\/sites\/13\/2010\/11\/1.jpg","datePublished":"2010-11-12T23:13:47+00:00","breadcrumb":{"@id":"https:\/\/fieam.org.br\/senai\/escola-senai-de-acoes-moveis-e-comunitarias-barco-escola-samauma\/#breadcrumb"},"inLanguage":"pt-BR","potentialAction":[{"@type":"ReadAction","target":["https:\/\/fieam.org.br\/senai\/escola-senai-de-acoes-moveis-e-comunitarias-barco-escola-samauma\/"]}]},{"@type":"ImageObject","inLanguage":"pt-BR","@id":"https:\/\/fieam.org.br\/senai\/escola-senai-de-acoes-moveis-e-comunitarias-barco-escola-samauma\/#primaryimage","url":"https:\/\/marketingmassivo.com.br\/senai\/wp-content\/uploads\/sites\/13\/2010\/11\/1.jpg","contentUrl":"https:\/\/marketingmassivo.com.br\/senai\/wp-content\/uploads\/sites\/13\/2010\/11\/1.jpg"},{"@type":"BreadcrumbList","@id":"https:\/\/fieam.org.br\/senai\/escola-senai-de-acoes-moveis-e-comunitarias-barco-escola-samauma\/#breadcrumb","itemListElement":[{"@type":"ListItem","position":1,"name":"In\u00edcio","item":"https:\/\/fieam.org.br\/senai\/"},{"@type":"ListItem","position":2,"name":"Escola SENAI de A\u00e7\u00f5es M\u00f3veis e Comunit\u00e1rias-Barco-escola Sama\u00fama"}]},{"@type":"WebSite","@id":"https:\/\/fieam.org.br\/senai\/#website","url":"https:\/\/fieam.org.br\/senai\/","name":"SENAI","description":"Site Oficial!","publisher":{"@id":"https:\/\/fieam.org.br\/senai\/#organization"},"potentialAction":[{"@type":"SearchAction","target":{"@type":"EntryPoint","urlTemplate":"https:\/\/fieam.org.br\/senai\/?s={search_term_string}"},"query-input":{"@type":"PropertyValueSpecification","valueRequired":true,"valueName":"search_term_string"}}],"inLanguage":"pt-BR"},{"@type":"Organization","@id":"https:\/\/fieam.org.br\/senai\/#organization","name":"SENAI","url":"https:\/\/fieam.org.br\/senai\/","logo":{"@type":"ImageObject","inLanguage":"pt-BR","@id":"https:\/\/fieam.org.br\/senai\/#\/schema\/logo\/image\/","url":"https:\/\/fieam.org.br\/senai\/wp-content\/uploads\/sites\/16\/2024\/03\/cropped-fav.png","contentUrl":"https:\/\/fieam.org.br\/senai\/wp-content\/uploads\/sites\/16\/2024\/03\/cropped-fav.png","width":592,"height":577,"caption":"SENAI"},"image":{"@id":"https:\/\/fieam.org.br\/senai\/#\/schema\/logo\/image\/"}}]}},"_links":{"self":[{"href":"https:\/\/fieam.org.br\/senai\/wp-json\/wp\/v2\/pages\/12192","targetHints":{"allow":["GET"]}}],"collection":[{"href":"https:\/\/fieam.org.br\/senai\/wp-json\/wp\/v2\/pages"}],"about":[{"href":"https:\/\/fieam.org.br\/senai\/wp-json\/wp\/v2\/types\/page"}],"author":[{"embeddable":true,"href":"https:\/\/fieam.org.br\/senai\/wp-json\/wp\/v2\/users\/1"}],"replies":[{"embeddable":true,"href":"https:\/\/fieam.org.br\/senai\/wp-json\/wp\/v2\/comments?post=12192"}],"version-history":[{"count":0,"href":"https:\/\/fieam.org.br\/senai\/wp-json\/wp\/v2\/pages\/12192\/revisions"}],"wp:attachment":[{"href":"https:\/\/fieam.org.br\/senai\/wp-json\/wp\/v2\/media?parent=12192"}],"curies":[{"name":"wp","href":"https:\/\/api.w.org\/{rel}","templated":true}]}}