{"id":11373,"date":"2023-05-23T08:00:25","date_gmt":"2023-05-23T12:00:25","guid":{"rendered":"http:\/\/www.fieam.org.br\/senai\/?page_id=11373"},"modified":"2025-09-24T17:48:15","modified_gmt":"2025-09-24T17:48:15","slug":"cursos-do-senai","status":"publish","type":"page","link":"https:\/\/fieam.org.br\/senai\/cursos-do-senai\/","title":{"rendered":"Cursos do SENAI"},"content":{"rendered":"\t\t<div data-elementor-type=\"wp-page\" data-elementor-id=\"11373\" class=\"elementor elementor-11373\" data-elementor-post-type=\"page\">\n\t\t\t\t\t\t<section class=\"elementor-section elementor-top-section elementor-element elementor-element-b33e36b elementor-section-boxed elementor-section-height-default elementor-section-height-default\" data-id=\"b33e36b\" data-element_type=\"section\" data-settings=\"{&quot;background_background&quot;:&quot;classic&quot;,&quot;ekit_has_onepagescroll_dot&quot;:&quot;yes&quot;}\">\n\t\t\t\t\t\t\t<div class=\"elementor-background-overlay\"><\/div>\n\t\t\t\t\t\t\t<div class=\"elementor-container elementor-column-gap-default\">\n\t\t\t\t\t<div class=\"elementor-column elementor-col-100 elementor-top-column elementor-element elementor-element-e77d041\" data-id=\"e77d041\" data-element_type=\"column\">\n\t\t\t<div class=\"elementor-widget-wrap elementor-element-populated\">\n\t\t\t\t\t\t<div class=\"elementor-element elementor-element-585ae01 elementor-widget__width-auto elementor-invisible elementor-widget elementor-widget-image\" data-id=\"585ae01\" data-element_type=\"widget\" data-settings=\"{&quot;_animation&quot;:&quot;rotateIn&quot;,&quot;_animation_delay&quot;:&quot;720&quot;,&quot;ekit_we_effect_on&quot;:&quot;none&quot;}\" data-widget_type=\"image.default\">\n\t\t\t\t<div class=\"elementor-widget-container\">\n\t\t\t\t\t\t\t\t\t\t\t\t\t\t\t<img decoding=\"async\" width=\"45\" height=\"38\" src=\"https:\/\/fieam.org.br\/senai\/wp-content\/uploads\/sites\/16\/2024\/02\/setas.png\" class=\"attachment-full size-full wp-image-4668\" alt=\"\" \/>\t\t\t\t\t\t\t\t\t\t\t\t\t\t\t<\/div>\n\t\t\t\t<\/div>\n\t\t\t\t<div class=\"elementor-element elementor-element-6ca02ba elementor-invisible elementor-widget elementor-widget-heading\" data-id=\"6ca02ba\" data-element_type=\"widget\" data-settings=\"{&quot;_animation&quot;:&quot;fadeInDown&quot;,&quot;ekit_we_effect_on&quot;:&quot;none&quot;}\" data-widget_type=\"heading.default\">\n\t\t\t\t<div class=\"elementor-widget-container\">\n\t\t\t\t\t<h2 class=\"elementor-heading-title elementor-size-default\">Cursos do SENAI<\/h2>\t\t\t\t<\/div>\n\t\t\t\t<\/div>\n\t\t\t\t<div class=\"elementor-element elementor-element-0f108a7 elementor-invisible elementor-widget elementor-widget-heading\" data-id=\"0f108a7\" data-element_type=\"widget\" data-settings=\"{&quot;_animation&quot;:&quot;fadeInUp&quot;,&quot;ekit_we_effect_on&quot;:&quot;none&quot;}\" data-widget_type=\"heading.default\">\n\t\t\t\t<div class=\"elementor-widget-container\">\n\t\t\t\t\t<div class=\"elementor-heading-title elementor-size-default\">Servi\u00e7o Nacional de Aprendizagem Industrial<\/div>\t\t\t\t<\/div>\n\t\t\t\t<\/div>\n\t\t\t\t\t<\/div>\n\t\t<\/div>\n\t\t\t\t\t<\/div>\n\t\t<\/section>\n\t\t<div class=\"elementor-element elementor-element-4eee5956 e-flex e-con-boxed e-con e-parent\" data-id=\"4eee5956\" data-element_type=\"container\" data-settings=\"{&quot;ekit_has_onepagescroll_dot&quot;:&quot;yes&quot;}\">\n\t\t\t\t\t<div class=\"e-con-inner\">\n\t\t\t\t<div class=\"elementor-element elementor-element-425e91f6 elementor-widget elementor-widget-text-editor\" data-id=\"425e91f6\" data-element_type=\"widget\" data-settings=\"{&quot;ekit_we_effect_on&quot;:&quot;none&quot;}\" data-widget_type=\"text-editor.default\">\n\t\t\t\t<div class=\"elementor-widget-container\">\n\t\t\t\t\t\t\t\t\t<p><a href=\"https:\/\/marketingmassivo.com.br\/senai\/wp-content\/uploads\/sites\/13\/2022\/05\/Pelo-futuro.jpeg\"><img fetchpriority=\"high\" decoding=\"async\" class=\" wp-image-10305 alignright\" src=\"https:\/\/marketingmassivo.com.br\/senai\/wp-content\/uploads\/sites\/13\/2022\/05\/Pelo-futuro.jpeg\" alt=\"\" width=\"586\" height=\"386\" srcset=\"https:\/\/fieam.org.br\/senai\/wp-content\/uploads\/sites\/16\/2022\/05\/Pelo-futuro.jpeg 720w, https:\/\/fieam.org.br\/senai\/wp-content\/uploads\/sites\/16\/2022\/05\/Pelo-futuro-300x198.jpeg 300w\" sizes=\"(max-width: 586px) 100vw, 586px\" \/><\/a><\/p><p>O <strong>SENAI<\/strong> tem uma programa\u00e7\u00e3o de cursos que variam entre INICIA\u00c7\u00c3O PROFISSIONAL (40h-100h), QUALIFICA\u00c7\u00c3O PROFISSIONAL (160h-340h), APERFEI\u00c7OAMENTO PROFISSIONAL (20h-140h) e HABILITA\u00c7\u00c3O TECNICA (922h-1.540h), sejam nas modalidades presenciais ou a dist\u00e2ncia.<\/p><p>Os interessados devem procurar o <strong>Contact Center<\/strong><\/p><p><a href=\"https:\/\/api.whatsapp.com\/send?phone=559231829925\"><strong>Whatsapp: (92) 3182-9925<\/strong><\/a><\/p><p><a href=\"https:\/\/api.whatsapp.com\/send\/?phone=559231829925&amp;text&amp;type=phone_number&amp;app_absent=0\">Veja nossa programa\u00e7\u00e3o de cursos atualizada aqui.<\/a><\/p><p>\u00a0<\/p>\t\t\t\t\t\t\t\t<\/div>\n\t\t\t\t<\/div>\n\t\t\t\t\t<\/div>\n\t\t\t\t<\/div>\n\t\t\t\t<\/div>\n\t\t","protected":false},"excerpt":{"rendered":"<p>Cursos do SENAI Servi\u00e7o Nacional de Aprendizagem Industrial O SENAI tem uma programa\u00e7\u00e3o de cursos que variam entre INICIA\u00c7\u00c3O PROFISSIONAL (40h-100h), QUALIFICA\u00c7\u00c3O PROFISSIONAL (160h-340h), APERFEI\u00c7OAMENTO PROFISSIONAL (20h-140h) e HABILITA\u00c7\u00c3O TECNICA (922h-1.540h), sejam nas modalidades presenciais ou a dist\u00e2ncia. Os interessados devem procurar o Contact Center Whatsapp: (92) 3182-9925 Veja nossa programa\u00e7\u00e3o de cursos atualizada aqui. [&hellip;]<\/p>\n","protected":false},"author":1,"featured_media":0,"parent":0,"menu_order":0,"comment_status":"closed","ping_status":"closed","template":"","meta":{"footnotes":""},"class_list":["post-11373","page","type-page","status-publish","hentry"],"yoast_head":"<!-- This site is optimized with the Yoast SEO plugin v26.8 - https:\/\/yoast.com\/product\/yoast-seo-wordpress\/ -->\n<title>Cursos do SENAI - SENAI<\/title>\n<meta name=\"robots\" content=\"index, follow, max-snippet:-1, max-image-preview:large, max-video-preview:-1\" \/>\n<link rel=\"canonical\" href=\"https:\/\/fieam.org.br\/senai\/cursos-do-senai\/\" \/>\n<meta property=\"og:locale\" content=\"pt_BR\" \/>\n<meta property=\"og:type\" content=\"article\" \/>\n<meta property=\"og:title\" content=\"Cursos do SENAI - SENAI\" \/>\n<meta property=\"og:description\" content=\"Cursos do SENAI Servi\u00e7o Nacional de Aprendizagem Industrial O SENAI tem uma programa\u00e7\u00e3o de cursos que variam entre INICIA\u00c7\u00c3O PROFISSIONAL (40h-100h), QUALIFICA\u00c7\u00c3O PROFISSIONAL (160h-340h), APERFEI\u00c7OAMENTO PROFISSIONAL (20h-140h) e HABILITA\u00c7\u00c3O TECNICA (922h-1.540h), sejam nas modalidades presenciais ou a dist\u00e2ncia. Os interessados devem procurar o Contact Center Whatsapp: (92) 3182-9925 Veja nossa programa\u00e7\u00e3o de cursos atualizada aqui. [&hellip;]\" \/>\n<meta property=\"og:url\" content=\"https:\/\/fieam.org.br\/senai\/cursos-do-senai\/\" \/>\n<meta property=\"og:site_name\" content=\"SENAI\" \/>\n<meta property=\"article:modified_time\" content=\"2025-09-24T17:48:15+00:00\" \/>\n<meta property=\"og:image\" content=\"https:\/\/fieam.org.br\/senai\/wp-content\/uploads\/sites\/16\/2024\/02\/setas.png\" \/>\n\t<meta property=\"og:image:width\" content=\"45\" \/>\n\t<meta property=\"og:image:height\" content=\"38\" \/>\n\t<meta property=\"og:image:type\" content=\"image\/png\" \/>\n<meta name=\"twitter:card\" content=\"summary_large_image\" \/>\n<script type=\"application\/ld+json\" class=\"yoast-schema-graph\">{\"@context\":\"https:\/\/schema.org\",\"@graph\":[{\"@type\":\"WebPage\",\"@id\":\"https:\/\/fieam.org.br\/senai\/cursos-do-senai\/\",\"url\":\"https:\/\/fieam.org.br\/senai\/cursos-do-senai\/\",\"name\":\"Cursos do SENAI - SENAI\",\"isPartOf\":{\"@id\":\"https:\/\/fieam.org.br\/senai\/#website\"},\"primaryImageOfPage\":{\"@id\":\"https:\/\/fieam.org.br\/senai\/cursos-do-senai\/#primaryimage\"},\"image\":{\"@id\":\"https:\/\/fieam.org.br\/senai\/cursos-do-senai\/#primaryimage\"},\"thumbnailUrl\":\"https:\/\/fieam.org.br\/senai\/wp-content\/uploads\/sites\/16\/2024\/02\/setas.png\",\"datePublished\":\"2023-05-23T12:00:25+00:00\",\"dateModified\":\"2025-09-24T17:48:15+00:00\",\"breadcrumb\":{\"@id\":\"https:\/\/fieam.org.br\/senai\/cursos-do-senai\/#breadcrumb\"},\"inLanguage\":\"pt-BR\",\"potentialAction\":[{\"@type\":\"ReadAction\",\"target\":[\"https:\/\/fieam.org.br\/senai\/cursos-do-senai\/\"]}]},{\"@type\":\"ImageObject\",\"inLanguage\":\"pt-BR\",\"@id\":\"https:\/\/fieam.org.br\/senai\/cursos-do-senai\/#primaryimage\",\"url\":\"https:\/\/fieam.org.br\/senai\/wp-content\/uploads\/sites\/16\/2024\/02\/setas.png\",\"contentUrl\":\"https:\/\/fieam.org.br\/senai\/wp-content\/uploads\/sites\/16\/2024\/02\/setas.png\",\"width\":45,\"height\":38},{\"@type\":\"BreadcrumbList\",\"@id\":\"https:\/\/fieam.org.br\/senai\/cursos-do-senai\/#breadcrumb\",\"itemListElement\":[{\"@type\":\"ListItem\",\"position\":1,\"name\":\"In\u00edcio\",\"item\":\"https:\/\/fieam.org.br\/senai\/\"},{\"@type\":\"ListItem\",\"position\":2,\"name\":\"Cursos do SENAI\"}]},{\"@type\":\"WebSite\",\"@id\":\"https:\/\/fieam.org.br\/senai\/#website\",\"url\":\"https:\/\/fieam.org.br\/senai\/\",\"name\":\"SENAI\",\"description\":\"Site Oficial!\",\"publisher\":{\"@id\":\"https:\/\/fieam.org.br\/senai\/#organization\"},\"potentialAction\":[{\"@type\":\"SearchAction\",\"target\":{\"@type\":\"EntryPoint\",\"urlTemplate\":\"https:\/\/fieam.org.br\/senai\/?s={search_term_string}\"},\"query-input\":{\"@type\":\"PropertyValueSpecification\",\"valueRequired\":true,\"valueName\":\"search_term_string\"}}],\"inLanguage\":\"pt-BR\"},{\"@type\":\"Organization\",\"@id\":\"https:\/\/fieam.org.br\/senai\/#organization\",\"name\":\"SENAI\",\"url\":\"https:\/\/fieam.org.br\/senai\/\",\"logo\":{\"@type\":\"ImageObject\",\"inLanguage\":\"pt-BR\",\"@id\":\"https:\/\/fieam.org.br\/senai\/#\/schema\/logo\/image\/\",\"url\":\"https:\/\/fieam.org.br\/senai\/wp-content\/uploads\/sites\/16\/2024\/03\/cropped-fav.png\",\"contentUrl\":\"https:\/\/fieam.org.br\/senai\/wp-content\/uploads\/sites\/16\/2024\/03\/cropped-fav.png\",\"width\":592,\"height\":577,\"caption\":\"SENAI\"},\"image\":{\"@id\":\"https:\/\/fieam.org.br\/senai\/#\/schema\/logo\/image\/\"}}]}<\/script>\n<!-- \/ Yoast SEO plugin. -->","yoast_head_json":{"title":"Cursos do SENAI - SENAI","robots":{"index":"index","follow":"follow","max-snippet":"max-snippet:-1","max-image-preview":"max-image-preview:large","max-video-preview":"max-video-preview:-1"},"canonical":"https:\/\/fieam.org.br\/senai\/cursos-do-senai\/","og_locale":"pt_BR","og_type":"article","og_title":"Cursos do SENAI - SENAI","og_description":"Cursos do SENAI Servi\u00e7o Nacional de Aprendizagem Industrial O SENAI tem uma programa\u00e7\u00e3o de cursos que variam entre INICIA\u00c7\u00c3O PROFISSIONAL (40h-100h), QUALIFICA\u00c7\u00c3O PROFISSIONAL (160h-340h), APERFEI\u00c7OAMENTO PROFISSIONAL (20h-140h) e HABILITA\u00c7\u00c3O TECNICA (922h-1.540h), sejam nas modalidades presenciais ou a dist\u00e2ncia. Os interessados devem procurar o Contact Center Whatsapp: (92) 3182-9925 Veja nossa programa\u00e7\u00e3o de cursos atualizada aqui. [&hellip;]","og_url":"https:\/\/fieam.org.br\/senai\/cursos-do-senai\/","og_site_name":"SENAI","article_modified_time":"2025-09-24T17:48:15+00:00","og_image":[{"width":45,"height":38,"url":"https:\/\/fieam.org.br\/senai\/wp-content\/uploads\/sites\/16\/2024\/02\/setas.png","type":"image\/png"}],"twitter_card":"summary_large_image","schema":{"@context":"https:\/\/schema.org","@graph":[{"@type":"WebPage","@id":"https:\/\/fieam.org.br\/senai\/cursos-do-senai\/","url":"https:\/\/fieam.org.br\/senai\/cursos-do-senai\/","name":"Cursos do SENAI - SENAI","isPartOf":{"@id":"https:\/\/fieam.org.br\/senai\/#website"},"primaryImageOfPage":{"@id":"https:\/\/fieam.org.br\/senai\/cursos-do-senai\/#primaryimage"},"image":{"@id":"https:\/\/fieam.org.br\/senai\/cursos-do-senai\/#primaryimage"},"thumbnailUrl":"https:\/\/fieam.org.br\/senai\/wp-content\/uploads\/sites\/16\/2024\/02\/setas.png","datePublished":"2023-05-23T12:00:25+00:00","dateModified":"2025-09-24T17:48:15+00:00","breadcrumb":{"@id":"https:\/\/fieam.org.br\/senai\/cursos-do-senai\/#breadcrumb"},"inLanguage":"pt-BR","potentialAction":[{"@type":"ReadAction","target":["https:\/\/fieam.org.br\/senai\/cursos-do-senai\/"]}]},{"@type":"ImageObject","inLanguage":"pt-BR","@id":"https:\/\/fieam.org.br\/senai\/cursos-do-senai\/#primaryimage","url":"https:\/\/fieam.org.br\/senai\/wp-content\/uploads\/sites\/16\/2024\/02\/setas.png","contentUrl":"https:\/\/fieam.org.br\/senai\/wp-content\/uploads\/sites\/16\/2024\/02\/setas.png","width":45,"height":38},{"@type":"BreadcrumbList","@id":"https:\/\/fieam.org.br\/senai\/cursos-do-senai\/#breadcrumb","itemListElement":[{"@type":"ListItem","position":1,"name":"In\u00edcio","item":"https:\/\/fieam.org.br\/senai\/"},{"@type":"ListItem","position":2,"name":"Cursos do SENAI"}]},{"@type":"WebSite","@id":"https:\/\/fieam.org.br\/senai\/#website","url":"https:\/\/fieam.org.br\/senai\/","name":"SENAI","description":"Site Oficial!","publisher":{"@id":"https:\/\/fieam.org.br\/senai\/#organization"},"potentialAction":[{"@type":"SearchAction","target":{"@type":"EntryPoint","urlTemplate":"https:\/\/fieam.org.br\/senai\/?s={search_term_string}"},"query-input":{"@type":"PropertyValueSpecification","valueRequired":true,"valueName":"search_term_string"}}],"inLanguage":"pt-BR"},{"@type":"Organization","@id":"https:\/\/fieam.org.br\/senai\/#organization","name":"SENAI","url":"https:\/\/fieam.org.br\/senai\/","logo":{"@type":"ImageObject","inLanguage":"pt-BR","@id":"https:\/\/fieam.org.br\/senai\/#\/schema\/logo\/image\/","url":"https:\/\/fieam.org.br\/senai\/wp-content\/uploads\/sites\/16\/2024\/03\/cropped-fav.png","contentUrl":"https:\/\/fieam.org.br\/senai\/wp-content\/uploads\/sites\/16\/2024\/03\/cropped-fav.png","width":592,"height":577,"caption":"SENAI"},"image":{"@id":"https:\/\/fieam.org.br\/senai\/#\/schema\/logo\/image\/"}}]}},"_links":{"self":[{"href":"https:\/\/fieam.org.br\/senai\/wp-json\/wp\/v2\/pages\/11373","targetHints":{"allow":["GET"]}}],"collection":[{"href":"https:\/\/fieam.org.br\/senai\/wp-json\/wp\/v2\/pages"}],"about":[{"href":"https:\/\/fieam.org.br\/senai\/wp-json\/wp\/v2\/types\/page"}],"author":[{"embeddable":true,"href":"https:\/\/fieam.org.br\/senai\/wp-json\/wp\/v2\/users\/1"}],"replies":[{"embeddable":true,"href":"https:\/\/fieam.org.br\/senai\/wp-json\/wp\/v2\/comments?post=11373"}],"version-history":[{"count":24,"href":"https:\/\/fieam.org.br\/senai\/wp-json\/wp\/v2\/pages\/11373\/revisions"}],"predecessor-version":[{"id":14063,"href":"https:\/\/fieam.org.br\/senai\/wp-json\/wp\/v2\/pages\/11373\/revisions\/14063"}],"wp:attachment":[{"href":"https:\/\/fieam.org.br\/senai\/wp-json\/wp\/v2\/media?parent=11373"}],"curies":[{"name":"wp","href":"https:\/\/api.w.org\/{rel}","templated":true}]}}