{"id":7045,"date":"2015-11-26T02:07:27","date_gmt":"2015-11-26T02:07:27","guid":{"rendered":"http:\/\/www.fieam.org.br\/2015\/fieam\/?page_id=7045"},"modified":"2026-04-24T13:32:44","modified_gmt":"2026-04-24T13:32:44","slug":"para-as-industrias","status":"publish","type":"page","link":"https:\/\/fieam.org.br\/fieam\/para-as-industrias\/","title":{"rendered":"Para as Ind\u00fastrias"},"content":{"rendered":"\t\t<div data-elementor-type=\"wp-page\" data-elementor-id=\"7045\" class=\"elementor elementor-7045\" data-elementor-post-type=\"page\">\n\t\t\t\t<div class=\"elementor-element elementor-element-072a264 e-con-full e-flex e-con e-parent\" data-id=\"072a264\" data-element_type=\"container\" data-settings=\"{&quot;background_background&quot;:&quot;classic&quot;,&quot;ekit_has_onepagescroll_dot&quot;:&quot;yes&quot;}\">\n\t\t\t\t<div class=\"elementor-element elementor-element-5f3ac5e elementor-widget__width-auto elementor-invisible elementor-widget elementor-widget-image\" data-id=\"5f3ac5e\" data-element_type=\"widget\" data-settings=\"{&quot;_animation&quot;:&quot;rotateIn&quot;,&quot;_animation_delay&quot;:&quot;720&quot;,&quot;ekit_we_effect_on&quot;:&quot;none&quot;}\" data-widget_type=\"image.default\">\n\t\t\t\t<div class=\"elementor-widget-container\">\n\t\t\t\t\t\t\t\t\t\t\t\t\t\t\t<img decoding=\"async\" width=\"45\" height=\"38\" src=\"https:\/\/fieam.org.br\/fieam\/wp-content\/uploads\/sites\/9\/2024\/03\/setas.png\" class=\"attachment-full size-full wp-image-16425\" alt=\"\" \/>\t\t\t\t\t\t\t\t\t\t\t\t\t\t\t<\/div>\n\t\t\t\t<\/div>\n\t\t\t\t<div class=\"elementor-element elementor-element-687ba05 elementor-invisible elementor-widget elementor-widget-heading\" data-id=\"687ba05\" data-element_type=\"widget\" data-settings=\"{&quot;_animation&quot;:&quot;fadeInDown&quot;,&quot;ekit_we_effect_on&quot;:&quot;none&quot;}\" data-widget_type=\"heading.default\">\n\t\t\t\t<div class=\"elementor-widget-container\">\n\t\t\t\t\t<h2 class=\"elementor-heading-title elementor-size-default\">Para as Ind\u00fastrias<\/h2>\t\t\t\t<\/div>\n\t\t\t\t<\/div>\n\t\t\t\t<div class=\"elementor-element elementor-element-58df3b9 elementor-invisible elementor-widget elementor-widget-heading\" data-id=\"58df3b9\" data-element_type=\"widget\" data-settings=\"{&quot;_animation&quot;:&quot;fadeInUp&quot;,&quot;ekit_we_effect_on&quot;:&quot;none&quot;}\" data-widget_type=\"heading.default\">\n\t\t\t\t<div class=\"elementor-widget-container\">\n\t\t\t\t\t<div class=\"elementor-heading-title elementor-size-default\">Federa\u00e7\u00e3o das Ind\u00fastrias do Estado do Amazonas \u2013 FIEAM <\/div>\t\t\t\t<\/div>\n\t\t\t\t<\/div>\n\t\t\t\t<\/div>\n\t\t<div class=\"elementor-element elementor-element-6cd9741 e-flex e-con-boxed e-con e-parent\" data-id=\"6cd9741\" data-element_type=\"container\" data-settings=\"{&quot;ekit_has_onepagescroll_dot&quot;:&quot;yes&quot;}\">\n\t\t\t\t\t<div class=\"e-con-inner\">\n\t\t\t\t<div class=\"elementor-element elementor-element-05ccd41 elementor-widget elementor-widget-text-editor\" data-id=\"05ccd41\" data-element_type=\"widget\" data-settings=\"{&quot;ekit_we_effect_on&quot;:&quot;none&quot;}\" data-widget_type=\"text-editor.default\">\n\t\t\t\t<div class=\"elementor-widget-container\">\n\t\t\t\t\t\t\t\t\t<p>A FIEAM atua como a principal representante do setor industrial amazonense, promovendo o fortalecimento das empresas, a competitividade e o desenvolvimento sustent\u00e1vel da ind\u00fastria no Estado.<\/p><p><strong>Sindicatos Patronais Filiados<\/strong><\/p><p>A FIEAM re\u00fane mais de 20 sindicatos patronais filiados, que representam diversos segmentos industriais \u2014 como alimenta\u00e7\u00e3o, constru\u00e7\u00e3o civil, metalurgia, pl\u00e1stico, qu\u00edmico, gr\u00e1fico, entre outros.<\/p><p>Esses sindicatos atuam de forma integrada, fortalecendo a representatividade do setor produtivo, promovendo o di\u00e1logo institucional e contribuindo para a defesa dos interesses da ind\u00fastria amazonense.<\/p><p><strong>Rela\u00e7\u00f5es do Trabalho (DRT)<\/strong><\/p><p>Por meio do <strong>Departamento de Rela\u00e7\u00f5es do Trabalho (DRT)<\/strong>, a FIEAM oferece suporte t\u00e9cnico, jur\u00eddico e institucional aos sindicatos e \u00e0s empresas.<\/p><p>Entre as principais atua\u00e7\u00f5es est\u00e3o:<\/p><ul><li>Condu\u00e7\u00e3o de negocia\u00e7\u00f5es coletivas<\/li><li>Orienta\u00e7\u00e3o em processos eleitorais sindicais<\/li><li>Apoio na gest\u00e3o das contribui\u00e7\u00f5es sindicais<\/li><\/ul><p>Essa atua\u00e7\u00e3o garante mais seguran\u00e7a jur\u00eddica, transpar\u00eancia e efici\u00eancia nas rela\u00e7\u00f5es de trabalho.<\/p><p><strong>Coordenadorias Estrat\u00e9gicas<\/strong><\/p><p>A FIEAM conta com 10 Coordenadorias Operacionais, formadas por lideran\u00e7as empresariais que atuam em \u00e1reas estrat\u00e9gicas para o desenvolvimento da ind\u00fastria.<\/p><p>Essas coordenadorias abrangem temas como:<\/p><ul><li>Com\u00e9rcio exterior<\/li><li>Meio ambiente e responsabilidade social<\/li><li>Assuntos legislativos e tribut\u00e1rios<\/li><li>Ci\u00eancia, tecnologia e inova\u00e7\u00e3o<\/li><li>Log\u00edstica e infraestrutura<\/li><li>Rela\u00e7\u00f5es do trabalho, entre outros<\/li><\/ul><p>\u00a0<\/p><p>Funcionam como espa\u00e7os de articula\u00e7\u00e3o e intelig\u00eancia estrat\u00e9gica, contribuindo para a constru\u00e7\u00e3o de propostas, defesa de interesses e aumento da competitividade industrial.<\/p><p><strong>Reconhecimento \u00e0 Ind\u00fastria \u2013 Industrial do Ano<\/strong><\/p><p>A FIEAM tamb\u00e9m realiza, anualmente, o Pr\u00eamio Industrial do Ano, uma das mais tradicionais homenagens do setor no Estado.<\/p><p>A iniciativa reconhece l\u00edderes empresariais que se destacam por sua contribui\u00e7\u00e3o ao desenvolvimento da ind\u00fastria amazonense, valorizando trajet\u00f3rias marcadas por inova\u00e7\u00e3o, gest\u00e3o estrat\u00e9gica e compromisso com o crescimento econ\u00f4mico e social da regi\u00e3o.<\/p><p>Al\u00e9m dessa honraria, a premia\u00e7\u00e3o contempla outras categorias que evidenciam diferentes perfis de destaque na ind\u00fastria, como o Microindustrial do Ano, que valoriza o protagonismo das micro e pequenas ind\u00fastrias; a Empresa Exportadora do Ano, que reconhece organiza\u00e7\u00f5es com desempenho relevante no mercado internacional; e homenagens especiais a personalidades e institui\u00e7\u00f5es que contribuem significativamente para o fortalecimento do setor industrial no Amazonas.<\/p><p><strong>Excel\u00eancia e Reconhecimento \u2013 PQA<\/strong><\/p><p>O Pr\u00eamio Qualidade Amazonas (PQA) \u00e9 uma iniciativa da FIEAM que reconhece empresas comprometidas com a excel\u00eancia em gest\u00e3o, inova\u00e7\u00e3o e resultados sustent\u00e1veis.<\/p><p>O pr\u00eamio incentiva a ado\u00e7\u00e3o de boas pr\u00e1ticas e contribui para a eleva\u00e7\u00e3o dos padr\u00f5es de qualidade da ind\u00fastria no estado.<\/p><p><strong>Desenvolvimento Empresarial \u2013 DAMPI<\/strong><\/p><p>O DAMPI (Departamento de Apoio \u00e0s Micro e Pequenas Ind\u00fastrias) oferece cursos, consultorias e capacita\u00e7\u00f5es voltadas ao fortalecimento da gest\u00e3o, aumento da produtividade e est\u00edmulo \u00e0 inova\u00e7\u00e3o.<\/p><p>Sua atua\u00e7\u00e3o \u00e9 estrat\u00e9gica para o crescimento e a competitividade das micro e pequenas ind\u00fastrias.<\/p><p><strong>Internacionaliza\u00e7\u00e3o \u2013 CIN<\/strong><\/p><p>O CIN apoia as empresas na inser\u00e7\u00e3o e expans\u00e3o em mercados globais.<\/p><p>Entre os servi\u00e7os oferecidos est\u00e3o:<\/p><ul><li>Solu\u00e7\u00f5es em com\u00e9rcio exterior<\/li><li>Intelig\u00eancia comercial<\/li><li>Apoio \u00e0 internacionaliza\u00e7\u00e3o de neg\u00f3cios<\/li><\/ul><p>\u00a0<\/p><p><strong>Solu\u00e7\u00f5es Integradas para a Ind\u00fastria<\/strong><\/p><p>A FIEAM integra um sistema completo de solu\u00e7\u00f5es por meio de suas institui\u00e7\u00f5es:<\/p><ul><li>O <strong>SESI<\/strong> promove sa\u00fade, seguran\u00e7a, educa\u00e7\u00e3o e qualidade de vida para trabalhadores e seus dependentes.<\/li><li>O <strong>SENAI<\/strong> \u00e9 refer\u00eancia em educa\u00e7\u00e3o profissional e inova\u00e7\u00e3o tecnol\u00f3gica.<\/li><li>O <strong>IEL<\/strong> atua na forma\u00e7\u00e3o de talentos, inova\u00e7\u00e3o e desenvolvimento empresarial.<\/li><\/ul><p>\u00a0<\/p><p><strong>\u00a0Compromisso com o Desenvolvimento<\/strong><\/p><ul><li>Com atua\u00e7\u00e3o integrada, a FIEAM fortalece a conex\u00e3o entre sindicatos, empresas e institui\u00e7\u00f5es, consolidando-se como um elo estrat\u00e9gico entre o setor produtivo, o poder p\u00fablico e a sociedade.<\/li><li>Seu compromisso \u00e9 impulsionar o crescimento sustent\u00e1vel da ind\u00fastria amazonense, promovendo inova\u00e7\u00e3o, competitividade e desenvolvimento.<\/li><\/ul>\t\t\t\t\t\t\t\t<\/div>\n\t\t\t\t<\/div>\n\t\t\t\t\t<\/div>\n\t\t\t\t<\/div>\n\t\t\t\t<\/div>\n\t\t","protected":false},"excerpt":{"rendered":"<p>Federa\u00e7\u00e3o das Ind\u00fastrias do Estado do Amazonas \u2013 FIEAM A FIEAM atua como a principal representante do setor industrial amazonense, promovendo o fortalecimento das empresas, a competitividade e o desenvolvimento sustent\u00e1vel da ind\u00fastria no Estado. Sindicatos Patronais Filiados A FIEAM re\u00fane mais de 20 sindicatos patronais filiados, que representam diversos segmentos industriais \u2014 como alimenta\u00e7\u00e3o, [&hellip;]<\/p>\n","protected":false},"author":1,"featured_media":0,"parent":0,"menu_order":0,"comment_status":"closed","ping_status":"closed","template":"","meta":{"footnotes":""},"class_list":["post-7045","page","type-page","status-publish","hentry"],"yoast_head":"<!-- This site is optimized with the Yoast SEO plugin v26.8 - https:\/\/yoast.com\/product\/yoast-seo-wordpress\/ -->\n<title>Para as Ind\u00fastrias - FIEAM<\/title>\n<meta name=\"robots\" content=\"index, follow, max-snippet:-1, max-image-preview:large, max-video-preview:-1\" \/>\n<link rel=\"canonical\" href=\"https:\/\/fieam.org.br\/fieam\/para-as-industrias\/\" \/>\n<meta property=\"og:locale\" content=\"pt_BR\" \/>\n<meta property=\"og:type\" content=\"article\" \/>\n<meta property=\"og:title\" content=\"Para as Ind\u00fastrias - FIEAM\" \/>\n<meta property=\"og:description\" content=\"Federa\u00e7\u00e3o das Ind\u00fastrias do Estado do Amazonas \u2013 FIEAM A FIEAM atua como a principal representante do setor industrial amazonense, promovendo o fortalecimento das empresas, a competitividade e o desenvolvimento sustent\u00e1vel da ind\u00fastria no Estado. Sindicatos Patronais Filiados A FIEAM re\u00fane mais de 20 sindicatos patronais filiados, que representam diversos segmentos industriais \u2014 como alimenta\u00e7\u00e3o, [&hellip;]\" \/>\n<meta property=\"og:url\" content=\"https:\/\/fieam.org.br\/fieam\/para-as-industrias\/\" \/>\n<meta property=\"og:site_name\" content=\"FIEAM\" \/>\n<meta property=\"article:modified_time\" content=\"2026-04-24T13:32:44+00:00\" \/>\n<meta property=\"og:image\" content=\"https:\/\/fieam.org.br\/fieam\/wp-content\/uploads\/sites\/9\/2024\/03\/setas.png\" \/>\n<meta name=\"twitter:card\" content=\"summary_large_image\" \/>\n<meta name=\"twitter:label1\" content=\"Est. tempo de leitura\" \/>\n\t<meta name=\"twitter:data1\" content=\"4 minutos\" \/>\n<script type=\"application\/ld+json\" class=\"yoast-schema-graph\">{\"@context\":\"https:\/\/schema.org\",\"@graph\":[{\"@type\":\"WebPage\",\"@id\":\"https:\/\/fieam.org.br\/fieam\/para-as-industrias\/\",\"url\":\"https:\/\/fieam.org.br\/fieam\/para-as-industrias\/\",\"name\":\"Para as Ind\u00fastrias - FIEAM\",\"isPartOf\":{\"@id\":\"https:\/\/fieam.org.br\/fieam\/#website\"},\"primaryImageOfPage\":{\"@id\":\"https:\/\/fieam.org.br\/fieam\/para-as-industrias\/#primaryimage\"},\"image\":{\"@id\":\"https:\/\/fieam.org.br\/fieam\/para-as-industrias\/#primaryimage\"},\"thumbnailUrl\":\"https:\/\/fieam.org.br\/fieam\/wp-content\/uploads\/sites\/9\/2024\/03\/setas.png\",\"datePublished\":\"2015-11-26T02:07:27+00:00\",\"dateModified\":\"2026-04-24T13:32:44+00:00\",\"breadcrumb\":{\"@id\":\"https:\/\/fieam.org.br\/fieam\/para-as-industrias\/#breadcrumb\"},\"inLanguage\":\"pt-BR\",\"potentialAction\":[{\"@type\":\"ReadAction\",\"target\":[\"https:\/\/fieam.org.br\/fieam\/para-as-industrias\/\"]}]},{\"@type\":\"ImageObject\",\"inLanguage\":\"pt-BR\",\"@id\":\"https:\/\/fieam.org.br\/fieam\/para-as-industrias\/#primaryimage\",\"url\":\"https:\/\/fieam.org.br\/fieam\/wp-content\/uploads\/sites\/9\/2024\/03\/setas.png\",\"contentUrl\":\"https:\/\/fieam.org.br\/fieam\/wp-content\/uploads\/sites\/9\/2024\/03\/setas.png\",\"width\":45,\"height\":38},{\"@type\":\"BreadcrumbList\",\"@id\":\"https:\/\/fieam.org.br\/fieam\/para-as-industrias\/#breadcrumb\",\"itemListElement\":[{\"@type\":\"ListItem\",\"position\":1,\"name\":\"In\u00edcio\",\"item\":\"https:\/\/fieam.org.br\/fieam\/\"},{\"@type\":\"ListItem\",\"position\":2,\"name\":\"Para as Ind\u00fastrias\"}]},{\"@type\":\"WebSite\",\"@id\":\"https:\/\/fieam.org.br\/fieam\/#website\",\"url\":\"https:\/\/fieam.org.br\/fieam\/\",\"name\":\"FIEAM\",\"description\":\"Site Oficial!\",\"publisher\":{\"@id\":\"https:\/\/fieam.org.br\/fieam\/#organization\"},\"potentialAction\":[{\"@type\":\"SearchAction\",\"target\":{\"@type\":\"EntryPoint\",\"urlTemplate\":\"https:\/\/fieam.org.br\/fieam\/?s={search_term_string}\"},\"query-input\":{\"@type\":\"PropertyValueSpecification\",\"valueRequired\":true,\"valueName\":\"search_term_string\"}}],\"inLanguage\":\"pt-BR\"},{\"@type\":\"Organization\",\"@id\":\"https:\/\/fieam.org.br\/fieam\/#organization\",\"name\":\"FIEAM\",\"url\":\"https:\/\/fieam.org.br\/fieam\/\",\"logo\":{\"@type\":\"ImageObject\",\"inLanguage\":\"pt-BR\",\"@id\":\"https:\/\/fieam.org.br\/fieam\/#\/schema\/logo\/image\/\",\"url\":\"https:\/\/fieam.org.br\/fieam\/wp-content\/uploads\/sites\/9\/2024\/03\/cropped-fav.png\",\"contentUrl\":\"https:\/\/fieam.org.br\/fieam\/wp-content\/uploads\/sites\/9\/2024\/03\/cropped-fav.png\",\"width\":597,\"height\":598,\"caption\":\"FIEAM\"},\"image\":{\"@id\":\"https:\/\/fieam.org.br\/fieam\/#\/schema\/logo\/image\/\"}}]}<\/script>\n<!-- \/ Yoast SEO plugin. -->","yoast_head_json":{"title":"Para as Ind\u00fastrias - FIEAM","robots":{"index":"index","follow":"follow","max-snippet":"max-snippet:-1","max-image-preview":"max-image-preview:large","max-video-preview":"max-video-preview:-1"},"canonical":"https:\/\/fieam.org.br\/fieam\/para-as-industrias\/","og_locale":"pt_BR","og_type":"article","og_title":"Para as Ind\u00fastrias - FIEAM","og_description":"Federa\u00e7\u00e3o das Ind\u00fastrias do Estado do Amazonas \u2013 FIEAM A FIEAM atua como a principal representante do setor industrial amazonense, promovendo o fortalecimento das empresas, a competitividade e o desenvolvimento sustent\u00e1vel da ind\u00fastria no Estado. Sindicatos Patronais Filiados A FIEAM re\u00fane mais de 20 sindicatos patronais filiados, que representam diversos segmentos industriais \u2014 como alimenta\u00e7\u00e3o, [&hellip;]","og_url":"https:\/\/fieam.org.br\/fieam\/para-as-industrias\/","og_site_name":"FIEAM","article_modified_time":"2026-04-24T13:32:44+00:00","og_image":[{"url":"https:\/\/fieam.org.br\/fieam\/wp-content\/uploads\/sites\/9\/2024\/03\/setas.png","type":"","width":"","height":""}],"twitter_card":"summary_large_image","twitter_misc":{"Est. tempo de leitura":"4 minutos"},"schema":{"@context":"https:\/\/schema.org","@graph":[{"@type":"WebPage","@id":"https:\/\/fieam.org.br\/fieam\/para-as-industrias\/","url":"https:\/\/fieam.org.br\/fieam\/para-as-industrias\/","name":"Para as Ind\u00fastrias - FIEAM","isPartOf":{"@id":"https:\/\/fieam.org.br\/fieam\/#website"},"primaryImageOfPage":{"@id":"https:\/\/fieam.org.br\/fieam\/para-as-industrias\/#primaryimage"},"image":{"@id":"https:\/\/fieam.org.br\/fieam\/para-as-industrias\/#primaryimage"},"thumbnailUrl":"https:\/\/fieam.org.br\/fieam\/wp-content\/uploads\/sites\/9\/2024\/03\/setas.png","datePublished":"2015-11-26T02:07:27+00:00","dateModified":"2026-04-24T13:32:44+00:00","breadcrumb":{"@id":"https:\/\/fieam.org.br\/fieam\/para-as-industrias\/#breadcrumb"},"inLanguage":"pt-BR","potentialAction":[{"@type":"ReadAction","target":["https:\/\/fieam.org.br\/fieam\/para-as-industrias\/"]}]},{"@type":"ImageObject","inLanguage":"pt-BR","@id":"https:\/\/fieam.org.br\/fieam\/para-as-industrias\/#primaryimage","url":"https:\/\/fieam.org.br\/fieam\/wp-content\/uploads\/sites\/9\/2024\/03\/setas.png","contentUrl":"https:\/\/fieam.org.br\/fieam\/wp-content\/uploads\/sites\/9\/2024\/03\/setas.png","width":45,"height":38},{"@type":"BreadcrumbList","@id":"https:\/\/fieam.org.br\/fieam\/para-as-industrias\/#breadcrumb","itemListElement":[{"@type":"ListItem","position":1,"name":"In\u00edcio","item":"https:\/\/fieam.org.br\/fieam\/"},{"@type":"ListItem","position":2,"name":"Para as Ind\u00fastrias"}]},{"@type":"WebSite","@id":"https:\/\/fieam.org.br\/fieam\/#website","url":"https:\/\/fieam.org.br\/fieam\/","name":"FIEAM","description":"Site Oficial!","publisher":{"@id":"https:\/\/fieam.org.br\/fieam\/#organization"},"potentialAction":[{"@type":"SearchAction","target":{"@type":"EntryPoint","urlTemplate":"https:\/\/fieam.org.br\/fieam\/?s={search_term_string}"},"query-input":{"@type":"PropertyValueSpecification","valueRequired":true,"valueName":"search_term_string"}}],"inLanguage":"pt-BR"},{"@type":"Organization","@id":"https:\/\/fieam.org.br\/fieam\/#organization","name":"FIEAM","url":"https:\/\/fieam.org.br\/fieam\/","logo":{"@type":"ImageObject","inLanguage":"pt-BR","@id":"https:\/\/fieam.org.br\/fieam\/#\/schema\/logo\/image\/","url":"https:\/\/fieam.org.br\/fieam\/wp-content\/uploads\/sites\/9\/2024\/03\/cropped-fav.png","contentUrl":"https:\/\/fieam.org.br\/fieam\/wp-content\/uploads\/sites\/9\/2024\/03\/cropped-fav.png","width":597,"height":598,"caption":"FIEAM"},"image":{"@id":"https:\/\/fieam.org.br\/fieam\/#\/schema\/logo\/image\/"}}]}},"_links":{"self":[{"href":"https:\/\/fieam.org.br\/fieam\/wp-json\/wp\/v2\/pages\/7045","targetHints":{"allow":["GET"]}}],"collection":[{"href":"https:\/\/fieam.org.br\/fieam\/wp-json\/wp\/v2\/pages"}],"about":[{"href":"https:\/\/fieam.org.br\/fieam\/wp-json\/wp\/v2\/types\/page"}],"author":[{"embeddable":true,"href":"https:\/\/fieam.org.br\/fieam\/wp-json\/wp\/v2\/users\/1"}],"replies":[{"embeddable":true,"href":"https:\/\/fieam.org.br\/fieam\/wp-json\/wp\/v2\/comments?post=7045"}],"version-history":[{"count":11,"href":"https:\/\/fieam.org.br\/fieam\/wp-json\/wp\/v2\/pages\/7045\/revisions"}],"predecessor-version":[{"id":18024,"href":"https:\/\/fieam.org.br\/fieam\/wp-json\/wp\/v2\/pages\/7045\/revisions\/18024"}],"wp:attachment":[{"href":"https:\/\/fieam.org.br\/fieam\/wp-json\/wp\/v2\/media?parent=7045"}],"curies":[{"name":"wp","href":"https:\/\/api.w.org\/{rel}","templated":true}]}}