{"id":17714,"date":"2025-11-05T20:05:27","date_gmt":"2025-11-05T20:05:27","guid":{"rendered":"https:\/\/fieam.org.br\/fieam\/?page_id=17714"},"modified":"2025-11-05T20:38:30","modified_gmt":"2025-11-05T20:38:30","slug":"diretoria","status":"publish","type":"page","link":"https:\/\/fieam.org.br\/fieam\/diretoria\/","title":{"rendered":"Diretoria"},"content":{"rendered":"\t\t<div data-elementor-type=\"wp-page\" data-elementor-id=\"17714\" class=\"elementor elementor-17714\" data-elementor-post-type=\"page\">\n\t\t\t\t<div class=\"elementor-element elementor-element-ad53b06 e-con-full e-flex e-con e-parent\" data-id=\"ad53b06\" data-element_type=\"container\" data-settings=\"{&quot;background_background&quot;:&quot;classic&quot;,&quot;ekit_has_onepagescroll_dot&quot;:&quot;yes&quot;}\">\n\t\t\t\t<div class=\"elementor-element elementor-element-88637d7 elementor-widget__width-auto elementor-invisible elementor-widget elementor-widget-image\" data-id=\"88637d7\" data-element_type=\"widget\" data-settings=\"{&quot;_animation&quot;:&quot;rotateIn&quot;,&quot;_animation_delay&quot;:&quot;720&quot;,&quot;ekit_we_effect_on&quot;:&quot;none&quot;}\" data-widget_type=\"image.default\">\n\t\t\t\t<div class=\"elementor-widget-container\">\n\t\t\t\t\t\t\t\t\t\t\t\t\t\t\t<img decoding=\"async\" width=\"45\" height=\"38\" src=\"https:\/\/fieam.org.br\/fieam\/wp-content\/uploads\/sites\/9\/2024\/03\/setas.png\" class=\"attachment-full size-full wp-image-16425\" alt=\"\" \/>\t\t\t\t\t\t\t\t\t\t\t\t\t\t\t<\/div>\n\t\t\t\t<\/div>\n\t\t\t\t<div class=\"elementor-element elementor-element-d54c17e elementor-invisible elementor-widget elementor-widget-heading\" data-id=\"d54c17e\" data-element_type=\"widget\" data-settings=\"{&quot;_animation&quot;:&quot;fadeInDown&quot;,&quot;ekit_we_effect_on&quot;:&quot;none&quot;}\" data-widget_type=\"heading.default\">\n\t\t\t\t<div class=\"elementor-widget-container\">\n\t\t\t\t\t<h2 class=\"elementor-heading-title elementor-size-default\">Diretoria<\/h2>\t\t\t\t<\/div>\n\t\t\t\t<\/div>\n\t\t\t\t<div class=\"elementor-element elementor-element-224586f elementor-invisible elementor-widget elementor-widget-heading\" data-id=\"224586f\" data-element_type=\"widget\" data-settings=\"{&quot;_animation&quot;:&quot;fadeInUp&quot;,&quot;ekit_we_effect_on&quot;:&quot;none&quot;}\" data-widget_type=\"heading.default\">\n\t\t\t\t<div class=\"elementor-widget-container\">\n\t\t\t\t\t<div class=\"elementor-heading-title elementor-size-default\">Federa\u00e7\u00e3o das Ind\u00fastrias do Estado do Amazonas \u2013 FIEAM <\/div>\t\t\t\t<\/div>\n\t\t\t\t<\/div>\n\t\t\t\t<\/div>\n\t\t<div class=\"elementor-element elementor-element-6b0fdfb e-flex e-con-boxed e-con e-parent\" data-id=\"6b0fdfb\" data-element_type=\"container\" data-settings=\"{&quot;ekit_has_onepagescroll_dot&quot;:&quot;yes&quot;}\">\n\t\t\t\t\t<div class=\"e-con-inner\">\n\t\t\t\t<div class=\"elementor-element elementor-element-81950c9 elementor-widget elementor-widget-text-editor\" data-id=\"81950c9\" data-element_type=\"widget\" data-settings=\"{&quot;ekit_we_effect_on&quot;:&quot;none&quot;}\" data-widget_type=\"text-editor.default\">\n\t\t\t\t<div class=\"elementor-widget-container\">\n\t\t\t\t\t\t\t\t\t<p>Presidente: <strong>ANTONIO CARLOS DA SILVA<\/strong><\/p><p>1\u00ba Vice-Presidente: <strong>NELSON AZEVEDO DOS SANTOS<\/strong><\/p><p>2\u00ba Vice-Presidente: <strong>WILSON LUIZ BUZATO PERICO<\/strong><\/p><p>3\u00aa Vice-Presidente: <strong>TEREZA CRISTINA CALDERARO CORREA<\/strong><\/p><p>Vice-Presidente: <strong>ROBERTO DE LIMA CAMINHA FILHO<\/strong><\/p><p>Vice-Presidente: <strong>ALDIMAR JOS\u00c9 DIGER PAES<\/strong><\/p><p>Vice-Presidente: <strong>CARLOS ALBERTO ROSAS MONTEIRO<\/strong><\/p><p>Vice-Presidente: <strong>FRANK DO CARMO SOUZA<\/strong><\/p><p>Vice-Presidente: <strong>AMAURI CARLOS BLANCO<\/strong><\/p><p>Vice-Presidente: <strong>S\u00d3CRATES BOMFIM NETO<\/strong><\/p><p>Vice-Presidente: <strong>AGOSTINHO DE OLIVEIRA FREITAS JUNIOR<\/strong><\/p><p>Vice-Presidente: <strong>LUIZ AUGUSTO BARRETO ROCHA<\/strong><\/p><p>Vice-Presidente: <strong>LUIZ CARVALHO CRUZ<\/strong><\/p><p>Vice-Presidente: <strong>SEBASTI\u00c3O DO NASCIMENTO GUERREIRO<\/strong><\/p><p>Vice-Presidente: <strong>SEBASTI\u00c3O MONTEFUSCO CAVALCANTE J\u00daNIOR<\/strong><\/p><p>Vice-Presidente: <strong>CLAUDIO ANTONIO BARRELLA<\/strong><\/p><p>Vice-Presidente: <strong>WILLIAMS TEIXEIRA BARBOSA<\/strong><\/p><p>Diretor 1\u00ba Secret\u00e1rio: <strong>ORLANDO GUALBERTO CIDADE FILHO<\/strong><\/p><p>Diretor 2\u00ba Secret\u00e1rio: <strong>ROBERTO BENEDITO DE ALMEIDA<\/strong><\/p><p>Diretor 3\u00ba Secret\u00e1rio: <strong>MATEUS DE OLIVEIRA ARAUJO<\/strong><\/p><p>Diretor 1\u00ba Tesoureiro: <strong>JONAS MARTINS NEVES<\/strong><\/p><p>Diretor 2\u00ba Tesoureiro: <strong>AUGUSTO CEZAR COSTA DA SILVA<\/strong><\/p><p>Diretor 3\u00ba Tesoureiro: <strong>PEDRO DE FARIA E CUNHA MONTEIRO<\/strong><\/p><p>Diretor: <strong>FRANK LOPES PEREIRA<\/strong><\/p><p>Diretor: <strong>MIRON OSM\u00c1RIO FOGA\u00c7A<\/strong><\/p><p>Diretor: <strong>PAULO SHUITI TAKEUCHI<\/strong><\/p><p>Diretor: <strong>FRANK BENZECRY<\/strong><\/p><p>Diretor: <strong>JOAQUIM AUZIER DE ALMEIDA<\/strong><\/p><p>Diretora: <strong>ANA PAULA FRANSSINETTI SARUBI PERRONE<\/strong><\/p><p>Diretora: <strong>IVANA VID\u00c9O PAES<\/strong><\/p><p>Diretor: <strong>RODRIGO GOMES DE MORAIS<\/strong><\/p><p>Diretor: <strong>FELIPE MATHEUS TAVARES ALMEIDA<\/strong><\/p><p>Diretor: <strong>MARIO SERGIO MELO LIMA<\/strong><\/p><p>Diretor: <strong>JOS\u00c9 DJANIR CAVALCANTI JUNIOR<\/strong><\/p><p>Diretor: <strong>LIBERALINO RODRIGUES MACHADO FILHO<\/strong><\/p><p>Diretor: <strong>AB\u00cdLIO LIBERAL BUDOIA FILHO<\/strong><\/p><p>Diretor: <strong>GERSON YOSHIHARU AOKI<\/strong><\/p><p>Diretor: <strong>JO\u00c3O BATISTA COELHO MEZARI<\/strong><\/p><p>Diretor: <strong>ROB\u00c9RIO LINHARES ARRUDA<\/strong><\/p><p>Diretor: <strong>JOS\u00c9 CARLOS EVANGELISTA DA SILVA<\/strong><\/p><p>Diretor: <strong>ZACARIAS BICHARA NETO<\/strong><\/p><p>Diretor: <strong>JOS\u00c9 WENDER DE AMORIM XAVIER<\/strong><\/p><p>Diretor: <strong>GUSTAVO OLIVA SOUZA<\/strong><\/p><p>Diretor: <strong>JEREMIAS LOBATO DA TRINDADE<\/strong><\/p><p>Conselheiro Fiscal: <strong>CARLOS ALBERTO MARQUES DE AZEVEDO<\/strong><\/p><p>Conselheiro Fiscal: <strong>CELSO ZILVES<\/strong><\/p><p>Conselheiro Fiscal: <strong>AMILTON CESTARI<\/strong><\/p><p>Diretor Suplente: <strong>ALCY HAGGE CAVALCANTE<\/strong><\/p><p>Diretor Suplente: <strong>CARLOS ALBERTO SOUTO MAIOR CONDE<\/strong><\/p><p>Diretor Suplente: <strong>CARLOS ASTROGILDO BERNARDO CRUZ<\/strong><\/p><p>\u00a0<\/p><p><strong><u>DELEGADOS REPRESENTANTES JUNTO AO CONSELHO DA CNI<\/u><\/strong><\/p><p><strong><u>EFETIVOS<\/u><\/strong><\/p><p>ANTONIO CARLOS DA SILVA<\/p><p>NELSON AZEVEDO DOS SANTOS<\/p><p><strong>\u00a0<\/strong><strong><u>SUPLENTE<\/u><\/strong><\/p><p>CARLOS ALBERTO ROSAS MONTEIRO<\/p><p>WILSON LUIZ BUZATO P\u00c9RICO<\/p>\t\t\t\t\t\t\t\t<\/div>\n\t\t\t\t<\/div>\n\t\t\t\t\t<\/div>\n\t\t\t\t<\/div>\n\t\t\t\t<\/div>\n\t\t","protected":false},"excerpt":{"rendered":"<p>Diretoria Federa\u00e7\u00e3o das Ind\u00fastrias do Estado do Amazonas \u2013 FIEAM Presidente: ANTONIO CARLOS DA SILVA 1\u00ba Vice-Presidente: NELSON AZEVEDO DOS SANTOS 2\u00ba Vice-Presidente: WILSON LUIZ BUZATO PERICO 3\u00aa Vice-Presidente: TEREZA CRISTINA CALDERARO CORREA Vice-Presidente: ROBERTO DE LIMA CAMINHA FILHO Vice-Presidente: ALDIMAR JOS\u00c9 DIGER PAES Vice-Presidente: CARLOS ALBERTO ROSAS MONTEIRO Vice-Presidente: FRANK DO CARMO SOUZA Vice-Presidente: [&hellip;]<\/p>\n","protected":false},"author":1,"featured_media":0,"parent":0,"menu_order":0,"comment_status":"closed","ping_status":"closed","template":"","meta":{"footnotes":""},"class_list":["post-17714","page","type-page","status-publish","hentry"],"yoast_head":"<!-- This site is optimized with the Yoast SEO plugin v26.8 - https:\/\/yoast.com\/product\/yoast-seo-wordpress\/ -->\n<title>Diretoria - FIEAM<\/title>\n<meta name=\"robots\" content=\"index, follow, max-snippet:-1, max-image-preview:large, max-video-preview:-1\" \/>\n<link rel=\"canonical\" href=\"https:\/\/fieam.org.br\/fieam\/diretoria\/\" \/>\n<meta property=\"og:locale\" content=\"pt_BR\" \/>\n<meta property=\"og:type\" content=\"article\" \/>\n<meta property=\"og:title\" content=\"Diretoria - FIEAM\" \/>\n<meta property=\"og:description\" content=\"Diretoria Federa\u00e7\u00e3o das Ind\u00fastrias do Estado do Amazonas \u2013 FIEAM Presidente: ANTONIO CARLOS DA SILVA 1\u00ba Vice-Presidente: NELSON AZEVEDO DOS SANTOS 2\u00ba Vice-Presidente: WILSON LUIZ BUZATO PERICO 3\u00aa Vice-Presidente: TEREZA CRISTINA CALDERARO CORREA Vice-Presidente: ROBERTO DE LIMA CAMINHA FILHO Vice-Presidente: ALDIMAR JOS\u00c9 DIGER PAES Vice-Presidente: CARLOS ALBERTO ROSAS MONTEIRO Vice-Presidente: FRANK DO CARMO SOUZA Vice-Presidente: [&hellip;]\" \/>\n<meta property=\"og:url\" content=\"https:\/\/fieam.org.br\/fieam\/diretoria\/\" \/>\n<meta property=\"og:site_name\" content=\"FIEAM\" \/>\n<meta property=\"article:modified_time\" content=\"2025-11-05T20:38:30+00:00\" \/>\n<meta property=\"og:image\" content=\"https:\/\/fieam.org.br\/fieam\/wp-content\/uploads\/sites\/9\/2024\/03\/setas.png\" \/>\n\t<meta property=\"og:image:width\" content=\"45\" \/>\n\t<meta property=\"og:image:height\" content=\"38\" \/>\n\t<meta property=\"og:image:type\" content=\"image\/png\" \/>\n<meta name=\"twitter:card\" content=\"summary_large_image\" \/>\n<meta name=\"twitter:label1\" content=\"Est. tempo de leitura\" \/>\n\t<meta name=\"twitter:data1\" content=\"1 minuto\" \/>\n<script type=\"application\/ld+json\" class=\"yoast-schema-graph\">{\"@context\":\"https:\/\/schema.org\",\"@graph\":[{\"@type\":\"WebPage\",\"@id\":\"https:\/\/fieam.org.br\/fieam\/diretoria\/\",\"url\":\"https:\/\/fieam.org.br\/fieam\/diretoria\/\",\"name\":\"Diretoria - FIEAM\",\"isPartOf\":{\"@id\":\"https:\/\/fieam.org.br\/fieam\/#website\"},\"primaryImageOfPage\":{\"@id\":\"https:\/\/fieam.org.br\/fieam\/diretoria\/#primaryimage\"},\"image\":{\"@id\":\"https:\/\/fieam.org.br\/fieam\/diretoria\/#primaryimage\"},\"thumbnailUrl\":\"https:\/\/fieam.org.br\/fieam\/wp-content\/uploads\/sites\/9\/2024\/03\/setas.png\",\"datePublished\":\"2025-11-05T20:05:27+00:00\",\"dateModified\":\"2025-11-05T20:38:30+00:00\",\"breadcrumb\":{\"@id\":\"https:\/\/fieam.org.br\/fieam\/diretoria\/#breadcrumb\"},\"inLanguage\":\"pt-BR\",\"potentialAction\":[{\"@type\":\"ReadAction\",\"target\":[\"https:\/\/fieam.org.br\/fieam\/diretoria\/\"]}]},{\"@type\":\"ImageObject\",\"inLanguage\":\"pt-BR\",\"@id\":\"https:\/\/fieam.org.br\/fieam\/diretoria\/#primaryimage\",\"url\":\"https:\/\/fieam.org.br\/fieam\/wp-content\/uploads\/sites\/9\/2024\/03\/setas.png\",\"contentUrl\":\"https:\/\/fieam.org.br\/fieam\/wp-content\/uploads\/sites\/9\/2024\/03\/setas.png\",\"width\":45,\"height\":38},{\"@type\":\"BreadcrumbList\",\"@id\":\"https:\/\/fieam.org.br\/fieam\/diretoria\/#breadcrumb\",\"itemListElement\":[{\"@type\":\"ListItem\",\"position\":1,\"name\":\"In\u00edcio\",\"item\":\"https:\/\/fieam.org.br\/fieam\/\"},{\"@type\":\"ListItem\",\"position\":2,\"name\":\"Diretoria\"}]},{\"@type\":\"WebSite\",\"@id\":\"https:\/\/fieam.org.br\/fieam\/#website\",\"url\":\"https:\/\/fieam.org.br\/fieam\/\",\"name\":\"FIEAM\",\"description\":\"Site Oficial!\",\"publisher\":{\"@id\":\"https:\/\/fieam.org.br\/fieam\/#organization\"},\"potentialAction\":[{\"@type\":\"SearchAction\",\"target\":{\"@type\":\"EntryPoint\",\"urlTemplate\":\"https:\/\/fieam.org.br\/fieam\/?s={search_term_string}\"},\"query-input\":{\"@type\":\"PropertyValueSpecification\",\"valueRequired\":true,\"valueName\":\"search_term_string\"}}],\"inLanguage\":\"pt-BR\"},{\"@type\":\"Organization\",\"@id\":\"https:\/\/fieam.org.br\/fieam\/#organization\",\"name\":\"FIEAM\",\"url\":\"https:\/\/fieam.org.br\/fieam\/\",\"logo\":{\"@type\":\"ImageObject\",\"inLanguage\":\"pt-BR\",\"@id\":\"https:\/\/fieam.org.br\/fieam\/#\/schema\/logo\/image\/\",\"url\":\"https:\/\/fieam.org.br\/fieam\/wp-content\/uploads\/sites\/9\/2024\/03\/cropped-fav.png\",\"contentUrl\":\"https:\/\/fieam.org.br\/fieam\/wp-content\/uploads\/sites\/9\/2024\/03\/cropped-fav.png\",\"width\":597,\"height\":598,\"caption\":\"FIEAM\"},\"image\":{\"@id\":\"https:\/\/fieam.org.br\/fieam\/#\/schema\/logo\/image\/\"}}]}<\/script>\n<!-- \/ Yoast SEO plugin. -->","yoast_head_json":{"title":"Diretoria - FIEAM","robots":{"index":"index","follow":"follow","max-snippet":"max-snippet:-1","max-image-preview":"max-image-preview:large","max-video-preview":"max-video-preview:-1"},"canonical":"https:\/\/fieam.org.br\/fieam\/diretoria\/","og_locale":"pt_BR","og_type":"article","og_title":"Diretoria - FIEAM","og_description":"Diretoria Federa\u00e7\u00e3o das Ind\u00fastrias do Estado do Amazonas \u2013 FIEAM Presidente: ANTONIO CARLOS DA SILVA 1\u00ba Vice-Presidente: NELSON AZEVEDO DOS SANTOS 2\u00ba Vice-Presidente: WILSON LUIZ BUZATO PERICO 3\u00aa Vice-Presidente: TEREZA CRISTINA CALDERARO CORREA Vice-Presidente: ROBERTO DE LIMA CAMINHA FILHO Vice-Presidente: ALDIMAR JOS\u00c9 DIGER PAES Vice-Presidente: CARLOS ALBERTO ROSAS MONTEIRO Vice-Presidente: FRANK DO CARMO SOUZA Vice-Presidente: [&hellip;]","og_url":"https:\/\/fieam.org.br\/fieam\/diretoria\/","og_site_name":"FIEAM","article_modified_time":"2025-11-05T20:38:30+00:00","og_image":[{"width":45,"height":38,"url":"https:\/\/fieam.org.br\/fieam\/wp-content\/uploads\/sites\/9\/2024\/03\/setas.png","type":"image\/png"}],"twitter_card":"summary_large_image","twitter_misc":{"Est. tempo de leitura":"1 minuto"},"schema":{"@context":"https:\/\/schema.org","@graph":[{"@type":"WebPage","@id":"https:\/\/fieam.org.br\/fieam\/diretoria\/","url":"https:\/\/fieam.org.br\/fieam\/diretoria\/","name":"Diretoria - FIEAM","isPartOf":{"@id":"https:\/\/fieam.org.br\/fieam\/#website"},"primaryImageOfPage":{"@id":"https:\/\/fieam.org.br\/fieam\/diretoria\/#primaryimage"},"image":{"@id":"https:\/\/fieam.org.br\/fieam\/diretoria\/#primaryimage"},"thumbnailUrl":"https:\/\/fieam.org.br\/fieam\/wp-content\/uploads\/sites\/9\/2024\/03\/setas.png","datePublished":"2025-11-05T20:05:27+00:00","dateModified":"2025-11-05T20:38:30+00:00","breadcrumb":{"@id":"https:\/\/fieam.org.br\/fieam\/diretoria\/#breadcrumb"},"inLanguage":"pt-BR","potentialAction":[{"@type":"ReadAction","target":["https:\/\/fieam.org.br\/fieam\/diretoria\/"]}]},{"@type":"ImageObject","inLanguage":"pt-BR","@id":"https:\/\/fieam.org.br\/fieam\/diretoria\/#primaryimage","url":"https:\/\/fieam.org.br\/fieam\/wp-content\/uploads\/sites\/9\/2024\/03\/setas.png","contentUrl":"https:\/\/fieam.org.br\/fieam\/wp-content\/uploads\/sites\/9\/2024\/03\/setas.png","width":45,"height":38},{"@type":"BreadcrumbList","@id":"https:\/\/fieam.org.br\/fieam\/diretoria\/#breadcrumb","itemListElement":[{"@type":"ListItem","position":1,"name":"In\u00edcio","item":"https:\/\/fieam.org.br\/fieam\/"},{"@type":"ListItem","position":2,"name":"Diretoria"}]},{"@type":"WebSite","@id":"https:\/\/fieam.org.br\/fieam\/#website","url":"https:\/\/fieam.org.br\/fieam\/","name":"FIEAM","description":"Site Oficial!","publisher":{"@id":"https:\/\/fieam.org.br\/fieam\/#organization"},"potentialAction":[{"@type":"SearchAction","target":{"@type":"EntryPoint","urlTemplate":"https:\/\/fieam.org.br\/fieam\/?s={search_term_string}"},"query-input":{"@type":"PropertyValueSpecification","valueRequired":true,"valueName":"search_term_string"}}],"inLanguage":"pt-BR"},{"@type":"Organization","@id":"https:\/\/fieam.org.br\/fieam\/#organization","name":"FIEAM","url":"https:\/\/fieam.org.br\/fieam\/","logo":{"@type":"ImageObject","inLanguage":"pt-BR","@id":"https:\/\/fieam.org.br\/fieam\/#\/schema\/logo\/image\/","url":"https:\/\/fieam.org.br\/fieam\/wp-content\/uploads\/sites\/9\/2024\/03\/cropped-fav.png","contentUrl":"https:\/\/fieam.org.br\/fieam\/wp-content\/uploads\/sites\/9\/2024\/03\/cropped-fav.png","width":597,"height":598,"caption":"FIEAM"},"image":{"@id":"https:\/\/fieam.org.br\/fieam\/#\/schema\/logo\/image\/"}}]}},"_links":{"self":[{"href":"https:\/\/fieam.org.br\/fieam\/wp-json\/wp\/v2\/pages\/17714","targetHints":{"allow":["GET"]}}],"collection":[{"href":"https:\/\/fieam.org.br\/fieam\/wp-json\/wp\/v2\/pages"}],"about":[{"href":"https:\/\/fieam.org.br\/fieam\/wp-json\/wp\/v2\/types\/page"}],"author":[{"embeddable":true,"href":"https:\/\/fieam.org.br\/fieam\/wp-json\/wp\/v2\/users\/1"}],"replies":[{"embeddable":true,"href":"https:\/\/fieam.org.br\/fieam\/wp-json\/wp\/v2\/comments?post=17714"}],"version-history":[{"count":10,"href":"https:\/\/fieam.org.br\/fieam\/wp-json\/wp\/v2\/pages\/17714\/revisions"}],"predecessor-version":[{"id":17725,"href":"https:\/\/fieam.org.br\/fieam\/wp-json\/wp\/v2\/pages\/17714\/revisions\/17725"}],"wp:attachment":[{"href":"https:\/\/fieam.org.br\/fieam\/wp-json\/wp\/v2\/media?parent=17714"}],"curies":[{"name":"wp","href":"https:\/\/api.w.org\/{rel}","templated":true}]}}