{"id":17684,"date":"2025-11-04T18:20:31","date_gmt":"2025-11-04T18:20:31","guid":{"rendered":"https:\/\/fieam.org.br\/fieam\/?page_id=17684"},"modified":"2025-11-04T20:45:05","modified_gmt":"2025-11-04T20:45:05","slug":"cin","status":"publish","type":"page","link":"https:\/\/fieam.org.br\/fieam\/cin\/","title":{"rendered":"CIN"},"content":{"rendered":"\t\t<div data-elementor-type=\"wp-page\" data-elementor-id=\"17684\" class=\"elementor elementor-17684\" data-elementor-post-type=\"page\">\n\t\t\t\t\t\t<section class=\"elementor-section elementor-top-section elementor-element elementor-element-27e9302 elementor-section-boxed elementor-section-height-default elementor-section-height-default\" data-id=\"27e9302\" data-element_type=\"section\" data-settings=\"{&quot;background_background&quot;:&quot;classic&quot;,&quot;ekit_has_onepagescroll_dot&quot;:&quot;yes&quot;}\">\n\t\t\t\t\t\t\t<div class=\"elementor-background-overlay\"><\/div>\n\t\t\t\t\t\t\t<div class=\"elementor-container elementor-column-gap-default\">\n\t\t\t\t\t<div class=\"elementor-column elementor-col-100 elementor-top-column elementor-element elementor-element-e01eb53\" data-id=\"e01eb53\" data-element_type=\"column\">\n\t\t\t<div class=\"elementor-widget-wrap elementor-element-populated\">\n\t\t\t\t\t\t<div class=\"elementor-element elementor-element-113e25a elementor-widget__width-auto elementor-invisible elementor-widget elementor-widget-image\" data-id=\"113e25a\" data-element_type=\"widget\" data-settings=\"{&quot;_animation&quot;:&quot;rotateIn&quot;,&quot;_animation_delay&quot;:&quot;720&quot;,&quot;ekit_we_effect_on&quot;:&quot;none&quot;}\" data-widget_type=\"image.default\">\n\t\t\t\t<div class=\"elementor-widget-container\">\n\t\t\t\t\t\t\t\t\t\t\t\t\t\t\t<img decoding=\"async\" width=\"45\" height=\"38\" src=\"https:\/\/fieam.org.br\/fieam\/wp-content\/uploads\/sites\/9\/2024\/03\/setas.png\" class=\"attachment-full size-full wp-image-16425\" alt=\"\" \/>\t\t\t\t\t\t\t\t\t\t\t\t\t\t\t<\/div>\n\t\t\t\t<\/div>\n\t\t\t\t<div class=\"elementor-element elementor-element-f6159e0 elementor-invisible elementor-widget elementor-widget-heading\" data-id=\"f6159e0\" data-element_type=\"widget\" data-settings=\"{&quot;_animation&quot;:&quot;fadeInDown&quot;,&quot;ekit_we_effect_on&quot;:&quot;none&quot;}\" data-widget_type=\"heading.default\">\n\t\t\t\t<div class=\"elementor-widget-container\">\n\t\t\t\t\t<h2 class=\"elementor-heading-title elementor-size-default\">cIN<\/h2>\t\t\t\t<\/div>\n\t\t\t\t<\/div>\n\t\t\t\t<div class=\"elementor-element elementor-element-cb1f0c5 elementor-invisible elementor-widget elementor-widget-heading\" data-id=\"cb1f0c5\" data-element_type=\"widget\" data-settings=\"{&quot;_animation&quot;:&quot;fadeInUp&quot;,&quot;ekit_we_effect_on&quot;:&quot;none&quot;}\" data-widget_type=\"heading.default\">\n\t\t\t\t<div class=\"elementor-widget-container\">\n\t\t\t\t\t<div class=\"elementor-heading-title elementor-size-default\">Centro Internacional de Neg\u00f3cios do Amazonas <\/div>\t\t\t\t<\/div>\n\t\t\t\t<\/div>\n\t\t\t\t\t<\/div>\n\t\t<\/div>\n\t\t\t\t\t<\/div>\n\t\t<\/section>\n\t\t<div class=\"elementor-element elementor-element-93190ca e-flex e-con-boxed e-con e-parent\" data-id=\"93190ca\" data-element_type=\"container\" data-settings=\"{&quot;ekit_has_onepagescroll_dot&quot;:&quot;yes&quot;}\">\n\t\t\t\t\t<div class=\"e-con-inner\">\n\t\t\t\t<div class=\"elementor-element elementor-element-11d87fd elementor-widget elementor-widget-text-editor\" data-id=\"11d87fd\" data-element_type=\"widget\" data-settings=\"{&quot;ekit_we_effect_on&quot;:&quot;none&quot;}\" data-widget_type=\"text-editor.default\">\n\t\t\t\t<div class=\"elementor-widget-container\">\n\t\t\t\t\t\t\t\t\t<p>O Centro Internacional de Neg\u00f3cios do Amazonas (CIN\/AM) \u00e9 parte integrante da Rede Brasileira de Centros Internacionais de Neg\u00f3cios (Rede CIN) coordenada pela Confedera\u00e7\u00e3o Nacional da Ind\u00fastria (CNI) que tem a miss\u00e3o de apoiar a base produtiva do Estado do Amazonas, na \u00e1rea internacional com foco nas exporta\u00e7\u00f5es, por meio da oferta de produtos e servi\u00e7os \u00e0s empresas instaladas no Amazonas.<\/p><p>No Sistema FIEAM, o CIN est\u00e1 subordinado diretamente \u00e0 Presid\u00eancia da FIEAM.<\/p><p><strong>P\u00fablico-alvo:<\/strong><\/p><p>Empresas exportadoras, micro e pequenas empresas, al\u00e9m de estudantes.<\/p><p><strong>Equipe do CIN-AM:<\/strong><\/p><p>Jos\u00e9 Marcelo de Castro Lima \u2013 Gerente Executivo<\/p><p>Tereza Maria dos Santos Oliveira \u2013 Coordenadora<\/p><p>Lauziane Almeida dos Santos \u2013 PAS\/Certificado de Origem<\/p><p>Ana Paula de Oliveira Braga \u2013 PAS\/NAC<\/p><p><strong>Endere\u00e7o:<\/strong><\/p><p>Federa\u00e7\u00e3o das Ind\u00fastrias do Estado do Amazonas &#8211; FIEAM<\/p><p>Av. Joaquim Nabuco, 1919 \u2013 Edif\u00edcio Albano Franco &#8211; T\u00e9rreo \u2013 Centro<\/p><p>Telefones: (92) 3186-6511 e 98479-5063<\/p><p>E-mail: <u><a href=\"mailto:cin@fieam.org.br\">cin@fieam.org.br<\/a><\/u><\/p><p>Certificado de origem: (92) 3186-6510<\/p><p>E-mail: <a href=\"mailto:lauziane.santos@fieam.org.br\">lauziane.santos@fieam.org.br<\/a><\/p>\t\t\t\t\t\t\t\t<\/div>\n\t\t\t\t<\/div>\n\t\t\t\t\t<\/div>\n\t\t\t\t<\/div>\n\t\t<div class=\"elementor-element elementor-element-d4e6168 e-flex e-con-boxed e-con e-parent\" data-id=\"d4e6168\" data-element_type=\"container\" data-settings=\"{&quot;ekit_has_onepagescroll_dot&quot;:&quot;yes&quot;}\">\n\t\t\t\t\t<div class=\"e-con-inner\">\n\t\t\t\t<div class=\"elementor-element elementor-element-442f98c elementor-widget__width-initial elementor-widget elementor-widget-elementskit-accordion\" data-id=\"442f98c\" data-element_type=\"widget\" data-settings=\"{&quot;ekit_we_effect_on&quot;:&quot;none&quot;}\" data-widget_type=\"elementskit-accordion.default\">\n\t\t\t\t<div class=\"elementor-widget-container\">\n\t\t\t\t\t<div class=\"ekit-wid-con\" >\n        <div class=\"elementskit-accordion accoedion-primary\" id=\"accordion-69f9f4cc7c2eb\">\n\n            \n                <div class=\"elementskit-card active\">\n                    <div class=\"elementskit-card-header\" id=\"primaryHeading-0-442f98c\">\n                        <a href=\"#collapse-dd69a5469f9f4cc7c2eb\" class=\"ekit-accordion--toggler elementskit-btn-link collapsed\" data-ekit-toggle=\"collapse\" data-target=\"#Collapse-dd69a5469f9f4cc7c2eb\" aria-expanded=\"true\" aria-controls=\"Collapse-dd69a5469f9f4cc7c2eb\">\n                            \n                            <span class=\"ekit-accordion-title\">PRODUTOS E SERVI\u00c7OS<\/span>\n\n                            \n                                <div class=\"ekit_accordion_icon_group\">\n                                    <div class=\"ekit_accordion_normal_icon\">\n                                        <!-- Normal Icon -->\n\t\t\t\t\t\t\t\t\t\t<svg class=\"e-font-icon-svg e-fas-plus\" viewBox=\"0 0 448 512\" xmlns=\"http:\/\/www.w3.org\/2000\/svg\"><path d=\"M416 208H272V64c0-17.67-14.33-32-32-32h-32c-17.67 0-32 14.33-32 32v144H32c-17.67 0-32 14.33-32 32v32c0 17.67 14.33 32 32 32h144v144c0 17.67 14.33 32 32 32h32c17.67 0 32-14.33 32-32V304h144c17.67 0 32-14.33 32-32v-32c0-17.67-14.33-32-32-32z\"><\/path><\/svg>                                    <\/div>\n\n                                    <div class=\"ekit_accordion_active_icon\">\n                                        <!-- Active Icon -->\n\t\t\t\t\t\t\t\t\t\t<svg class=\"e-font-icon-svg e-fas-minus\" viewBox=\"0 0 448 512\" xmlns=\"http:\/\/www.w3.org\/2000\/svg\"><path d=\"M416 208H32c-17.67 0-32 14.33-32 32v32c0 17.67 14.33 32 32 32h384c17.67 0 32-14.33 32-32v-32c0-17.67-14.33-32-32-32z\"><\/path><\/svg>                                    <\/div>\n                                <\/div>\n\n                            \n                                                    <\/a>\n                    <\/div>\n\n                    <div id=\"Collapse-dd69a5469f9f4cc7c2eb\" class=\" show collapse\" aria-labelledby=\"primaryHeading-0-442f98c\" data-parent=\"#accordion-69f9f4cc7c2eb\">\n\n                        <div class=\"elementskit-card-body ekit-accordion--content\">\n                            <table><tbody><tr><td colspan=\"8\"><strong>Certificado de Origem Digital (COD)<\/strong> - Documento que atesta a origem do produto da empresa com fins para exporta\u00e7\u00e3o, respeitando as regras dos acordos de complementa\u00e7\u00f5es econ\u00f4micas, imposta pelo MERCOSUL ou ALADI.<\/td><\/tr><tr><td colspan=\"8\"><strong>Programas de Internacionaliza\u00e7\u00e3o<\/strong>: Por meio de metodologias elaboradas, objetivando a inser\u00e7\u00e3o de empresas brasileiras no mercado internacional de forma segura.<\/td><\/tr><tr><td colspan=\"8\"><p><strong>Assessoria Empresarial:<\/strong> Atendimentos pontuais, agendados ou n\u00e3o, para informa\u00e7\u00f5es\/orienta\u00e7\u00f5es sobre assuntos diversos relacionados ao comercio internacional.<\/p><p><strong>\u00a0<\/strong><\/p><\/td><\/tr><tr><td colspan=\"8\"><strong>Consultoria:<\/strong> Servi\u00e7o de apoio \u00e0s empresas por meio de programas de internacionaliza\u00e7\u00e3o ou conv\u00eanios de coopera\u00e7\u00e3o, que visam preparar as MPEs para o mercado internacional por meio de metodologias aplicadas por consultores renomados nacionalmente.<\/td><\/tr><tr><td colspan=\"8\"><strong>Intelig\u00eancia Comercial<\/strong>: Disponibiliza informa\u00e7\u00f5es estrat\u00e9gicas sobre os principais mercados mundiais com estat\u00edsticas, legisla\u00e7\u00e3o, oportunidades comerciais.<\/td><\/tr><tr><td colspan=\"8\"><strong>Capacita\u00e7\u00e3o Empresaria<\/strong>l - Realizado por meio do Programa Iniciativa CINs, cujo objetivo \u00e9 promover aprimoramento e reciclagem t\u00e9cnico-gerencial em Com\u00e9rcio Exterior ao seu p\u00fablico-alvo, por meio de cursos de curta dura\u00e7\u00e3o, palestras, semin\u00e1rios e workshops <em>on- line <\/em>ou presenciais.<\/td><\/tr><tr><td colspan=\"8\"><strong>Promo\u00e7\u00e3o de Neg\u00f3cios<\/strong>: Realiza eventos no Brasil e no exterior (miss\u00f5es empresariais, encontros de neg\u00f3cios e participa\u00e7\u00e3o em feiras nacionais e internacionais) para promover o incremento de neg\u00f3cios e atra\u00e7\u00e3o de investimentos a empresas brasileiras, em parceria com SEBRAE, SUFRAMA, APEX, MDIC, MRE entre outros.<\/td><\/tr><tr><td colspan=\"8\"><strong>N\u00facleo de Acesso ao Cr\u00e9dito (NAC)<\/strong>: Atendimento realizado as micro, pequenas, m\u00e9dias e at\u00e9 grandes empresas no que tange o acesso a linhas de financiamento dos agentes financeiros como Caixa Econ\u00f4mica, Bradesco, Banco da Amaz\u00f4nia e Linhas do BNDES.<\/td><\/tr><tr><td colspan=\"8\"><strong>Membro do Grupo de Trabalho do COD (GT COD) \u2013 <\/strong>Grupo coordenado pela CNI, para tratativas e resolu\u00e7\u00f5es dos assuntos relacionados aos documentos de exporta\u00e7\u00f5es emitidos pelas Federa\u00e7\u00f5es de Ind\u00fastrias por meio do Sistema COD Brasil.<\/td><\/tr><tr><td colspan=\"8\"><strong>Membro do Comit\u00ea Gestor do Projeto de Extens\u00e3o Industrial Exportadora (PEIEX)<\/strong>: Programa de Qualifica\u00e7\u00e3o para a Exporta\u00e7\u00e3o desenvolvido pela ApexBrasil. Tem como principal objetivo qualificar empresas de pequeno e m\u00e9dio porte, a fim de desenvolver o potencial de exporta\u00e7\u00e3o e assim ampliar seus mercados.<\/td><\/tr><\/tbody><\/table>                        <\/div>\n\n                    <\/div>\n\n                <\/div><!-- .elementskit-card END -->\n\n                                        <\/div>\n    <\/div>\t\t\t\t<\/div>\n\t\t\t\t<\/div>\n\t\t\t\t\t<\/div>\n\t\t\t\t<\/div>\n\t\t\t\t<\/div>\n\t\t","protected":false},"excerpt":{"rendered":"<p>cIN Centro Internacional de Neg\u00f3cios do Amazonas O Centro Internacional de Neg\u00f3cios do Amazonas (CIN\/AM) \u00e9 parte integrante da Rede Brasileira de Centros Internacionais de Neg\u00f3cios (Rede CIN) coordenada pela Confedera\u00e7\u00e3o Nacional da Ind\u00fastria (CNI) que tem a miss\u00e3o de apoiar a base produtiva do Estado do Amazonas, na \u00e1rea internacional com foco nas exporta\u00e7\u00f5es, [&hellip;]<\/p>\n","protected":false},"author":1,"featured_media":0,"parent":0,"menu_order":0,"comment_status":"closed","ping_status":"closed","template":"","meta":{"footnotes":""},"class_list":["post-17684","page","type-page","status-publish","hentry"],"yoast_head":"<!-- This site is optimized with the Yoast SEO plugin v26.8 - https:\/\/yoast.com\/product\/yoast-seo-wordpress\/ -->\n<title>CIN - FIEAM<\/title>\n<meta name=\"robots\" content=\"index, follow, max-snippet:-1, max-image-preview:large, max-video-preview:-1\" \/>\n<link rel=\"canonical\" href=\"https:\/\/fieam.org.br\/fieam\/cin\/\" \/>\n<meta property=\"og:locale\" content=\"pt_BR\" \/>\n<meta property=\"og:type\" content=\"article\" \/>\n<meta property=\"og:title\" content=\"CIN - FIEAM\" \/>\n<meta property=\"og:description\" content=\"cIN Centro Internacional de Neg\u00f3cios do Amazonas O Centro Internacional de Neg\u00f3cios do Amazonas (CIN\/AM) \u00e9 parte integrante da Rede Brasileira de Centros Internacionais de Neg\u00f3cios (Rede CIN) coordenada pela Confedera\u00e7\u00e3o Nacional da Ind\u00fastria (CNI) que tem a miss\u00e3o de apoiar a base produtiva do Estado do Amazonas, na \u00e1rea internacional com foco nas exporta\u00e7\u00f5es, [&hellip;]\" \/>\n<meta property=\"og:url\" content=\"https:\/\/fieam.org.br\/fieam\/cin\/\" \/>\n<meta property=\"og:site_name\" content=\"FIEAM\" \/>\n<meta property=\"article:modified_time\" content=\"2025-11-04T20:45:05+00:00\" \/>\n<meta property=\"og:image\" content=\"https:\/\/fieam.org.br\/fieam\/wp-content\/uploads\/sites\/9\/2024\/03\/setas.png\" \/>\n\t<meta property=\"og:image:width\" content=\"45\" \/>\n\t<meta property=\"og:image:height\" content=\"38\" \/>\n\t<meta property=\"og:image:type\" content=\"image\/png\" \/>\n<meta name=\"twitter:card\" content=\"summary_large_image\" \/>\n<meta name=\"twitter:label1\" content=\"Est. tempo de leitura\" \/>\n\t<meta name=\"twitter:data1\" content=\"3 minutos\" \/>\n<script type=\"application\/ld+json\" class=\"yoast-schema-graph\">{\"@context\":\"https:\/\/schema.org\",\"@graph\":[{\"@type\":\"WebPage\",\"@id\":\"https:\/\/fieam.org.br\/fieam\/cin\/\",\"url\":\"https:\/\/fieam.org.br\/fieam\/cin\/\",\"name\":\"CIN - FIEAM\",\"isPartOf\":{\"@id\":\"https:\/\/fieam.org.br\/fieam\/#website\"},\"primaryImageOfPage\":{\"@id\":\"https:\/\/fieam.org.br\/fieam\/cin\/#primaryimage\"},\"image\":{\"@id\":\"https:\/\/fieam.org.br\/fieam\/cin\/#primaryimage\"},\"thumbnailUrl\":\"https:\/\/fieam.org.br\/fieam\/wp-content\/uploads\/sites\/9\/2024\/03\/setas.png\",\"datePublished\":\"2025-11-04T18:20:31+00:00\",\"dateModified\":\"2025-11-04T20:45:05+00:00\",\"breadcrumb\":{\"@id\":\"https:\/\/fieam.org.br\/fieam\/cin\/#breadcrumb\"},\"inLanguage\":\"pt-BR\",\"potentialAction\":[{\"@type\":\"ReadAction\",\"target\":[\"https:\/\/fieam.org.br\/fieam\/cin\/\"]}]},{\"@type\":\"ImageObject\",\"inLanguage\":\"pt-BR\",\"@id\":\"https:\/\/fieam.org.br\/fieam\/cin\/#primaryimage\",\"url\":\"https:\/\/fieam.org.br\/fieam\/wp-content\/uploads\/sites\/9\/2024\/03\/setas.png\",\"contentUrl\":\"https:\/\/fieam.org.br\/fieam\/wp-content\/uploads\/sites\/9\/2024\/03\/setas.png\",\"width\":45,\"height\":38},{\"@type\":\"BreadcrumbList\",\"@id\":\"https:\/\/fieam.org.br\/fieam\/cin\/#breadcrumb\",\"itemListElement\":[{\"@type\":\"ListItem\",\"position\":1,\"name\":\"In\u00edcio\",\"item\":\"https:\/\/fieam.org.br\/fieam\/\"},{\"@type\":\"ListItem\",\"position\":2,\"name\":\"CIN\"}]},{\"@type\":\"WebSite\",\"@id\":\"https:\/\/fieam.org.br\/fieam\/#website\",\"url\":\"https:\/\/fieam.org.br\/fieam\/\",\"name\":\"FIEAM\",\"description\":\"Site Oficial!\",\"publisher\":{\"@id\":\"https:\/\/fieam.org.br\/fieam\/#organization\"},\"potentialAction\":[{\"@type\":\"SearchAction\",\"target\":{\"@type\":\"EntryPoint\",\"urlTemplate\":\"https:\/\/fieam.org.br\/fieam\/?s={search_term_string}\"},\"query-input\":{\"@type\":\"PropertyValueSpecification\",\"valueRequired\":true,\"valueName\":\"search_term_string\"}}],\"inLanguage\":\"pt-BR\"},{\"@type\":\"Organization\",\"@id\":\"https:\/\/fieam.org.br\/fieam\/#organization\",\"name\":\"FIEAM\",\"url\":\"https:\/\/fieam.org.br\/fieam\/\",\"logo\":{\"@type\":\"ImageObject\",\"inLanguage\":\"pt-BR\",\"@id\":\"https:\/\/fieam.org.br\/fieam\/#\/schema\/logo\/image\/\",\"url\":\"https:\/\/fieam.org.br\/fieam\/wp-content\/uploads\/sites\/9\/2024\/03\/cropped-fav.png\",\"contentUrl\":\"https:\/\/fieam.org.br\/fieam\/wp-content\/uploads\/sites\/9\/2024\/03\/cropped-fav.png\",\"width\":597,\"height\":598,\"caption\":\"FIEAM\"},\"image\":{\"@id\":\"https:\/\/fieam.org.br\/fieam\/#\/schema\/logo\/image\/\"}}]}<\/script>\n<!-- \/ Yoast SEO plugin. -->","yoast_head_json":{"title":"CIN - FIEAM","robots":{"index":"index","follow":"follow","max-snippet":"max-snippet:-1","max-image-preview":"max-image-preview:large","max-video-preview":"max-video-preview:-1"},"canonical":"https:\/\/fieam.org.br\/fieam\/cin\/","og_locale":"pt_BR","og_type":"article","og_title":"CIN - FIEAM","og_description":"cIN Centro Internacional de Neg\u00f3cios do Amazonas O Centro Internacional de Neg\u00f3cios do Amazonas (CIN\/AM) \u00e9 parte integrante da Rede Brasileira de Centros Internacionais de Neg\u00f3cios (Rede CIN) coordenada pela Confedera\u00e7\u00e3o Nacional da Ind\u00fastria (CNI) que tem a miss\u00e3o de apoiar a base produtiva do Estado do Amazonas, na \u00e1rea internacional com foco nas exporta\u00e7\u00f5es, [&hellip;]","og_url":"https:\/\/fieam.org.br\/fieam\/cin\/","og_site_name":"FIEAM","article_modified_time":"2025-11-04T20:45:05+00:00","og_image":[{"width":45,"height":38,"url":"https:\/\/fieam.org.br\/fieam\/wp-content\/uploads\/sites\/9\/2024\/03\/setas.png","type":"image\/png"}],"twitter_card":"summary_large_image","twitter_misc":{"Est. tempo de leitura":"3 minutos"},"schema":{"@context":"https:\/\/schema.org","@graph":[{"@type":"WebPage","@id":"https:\/\/fieam.org.br\/fieam\/cin\/","url":"https:\/\/fieam.org.br\/fieam\/cin\/","name":"CIN - FIEAM","isPartOf":{"@id":"https:\/\/fieam.org.br\/fieam\/#website"},"primaryImageOfPage":{"@id":"https:\/\/fieam.org.br\/fieam\/cin\/#primaryimage"},"image":{"@id":"https:\/\/fieam.org.br\/fieam\/cin\/#primaryimage"},"thumbnailUrl":"https:\/\/fieam.org.br\/fieam\/wp-content\/uploads\/sites\/9\/2024\/03\/setas.png","datePublished":"2025-11-04T18:20:31+00:00","dateModified":"2025-11-04T20:45:05+00:00","breadcrumb":{"@id":"https:\/\/fieam.org.br\/fieam\/cin\/#breadcrumb"},"inLanguage":"pt-BR","potentialAction":[{"@type":"ReadAction","target":["https:\/\/fieam.org.br\/fieam\/cin\/"]}]},{"@type":"ImageObject","inLanguage":"pt-BR","@id":"https:\/\/fieam.org.br\/fieam\/cin\/#primaryimage","url":"https:\/\/fieam.org.br\/fieam\/wp-content\/uploads\/sites\/9\/2024\/03\/setas.png","contentUrl":"https:\/\/fieam.org.br\/fieam\/wp-content\/uploads\/sites\/9\/2024\/03\/setas.png","width":45,"height":38},{"@type":"BreadcrumbList","@id":"https:\/\/fieam.org.br\/fieam\/cin\/#breadcrumb","itemListElement":[{"@type":"ListItem","position":1,"name":"In\u00edcio","item":"https:\/\/fieam.org.br\/fieam\/"},{"@type":"ListItem","position":2,"name":"CIN"}]},{"@type":"WebSite","@id":"https:\/\/fieam.org.br\/fieam\/#website","url":"https:\/\/fieam.org.br\/fieam\/","name":"FIEAM","description":"Site Oficial!","publisher":{"@id":"https:\/\/fieam.org.br\/fieam\/#organization"},"potentialAction":[{"@type":"SearchAction","target":{"@type":"EntryPoint","urlTemplate":"https:\/\/fieam.org.br\/fieam\/?s={search_term_string}"},"query-input":{"@type":"PropertyValueSpecification","valueRequired":true,"valueName":"search_term_string"}}],"inLanguage":"pt-BR"},{"@type":"Organization","@id":"https:\/\/fieam.org.br\/fieam\/#organization","name":"FIEAM","url":"https:\/\/fieam.org.br\/fieam\/","logo":{"@type":"ImageObject","inLanguage":"pt-BR","@id":"https:\/\/fieam.org.br\/fieam\/#\/schema\/logo\/image\/","url":"https:\/\/fieam.org.br\/fieam\/wp-content\/uploads\/sites\/9\/2024\/03\/cropped-fav.png","contentUrl":"https:\/\/fieam.org.br\/fieam\/wp-content\/uploads\/sites\/9\/2024\/03\/cropped-fav.png","width":597,"height":598,"caption":"FIEAM"},"image":{"@id":"https:\/\/fieam.org.br\/fieam\/#\/schema\/logo\/image\/"}}]}},"_links":{"self":[{"href":"https:\/\/fieam.org.br\/fieam\/wp-json\/wp\/v2\/pages\/17684","targetHints":{"allow":["GET"]}}],"collection":[{"href":"https:\/\/fieam.org.br\/fieam\/wp-json\/wp\/v2\/pages"}],"about":[{"href":"https:\/\/fieam.org.br\/fieam\/wp-json\/wp\/v2\/types\/page"}],"author":[{"embeddable":true,"href":"https:\/\/fieam.org.br\/fieam\/wp-json\/wp\/v2\/users\/1"}],"replies":[{"embeddable":true,"href":"https:\/\/fieam.org.br\/fieam\/wp-json\/wp\/v2\/comments?post=17684"}],"version-history":[{"count":25,"href":"https:\/\/fieam.org.br\/fieam\/wp-json\/wp\/v2\/pages\/17684\/revisions"}],"predecessor-version":[{"id":17713,"href":"https:\/\/fieam.org.br\/fieam\/wp-json\/wp\/v2\/pages\/17684\/revisions\/17713"}],"wp:attachment":[{"href":"https:\/\/fieam.org.br\/fieam\/wp-json\/wp\/v2\/media?parent=17684"}],"curies":[{"name":"wp","href":"https:\/\/api.w.org\/{rel}","templated":true}]}}