{"id":14986,"date":"2023-03-17T13:00:55","date_gmt":"2023-03-17T17:00:55","guid":{"rendered":"http:\/\/www.fieam.org.br\/site\/fieam\/"},"modified":"2025-10-28T19:38:11","modified_gmt":"2025-10-28T19:38:11","slug":"dampi-programa-qualidade-amazonas","status":"publish","type":"page","link":"https:\/\/fieam.org.br\/fieam\/dampi-programa-qualidade-amazonas\/","title":{"rendered":"dampi programa qualidade amazonas"},"content":{"rendered":"\t\t<div data-elementor-type=\"wp-page\" data-elementor-id=\"14986\" class=\"elementor elementor-14986\" data-elementor-post-type=\"page\">\n\t\t\t\t\t\t<section class=\"elementor-section elementor-top-section elementor-element elementor-element-9cff358 elementor-section-boxed elementor-section-height-default elementor-section-height-default\" data-id=\"9cff358\" data-element_type=\"section\" data-settings=\"{&quot;background_background&quot;:&quot;classic&quot;,&quot;ekit_has_onepagescroll_dot&quot;:&quot;yes&quot;}\">\n\t\t\t\t\t\t\t<div class=\"elementor-background-overlay\"><\/div>\n\t\t\t\t\t\t\t<div class=\"elementor-container elementor-column-gap-default\">\n\t\t\t\t\t<div class=\"elementor-column elementor-col-100 elementor-top-column elementor-element elementor-element-3e9a86c\" data-id=\"3e9a86c\" data-element_type=\"column\">\n\t\t\t<div class=\"elementor-widget-wrap elementor-element-populated\">\n\t\t\t\t\t\t<div class=\"elementor-element elementor-element-b101de2 elementor-widget__width-auto elementor-invisible elementor-widget elementor-widget-image\" data-id=\"b101de2\" data-element_type=\"widget\" data-settings=\"{&quot;_animation&quot;:&quot;rotateIn&quot;,&quot;_animation_delay&quot;:&quot;720&quot;,&quot;ekit_we_effect_on&quot;:&quot;none&quot;}\" data-widget_type=\"image.default\">\n\t\t\t\t<div class=\"elementor-widget-container\">\n\t\t\t\t\t\t\t\t\t\t\t\t\t\t\t<img decoding=\"async\" width=\"45\" height=\"38\" src=\"https:\/\/fieam.org.br\/fieam\/wp-content\/uploads\/sites\/9\/2024\/02\/setas.png\" class=\"attachment-full size-full wp-image-4668\" alt=\"\" \/>\t\t\t\t\t\t\t\t\t\t\t\t\t\t\t<\/div>\n\t\t\t\t<\/div>\n\t\t\t\t<div class=\"elementor-element elementor-element-3b53d16 elementor-invisible elementor-widget elementor-widget-heading\" data-id=\"3b53d16\" data-element_type=\"widget\" data-settings=\"{&quot;_animation&quot;:&quot;fadeInDown&quot;,&quot;ekit_we_effect_on&quot;:&quot;none&quot;}\" data-widget_type=\"heading.default\">\n\t\t\t\t<div class=\"elementor-widget-container\">\n\t\t\t\t\t<h2 class=\"elementor-heading-title elementor-size-default\">Programa Qualidade Amazonas<\/h2>\t\t\t\t<\/div>\n\t\t\t\t<\/div>\n\t\t\t\t\t<\/div>\n\t\t<\/div>\n\t\t\t\t\t<\/div>\n\t\t<\/section>\n\t\t<div class=\"elementor-element elementor-element-53a6acb9 e-flex e-con-boxed e-con e-parent\" data-id=\"53a6acb9\" data-element_type=\"container\" data-settings=\"{&quot;ekit_has_onepagescroll_dot&quot;:&quot;yes&quot;}\">\n\t\t\t\t\t<div class=\"e-con-inner\">\n\t\t\t\t<div class=\"elementor-element elementor-element-430d26ae elementor-widget elementor-widget-text-editor\" data-id=\"430d26ae\" data-element_type=\"widget\" data-settings=\"{&quot;ekit_we_effect_on&quot;:&quot;none&quot;}\" data-widget_type=\"text-editor.default\">\n\t\t\t\t<div class=\"elementor-widget-container\">\n\t\t\t\t\t\t\t\t\t<div class=\"j83agx80\"><div><div class=\"dwo3fsh8 g5ia77u1 rt8b4zig n8ej3o3l agehan2d sk4xxmp2 rq0escxv q9uorilb kvgmc6g5 cxmmr5t8 oygrvhab hcukyx3x jb3vyjys rz4wbd8a qt6c0cv9 a8nywdso l9j0dhe7 i1ao9s8h k4urcfbm\"><div class=\"j83agx80 cbu4d94t sj5x9vvc cxgpxx05\"><div class=\"rq0escxv l9j0dhe7 du4w35lb j83agx80 pfnyh3mw jifvfom9 ll8tlv6m owycx6da btwxx1t3 hv4rvrfc dati1w0a jb3vyjys b5q2rw42 lq239pai mysgfdmx hddg9phg\"><div class=\"rq0escxv l9j0dhe7 du4w35lb j83agx80 cbu4d94t d2edcug0 hpfvmrgz rj1gh0hx buofh1pr g5gj957u o8rfisnq p8fzw8mz pcp91wgn iuny7tx3 ipjc6fyt\"><div class=\"j83agx80 cbu4d94t ew0dbk1b irj2b8pg\"><div class=\"qzhwtbm6 knvmm38d\"><div class=\"j83agx80 cbu4d94t ew0dbk1b irj2b8pg\"><div class=\"qzhwtbm6 knvmm38d\"><div class=\"kvgmc6g5 cxmmr5t8 oygrvhab hcukyx3x c1et5uql\"><div dir=\"auto\">\u00a0<\/div><div dir=\"auto\">\u00a0<\/div><div dir=\"auto\">O <strong>PROGRAMA QUALIDADE AMAZONAS<\/strong> \u00e9 um Programa Estadual para Qualidade, Produtividade e Competitividade, com 31 anos de exist\u00eancia completados em 2022, disseminando m\u00e9todos e ferramentas da qualidade e modelos sist\u00eamicos de gest\u00e3o.\u00a0<\/div><\/div><\/div><\/div><\/div><\/div><\/div><\/div><\/div><\/div><\/div><div class=\"pybr56ya hv4rvrfc f9o22wc5 j83agx80\">\u00a0<\/div><\/div><div class=\"j83agx80\"><div><div class=\"dwo3fsh8 g5ia77u1 rt8b4zig n8ej3o3l agehan2d sk4xxmp2 rq0escxv q9uorilb kvgmc6g5 cxmmr5t8 oygrvhab hcukyx3x jb3vyjys rz4wbd8a qt6c0cv9 a8nywdso l9j0dhe7 i1ao9s8h k4urcfbm\"><div class=\"j83agx80 cbu4d94t sj5x9vvc cxgpxx05\"><div class=\"rq0escxv l9j0dhe7 du4w35lb j83agx80 pfnyh3mw jifvfom9 ll8tlv6m owycx6da btwxx1t3 hv4rvrfc dati1w0a jb3vyjys b5q2rw42 lq239pai mysgfdmx hddg9phg\"><div class=\"rq0escxv l9j0dhe7 du4w35lb j83agx80 cbu4d94t d2edcug0 hpfvmrgz rj1gh0hx buofh1pr g5gj957u o8rfisnq p8fzw8mz pcp91wgn iuny7tx3 ipjc6fyt\"><div class=\"j83agx80 cbu4d94t ew0dbk1b irj2b8pg\"><div class=\"qzhwtbm6 knvmm38d\"><div class=\"j83agx80 cbu4d94t ew0dbk1b irj2b8pg\"><div class=\"qzhwtbm6 knvmm38d\"><div class=\"kvgmc6g5 cxmmr5t8 oygrvhab hcukyx3x c1et5uql\"><div dir=\"auto\"><strong>BENEF\u00cdCIOS \u00c0S ORGANIZA\u00c7\u00d5ES CANDIDATAS AO PR\u00caMIO QUALIDADE AMAZONAS<\/strong><\/div><\/div><div class=\"cxmmr5t8 oygrvhab hcukyx3x c1et5uql o9v6fnle\"><div dir=\"auto\">Todas as organiza\u00e7\u00f5es participantes recebem um Relat\u00f3rio de Avalia\u00e7\u00e3o detalhado, que relaciona os Pontos Fortes e diagnostica as Oportunidades para Melhoria, ou seja, detalha o que a<\/div><div dir=\"auto\">organiza\u00e7\u00e3o deve manter e aprimorar para que venha a se tornar uma organiza\u00e7\u00e3o de excel\u00eancia.<\/div><div dir=\"auto\">Este relat\u00f3rio \u00e9 elaborado por profissionais de reconhecida compet\u00eancia, que atuam de maneira volunt\u00e1ria e sem remunera\u00e7\u00e3o, durante cerca de 180 horas de avalia\u00e7\u00e3o por cada organiza\u00e7\u00e3o<\/div><div dir=\"auto\">candidata.\u00a0<\/div><\/div><\/div><\/div><\/div><\/div><\/div><\/div><\/div><\/div><\/div><\/div><p><strong>Linhas de atua\u00e7\u00e3o<\/strong><\/p><p><strong>Sensibiliza\u00e7\u00e3o:<\/strong> Realiza\u00e7\u00e3o de palestras, semin\u00e1rios, workshops, entre outros.<\/p><p><strong>Capacita\u00e7\u00e3o:<\/strong> Desenvolvimento e implementa\u00e7\u00e3o de cursos sobre m\u00e9todos e t\u00e9cnicas em Gest\u00e3o, alinhados \u00e0 Funda\u00e7\u00e3o Nacional da Qualidade:<\/p><p>\u2022\u00a0Interpreta\u00e7\u00e3o dos Crit\u00e9rios de Excel\u00eancia<\/p><p>\u2022\u00a0Prepara\u00e7\u00e3o para Banca Examinadora<\/p><p><strong>Premia\u00e7\u00e3o:<\/strong> Reconhecimento da organiza\u00e7\u00e3o e seus colaboradores por meio do Pr\u00eamio Qualidade Amazonas.<\/p><p><strong>Para mais informa\u00e7\u00f5es entrar em contato pelos n\u00fameros:<\/strong><br \/>(92) 3622-6104 ou 3186-6642<br \/>WhatsApp (92) 98212-0016<br \/>E-mails: pqa@fieam.org.br\u00a0 \/\u00a0 pqa.fieam@gmail.com<\/p><p>Visite o nosso site:\u00a0<strong><a href=\"https:\/\/pqa.org.br\/\">https:\/\/pqa.org.br\/<\/a><\/strong><\/p>\t\t\t\t\t\t\t\t<\/div>\n\t\t\t\t<\/div>\n\t\t\t\t\t<\/div>\n\t\t\t\t<\/div>\n\t\t\t\t<\/div>\n\t\t","protected":false},"excerpt":{"rendered":"<p>Programa Qualidade Amazonas \u00a0\u00a0O PROGRAMA QUALIDADE AMAZONAS \u00e9 um Programa Estadual para Qualidade, Produtividade e Competitividade, com 31 anos de exist\u00eancia completados em 2022, disseminando m\u00e9todos e ferramentas da qualidade e modelos sist\u00eamicos de gest\u00e3o.\u00a0\u00a0BENEF\u00cdCIOS \u00c0S ORGANIZA\u00c7\u00d5ES CANDIDATAS AO PR\u00caMIO QUALIDADE AMAZONASTodas as organiza\u00e7\u00f5es participantes recebem um Relat\u00f3rio de Avalia\u00e7\u00e3o detalhado, que relaciona os Pontos [&hellip;]<\/p>\n","protected":false},"author":1,"featured_media":0,"parent":0,"menu_order":0,"comment_status":"closed","ping_status":"open","template":"","meta":{"footnotes":""},"class_list":["post-14986","page","type-page","status-publish","hentry"],"yoast_head":"<!-- This site is optimized with the Yoast SEO plugin v26.8 - https:\/\/yoast.com\/product\/yoast-seo-wordpress\/ -->\n<title>dampi programa qualidade amazonas - FIEAM<\/title>\n<meta name=\"robots\" content=\"index, follow, max-snippet:-1, max-image-preview:large, max-video-preview:-1\" \/>\n<link rel=\"canonical\" href=\"https:\/\/fieam.org.br\/fieam\/dampi-programa-qualidade-amazonas\/\" \/>\n<meta property=\"og:locale\" content=\"pt_BR\" \/>\n<meta property=\"og:type\" content=\"article\" \/>\n<meta property=\"og:title\" content=\"dampi programa qualidade amazonas - FIEAM\" \/>\n<meta property=\"og:description\" content=\"Programa Qualidade Amazonas \u00a0\u00a0O PROGRAMA QUALIDADE AMAZONAS \u00e9 um Programa Estadual para Qualidade, Produtividade e Competitividade, com 31 anos de exist\u00eancia completados em 2022, disseminando m\u00e9todos e ferramentas da qualidade e modelos sist\u00eamicos de gest\u00e3o.\u00a0\u00a0BENEF\u00cdCIOS \u00c0S ORGANIZA\u00c7\u00d5ES CANDIDATAS AO PR\u00caMIO QUALIDADE AMAZONASTodas as organiza\u00e7\u00f5es participantes recebem um Relat\u00f3rio de Avalia\u00e7\u00e3o detalhado, que relaciona os Pontos [&hellip;]\" \/>\n<meta property=\"og:url\" content=\"https:\/\/fieam.org.br\/fieam\/dampi-programa-qualidade-amazonas\/\" \/>\n<meta property=\"og:site_name\" content=\"FIEAM\" \/>\n<meta property=\"article:modified_time\" content=\"2025-10-28T19:38:11+00:00\" \/>\n<meta property=\"og:image\" content=\"https:\/\/fieam.org.br\/fieam\/wp-content\/uploads\/sites\/9\/2024\/02\/setas.png\" \/>\n\t<meta property=\"og:image:width\" content=\"45\" \/>\n\t<meta property=\"og:image:height\" content=\"38\" \/>\n\t<meta property=\"og:image:type\" content=\"image\/png\" \/>\n<meta name=\"twitter:card\" content=\"summary_large_image\" \/>\n<meta name=\"twitter:label1\" content=\"Est. tempo de leitura\" \/>\n\t<meta name=\"twitter:data1\" content=\"1 minuto\" \/>\n<script type=\"application\/ld+json\" class=\"yoast-schema-graph\">{\"@context\":\"https:\/\/schema.org\",\"@graph\":[{\"@type\":\"WebPage\",\"@id\":\"https:\/\/fieam.org.br\/fieam\/dampi-programa-qualidade-amazonas\/\",\"url\":\"https:\/\/fieam.org.br\/fieam\/dampi-programa-qualidade-amazonas\/\",\"name\":\"dampi programa qualidade amazonas - FIEAM\",\"isPartOf\":{\"@id\":\"https:\/\/fieam.org.br\/fieam\/#website\"},\"primaryImageOfPage\":{\"@id\":\"https:\/\/fieam.org.br\/fieam\/dampi-programa-qualidade-amazonas\/#primaryimage\"},\"image\":{\"@id\":\"https:\/\/fieam.org.br\/fieam\/dampi-programa-qualidade-amazonas\/#primaryimage\"},\"thumbnailUrl\":\"https:\/\/fieam.org.br\/fieam\/wp-content\/uploads\/sites\/9\/2024\/02\/setas.png\",\"datePublished\":\"2023-03-17T17:00:55+00:00\",\"dateModified\":\"2025-10-28T19:38:11+00:00\",\"breadcrumb\":{\"@id\":\"https:\/\/fieam.org.br\/fieam\/dampi-programa-qualidade-amazonas\/#breadcrumb\"},\"inLanguage\":\"pt-BR\",\"potentialAction\":[{\"@type\":\"ReadAction\",\"target\":[\"https:\/\/fieam.org.br\/fieam\/dampi-programa-qualidade-amazonas\/\"]}]},{\"@type\":\"ImageObject\",\"inLanguage\":\"pt-BR\",\"@id\":\"https:\/\/fieam.org.br\/fieam\/dampi-programa-qualidade-amazonas\/#primaryimage\",\"url\":\"https:\/\/fieam.org.br\/fieam\/wp-content\/uploads\/sites\/9\/2024\/02\/setas.png\",\"contentUrl\":\"https:\/\/fieam.org.br\/fieam\/wp-content\/uploads\/sites\/9\/2024\/02\/setas.png\",\"width\":45,\"height\":38},{\"@type\":\"BreadcrumbList\",\"@id\":\"https:\/\/fieam.org.br\/fieam\/dampi-programa-qualidade-amazonas\/#breadcrumb\",\"itemListElement\":[{\"@type\":\"ListItem\",\"position\":1,\"name\":\"In\u00edcio\",\"item\":\"https:\/\/fieam.org.br\/fieam\/\"},{\"@type\":\"ListItem\",\"position\":2,\"name\":\"dampi programa qualidade amazonas\"}]},{\"@type\":\"WebSite\",\"@id\":\"https:\/\/fieam.org.br\/fieam\/#website\",\"url\":\"https:\/\/fieam.org.br\/fieam\/\",\"name\":\"FIEAM\",\"description\":\"Site Oficial!\",\"publisher\":{\"@id\":\"https:\/\/fieam.org.br\/fieam\/#organization\"},\"potentialAction\":[{\"@type\":\"SearchAction\",\"target\":{\"@type\":\"EntryPoint\",\"urlTemplate\":\"https:\/\/fieam.org.br\/fieam\/?s={search_term_string}\"},\"query-input\":{\"@type\":\"PropertyValueSpecification\",\"valueRequired\":true,\"valueName\":\"search_term_string\"}}],\"inLanguage\":\"pt-BR\"},{\"@type\":\"Organization\",\"@id\":\"https:\/\/fieam.org.br\/fieam\/#organization\",\"name\":\"FIEAM\",\"url\":\"https:\/\/fieam.org.br\/fieam\/\",\"logo\":{\"@type\":\"ImageObject\",\"inLanguage\":\"pt-BR\",\"@id\":\"https:\/\/fieam.org.br\/fieam\/#\/schema\/logo\/image\/\",\"url\":\"https:\/\/fieam.org.br\/fieam\/wp-content\/uploads\/sites\/9\/2024\/03\/cropped-fav.png\",\"contentUrl\":\"https:\/\/fieam.org.br\/fieam\/wp-content\/uploads\/sites\/9\/2024\/03\/cropped-fav.png\",\"width\":597,\"height\":598,\"caption\":\"FIEAM\"},\"image\":{\"@id\":\"https:\/\/fieam.org.br\/fieam\/#\/schema\/logo\/image\/\"}}]}<\/script>\n<!-- \/ Yoast SEO plugin. -->","yoast_head_json":{"title":"dampi programa qualidade amazonas - FIEAM","robots":{"index":"index","follow":"follow","max-snippet":"max-snippet:-1","max-image-preview":"max-image-preview:large","max-video-preview":"max-video-preview:-1"},"canonical":"https:\/\/fieam.org.br\/fieam\/dampi-programa-qualidade-amazonas\/","og_locale":"pt_BR","og_type":"article","og_title":"dampi programa qualidade amazonas - FIEAM","og_description":"Programa Qualidade Amazonas \u00a0\u00a0O PROGRAMA QUALIDADE AMAZONAS \u00e9 um Programa Estadual para Qualidade, Produtividade e Competitividade, com 31 anos de exist\u00eancia completados em 2022, disseminando m\u00e9todos e ferramentas da qualidade e modelos sist\u00eamicos de gest\u00e3o.\u00a0\u00a0BENEF\u00cdCIOS \u00c0S ORGANIZA\u00c7\u00d5ES CANDIDATAS AO PR\u00caMIO QUALIDADE AMAZONASTodas as organiza\u00e7\u00f5es participantes recebem um Relat\u00f3rio de Avalia\u00e7\u00e3o detalhado, que relaciona os Pontos [&hellip;]","og_url":"https:\/\/fieam.org.br\/fieam\/dampi-programa-qualidade-amazonas\/","og_site_name":"FIEAM","article_modified_time":"2025-10-28T19:38:11+00:00","og_image":[{"width":45,"height":38,"url":"https:\/\/fieam.org.br\/fieam\/wp-content\/uploads\/sites\/9\/2024\/02\/setas.png","type":"image\/png"}],"twitter_card":"summary_large_image","twitter_misc":{"Est. tempo de leitura":"1 minuto"},"schema":{"@context":"https:\/\/schema.org","@graph":[{"@type":"WebPage","@id":"https:\/\/fieam.org.br\/fieam\/dampi-programa-qualidade-amazonas\/","url":"https:\/\/fieam.org.br\/fieam\/dampi-programa-qualidade-amazonas\/","name":"dampi programa qualidade amazonas - FIEAM","isPartOf":{"@id":"https:\/\/fieam.org.br\/fieam\/#website"},"primaryImageOfPage":{"@id":"https:\/\/fieam.org.br\/fieam\/dampi-programa-qualidade-amazonas\/#primaryimage"},"image":{"@id":"https:\/\/fieam.org.br\/fieam\/dampi-programa-qualidade-amazonas\/#primaryimage"},"thumbnailUrl":"https:\/\/fieam.org.br\/fieam\/wp-content\/uploads\/sites\/9\/2024\/02\/setas.png","datePublished":"2023-03-17T17:00:55+00:00","dateModified":"2025-10-28T19:38:11+00:00","breadcrumb":{"@id":"https:\/\/fieam.org.br\/fieam\/dampi-programa-qualidade-amazonas\/#breadcrumb"},"inLanguage":"pt-BR","potentialAction":[{"@type":"ReadAction","target":["https:\/\/fieam.org.br\/fieam\/dampi-programa-qualidade-amazonas\/"]}]},{"@type":"ImageObject","inLanguage":"pt-BR","@id":"https:\/\/fieam.org.br\/fieam\/dampi-programa-qualidade-amazonas\/#primaryimage","url":"https:\/\/fieam.org.br\/fieam\/wp-content\/uploads\/sites\/9\/2024\/02\/setas.png","contentUrl":"https:\/\/fieam.org.br\/fieam\/wp-content\/uploads\/sites\/9\/2024\/02\/setas.png","width":45,"height":38},{"@type":"BreadcrumbList","@id":"https:\/\/fieam.org.br\/fieam\/dampi-programa-qualidade-amazonas\/#breadcrumb","itemListElement":[{"@type":"ListItem","position":1,"name":"In\u00edcio","item":"https:\/\/fieam.org.br\/fieam\/"},{"@type":"ListItem","position":2,"name":"dampi programa qualidade amazonas"}]},{"@type":"WebSite","@id":"https:\/\/fieam.org.br\/fieam\/#website","url":"https:\/\/fieam.org.br\/fieam\/","name":"FIEAM","description":"Site Oficial!","publisher":{"@id":"https:\/\/fieam.org.br\/fieam\/#organization"},"potentialAction":[{"@type":"SearchAction","target":{"@type":"EntryPoint","urlTemplate":"https:\/\/fieam.org.br\/fieam\/?s={search_term_string}"},"query-input":{"@type":"PropertyValueSpecification","valueRequired":true,"valueName":"search_term_string"}}],"inLanguage":"pt-BR"},{"@type":"Organization","@id":"https:\/\/fieam.org.br\/fieam\/#organization","name":"FIEAM","url":"https:\/\/fieam.org.br\/fieam\/","logo":{"@type":"ImageObject","inLanguage":"pt-BR","@id":"https:\/\/fieam.org.br\/fieam\/#\/schema\/logo\/image\/","url":"https:\/\/fieam.org.br\/fieam\/wp-content\/uploads\/sites\/9\/2024\/03\/cropped-fav.png","contentUrl":"https:\/\/fieam.org.br\/fieam\/wp-content\/uploads\/sites\/9\/2024\/03\/cropped-fav.png","width":597,"height":598,"caption":"FIEAM"},"image":{"@id":"https:\/\/fieam.org.br\/fieam\/#\/schema\/logo\/image\/"}}]}},"_links":{"self":[{"href":"https:\/\/fieam.org.br\/fieam\/wp-json\/wp\/v2\/pages\/14986","targetHints":{"allow":["GET"]}}],"collection":[{"href":"https:\/\/fieam.org.br\/fieam\/wp-json\/wp\/v2\/pages"}],"about":[{"href":"https:\/\/fieam.org.br\/fieam\/wp-json\/wp\/v2\/types\/page"}],"author":[{"embeddable":true,"href":"https:\/\/fieam.org.br\/fieam\/wp-json\/wp\/v2\/users\/1"}],"replies":[{"embeddable":true,"href":"https:\/\/fieam.org.br\/fieam\/wp-json\/wp\/v2\/comments?post=14986"}],"version-history":[{"count":7,"href":"https:\/\/fieam.org.br\/fieam\/wp-json\/wp\/v2\/pages\/14986\/revisions"}],"predecessor-version":[{"id":17581,"href":"https:\/\/fieam.org.br\/fieam\/wp-json\/wp\/v2\/pages\/14986\/revisions\/17581"}],"wp:attachment":[{"href":"https:\/\/fieam.org.br\/fieam\/wp-json\/wp\/v2\/media?parent=14986"}],"curies":[{"name":"wp","href":"https:\/\/api.w.org\/{rel}","templated":true}]}}