{"id":14971,"date":"2010-10-20T15:10:01","date_gmt":"2010-10-20T15:10:01","guid":{"rendered":"http:\/\/www.fieam.org.br\/site\/fieam\/"},"modified":"2024-03-07T17:01:25","modified_gmt":"2024-03-07T17:01:25","slug":"incubadoras-empresariais-cide","status":"publish","type":"page","link":"https:\/\/fieam.org.br\/fieam\/incubadoras-empresariais-cide\/","title":{"rendered":"Incubadoras Empresariais &#8211; CIDE"},"content":{"rendered":"\t\t<div data-elementor-type=\"wp-page\" data-elementor-id=\"14971\" class=\"elementor elementor-14971\" data-elementor-post-type=\"page\">\n\t\t\t\t\t\t<section class=\"elementor-section elementor-top-section elementor-element elementor-element-9424ab4 elementor-section-boxed elementor-section-height-default elementor-section-height-default\" data-id=\"9424ab4\" data-element_type=\"section\" data-settings=\"{&quot;background_background&quot;:&quot;classic&quot;,&quot;ekit_has_onepagescroll_dot&quot;:&quot;yes&quot;}\">\n\t\t\t\t\t\t\t<div class=\"elementor-background-overlay\"><\/div>\n\t\t\t\t\t\t\t<div class=\"elementor-container elementor-column-gap-default\">\n\t\t\t\t\t<div class=\"elementor-column elementor-col-100 elementor-top-column elementor-element elementor-element-5b2fbda\" data-id=\"5b2fbda\" data-element_type=\"column\">\n\t\t\t<div class=\"elementor-widget-wrap elementor-element-populated\">\n\t\t\t\t\t\t<div class=\"elementor-element elementor-element-c33b401 elementor-widget__width-auto elementor-invisible elementor-widget elementor-widget-image\" data-id=\"c33b401\" data-element_type=\"widget\" data-settings=\"{&quot;_animation&quot;:&quot;rotateIn&quot;,&quot;_animation_delay&quot;:720,&quot;ekit_we_effect_on&quot;:&quot;none&quot;}\" data-widget_type=\"image.default\">\n\t\t\t\t<div class=\"elementor-widget-container\">\n\t\t\t\t\t\t\t\t\t\t\t\t\t\t\t<img decoding=\"async\" width=\"45\" height=\"38\" src=\"https:\/\/fieam.org.br\/fieam\/wp-content\/uploads\/sites\/9\/2024\/02\/setas.png\" class=\"attachment-full size-full wp-image-4668\" alt=\"\" \/>\t\t\t\t\t\t\t\t\t\t\t\t\t\t\t<\/div>\n\t\t\t\t<\/div>\n\t\t\t\t<div class=\"elementor-element elementor-element-d116ce9 elementor-invisible elementor-widget elementor-widget-heading\" data-id=\"d116ce9\" data-element_type=\"widget\" data-settings=\"{&quot;_animation&quot;:&quot;fadeInDown&quot;,&quot;ekit_we_effect_on&quot;:&quot;none&quot;}\" data-widget_type=\"heading.default\">\n\t\t\t\t<div class=\"elementor-widget-container\">\n\t\t\t\t\t<h2 class=\"elementor-heading-title elementor-size-default\">Incubadoras Empresariais - CIDE<\/h2>\t\t\t\t<\/div>\n\t\t\t\t<\/div>\n\t\t\t\t<div class=\"elementor-element elementor-element-0a1afa3 elementor-invisible elementor-widget elementor-widget-heading\" data-id=\"0a1afa3\" data-element_type=\"widget\" data-settings=\"{&quot;_animation&quot;:&quot;fadeInUp&quot;,&quot;ekit_we_effect_on&quot;:&quot;none&quot;}\" data-widget_type=\"heading.default\">\n\t\t\t\t<div class=\"elementor-widget-container\">\n\t\t\t\t\t<div class=\"elementor-heading-title elementor-size-default\">Sistema Federa\u00e7\u00e3o das Ind\u00fastrias do Estado do Amazonas. <\/div>\t\t\t\t<\/div>\n\t\t\t\t<\/div>\n\t\t\t\t\t<\/div>\n\t\t<\/div>\n\t\t\t\t\t<\/div>\n\t\t<\/section>\n\t\t<div class=\"elementor-element elementor-element-4915b0f6 e-flex e-con-boxed e-con e-parent\" data-id=\"4915b0f6\" data-element_type=\"container\" data-settings=\"{&quot;ekit_has_onepagescroll_dot&quot;:&quot;yes&quot;}\">\n\t\t\t\t\t<div class=\"e-con-inner\">\n\t\t\t\t<div class=\"elementor-element elementor-element-2f01779d elementor-widget elementor-widget-text-editor\" data-id=\"2f01779d\" data-element_type=\"widget\" data-settings=\"{&quot;ekit_we_effect_on&quot;:&quot;none&quot;}\" data-widget_type=\"text-editor.default\">\n\t\t\t\t<div class=\"elementor-widget-container\">\n\t\t\t\t\t\t\t\t\t<a href=\"http:\/\/www.fieam.org.br\/site\/fieam\/files\/2010\/10\/cide6.jpg\"><img fetchpriority=\"high\" decoding=\"async\" class=\"size-full wp-image-257 alignright\" src=\"http:\/\/www.fieam.org.br\/site\/fieam\/files\/2010\/10\/cide6.jpg\" alt=\"\" width=\"335\" height=\"453\"><\/a>O Centro de Incuba\u00e7\u00e3o e Desenvolvimento Empresarial (CIDE) atua nos setores de biotecnologia, tecnologia da informa\u00e7\u00e3o e eletroeletr\u00f4nica, disponibilizando infraestrutura e apoio \u00e0s microempresas da regi\u00e3o norte.\n\n<strong>MISS\u00c3O\n<\/strong>Estimular a cria\u00e7\u00e3o de empresas locais, inovadoras de base tecnol\u00f3gica, promovendo a cultura do empreendedorismo e contribuindo para o desenvolvimento socioecon\u00f4mico da Regi\u00e3o.\n\n<strong>OBJETIVOS\n<\/strong>\u2022&nbsp;Proporcionar infraestrutura, consultoria e treinamento aos empreendedores;\n\u2022&nbsp;Apoiar a inser\u00e7\u00e3o de novos produtos, processos e servi\u00e7os no mercado;\n\u2022&nbsp;Desenvolver a\u00e7\u00f5es de transfer\u00eancia e absor\u00e7\u00e3o de tecnologia;\n\u2022&nbsp;Disseminar o empreendedorismo;\n\n<strong>INCUBA\u00c7\u00c3O\n<\/strong>O que \u00e9 uma incubadora?&nbsp; Entidade que re\u00fane microempresas em fase de projeto ou desenvolvimento, disponibilizando por meio de parcerias institucionais: infraestrutura, apoio t\u00e9cnico e administrativo, assessoramento gerencial, jur\u00eddico e comunicacional.\n\n1.&nbsp;Instala\u00e7\u00e3o\n2.&nbsp;Desenvolvimento\n3.&nbsp;Consolida\u00e7\u00e3o\n4.&nbsp;Desincuba\u00e7\u00e3o\n\n<strong>Linhas de incuba\u00e7\u00e3o\n<\/strong>Associadas: tempo indeterminado\nResidentes: empresas que n\u00e3o possuem sede pr\u00f3pria ou financiamento aprovado e se instalam no CIDE por um per\u00edodo de tr\u00eas anos.\n\n<strong>\u00c1reas de atua\u00e7\u00e3o das incubadas<\/strong>\n&#8211; Software;\n&#8211; Biojoias;\n&#8211; Alimentos;\n&#8211; Cosm\u00e9ticos;\n&#8211; Fitoter\u00e1picos;\n&#8211; Fitocosm\u00e9ticos;\n&#8211; Laborat\u00f3rios de an\u00e1lises;\n&#8211; Medicamentos injet\u00e1veis e reciclagem de materiais.\n\n<strong>PROCESSO DE SELE\u00c7\u00c3O\n<\/strong>\u2022&nbsp;Pr\u00e9-sele\u00e7\u00e3o do empreendimento\n\u2022&nbsp;Participa\u00e7\u00e3o em curso de Inicia\u00e7\u00e3o Empresarial\n\u2022&nbsp;Elabora\u00e7\u00e3o de um plano de neg\u00f3cios\n\n<strong>Estrutura Oferecida<\/strong>\nIm\u00f3vel com 370 m\u00b2, funciona como uma central de apoio \u00e0s empresas incubadas, oferece salas para recep\u00e7\u00e3o, secretaria, reuni\u00e3o, treinamento, biblioteca, laborat\u00f3rios, copa, toaletes e 14 m\u00f3dulos com 125 m\u00b2 cada, totalizando 1.750 m\u00b2.\n\nIm\u00f3vel de 950 m\u00b2 com 3 m\u00f3dulos de 120 m\u00b2, 8 de 20 m\u00b2,&nbsp; 4&nbsp; de 40 m\u00b2 e um&nbsp; audit\u00f3rio com 56 lugares.\n\n&nbsp;\n\n<strong>Informa\u00e7\u00f5es:<\/strong>\n\n<strong>Incubadoras Empresariais \u2013 CIDE<\/strong>\n\n<strong>Telefone:<\/strong> (092) 3216-3892\n\n<strong>E-mail: <a href=\"mailto:secretaria@cide.org.br\">secretaria@cide.org.br<\/a>&nbsp; &nbsp; &nbsp;\/&nbsp; &nbsp;<\/strong> <a href=\"mailto:elizabeth@cide.org.br\">elizabeth@cide.org.br <\/a>\n\n<strong>Endere\u00e7o:&nbsp;<\/strong>Av. Gen. Rodrigo Ot\u00e1vio, 1910 &#8211; Crespo, Pr\u00f3ximo ao Shopping Cecomiz &#8211;&nbsp;Manaus &#8211; AM, 69073-177\n\n&nbsp;\t\t\t\t\t\t\t\t<\/div>\n\t\t\t\t<\/div>\n\t\t\t\t\t<\/div>\n\t\t\t\t<\/div>\n\t\t\t\t<\/div>\n\t\t","protected":false},"excerpt":{"rendered":"<p>Incubadoras Empresariais &#8211; CIDE Sistema Federa\u00e7\u00e3o das Ind\u00fastrias do Estado do Amazonas. O Centro de Incuba\u00e7\u00e3o e Desenvolvimento Empresarial (CIDE) atua nos setores de biotecnologia, tecnologia da informa\u00e7\u00e3o e eletroeletr\u00f4nica, disponibilizando infraestrutura e apoio \u00e0s microempresas da regi\u00e3o norte. MISS\u00c3O Estimular a cria\u00e7\u00e3o de empresas locais, inovadoras de base tecnol\u00f3gica, promovendo a cultura do empreendedorismo [&hellip;]<\/p>\n","protected":false},"author":1,"featured_media":0,"parent":0,"menu_order":0,"comment_status":"closed","ping_status":"open","template":"","meta":{"footnotes":""},"class_list":["post-14971","page","type-page","status-publish","hentry"],"yoast_head":"<!-- This site is optimized with the Yoast SEO plugin v26.8 - https:\/\/yoast.com\/product\/yoast-seo-wordpress\/ -->\n<title>Incubadoras Empresariais - CIDE - FIEAM<\/title>\n<meta name=\"robots\" content=\"index, follow, max-snippet:-1, max-image-preview:large, max-video-preview:-1\" \/>\n<link rel=\"canonical\" href=\"https:\/\/fieam.org.br\/fieam\/incubadoras-empresariais-cide\/\" \/>\n<meta property=\"og:locale\" content=\"pt_BR\" \/>\n<meta property=\"og:type\" content=\"article\" \/>\n<meta property=\"og:title\" content=\"Incubadoras Empresariais - CIDE - FIEAM\" \/>\n<meta property=\"og:description\" content=\"Incubadoras Empresariais &#8211; CIDE Sistema Federa\u00e7\u00e3o das Ind\u00fastrias do Estado do Amazonas. O Centro de Incuba\u00e7\u00e3o e Desenvolvimento Empresarial (CIDE) atua nos setores de biotecnologia, tecnologia da informa\u00e7\u00e3o e eletroeletr\u00f4nica, disponibilizando infraestrutura e apoio \u00e0s microempresas da regi\u00e3o norte. MISS\u00c3O Estimular a cria\u00e7\u00e3o de empresas locais, inovadoras de base tecnol\u00f3gica, promovendo a cultura do empreendedorismo [&hellip;]\" \/>\n<meta property=\"og:url\" content=\"https:\/\/fieam.org.br\/fieam\/incubadoras-empresariais-cide\/\" \/>\n<meta property=\"og:site_name\" content=\"FIEAM\" \/>\n<meta property=\"article:modified_time\" content=\"2024-03-07T17:01:25+00:00\" \/>\n<meta property=\"og:image\" content=\"https:\/\/fieam.org.br\/fieam\/wp-content\/uploads\/sites\/9\/2024\/02\/setas.png\" \/>\n\t<meta property=\"og:image:width\" content=\"45\" \/>\n\t<meta property=\"og:image:height\" content=\"38\" \/>\n\t<meta property=\"og:image:type\" content=\"image\/png\" \/>\n<meta name=\"twitter:card\" content=\"summary_large_image\" \/>\n<meta name=\"twitter:label1\" content=\"Est. tempo de leitura\" \/>\n\t<meta name=\"twitter:data1\" content=\"2 minutos\" \/>\n<script type=\"application\/ld+json\" class=\"yoast-schema-graph\">{\"@context\":\"https:\/\/schema.org\",\"@graph\":[{\"@type\":\"WebPage\",\"@id\":\"https:\/\/fieam.org.br\/fieam\/incubadoras-empresariais-cide\/\",\"url\":\"https:\/\/fieam.org.br\/fieam\/incubadoras-empresariais-cide\/\",\"name\":\"Incubadoras Empresariais - CIDE - FIEAM\",\"isPartOf\":{\"@id\":\"https:\/\/fieam.org.br\/fieam\/#website\"},\"primaryImageOfPage\":{\"@id\":\"https:\/\/fieam.org.br\/fieam\/incubadoras-empresariais-cide\/#primaryimage\"},\"image\":{\"@id\":\"https:\/\/fieam.org.br\/fieam\/incubadoras-empresariais-cide\/#primaryimage\"},\"thumbnailUrl\":\"https:\/\/fieam.org.br\/fieam\/wp-content\/uploads\/sites\/9\/2024\/02\/setas.png\",\"datePublished\":\"2010-10-20T15:10:01+00:00\",\"dateModified\":\"2024-03-07T17:01:25+00:00\",\"breadcrumb\":{\"@id\":\"https:\/\/fieam.org.br\/fieam\/incubadoras-empresariais-cide\/#breadcrumb\"},\"inLanguage\":\"pt-BR\",\"potentialAction\":[{\"@type\":\"ReadAction\",\"target\":[\"https:\/\/fieam.org.br\/fieam\/incubadoras-empresariais-cide\/\"]}]},{\"@type\":\"ImageObject\",\"inLanguage\":\"pt-BR\",\"@id\":\"https:\/\/fieam.org.br\/fieam\/incubadoras-empresariais-cide\/#primaryimage\",\"url\":\"https:\/\/fieam.org.br\/fieam\/wp-content\/uploads\/sites\/9\/2024\/02\/setas.png\",\"contentUrl\":\"https:\/\/fieam.org.br\/fieam\/wp-content\/uploads\/sites\/9\/2024\/02\/setas.png\",\"width\":45,\"height\":38},{\"@type\":\"BreadcrumbList\",\"@id\":\"https:\/\/fieam.org.br\/fieam\/incubadoras-empresariais-cide\/#breadcrumb\",\"itemListElement\":[{\"@type\":\"ListItem\",\"position\":1,\"name\":\"In\u00edcio\",\"item\":\"https:\/\/fieam.org.br\/fieam\/\"},{\"@type\":\"ListItem\",\"position\":2,\"name\":\"Incubadoras Empresariais &#8211; CIDE\"}]},{\"@type\":\"WebSite\",\"@id\":\"https:\/\/fieam.org.br\/fieam\/#website\",\"url\":\"https:\/\/fieam.org.br\/fieam\/\",\"name\":\"FIEAM\",\"description\":\"Site Oficial!\",\"publisher\":{\"@id\":\"https:\/\/fieam.org.br\/fieam\/#organization\"},\"potentialAction\":[{\"@type\":\"SearchAction\",\"target\":{\"@type\":\"EntryPoint\",\"urlTemplate\":\"https:\/\/fieam.org.br\/fieam\/?s={search_term_string}\"},\"query-input\":{\"@type\":\"PropertyValueSpecification\",\"valueRequired\":true,\"valueName\":\"search_term_string\"}}],\"inLanguage\":\"pt-BR\"},{\"@type\":\"Organization\",\"@id\":\"https:\/\/fieam.org.br\/fieam\/#organization\",\"name\":\"FIEAM\",\"url\":\"https:\/\/fieam.org.br\/fieam\/\",\"logo\":{\"@type\":\"ImageObject\",\"inLanguage\":\"pt-BR\",\"@id\":\"https:\/\/fieam.org.br\/fieam\/#\/schema\/logo\/image\/\",\"url\":\"https:\/\/fieam.org.br\/fieam\/wp-content\/uploads\/sites\/9\/2024\/03\/cropped-fav.png\",\"contentUrl\":\"https:\/\/fieam.org.br\/fieam\/wp-content\/uploads\/sites\/9\/2024\/03\/cropped-fav.png\",\"width\":597,\"height\":598,\"caption\":\"FIEAM\"},\"image\":{\"@id\":\"https:\/\/fieam.org.br\/fieam\/#\/schema\/logo\/image\/\"}}]}<\/script>\n<!-- \/ Yoast SEO plugin. -->","yoast_head_json":{"title":"Incubadoras Empresariais - CIDE - FIEAM","robots":{"index":"index","follow":"follow","max-snippet":"max-snippet:-1","max-image-preview":"max-image-preview:large","max-video-preview":"max-video-preview:-1"},"canonical":"https:\/\/fieam.org.br\/fieam\/incubadoras-empresariais-cide\/","og_locale":"pt_BR","og_type":"article","og_title":"Incubadoras Empresariais - CIDE - FIEAM","og_description":"Incubadoras Empresariais &#8211; CIDE Sistema Federa\u00e7\u00e3o das Ind\u00fastrias do Estado do Amazonas. O Centro de Incuba\u00e7\u00e3o e Desenvolvimento Empresarial (CIDE) atua nos setores de biotecnologia, tecnologia da informa\u00e7\u00e3o e eletroeletr\u00f4nica, disponibilizando infraestrutura e apoio \u00e0s microempresas da regi\u00e3o norte. MISS\u00c3O Estimular a cria\u00e7\u00e3o de empresas locais, inovadoras de base tecnol\u00f3gica, promovendo a cultura do empreendedorismo [&hellip;]","og_url":"https:\/\/fieam.org.br\/fieam\/incubadoras-empresariais-cide\/","og_site_name":"FIEAM","article_modified_time":"2024-03-07T17:01:25+00:00","og_image":[{"width":45,"height":38,"url":"https:\/\/fieam.org.br\/fieam\/wp-content\/uploads\/sites\/9\/2024\/02\/setas.png","type":"image\/png"}],"twitter_card":"summary_large_image","twitter_misc":{"Est. tempo de leitura":"2 minutos"},"schema":{"@context":"https:\/\/schema.org","@graph":[{"@type":"WebPage","@id":"https:\/\/fieam.org.br\/fieam\/incubadoras-empresariais-cide\/","url":"https:\/\/fieam.org.br\/fieam\/incubadoras-empresariais-cide\/","name":"Incubadoras Empresariais - CIDE - FIEAM","isPartOf":{"@id":"https:\/\/fieam.org.br\/fieam\/#website"},"primaryImageOfPage":{"@id":"https:\/\/fieam.org.br\/fieam\/incubadoras-empresariais-cide\/#primaryimage"},"image":{"@id":"https:\/\/fieam.org.br\/fieam\/incubadoras-empresariais-cide\/#primaryimage"},"thumbnailUrl":"https:\/\/fieam.org.br\/fieam\/wp-content\/uploads\/sites\/9\/2024\/02\/setas.png","datePublished":"2010-10-20T15:10:01+00:00","dateModified":"2024-03-07T17:01:25+00:00","breadcrumb":{"@id":"https:\/\/fieam.org.br\/fieam\/incubadoras-empresariais-cide\/#breadcrumb"},"inLanguage":"pt-BR","potentialAction":[{"@type":"ReadAction","target":["https:\/\/fieam.org.br\/fieam\/incubadoras-empresariais-cide\/"]}]},{"@type":"ImageObject","inLanguage":"pt-BR","@id":"https:\/\/fieam.org.br\/fieam\/incubadoras-empresariais-cide\/#primaryimage","url":"https:\/\/fieam.org.br\/fieam\/wp-content\/uploads\/sites\/9\/2024\/02\/setas.png","contentUrl":"https:\/\/fieam.org.br\/fieam\/wp-content\/uploads\/sites\/9\/2024\/02\/setas.png","width":45,"height":38},{"@type":"BreadcrumbList","@id":"https:\/\/fieam.org.br\/fieam\/incubadoras-empresariais-cide\/#breadcrumb","itemListElement":[{"@type":"ListItem","position":1,"name":"In\u00edcio","item":"https:\/\/fieam.org.br\/fieam\/"},{"@type":"ListItem","position":2,"name":"Incubadoras Empresariais &#8211; CIDE"}]},{"@type":"WebSite","@id":"https:\/\/fieam.org.br\/fieam\/#website","url":"https:\/\/fieam.org.br\/fieam\/","name":"FIEAM","description":"Site Oficial!","publisher":{"@id":"https:\/\/fieam.org.br\/fieam\/#organization"},"potentialAction":[{"@type":"SearchAction","target":{"@type":"EntryPoint","urlTemplate":"https:\/\/fieam.org.br\/fieam\/?s={search_term_string}"},"query-input":{"@type":"PropertyValueSpecification","valueRequired":true,"valueName":"search_term_string"}}],"inLanguage":"pt-BR"},{"@type":"Organization","@id":"https:\/\/fieam.org.br\/fieam\/#organization","name":"FIEAM","url":"https:\/\/fieam.org.br\/fieam\/","logo":{"@type":"ImageObject","inLanguage":"pt-BR","@id":"https:\/\/fieam.org.br\/fieam\/#\/schema\/logo\/image\/","url":"https:\/\/fieam.org.br\/fieam\/wp-content\/uploads\/sites\/9\/2024\/03\/cropped-fav.png","contentUrl":"https:\/\/fieam.org.br\/fieam\/wp-content\/uploads\/sites\/9\/2024\/03\/cropped-fav.png","width":597,"height":598,"caption":"FIEAM"},"image":{"@id":"https:\/\/fieam.org.br\/fieam\/#\/schema\/logo\/image\/"}}]}},"_links":{"self":[{"href":"https:\/\/fieam.org.br\/fieam\/wp-json\/wp\/v2\/pages\/14971","targetHints":{"allow":["GET"]}}],"collection":[{"href":"https:\/\/fieam.org.br\/fieam\/wp-json\/wp\/v2\/pages"}],"about":[{"href":"https:\/\/fieam.org.br\/fieam\/wp-json\/wp\/v2\/types\/page"}],"author":[{"embeddable":true,"href":"https:\/\/fieam.org.br\/fieam\/wp-json\/wp\/v2\/users\/1"}],"replies":[{"embeddable":true,"href":"https:\/\/fieam.org.br\/fieam\/wp-json\/wp\/v2\/comments?post=14971"}],"version-history":[{"count":3,"href":"https:\/\/fieam.org.br\/fieam\/wp-json\/wp\/v2\/pages\/14971\/revisions"}],"predecessor-version":[{"id":16645,"href":"https:\/\/fieam.org.br\/fieam\/wp-json\/wp\/v2\/pages\/14971\/revisions\/16645"}],"wp:attachment":[{"href":"https:\/\/fieam.org.br\/fieam\/wp-json\/wp\/v2\/media?parent=14971"}],"curies":[{"name":"wp","href":"https:\/\/api.w.org\/{rel}","templated":true}]}}