{"id":14963,"date":"2010-10-20T15:05:54","date_gmt":"2010-10-20T15:05:54","guid":{"rendered":"http:\/\/www.fieam.org.br\/site\/fieam\/"},"modified":"2024-03-07T16:54:27","modified_gmt":"2024-03-07T16:54:27","slug":"cin-servicos","status":"publish","type":"page","link":"https:\/\/fieam.org.br\/fieam\/cin-servicos\/","title":{"rendered":"CIN &#8211; Servi\u00e7os"},"content":{"rendered":"\t\t<div data-elementor-type=\"wp-page\" data-elementor-id=\"14963\" class=\"elementor elementor-14963\" data-elementor-post-type=\"page\">\n\t\t\t\t\t\t<section class=\"elementor-section elementor-top-section elementor-element elementor-element-64e4c25 elementor-section-boxed elementor-section-height-default elementor-section-height-default\" data-id=\"64e4c25\" data-element_type=\"section\" data-settings=\"{&quot;background_background&quot;:&quot;classic&quot;,&quot;ekit_has_onepagescroll_dot&quot;:&quot;yes&quot;}\">\n\t\t\t\t\t\t\t<div class=\"elementor-background-overlay\"><\/div>\n\t\t\t\t\t\t\t<div class=\"elementor-container elementor-column-gap-default\">\n\t\t\t\t\t<div class=\"elementor-column elementor-col-100 elementor-top-column elementor-element elementor-element-29cede5\" data-id=\"29cede5\" data-element_type=\"column\">\n\t\t\t<div class=\"elementor-widget-wrap elementor-element-populated\">\n\t\t\t\t\t\t<div class=\"elementor-element elementor-element-9e1aeda elementor-widget__width-auto elementor-invisible elementor-widget elementor-widget-image\" data-id=\"9e1aeda\" data-element_type=\"widget\" data-settings=\"{&quot;_animation&quot;:&quot;rotateIn&quot;,&quot;_animation_delay&quot;:720,&quot;ekit_we_effect_on&quot;:&quot;none&quot;}\" data-widget_type=\"image.default\">\n\t\t\t\t<div class=\"elementor-widget-container\">\n\t\t\t\t\t\t\t\t\t\t\t\t\t\t\t<img decoding=\"async\" width=\"45\" height=\"38\" src=\"https:\/\/fieam.org.br\/fieam\/wp-content\/uploads\/sites\/9\/2024\/02\/setas.png\" class=\"attachment-full size-full wp-image-4668\" alt=\"\" \/>\t\t\t\t\t\t\t\t\t\t\t\t\t\t\t<\/div>\n\t\t\t\t<\/div>\n\t\t\t\t<div class=\"elementor-element elementor-element-c1a37ce elementor-invisible elementor-widget elementor-widget-heading\" data-id=\"c1a37ce\" data-element_type=\"widget\" data-settings=\"{&quot;_animation&quot;:&quot;fadeInDown&quot;,&quot;ekit_we_effect_on&quot;:&quot;none&quot;}\" data-widget_type=\"heading.default\">\n\t\t\t\t<div class=\"elementor-widget-container\">\n\t\t\t\t\t<h2 class=\"elementor-heading-title elementor-size-default\">CIN - servi\u00e7os<\/h2>\t\t\t\t<\/div>\n\t\t\t\t<\/div>\n\t\t\t\t<div class=\"elementor-element elementor-element-f27bbb5 elementor-invisible elementor-widget elementor-widget-heading\" data-id=\"f27bbb5\" data-element_type=\"widget\" data-settings=\"{&quot;_animation&quot;:&quot;fadeInUp&quot;,&quot;ekit_we_effect_on&quot;:&quot;none&quot;}\" data-widget_type=\"heading.default\">\n\t\t\t\t<div class=\"elementor-widget-container\">\n\t\t\t\t\t<div class=\"elementor-heading-title elementor-size-default\">Sistema Federa\u00e7\u00e3o das Ind\u00fastrias do Estado do Amazonas. <\/div>\t\t\t\t<\/div>\n\t\t\t\t<\/div>\n\t\t\t\t\t<\/div>\n\t\t<\/div>\n\t\t\t\t\t<\/div>\n\t\t<\/section>\n\t\t<div class=\"elementor-element elementor-element-62f64a99 e-flex e-con-boxed e-con e-parent\" data-id=\"62f64a99\" data-element_type=\"container\" data-settings=\"{&quot;ekit_has_onepagescroll_dot&quot;:&quot;yes&quot;}\">\n\t\t\t\t\t<div class=\"e-con-inner\">\n\t\t\t\t<div class=\"elementor-element elementor-element-60e1c6cb elementor-widget elementor-widget-text-editor\" data-id=\"60e1c6cb\" data-element_type=\"widget\" data-settings=\"{&quot;ekit_we_effect_on&quot;:&quot;none&quot;}\" data-widget_type=\"text-editor.default\">\n\t\t\t\t<div class=\"elementor-widget-container\">\n\t\t\t\t\t\t\t\t\t<strong>Consultoria em Com\u00e9rcio Exterior<\/strong> \u2013 apoio em projetos direcionados a exporta\u00e7\u00f5es, conformidade de produtos e aspectos log\u00edsticos e ao mercado consumidor.<strong>\u00a0<\/strong>\n\n<strong>Informa\u00e7\u00f5es &#8211; <\/strong>dados estrat\u00e9gicos sobre o mercado mundial com estat\u00edsticas, legisla\u00e7\u00e3o, oportunidades comerciais, prestadores de servi\u00e7os, entre outros.\u00a0\n\n<strong>Treinamento<\/strong> \u2013 capacita\u00e7\u00e3o empresarial por meio de cursos, semin\u00e1rios e palestras sobre temas relacionados ao com\u00e9rcio exterior e neg\u00f3cios internacionais.\u00a0\n\n<strong>Promo\u00e7\u00e3o comercial \u2013<\/strong> apoio a iniciativas de relacionamento entre empresas brasileiras e organiza\u00e7\u00f5es estrangeiras, como participa\u00e7\u00e3o em feiras e rodadas de neg\u00f3cios.\u00a0\n\n<strong>Certificado de Origem Digital (COD Brasil)<\/strong> &#8211; documento que atesta a origem de produto. \u00c9 emitido por exig\u00eancia do importador e de acordo com o Pa\u00eds de destino, e representa benef\u00edcios fiscais a serem obtidos pelo importador no ato da libera\u00e7\u00e3o das mercadorias na alf\u00e2ndega. O CIN est\u00e1 apto a informar as organiza\u00e7\u00f5es sobre o assunto, al\u00e9m de ser credenciado pelo Minist\u00e9rio da Ind\u00fastria e Com\u00e9rcio Exterior (MDIC) a emitir o certificado. Informa\u00e7\u00f5es complementares: \u00a0<a href=\"http:\/\/www.cod.cni.org.br\/\" target=\"_blank\" rel=\"noopener\">www.cod.cni.org.br<\/a> ou entre em contato com Lauziane Santos (<a href=\"mailto:lauziane.santos@fieam.org.br\">lauziane.santos@fieam.org.br<\/a>) e Ana Paula Braga (<a href=\"mailto:ana.braga@fieam.org.br\">ana.braga@fieam.org.br).<\/a>\n\n<strong>Unidade de atendimento APEX \u00e0s Empresas Brasileiras \u2013 <\/strong>disponibiliza an\u00e1lise de oportunidades de neg\u00f3cios, promove o estreitamento entre organiza\u00e7\u00f5es para participar de projetos desenvolvidos pela CNI e pela Ag\u00eancia Brasileira de Promo\u00e7\u00e3o de Exporta\u00e7\u00f5es e Investimentos (APEX\u2013Brasil), como tamb\u00e9m dissemina informa\u00e7\u00f5es, pesquisas e prospec\u00e7\u00f5es de mercados.\u00a0\n\n<strong>\u00a0Posto de Informa\u00e7\u00e3o do BNDES \u2013 <\/strong>disponibiliza dados sobre linhas de financiamento do BNDES \u00e0s micro, pequenas e m\u00e9dias empresas (MPMEs).\u00a0\n\n<strong>Av. Joaquim Nabuco, 1919 \u2013 T\u00e9rreo \u2013 Centro<\/strong>\n<strong>CEP:<\/strong> 69020-031 Manaus-AM\n<strong>Fone:<\/strong> (0xx92) 3631-0907 \/ 3186-6510 \/ 3186-6511\n<strong>Fax:<\/strong> (0xx92) 3631-0899\n<strong>Email:<\/strong> <a href=\"mailto:cin@fieam.org.br\" target=\"_blank\" rel=\"noopener\">cin@fieam.org.br<\/a>\t\t\t\t\t\t\t\t<\/div>\n\t\t\t\t<\/div>\n\t\t\t\t\t<\/div>\n\t\t\t\t<\/div>\n\t\t\t\t<\/div>\n\t\t","protected":false},"excerpt":{"rendered":"<p>CIN &#8211; servi\u00e7os Sistema Federa\u00e7\u00e3o das Ind\u00fastrias do Estado do Amazonas. Consultoria em Com\u00e9rcio Exterior \u2013 apoio em projetos direcionados a exporta\u00e7\u00f5es, conformidade de produtos e aspectos log\u00edsticos e ao mercado consumidor.\u00a0 Informa\u00e7\u00f5es &#8211; dados estrat\u00e9gicos sobre o mercado mundial com estat\u00edsticas, legisla\u00e7\u00e3o, oportunidades comerciais, prestadores de servi\u00e7os, entre outros.\u00a0 Treinamento \u2013 capacita\u00e7\u00e3o empresarial por [&hellip;]<\/p>\n","protected":false},"author":1,"featured_media":0,"parent":0,"menu_order":0,"comment_status":"closed","ping_status":"closed","template":"","meta":{"footnotes":""},"class_list":["post-14963","page","type-page","status-publish","hentry"],"yoast_head":"<!-- This site is optimized with the Yoast SEO plugin v26.8 - https:\/\/yoast.com\/product\/yoast-seo-wordpress\/ -->\n<title>CIN - Servi\u00e7os - FIEAM<\/title>\n<meta name=\"robots\" content=\"index, follow, max-snippet:-1, max-image-preview:large, max-video-preview:-1\" \/>\n<link rel=\"canonical\" href=\"https:\/\/fieam.org.br\/fieam\/cin-servicos\/\" \/>\n<meta property=\"og:locale\" content=\"pt_BR\" \/>\n<meta property=\"og:type\" content=\"article\" \/>\n<meta property=\"og:title\" content=\"CIN - Servi\u00e7os - FIEAM\" \/>\n<meta property=\"og:description\" content=\"CIN &#8211; servi\u00e7os Sistema Federa\u00e7\u00e3o das Ind\u00fastrias do Estado do Amazonas. Consultoria em Com\u00e9rcio Exterior \u2013 apoio em projetos direcionados a exporta\u00e7\u00f5es, conformidade de produtos e aspectos log\u00edsticos e ao mercado consumidor.\u00a0 Informa\u00e7\u00f5es &#8211; dados estrat\u00e9gicos sobre o mercado mundial com estat\u00edsticas, legisla\u00e7\u00e3o, oportunidades comerciais, prestadores de servi\u00e7os, entre outros.\u00a0 Treinamento \u2013 capacita\u00e7\u00e3o empresarial por [&hellip;]\" \/>\n<meta property=\"og:url\" content=\"https:\/\/fieam.org.br\/fieam\/cin-servicos\/\" \/>\n<meta property=\"og:site_name\" content=\"FIEAM\" \/>\n<meta property=\"article:modified_time\" content=\"2024-03-07T16:54:27+00:00\" \/>\n<meta property=\"og:image\" content=\"https:\/\/fieam.org.br\/fieam\/wp-content\/uploads\/sites\/9\/2024\/02\/setas.png\" \/>\n\t<meta property=\"og:image:width\" content=\"45\" \/>\n\t<meta property=\"og:image:height\" content=\"38\" \/>\n\t<meta property=\"og:image:type\" content=\"image\/png\" \/>\n<meta name=\"twitter:card\" content=\"summary_large_image\" \/>\n<meta name=\"twitter:label1\" content=\"Est. tempo de leitura\" \/>\n\t<meta name=\"twitter:data1\" content=\"2 minutos\" \/>\n<script type=\"application\/ld+json\" class=\"yoast-schema-graph\">{\"@context\":\"https:\/\/schema.org\",\"@graph\":[{\"@type\":\"WebPage\",\"@id\":\"https:\/\/fieam.org.br\/fieam\/cin-servicos\/\",\"url\":\"https:\/\/fieam.org.br\/fieam\/cin-servicos\/\",\"name\":\"CIN - Servi\u00e7os - FIEAM\",\"isPartOf\":{\"@id\":\"https:\/\/fieam.org.br\/fieam\/#website\"},\"primaryImageOfPage\":{\"@id\":\"https:\/\/fieam.org.br\/fieam\/cin-servicos\/#primaryimage\"},\"image\":{\"@id\":\"https:\/\/fieam.org.br\/fieam\/cin-servicos\/#primaryimage\"},\"thumbnailUrl\":\"https:\/\/fieam.org.br\/fieam\/wp-content\/uploads\/sites\/9\/2024\/02\/setas.png\",\"datePublished\":\"2010-10-20T15:05:54+00:00\",\"dateModified\":\"2024-03-07T16:54:27+00:00\",\"breadcrumb\":{\"@id\":\"https:\/\/fieam.org.br\/fieam\/cin-servicos\/#breadcrumb\"},\"inLanguage\":\"pt-BR\",\"potentialAction\":[{\"@type\":\"ReadAction\",\"target\":[\"https:\/\/fieam.org.br\/fieam\/cin-servicos\/\"]}]},{\"@type\":\"ImageObject\",\"inLanguage\":\"pt-BR\",\"@id\":\"https:\/\/fieam.org.br\/fieam\/cin-servicos\/#primaryimage\",\"url\":\"https:\/\/fieam.org.br\/fieam\/wp-content\/uploads\/sites\/9\/2024\/02\/setas.png\",\"contentUrl\":\"https:\/\/fieam.org.br\/fieam\/wp-content\/uploads\/sites\/9\/2024\/02\/setas.png\",\"width\":45,\"height\":38},{\"@type\":\"BreadcrumbList\",\"@id\":\"https:\/\/fieam.org.br\/fieam\/cin-servicos\/#breadcrumb\",\"itemListElement\":[{\"@type\":\"ListItem\",\"position\":1,\"name\":\"In\u00edcio\",\"item\":\"https:\/\/fieam.org.br\/fieam\/\"},{\"@type\":\"ListItem\",\"position\":2,\"name\":\"CIN &#8211; Servi\u00e7os\"}]},{\"@type\":\"WebSite\",\"@id\":\"https:\/\/fieam.org.br\/fieam\/#website\",\"url\":\"https:\/\/fieam.org.br\/fieam\/\",\"name\":\"FIEAM\",\"description\":\"Site Oficial!\",\"publisher\":{\"@id\":\"https:\/\/fieam.org.br\/fieam\/#organization\"},\"potentialAction\":[{\"@type\":\"SearchAction\",\"target\":{\"@type\":\"EntryPoint\",\"urlTemplate\":\"https:\/\/fieam.org.br\/fieam\/?s={search_term_string}\"},\"query-input\":{\"@type\":\"PropertyValueSpecification\",\"valueRequired\":true,\"valueName\":\"search_term_string\"}}],\"inLanguage\":\"pt-BR\"},{\"@type\":\"Organization\",\"@id\":\"https:\/\/fieam.org.br\/fieam\/#organization\",\"name\":\"FIEAM\",\"url\":\"https:\/\/fieam.org.br\/fieam\/\",\"logo\":{\"@type\":\"ImageObject\",\"inLanguage\":\"pt-BR\",\"@id\":\"https:\/\/fieam.org.br\/fieam\/#\/schema\/logo\/image\/\",\"url\":\"https:\/\/fieam.org.br\/fieam\/wp-content\/uploads\/sites\/9\/2024\/03\/cropped-fav.png\",\"contentUrl\":\"https:\/\/fieam.org.br\/fieam\/wp-content\/uploads\/sites\/9\/2024\/03\/cropped-fav.png\",\"width\":597,\"height\":598,\"caption\":\"FIEAM\"},\"image\":{\"@id\":\"https:\/\/fieam.org.br\/fieam\/#\/schema\/logo\/image\/\"}}]}<\/script>\n<!-- \/ Yoast SEO plugin. -->","yoast_head_json":{"title":"CIN - Servi\u00e7os - FIEAM","robots":{"index":"index","follow":"follow","max-snippet":"max-snippet:-1","max-image-preview":"max-image-preview:large","max-video-preview":"max-video-preview:-1"},"canonical":"https:\/\/fieam.org.br\/fieam\/cin-servicos\/","og_locale":"pt_BR","og_type":"article","og_title":"CIN - Servi\u00e7os - FIEAM","og_description":"CIN &#8211; servi\u00e7os Sistema Federa\u00e7\u00e3o das Ind\u00fastrias do Estado do Amazonas. Consultoria em Com\u00e9rcio Exterior \u2013 apoio em projetos direcionados a exporta\u00e7\u00f5es, conformidade de produtos e aspectos log\u00edsticos e ao mercado consumidor.\u00a0 Informa\u00e7\u00f5es &#8211; dados estrat\u00e9gicos sobre o mercado mundial com estat\u00edsticas, legisla\u00e7\u00e3o, oportunidades comerciais, prestadores de servi\u00e7os, entre outros.\u00a0 Treinamento \u2013 capacita\u00e7\u00e3o empresarial por [&hellip;]","og_url":"https:\/\/fieam.org.br\/fieam\/cin-servicos\/","og_site_name":"FIEAM","article_modified_time":"2024-03-07T16:54:27+00:00","og_image":[{"width":45,"height":38,"url":"https:\/\/fieam.org.br\/fieam\/wp-content\/uploads\/sites\/9\/2024\/02\/setas.png","type":"image\/png"}],"twitter_card":"summary_large_image","twitter_misc":{"Est. tempo de leitura":"2 minutos"},"schema":{"@context":"https:\/\/schema.org","@graph":[{"@type":"WebPage","@id":"https:\/\/fieam.org.br\/fieam\/cin-servicos\/","url":"https:\/\/fieam.org.br\/fieam\/cin-servicos\/","name":"CIN - Servi\u00e7os - FIEAM","isPartOf":{"@id":"https:\/\/fieam.org.br\/fieam\/#website"},"primaryImageOfPage":{"@id":"https:\/\/fieam.org.br\/fieam\/cin-servicos\/#primaryimage"},"image":{"@id":"https:\/\/fieam.org.br\/fieam\/cin-servicos\/#primaryimage"},"thumbnailUrl":"https:\/\/fieam.org.br\/fieam\/wp-content\/uploads\/sites\/9\/2024\/02\/setas.png","datePublished":"2010-10-20T15:05:54+00:00","dateModified":"2024-03-07T16:54:27+00:00","breadcrumb":{"@id":"https:\/\/fieam.org.br\/fieam\/cin-servicos\/#breadcrumb"},"inLanguage":"pt-BR","potentialAction":[{"@type":"ReadAction","target":["https:\/\/fieam.org.br\/fieam\/cin-servicos\/"]}]},{"@type":"ImageObject","inLanguage":"pt-BR","@id":"https:\/\/fieam.org.br\/fieam\/cin-servicos\/#primaryimage","url":"https:\/\/fieam.org.br\/fieam\/wp-content\/uploads\/sites\/9\/2024\/02\/setas.png","contentUrl":"https:\/\/fieam.org.br\/fieam\/wp-content\/uploads\/sites\/9\/2024\/02\/setas.png","width":45,"height":38},{"@type":"BreadcrumbList","@id":"https:\/\/fieam.org.br\/fieam\/cin-servicos\/#breadcrumb","itemListElement":[{"@type":"ListItem","position":1,"name":"In\u00edcio","item":"https:\/\/fieam.org.br\/fieam\/"},{"@type":"ListItem","position":2,"name":"CIN &#8211; Servi\u00e7os"}]},{"@type":"WebSite","@id":"https:\/\/fieam.org.br\/fieam\/#website","url":"https:\/\/fieam.org.br\/fieam\/","name":"FIEAM","description":"Site Oficial!","publisher":{"@id":"https:\/\/fieam.org.br\/fieam\/#organization"},"potentialAction":[{"@type":"SearchAction","target":{"@type":"EntryPoint","urlTemplate":"https:\/\/fieam.org.br\/fieam\/?s={search_term_string}"},"query-input":{"@type":"PropertyValueSpecification","valueRequired":true,"valueName":"search_term_string"}}],"inLanguage":"pt-BR"},{"@type":"Organization","@id":"https:\/\/fieam.org.br\/fieam\/#organization","name":"FIEAM","url":"https:\/\/fieam.org.br\/fieam\/","logo":{"@type":"ImageObject","inLanguage":"pt-BR","@id":"https:\/\/fieam.org.br\/fieam\/#\/schema\/logo\/image\/","url":"https:\/\/fieam.org.br\/fieam\/wp-content\/uploads\/sites\/9\/2024\/03\/cropped-fav.png","contentUrl":"https:\/\/fieam.org.br\/fieam\/wp-content\/uploads\/sites\/9\/2024\/03\/cropped-fav.png","width":597,"height":598,"caption":"FIEAM"},"image":{"@id":"https:\/\/fieam.org.br\/fieam\/#\/schema\/logo\/image\/"}}]}},"_links":{"self":[{"href":"https:\/\/fieam.org.br\/fieam\/wp-json\/wp\/v2\/pages\/14963","targetHints":{"allow":["GET"]}}],"collection":[{"href":"https:\/\/fieam.org.br\/fieam\/wp-json\/wp\/v2\/pages"}],"about":[{"href":"https:\/\/fieam.org.br\/fieam\/wp-json\/wp\/v2\/types\/page"}],"author":[{"embeddable":true,"href":"https:\/\/fieam.org.br\/fieam\/wp-json\/wp\/v2\/users\/1"}],"replies":[{"embeddable":true,"href":"https:\/\/fieam.org.br\/fieam\/wp-json\/wp\/v2\/comments?post=14963"}],"version-history":[{"count":6,"href":"https:\/\/fieam.org.br\/fieam\/wp-json\/wp\/v2\/pages\/14963\/revisions"}],"predecessor-version":[{"id":16615,"href":"https:\/\/fieam.org.br\/fieam\/wp-json\/wp\/v2\/pages\/14963\/revisions\/16615"}],"wp:attachment":[{"href":"https:\/\/fieam.org.br\/fieam\/wp-json\/wp\/v2\/media?parent=14963"}],"curies":[{"name":"wp","href":"https:\/\/api.w.org\/{rel}","templated":true}]}}